{"id":3449,"date":"2018-04-10T11:19:15","date_gmt":"2018-04-10T08:19:15","guid":{"rendered":"https:\/\/retki.fi\/riistakamera\/"},"modified":"2024-12-31T23:45:48","modified_gmt":"2024-12-31T21:45:48","slug":"trail_camera","status":"publish","type":"page","link":"https:\/\/retki.fi\/en\/trail_camera\/","title":{"rendered":"Retki 3G Trail Camera"},"content":{"rendered":"<p><a href=\"#jalleenmyyjat\">Retailers<\/a>\u00a0 \u00a0 \u00a0 \u00a0 \u00a0 \u00a0<a href=\"#teknisettiedot\">Specifications<\/a><\/p>\n<h2>One of this seasons new products: Retki 3G Trail Camera<\/h2>\n<p>Retki 3G trail camera can be controlled by a smartphone and it&#8217;s ideal for demanding use. The weatherproof trail camera is suitable for monitoring and shooting pictures, and can also be used in a cottage for surveillance purposes.<\/p>\n<p>Retki 3G trail camera is easy to use and to program settings with smartphone application. You can ask the camera to send real-time or Full HD video to your phone or email.<\/p>\n<p>Colour: Dark camo<\/p>\n<p><strong>Price 199 eur<\/strong><\/p>\n<p><img fetchpriority=\"high\" decoding=\"async\" class=\"size-medium wp-image-3292 aligncenter\" src=\"https:\/\/retki.fi\/wp-content\/uploads\/2018\/04\/R5577.jpg\" alt=\"\" width=\"300\" height=\"300\" srcset=\"https:\/\/retki.fi\/wp-content\/uploads\/2018\/04\/R5577.jpg 563w, https:\/\/retki.fi\/wp-content\/uploads\/2018\/04\/R5577-100x100.jpg 100w, https:\/\/retki.fi\/wp-content\/uploads\/2018\/04\/R5577-150x150.jpg 150w, https:\/\/retki.fi\/wp-content\/uploads\/2018\/04\/R5577-300x300.jpg 300w, https:\/\/retki.fi\/wp-content\/uploads\/2018\/04\/R5577-500x500.jpg 500w\" sizes=\"(max-width: 300px) 100vw, 300px\" \/><\/p>\n<h3>Retailers<span id=\"jalleenmyyjat\" class=\"sta-anchor \" aria-hidden=\"true\"><\/span><\/h3>\n<div id='gallery-2' class='gallery galleryid-3449 gallery-columns-2 gallery-size-full'><figure class='gallery-item'>\n\t\t\t<div class='gallery-icon landscape'>\n\t\t\t\t<a href=\"https:\/\/www.grillikauppa.com\/retki-pro-3g-riistakamera-etaohjauksella\" target=\"_blank\" class=\"set-target no-lightbox\"><img decoding=\"async\" width=\"250\" height=\"63\" src=\"https:\/\/retki.fi\/wp-content\/uploads\/2018\/04\/grilli_63x250.png\" class=\"attachment-full size-full\" alt=\"\" \/><\/a>\n\t\t\t<\/div><\/figure><figure class='gallery-item'>\n\t\t\t<div class='gallery-icon landscape'>\n\t\t\t\t<a href=\"http:\/\/halpahalli.fi\" target=\"_blank\" class=\"set-target no-lightbox\"><img decoding=\"async\" width=\"250\" height=\"57\" src=\"https:\/\/retki.fi\/wp-content\/uploads\/2018\/04\/HalpaHalli_tunnistelogo_57x250.png\" class=\"attachment-full size-full\" alt=\"\" \/><\/a>\n\t\t\t<\/div><\/figure><figure class='gallery-item'>\n\t\t\t<div class='gallery-icon landscape'>\n\t\t\t\t<a href=\"http:\/\/www.hongkong.fi\" target=\"_blank\" class=\"set-target no-lightbox\"><img loading=\"lazy\" decoding=\"async\" width=\"250\" height=\"72\" src=\"https:\/\/retki.fi\/wp-content\/uploads\/2018\/04\/Hong_Kong_Logo_REDBox_RGB_72x250.jpg\" class=\"attachment-full size-full\" alt=\"\" \/><\/a>\n\t\t\t<\/div><\/figure><figure class='gallery-item'>\n\t\t\t<div class='gallery-icon landscape'>\n\t\t\t\t<a href=\"http:\/\/www.motonet.fi\/fi\/tuote\/5504738\/Retki-Finland-3G-lahettava-riistakamera-12-MP\" target=\"_blank\" class=\"set-target no-lightbox\"><img loading=\"lazy\" decoding=\"async\" width=\"250\" height=\"57\" src=\"https:\/\/retki.fi\/wp-content\/uploads\/2018\/04\/motonet_57x250.jpg\" class=\"attachment-full size-full\" alt=\"\" \/><\/a>\n\t\t\t<\/div><\/figure><figure class='gallery-item'>\n\t\t\t<div class='gallery-icon landscape'>\n\t\t\t\t<a href=\"https:\/\/rinkka.com\/retki-pro-3g-riistakamera-etaohjauksella\" target=\"_blank\" class=\"set-target no-lightbox\"><img loading=\"lazy\" decoding=\"async\" width=\"250\" height=\"139\" src=\"https:\/\/retki.fi\/wp-content\/uploads\/2018\/04\/rinkka_139x250.png\" class=\"attachment-full size-full\" alt=\"\" \/><\/a>\n\t\t\t<\/div><\/figure><figure class='gallery-item'>\n\t\t\t<div class='gallery-icon landscape'>\n\t\t\t\t<a href=\"http:\/\/www.rajamarket.fi\" target=\"_blank\" class=\"set-target no-lightbox\"><img loading=\"lazy\" decoding=\"async\" width=\"250\" height=\"37\" src=\"https:\/\/retki.fi\/wp-content\/uploads\/2018\/04\/Rajamarket-logopaikkakunnat_37x250.jpg\" class=\"attachment-full size-full\" alt=\"\" \/><\/a>\n\t\t\t<\/div><\/figure><figure class='gallery-item'>\n\t\t\t<div class='gallery-icon landscape'>\n\t\t\t\t<a href=\"http:\/\/www.puuilo.fi\" target=\"_blank\" class=\"set-target no-lightbox\"><img loading=\"lazy\" decoding=\"async\" width=\"250\" height=\"250\" src=\"https:\/\/retki.fi\/wp-content\/uploads\/2018\/04\/Puuilo_logo_rgb_250x250.jpg\" class=\"attachment-full size-full\" alt=\"\" srcset=\"https:\/\/retki.fi\/wp-content\/uploads\/2018\/04\/Puuilo_logo_rgb_250x250.jpg 250w, https:\/\/retki.fi\/wp-content\/uploads\/2018\/04\/Puuilo_logo_rgb_250x250-100x100.jpg 100w\" sizes=\"(max-width: 250px) 100vw, 250px\" \/><\/a>\n\t\t\t<\/div><\/figure><figure class='gallery-item'>\n\t\t\t<div class='gallery-icon landscape'>\n\t\t\t\t<a href=\"http:\/\/www.tuuri.fi\" target=\"_blank\" class=\"set-target no-lightbox\"><img loading=\"lazy\" decoding=\"async\" width=\"250\" height=\"236\" src=\"https:\/\/retki.fi\/wp-content\/uploads\/2018\/04\/kyl\u00e4kauppa-logo_236x250.jpg\" class=\"attachment-full size-full\" alt=\"\" \/><\/a>\n\t\t\t<\/div><\/figure>\n\t\t<\/div>\n\n<h3>Specifications<span id=\"teknisettiedot\" class=\"sta-anchor \" aria-hidden=\"true\"><\/span><\/h3>\n<p>Picture size: 5 MP\/8 MP\/12 MP = 2592&#215;1944\/3264&#215;2448\/4032&#215;3024<br \/>\nPicture format: JPEG<br \/>\nVideo: 1080P Full HD 30FPS<br \/>\nVideo format: AVI<br \/>\nVideo length: 1-60 s, programmable<br \/>\nTrigger speed: 0,4 sec<br \/>\nIR led: 56 pcs<br \/>\nIR range: max. 20 m (night vision)<br \/>\nLens: wide lens F=3.0; FOV= 100\u00b0<br \/>\nPIR sensitivity: high \/ middle \/ low<br \/>\nPIR distance: 15 m<br \/>\nPIR angle: wide lens model 100\u00b0<br \/>\nTemperature sensor<br \/>\nLCD Screen: 2.0&#8243; TFT<br \/>\nBattery type\/Operation power: 8xAA or DC 12 V (not included)<br \/>\nDimensions: 131.42*98.72*77.44 mm, Weight 404 g<br \/>\nOperation temperature: -25\u00b0C &#8211; +60\u00b0C<br \/>\nOperation humidity: 5% &#8211; 90%<br \/>\nWaterproof spec: IP54<\/p>\n<p>Using a memory card (8 Mt-32 Gt SD card) is required to operate the camera (not included).<\/p>\n<h3>Settings<\/h3>\n<p>Photo+video<br \/>\nCam ID<br \/>\nTimer<br \/>\nMulti-shot, 1-5 photos per trigger<br \/>\nSD card cycle, on\/off<br \/>\nLog<br \/>\nPassword protection<\/p>\n<h3>Accessories included<\/h3>\n<p style=\"margin: 0cm; margin-bottom: .0001pt;\">Nylon strap<br \/>\nUSB cable<br \/>\nTV cable<br \/>\nAntenna<\/p>\n<p style=\"margin: 0cm; margin-bottom: .0001pt;\">Paper instruction manual (FIN, SE, EE, EN)<\/p>\n<p>&nbsp;<\/p>\n<p>&nbsp;<\/p>\n","protected":false},"excerpt":{"rendered":"<p>Retailers\u00a0 \u00a0 \u00a0 \u00a0 \u00a0 \u00a0Specifications One of this seasons new products: Retki 3G Trail Camera Retki 3G trail camera can be controlled by a smartphone and it&#8217;s ideal for demanding use. The weatherproof trail camera is suitable for monitoring and shooting pictures, and can also be used in a cottage for surveillance purposes. Retki [&hellip;]<\/p>\n","protected":false},"author":8,"featured_media":3253,"parent":0,"menu_order":0,"comment_status":"closed","ping_status":"closed","template":"","meta":{"_acf_changed":false,"footnotes":""},"class_list":["post-3449","page","type-page","status-publish","has-post-thumbnail","hentry"],"acf":[],"yoast_head":"<!-- This site is optimized with the Yoast SEO plugin v27.4 - https:\/\/yoast.com\/product\/yoast-seo-wordpress\/ -->\n<title>Retki 3G Trail Camera - Retki Finland<\/title>\n<meta name=\"description\" content=\"Kauden kovin uutuutemme Retki 3G Riistakamera toimii et\u00e4ohjauksella Huippuominaisuuksilla varustettu langaton l\u00e4hett\u00e4v\u00e4 riistakamera soveltuu erinomaisesti vaativaan kuvaamiseen.\" \/>\n<meta name=\"robots\" content=\"index, follow, max-snippet:-1, max-image-preview:large, max-video-preview:-1\" \/>\n<link rel=\"canonical\" href=\"https:\/\/retki.fi\/en\/trail_camera\/\" \/>\n<meta property=\"og:locale\" content=\"en_US\" \/>\n<meta property=\"og:type\" content=\"article\" \/>\n<meta property=\"og:title\" content=\"Retki 3G Trail Camera - Retki Finland\" \/>\n<meta property=\"og:description\" content=\"Kauden kovin uutuutemme Retki 3G Riistakamera toimii et\u00e4ohjauksella Huippuominaisuuksilla varustettu langaton l\u00e4hett\u00e4v\u00e4 riistakamera soveltuu erinomaisesti vaativaan kuvaamiseen.\" \/>\n<meta property=\"og:url\" content=\"https:\/\/retki.fi\/en\/trail_camera\/\" \/>\n<meta property=\"og:site_name\" content=\"Retki Finland\" \/>\n<meta property=\"article:publisher\" content=\"https:\/\/www.facebook.com\/retkifinland\/\" \/>\n<meta property=\"article:modified_time\" content=\"2024-12-31T21:45:48+00:00\" \/>\n<meta property=\"og:image\" content=\"https:\/\/retki.fi\/wp-content\/uploads\/2018\/02\/riistakamera_sivukuva_web.jpg\" \/>\n\t<meta property=\"og:image:width\" content=\"1676\" \/>\n\t<meta property=\"og:image:height\" content=\"921\" \/>\n\t<meta property=\"og:image:type\" content=\"image\/jpeg\" \/>\n<meta name=\"twitter:card\" content=\"summary_large_image\" \/>\n<meta name=\"twitter:label1\" content=\"Est. reading time\" \/>\n\t<meta name=\"twitter:data1\" content=\"1 minute\" \/>\n<script type=\"application\/ld+json\" class=\"yoast-schema-graph\">{\"@context\":\"https:\\\/\\\/schema.org\",\"@graph\":[{\"@type\":\"WebPage\",\"@id\":\"https:\\\/\\\/retki.fi\\\/en\\\/trail_camera\\\/\",\"url\":\"https:\\\/\\\/retki.fi\\\/en\\\/trail_camera\\\/\",\"name\":\"Retki 3G Trail Camera - Retki Finland\",\"isPartOf\":{\"@id\":\"https:\\\/\\\/retki.fi\\\/#website\"},\"primaryImageOfPage\":{\"@id\":\"https:\\\/\\\/retki.fi\\\/en\\\/trail_camera\\\/#primaryimage\"},\"image\":{\"@id\":\"https:\\\/\\\/retki.fi\\\/en\\\/trail_camera\\\/#primaryimage\"},\"thumbnailUrl\":\"https:\\\/\\\/retki.fi\\\/wp-content\\\/uploads\\\/2018\\\/02\\\/riistakamera_sivukuva_web.jpg\",\"datePublished\":\"2018-04-10T08:19:15+00:00\",\"dateModified\":\"2024-12-31T21:45:48+00:00\",\"description\":\"Kauden kovin uutuutemme Retki 3G Riistakamera toimii et\u00e4ohjauksella Huippuominaisuuksilla varustettu langaton l\u00e4hett\u00e4v\u00e4 riistakamera soveltuu erinomaisesti vaativaan kuvaamiseen.\",\"breadcrumb\":{\"@id\":\"https:\\\/\\\/retki.fi\\\/en\\\/trail_camera\\\/#breadcrumb\"},\"inLanguage\":\"en-US\",\"potentialAction\":[{\"@type\":\"ReadAction\",\"target\":[\"https:\\\/\\\/retki.fi\\\/en\\\/trail_camera\\\/\"]}]},{\"@type\":\"ImageObject\",\"inLanguage\":\"en-US\",\"@id\":\"https:\\\/\\\/retki.fi\\\/en\\\/trail_camera\\\/#primaryimage\",\"url\":\"https:\\\/\\\/retki.fi\\\/wp-content\\\/uploads\\\/2018\\\/02\\\/riistakamera_sivukuva_web.jpg\",\"contentUrl\":\"https:\\\/\\\/retki.fi\\\/wp-content\\\/uploads\\\/2018\\\/02\\\/riistakamera_sivukuva_web.jpg\",\"width\":1676,\"height\":921},{\"@type\":\"BreadcrumbList\",\"@id\":\"https:\\\/\\\/retki.fi\\\/en\\\/trail_camera\\\/#breadcrumb\",\"itemListElement\":[{\"@type\":\"ListItem\",\"position\":1,\"name\":\"Etusivu\",\"item\":\"https:\\\/\\\/retki.fi\\\/\"},{\"@type\":\"ListItem\",\"position\":2,\"name\":\"Retki 3G Trail Camera\"}]},{\"@type\":\"WebSite\",\"@id\":\"https:\\\/\\\/retki.fi\\\/#website\",\"url\":\"https:\\\/\\\/retki.fi\\\/\",\"name\":\"Retki Finland\",\"description\":\"Best moments happen outdoors\",\"publisher\":{\"@id\":\"https:\\\/\\\/retki.fi\\\/#organization\"},\"potentialAction\":[{\"@type\":\"SearchAction\",\"target\":{\"@type\":\"EntryPoint\",\"urlTemplate\":\"https:\\\/\\\/retki.fi\\\/?s={search_term_string}\"},\"query-input\":{\"@type\":\"PropertyValueSpecification\",\"valueRequired\":true,\"valueName\":\"search_term_string\"}}],\"inLanguage\":\"en-US\"},{\"@type\":\"Organization\",\"@id\":\"https:\\\/\\\/retki.fi\\\/#organization\",\"name\":\"Retki Finland \\\/ Blue Import BIM Oy\",\"url\":\"https:\\\/\\\/retki.fi\\\/\",\"logo\":{\"@type\":\"ImageObject\",\"inLanguage\":\"en-US\",\"@id\":\"https:\\\/\\\/retki.fi\\\/#\\\/schema\\\/logo\\\/image\\\/\",\"url\":\"https:\\\/\\\/retki.fi\\\/wp-content\\\/uploads\\\/2018\\\/11\\\/Retki_logo_512X512px.jpg\",\"contentUrl\":\"https:\\\/\\\/retki.fi\\\/wp-content\\\/uploads\\\/2018\\\/11\\\/Retki_logo_512X512px.jpg\",\"width\":512,\"height\":512,\"caption\":\"Retki Finland \\\/ Blue Import BIM Oy\"},\"image\":{\"@id\":\"https:\\\/\\\/retki.fi\\\/#\\\/schema\\\/logo\\\/image\\\/\"},\"sameAs\":[\"https:\\\/\\\/www.facebook.com\\\/retkifinland\\\/\",\"https:\\\/\\\/www.instagram.com\\\/retkifinland\\\/\"]}]}<\/script>\n<!-- \/ Yoast SEO plugin. -->","yoast_head_json":{"title":"Retki 3G Trail Camera - Retki Finland","description":"Kauden kovin uutuutemme Retki 3G Riistakamera toimii et\u00e4ohjauksella Huippuominaisuuksilla varustettu langaton l\u00e4hett\u00e4v\u00e4 riistakamera soveltuu erinomaisesti vaativaan kuvaamiseen.","robots":{"index":"index","follow":"follow","max-snippet":"max-snippet:-1","max-image-preview":"max-image-preview:large","max-video-preview":"max-video-preview:-1"},"canonical":"https:\/\/retki.fi\/en\/trail_camera\/","og_locale":"en_US","og_type":"article","og_title":"Retki 3G Trail Camera - Retki Finland","og_description":"Kauden kovin uutuutemme Retki 3G Riistakamera toimii et\u00e4ohjauksella Huippuominaisuuksilla varustettu langaton l\u00e4hett\u00e4v\u00e4 riistakamera soveltuu erinomaisesti vaativaan kuvaamiseen.","og_url":"https:\/\/retki.fi\/en\/trail_camera\/","og_site_name":"Retki Finland","article_publisher":"https:\/\/www.facebook.com\/retkifinland\/","article_modified_time":"2024-12-31T21:45:48+00:00","og_image":[{"width":1676,"height":921,"url":"https:\/\/retki.fi\/wp-content\/uploads\/2018\/02\/riistakamera_sivukuva_web.jpg","type":"image\/jpeg"}],"twitter_card":"summary_large_image","twitter_misc":{"Est. reading time":"1 minute"},"schema":{"@context":"https:\/\/schema.org","@graph":[{"@type":"WebPage","@id":"https:\/\/retki.fi\/en\/trail_camera\/","url":"https:\/\/retki.fi\/en\/trail_camera\/","name":"Retki 3G Trail Camera - Retki Finland","isPartOf":{"@id":"https:\/\/retki.fi\/#website"},"primaryImageOfPage":{"@id":"https:\/\/retki.fi\/en\/trail_camera\/#primaryimage"},"image":{"@id":"https:\/\/retki.fi\/en\/trail_camera\/#primaryimage"},"thumbnailUrl":"https:\/\/retki.fi\/wp-content\/uploads\/2018\/02\/riistakamera_sivukuva_web.jpg","datePublished":"2018-04-10T08:19:15+00:00","dateModified":"2024-12-31T21:45:48+00:00","description":"Kauden kovin uutuutemme Retki 3G Riistakamera toimii et\u00e4ohjauksella Huippuominaisuuksilla varustettu langaton l\u00e4hett\u00e4v\u00e4 riistakamera soveltuu erinomaisesti vaativaan kuvaamiseen.","breadcrumb":{"@id":"https:\/\/retki.fi\/en\/trail_camera\/#breadcrumb"},"inLanguage":"en-US","potentialAction":[{"@type":"ReadAction","target":["https:\/\/retki.fi\/en\/trail_camera\/"]}]},{"@type":"ImageObject","inLanguage":"en-US","@id":"https:\/\/retki.fi\/en\/trail_camera\/#primaryimage","url":"https:\/\/retki.fi\/wp-content\/uploads\/2018\/02\/riistakamera_sivukuva_web.jpg","contentUrl":"https:\/\/retki.fi\/wp-content\/uploads\/2018\/02\/riistakamera_sivukuva_web.jpg","width":1676,"height":921},{"@type":"BreadcrumbList","@id":"https:\/\/retki.fi\/en\/trail_camera\/#breadcrumb","itemListElement":[{"@type":"ListItem","position":1,"name":"Etusivu","item":"https:\/\/retki.fi\/"},{"@type":"ListItem","position":2,"name":"Retki 3G Trail Camera"}]},{"@type":"WebSite","@id":"https:\/\/retki.fi\/#website","url":"https:\/\/retki.fi\/","name":"Retki Finland","description":"Best moments happen outdoors","publisher":{"@id":"https:\/\/retki.fi\/#organization"},"potentialAction":[{"@type":"SearchAction","target":{"@type":"EntryPoint","urlTemplate":"https:\/\/retki.fi\/?s={search_term_string}"},"query-input":{"@type":"PropertyValueSpecification","valueRequired":true,"valueName":"search_term_string"}}],"inLanguage":"en-US"},{"@type":"Organization","@id":"https:\/\/retki.fi\/#organization","name":"Retki Finland \/ Blue Import BIM Oy","url":"https:\/\/retki.fi\/","logo":{"@type":"ImageObject","inLanguage":"en-US","@id":"https:\/\/retki.fi\/#\/schema\/logo\/image\/","url":"https:\/\/retki.fi\/wp-content\/uploads\/2018\/11\/Retki_logo_512X512px.jpg","contentUrl":"https:\/\/retki.fi\/wp-content\/uploads\/2018\/11\/Retki_logo_512X512px.jpg","width":512,"height":512,"caption":"Retki Finland \/ Blue Import BIM Oy"},"image":{"@id":"https:\/\/retki.fi\/#\/schema\/logo\/image\/"},"sameAs":["https:\/\/www.facebook.com\/retkifinland\/","https:\/\/www.instagram.com\/retkifinland\/"]}]}},"_links":{"self":[{"href":"https:\/\/retki.fi\/en\/wp-json\/wp\/v2\/pages\/3449","targetHints":{"allow":["GET"]}}],"collection":[{"href":"https:\/\/retki.fi\/en\/wp-json\/wp\/v2\/pages"}],"about":[{"href":"https:\/\/retki.fi\/en\/wp-json\/wp\/v2\/types\/page"}],"author":[{"embeddable":true,"href":"https:\/\/retki.fi\/en\/wp-json\/wp\/v2\/users\/8"}],"replies":[{"embeddable":true,"href":"https:\/\/retki.fi\/en\/wp-json\/wp\/v2\/comments?post=3449"}],"version-history":[{"count":3,"href":"https:\/\/retki.fi\/en\/wp-json\/wp\/v2\/pages\/3449\/revisions"}],"predecessor-version":[{"id":10931,"href":"https:\/\/retki.fi\/en\/wp-json\/wp\/v2\/pages\/3449\/revisions\/10931"}],"wp:featuredmedia":[{"embeddable":true,"href":"https:\/\/retki.fi\/en\/wp-json\/wp\/v2\/media\/3253"}],"wp:attachment":[{"href":"https:\/\/retki.fi\/en\/wp-json\/wp\/v2\/media?parent=3449"}],"curies":[{"name":"wp","href":"https:\/\/api.w.org\/{rel}","templated":true}]}}