{"id":11080,"date":"2019-04-17T13:58:54","date_gmt":"2019-04-16T21:00:00","guid":{"rendered":"https:\/\/retki.fi\/product\/s-o-s-felt\/"},"modified":"2025-02-10T13:50:43","modified_gmt":"2025-02-10T11:50:43","slug":"s-o-s-felt","status":"publish","type":"product","link":"https:\/\/retki.fi\/en\/product\/s-o-s-felt\/","title":{"rendered":"S.O.S blanket"},"content":{"rendered":"&#13;\n<p>Kest\u00e4v\u00e4 ja uudelleenk\u00e4ytett\u00e4v\u00e4 Retki S.O.S -h\u00e4t\u00e4huopa on monik\u00e4ytt\u00f6inen retkeilij\u00e4n varuste. Tuulen- ja vedenpit\u00e4v\u00e4 huopa sopii erinomaisesti tilap\u00e4iseksi suojaksi, makuualustaksi tai teltan pohjaksi. Huovassa on hyvin eristetty pohjakerros. Huopa heijastaa 95 % ruumiinl\u00e4mm\u00f6st\u00e4. Valmistettu muovifoliosta.<\/p>&#13;\n<p>H\u00e4t\u00e4huopa on kevyt kantaa mukana, paino 0,530 kg. Mitat 210 x 150 cm.<\/p>&#13;\n<p>\u00a0<\/p>&#13;\n","protected":false},"excerpt":{"rendered":"<p>The multi-purpose emergency blanket serves as a temporary protection for the hiker, a sleeping pad or a tent base.<\/p>\n","protected":false},"featured_media":11084,"comment_status":"closed","ping_status":"closed","template":"","meta":{"_acf_changed":false},"product_brand":[],"product_cat":[398,400],"product_tag":[],"class_list":{"0":"post-11080","1":"product","2":"type-product","3":"status-publish","4":"has-post-thumbnail","6":"product_cat-camping-en","7":"product_cat-camping-mattresses-and-pillows","9":"first","10":"instock","11":"shipping-taxable","12":"product-type-simple"},"acf":[],"yoast_head":"<!-- This site is optimized with the Yoast SEO plugin v27.4 - https:\/\/yoast.com\/product\/yoast-seo-wordpress\/ -->\n<title>S.O.S blanket - Retki Finland<\/title>\n<meta name=\"robots\" content=\"index, follow, max-snippet:-1, max-image-preview:large, max-video-preview:-1\" \/>\n<link rel=\"canonical\" href=\"https:\/\/retki.fi\/en\/product\/s-o-s-felt\/\" \/>\n<meta property=\"og:locale\" content=\"en_US\" \/>\n<meta property=\"og:type\" content=\"article\" \/>\n<meta property=\"og:title\" content=\"S.O.S blanket - Retki Finland\" \/>\n<meta property=\"og:description\" content=\"The multi-purpose emergency blanket serves as a temporary protection for the hiker, a sleeping pad or a tent base.\" \/>\n<meta property=\"og:url\" content=\"https:\/\/retki.fi\/en\/product\/s-o-s-felt\/\" \/>\n<meta property=\"og:site_name\" content=\"Retki Finland\" \/>\n<meta property=\"article:publisher\" content=\"https:\/\/www.facebook.com\/retkifinland\/\" \/>\n<meta property=\"article:modified_time\" content=\"2025-02-10T11:50:43+00:00\" \/>\n<meta property=\"og:image\" content=\"https:\/\/retki.fi\/wp-content\/uploads\/2019\/04\/r5588-2.jpg\" \/>\n\t<meta property=\"og:image:width\" content=\"582\" \/>\n\t<meta property=\"og:image:height\" content=\"768\" \/>\n\t<meta property=\"og:image:type\" content=\"image\/jpeg\" \/>\n<meta name=\"twitter:card\" content=\"summary_large_image\" \/>\n<script type=\"application\/ld+json\" class=\"yoast-schema-graph\">{\"@context\":\"https:\\\/\\\/schema.org\",\"@graph\":[{\"@type\":\"WebPage\",\"@id\":\"https:\\\/\\\/retki.fi\\\/en\\\/product\\\/s-o-s-felt\\\/\",\"url\":\"https:\\\/\\\/retki.fi\\\/en\\\/product\\\/s-o-s-felt\\\/\",\"name\":\"S.O.S blanket - Retki Finland\",\"isPartOf\":{\"@id\":\"https:\\\/\\\/retki.fi\\\/#website\"},\"primaryImageOfPage\":{\"@id\":\"https:\\\/\\\/retki.fi\\\/en\\\/product\\\/s-o-s-felt\\\/#primaryimage\"},\"image\":{\"@id\":\"https:\\\/\\\/retki.fi\\\/en\\\/product\\\/s-o-s-felt\\\/#primaryimage\"},\"thumbnailUrl\":\"https:\\\/\\\/retki.fi\\\/wp-content\\\/uploads\\\/2019\\\/04\\\/r5588-2.jpg\",\"datePublished\":\"2019-04-16T21:00:00+00:00\",\"dateModified\":\"2025-02-10T11:50:43+00:00\",\"breadcrumb\":{\"@id\":\"https:\\\/\\\/retki.fi\\\/en\\\/product\\\/s-o-s-felt\\\/#breadcrumb\"},\"inLanguage\":\"en-US\",\"potentialAction\":[{\"@type\":\"ReadAction\",\"target\":[\"https:\\\/\\\/retki.fi\\\/en\\\/product\\\/s-o-s-felt\\\/\"]}]},{\"@type\":\"ImageObject\",\"inLanguage\":\"en-US\",\"@id\":\"https:\\\/\\\/retki.fi\\\/en\\\/product\\\/s-o-s-felt\\\/#primaryimage\",\"url\":\"https:\\\/\\\/retki.fi\\\/wp-content\\\/uploads\\\/2019\\\/04\\\/r5588-2.jpg\",\"contentUrl\":\"https:\\\/\\\/retki.fi\\\/wp-content\\\/uploads\\\/2019\\\/04\\\/r5588-2.jpg\",\"width\":582,\"height\":768},{\"@type\":\"BreadcrumbList\",\"@id\":\"https:\\\/\\\/retki.fi\\\/en\\\/product\\\/s-o-s-felt\\\/#breadcrumb\",\"itemListElement\":[{\"@type\":\"ListItem\",\"position\":1,\"name\":\"Etusivu\",\"item\":\"https:\\\/\\\/retki.fi\\\/\"},{\"@type\":\"ListItem\",\"position\":2,\"name\":\"Products\",\"item\":\"https:\\\/\\\/retki.fi\\\/en\\\/products-2\\\/\"},{\"@type\":\"ListItem\",\"position\":3,\"name\":\"S.O.S blanket\"}]},{\"@type\":\"WebSite\",\"@id\":\"https:\\\/\\\/retki.fi\\\/#website\",\"url\":\"https:\\\/\\\/retki.fi\\\/\",\"name\":\"Retki Finland\",\"description\":\"Best moments happen outdoors\",\"publisher\":{\"@id\":\"https:\\\/\\\/retki.fi\\\/#organization\"},\"potentialAction\":[{\"@type\":\"SearchAction\",\"target\":{\"@type\":\"EntryPoint\",\"urlTemplate\":\"https:\\\/\\\/retki.fi\\\/?s={search_term_string}\"},\"query-input\":{\"@type\":\"PropertyValueSpecification\",\"valueRequired\":true,\"valueName\":\"search_term_string\"}}],\"inLanguage\":\"en-US\"},{\"@type\":\"Organization\",\"@id\":\"https:\\\/\\\/retki.fi\\\/#organization\",\"name\":\"Retki Finland \\\/ Blue Import BIM Oy\",\"url\":\"https:\\\/\\\/retki.fi\\\/\",\"logo\":{\"@type\":\"ImageObject\",\"inLanguage\":\"en-US\",\"@id\":\"https:\\\/\\\/retki.fi\\\/#\\\/schema\\\/logo\\\/image\\\/\",\"url\":\"https:\\\/\\\/retki.fi\\\/wp-content\\\/uploads\\\/2018\\\/11\\\/Retki_logo_512X512px.jpg\",\"contentUrl\":\"https:\\\/\\\/retki.fi\\\/wp-content\\\/uploads\\\/2018\\\/11\\\/Retki_logo_512X512px.jpg\",\"width\":512,\"height\":512,\"caption\":\"Retki Finland \\\/ Blue Import BIM Oy\"},\"image\":{\"@id\":\"https:\\\/\\\/retki.fi\\\/#\\\/schema\\\/logo\\\/image\\\/\"},\"sameAs\":[\"https:\\\/\\\/www.facebook.com\\\/retkifinland\\\/\",\"https:\\\/\\\/www.instagram.com\\\/retkifinland\\\/\"]}]}<\/script>\n<!-- \/ Yoast SEO plugin. -->","yoast_head_json":{"title":"S.O.S blanket - Retki Finland","robots":{"index":"index","follow":"follow","max-snippet":"max-snippet:-1","max-image-preview":"max-image-preview:large","max-video-preview":"max-video-preview:-1"},"canonical":"https:\/\/retki.fi\/en\/product\/s-o-s-felt\/","og_locale":"en_US","og_type":"article","og_title":"S.O.S blanket - Retki Finland","og_description":"The multi-purpose emergency blanket serves as a temporary protection for the hiker, a sleeping pad or a tent base.","og_url":"https:\/\/retki.fi\/en\/product\/s-o-s-felt\/","og_site_name":"Retki Finland","article_publisher":"https:\/\/www.facebook.com\/retkifinland\/","article_modified_time":"2025-02-10T11:50:43+00:00","og_image":[{"width":582,"height":768,"url":"https:\/\/retki.fi\/wp-content\/uploads\/2019\/04\/r5588-2.jpg","type":"image\/jpeg"}],"twitter_card":"summary_large_image","schema":{"@context":"https:\/\/schema.org","@graph":[{"@type":"WebPage","@id":"https:\/\/retki.fi\/en\/product\/s-o-s-felt\/","url":"https:\/\/retki.fi\/en\/product\/s-o-s-felt\/","name":"S.O.S blanket - Retki Finland","isPartOf":{"@id":"https:\/\/retki.fi\/#website"},"primaryImageOfPage":{"@id":"https:\/\/retki.fi\/en\/product\/s-o-s-felt\/#primaryimage"},"image":{"@id":"https:\/\/retki.fi\/en\/product\/s-o-s-felt\/#primaryimage"},"thumbnailUrl":"https:\/\/retki.fi\/wp-content\/uploads\/2019\/04\/r5588-2.jpg","datePublished":"2019-04-16T21:00:00+00:00","dateModified":"2025-02-10T11:50:43+00:00","breadcrumb":{"@id":"https:\/\/retki.fi\/en\/product\/s-o-s-felt\/#breadcrumb"},"inLanguage":"en-US","potentialAction":[{"@type":"ReadAction","target":["https:\/\/retki.fi\/en\/product\/s-o-s-felt\/"]}]},{"@type":"ImageObject","inLanguage":"en-US","@id":"https:\/\/retki.fi\/en\/product\/s-o-s-felt\/#primaryimage","url":"https:\/\/retki.fi\/wp-content\/uploads\/2019\/04\/r5588-2.jpg","contentUrl":"https:\/\/retki.fi\/wp-content\/uploads\/2019\/04\/r5588-2.jpg","width":582,"height":768},{"@type":"BreadcrumbList","@id":"https:\/\/retki.fi\/en\/product\/s-o-s-felt\/#breadcrumb","itemListElement":[{"@type":"ListItem","position":1,"name":"Etusivu","item":"https:\/\/retki.fi\/"},{"@type":"ListItem","position":2,"name":"Products","item":"https:\/\/retki.fi\/en\/products-2\/"},{"@type":"ListItem","position":3,"name":"S.O.S blanket"}]},{"@type":"WebSite","@id":"https:\/\/retki.fi\/#website","url":"https:\/\/retki.fi\/","name":"Retki Finland","description":"Best moments happen outdoors","publisher":{"@id":"https:\/\/retki.fi\/#organization"},"potentialAction":[{"@type":"SearchAction","target":{"@type":"EntryPoint","urlTemplate":"https:\/\/retki.fi\/?s={search_term_string}"},"query-input":{"@type":"PropertyValueSpecification","valueRequired":true,"valueName":"search_term_string"}}],"inLanguage":"en-US"},{"@type":"Organization","@id":"https:\/\/retki.fi\/#organization","name":"Retki Finland \/ Blue Import BIM Oy","url":"https:\/\/retki.fi\/","logo":{"@type":"ImageObject","inLanguage":"en-US","@id":"https:\/\/retki.fi\/#\/schema\/logo\/image\/","url":"https:\/\/retki.fi\/wp-content\/uploads\/2018\/11\/Retki_logo_512X512px.jpg","contentUrl":"https:\/\/retki.fi\/wp-content\/uploads\/2018\/11\/Retki_logo_512X512px.jpg","width":512,"height":512,"caption":"Retki Finland \/ Blue Import BIM Oy"},"image":{"@id":"https:\/\/retki.fi\/#\/schema\/logo\/image\/"},"sameAs":["https:\/\/www.facebook.com\/retkifinland\/","https:\/\/www.instagram.com\/retkifinland\/"]}]}},"_links":{"self":[{"href":"https:\/\/retki.fi\/en\/wp-json\/wp\/v2\/product\/11080","targetHints":{"allow":["GET"]}}],"collection":[{"href":"https:\/\/retki.fi\/en\/wp-json\/wp\/v2\/product"}],"about":[{"href":"https:\/\/retki.fi\/en\/wp-json\/wp\/v2\/types\/product"}],"replies":[{"embeddable":true,"href":"https:\/\/retki.fi\/en\/wp-json\/wp\/v2\/comments?post=11080"}],"wp:featuredmedia":[{"embeddable":true,"href":"https:\/\/retki.fi\/en\/wp-json\/wp\/v2\/media\/11084"}],"wp:attachment":[{"href":"https:\/\/retki.fi\/en\/wp-json\/wp\/v2\/media?parent=11080"}],"wp:term":[{"taxonomy":"product_brand","embeddable":true,"href":"https:\/\/retki.fi\/en\/wp-json\/wp\/v2\/product_brand?post=11080"},{"taxonomy":"product_cat","embeddable":true,"href":"https:\/\/retki.fi\/en\/wp-json\/wp\/v2\/product_cat?post=11080"},{"taxonomy":"product_tag","embeddable":true,"href":"https:\/\/retki.fi\/en\/wp-json\/wp\/v2\/product_tag?post=11080"}],"curies":[{"name":"wp","href":"https:\/\/api.w.org\/{rel}","templated":true}]}}