{"id":11118,"date":"2019-04-18T10:11:22","date_gmt":"2019-04-18T07:11:22","guid":{"rendered":"https:\/\/retki.fi\/product\/first-aid-kit-65-piece\/"},"modified":"2026-04-22T15:13:24","modified_gmt":"2026-04-22T12:13:24","slug":"first-aid-kit-65-piece","status":"publish","type":"product","link":"https:\/\/retki.fi\/en\/product\/first-aid-kit-65-piece\/","title":{"rendered":"First aid kit 65 pieces"},"content":{"rendered":"&#13;\n<p>65-osainen ensiapulaukku sis\u00e4lt\u00e4\u00e4 laajan valikoiman ensiavun t\u00e4rkeimpi\u00e4 perustarvikkeita, jotka ovat todella helppok\u00e4ytt\u00f6isi\u00e4 sek\u00e4 monipuolisia. Laukun sis\u00e4lt\u00e4mill\u00e4 tarvikkeilla voi elvytt\u00e4\u00e4, puhdistaa ja sitoa haavoja sek\u00e4 pit\u00e4\u00e4 autettava l\u00e4mp\u00f6isen\u00e4 l\u00e4mp\u00f6peitteen avulla. Ensiapulaukku on t\u00e4rke\u00e4 joka kodin, m\u00f6kin, ty\u00f6paikan, ajoneuvon sek\u00e4 reissun apuv\u00e4line h\u00e4t\u00e4tilanteiden varalta.<\/p>&#13;\n<p>\u00a0<\/p>&#13;\n&#13;\n<p>\u00a0<\/p>&#13;\n","protected":false},"excerpt":{"rendered":"<p>A first aid kit is an important tool for every home, cabin, workplace, vehicle and trip in case of emergencies.<\/p>\n","protected":false},"featured_media":11121,"comment_status":"closed","ping_status":"closed","template":"","meta":{"_acf_changed":false},"product_brand":[],"product_cat":[438],"product_tag":[2984],"class_list":{"0":"post-11118","1":"product","2":"type-product","3":"status-publish","4":"has-post-thumbnail","6":"product_cat-camping-equipment","7":"product_tag-first-aid-kit","9":"first","10":"instock","11":"shipping-taxable","12":"product-type-simple"},"acf":[],"yoast_head":"<!-- This site is optimized with the Yoast SEO plugin v27.4 - https:\/\/yoast.com\/product\/yoast-seo-wordpress\/ -->\n<title>First aid kit 65 pieces - Retki Finland<\/title>\n<meta name=\"robots\" content=\"index, follow, max-snippet:-1, max-image-preview:large, max-video-preview:-1\" \/>\n<link rel=\"canonical\" href=\"https:\/\/retki.fi\/en\/product\/first-aid-kit-65-piece\/\" \/>\n<meta property=\"og:locale\" content=\"en_US\" \/>\n<meta property=\"og:type\" content=\"article\" \/>\n<meta property=\"og:title\" content=\"First aid kit 65 pieces - Retki Finland\" \/>\n<meta property=\"og:description\" content=\"A first aid kit is an important tool for every home, cabin, workplace, vehicle and trip in case of emergencies.\" \/>\n<meta property=\"og:url\" content=\"https:\/\/retki.fi\/en\/product\/first-aid-kit-65-piece\/\" \/>\n<meta property=\"og:site_name\" content=\"Retki Finland\" \/>\n<meta property=\"article:publisher\" content=\"https:\/\/www.facebook.com\/retkifinland\/\" \/>\n<meta property=\"article:modified_time\" content=\"2026-04-22T12:13:24+00:00\" \/>\n<meta property=\"og:image\" content=\"https:\/\/retki.fi\/wp-content\/uploads\/2019\/04\/ensiapulaukku.jpg\" \/>\n\t<meta property=\"og:image:width\" content=\"643\" \/>\n\t<meta property=\"og:image:height\" content=\"768\" \/>\n\t<meta property=\"og:image:type\" content=\"image\/jpeg\" \/>\n<meta name=\"twitter:card\" content=\"summary_large_image\" \/>\n<script type=\"application\/ld+json\" class=\"yoast-schema-graph\">{\"@context\":\"https:\\\/\\\/schema.org\",\"@graph\":[{\"@type\":\"WebPage\",\"@id\":\"https:\\\/\\\/retki.fi\\\/en\\\/product\\\/first-aid-kit-65-piece\\\/\",\"url\":\"https:\\\/\\\/retki.fi\\\/en\\\/product\\\/first-aid-kit-65-piece\\\/\",\"name\":\"First aid kit 65 pieces - Retki Finland\",\"isPartOf\":{\"@id\":\"https:\\\/\\\/retki.fi\\\/#website\"},\"primaryImageOfPage\":{\"@id\":\"https:\\\/\\\/retki.fi\\\/en\\\/product\\\/first-aid-kit-65-piece\\\/#primaryimage\"},\"image\":{\"@id\":\"https:\\\/\\\/retki.fi\\\/en\\\/product\\\/first-aid-kit-65-piece\\\/#primaryimage\"},\"thumbnailUrl\":\"https:\\\/\\\/retki.fi\\\/wp-content\\\/uploads\\\/2019\\\/04\\\/ensiapulaukku.jpg\",\"datePublished\":\"2019-04-18T07:11:22+00:00\",\"dateModified\":\"2026-04-22T12:13:24+00:00\",\"breadcrumb\":{\"@id\":\"https:\\\/\\\/retki.fi\\\/en\\\/product\\\/first-aid-kit-65-piece\\\/#breadcrumb\"},\"inLanguage\":\"en-US\",\"potentialAction\":[{\"@type\":\"ReadAction\",\"target\":[\"https:\\\/\\\/retki.fi\\\/en\\\/product\\\/first-aid-kit-65-piece\\\/\"]}]},{\"@type\":\"ImageObject\",\"inLanguage\":\"en-US\",\"@id\":\"https:\\\/\\\/retki.fi\\\/en\\\/product\\\/first-aid-kit-65-piece\\\/#primaryimage\",\"url\":\"https:\\\/\\\/retki.fi\\\/wp-content\\\/uploads\\\/2019\\\/04\\\/ensiapulaukku.jpg\",\"contentUrl\":\"https:\\\/\\\/retki.fi\\\/wp-content\\\/uploads\\\/2019\\\/04\\\/ensiapulaukku.jpg\",\"width\":643,\"height\":768},{\"@type\":\"BreadcrumbList\",\"@id\":\"https:\\\/\\\/retki.fi\\\/en\\\/product\\\/first-aid-kit-65-piece\\\/#breadcrumb\",\"itemListElement\":[{\"@type\":\"ListItem\",\"position\":1,\"name\":\"Etusivu\",\"item\":\"https:\\\/\\\/retki.fi\\\/\"},{\"@type\":\"ListItem\",\"position\":2,\"name\":\"Products\",\"item\":\"https:\\\/\\\/retki.fi\\\/en\\\/products-2\\\/\"},{\"@type\":\"ListItem\",\"position\":3,\"name\":\"First aid kit 65 pieces\"}]},{\"@type\":\"WebSite\",\"@id\":\"https:\\\/\\\/retki.fi\\\/#website\",\"url\":\"https:\\\/\\\/retki.fi\\\/\",\"name\":\"Retki Finland\",\"description\":\"Best moments happen outdoors\",\"publisher\":{\"@id\":\"https:\\\/\\\/retki.fi\\\/#organization\"},\"potentialAction\":[{\"@type\":\"SearchAction\",\"target\":{\"@type\":\"EntryPoint\",\"urlTemplate\":\"https:\\\/\\\/retki.fi\\\/?s={search_term_string}\"},\"query-input\":{\"@type\":\"PropertyValueSpecification\",\"valueRequired\":true,\"valueName\":\"search_term_string\"}}],\"inLanguage\":\"en-US\"},{\"@type\":\"Organization\",\"@id\":\"https:\\\/\\\/retki.fi\\\/#organization\",\"name\":\"Retki Finland \\\/ Blue Import BIM Oy\",\"url\":\"https:\\\/\\\/retki.fi\\\/\",\"logo\":{\"@type\":\"ImageObject\",\"inLanguage\":\"en-US\",\"@id\":\"https:\\\/\\\/retki.fi\\\/#\\\/schema\\\/logo\\\/image\\\/\",\"url\":\"https:\\\/\\\/retki.fi\\\/wp-content\\\/uploads\\\/2018\\\/11\\\/Retki_logo_512X512px.jpg\",\"contentUrl\":\"https:\\\/\\\/retki.fi\\\/wp-content\\\/uploads\\\/2018\\\/11\\\/Retki_logo_512X512px.jpg\",\"width\":512,\"height\":512,\"caption\":\"Retki Finland \\\/ Blue Import BIM Oy\"},\"image\":{\"@id\":\"https:\\\/\\\/retki.fi\\\/#\\\/schema\\\/logo\\\/image\\\/\"},\"sameAs\":[\"https:\\\/\\\/www.facebook.com\\\/retkifinland\\\/\",\"https:\\\/\\\/www.instagram.com\\\/retkifinland\\\/\"]}]}<\/script>\n<!-- \/ Yoast SEO plugin. -->","yoast_head_json":{"title":"First aid kit 65 pieces - Retki Finland","robots":{"index":"index","follow":"follow","max-snippet":"max-snippet:-1","max-image-preview":"max-image-preview:large","max-video-preview":"max-video-preview:-1"},"canonical":"https:\/\/retki.fi\/en\/product\/first-aid-kit-65-piece\/","og_locale":"en_US","og_type":"article","og_title":"First aid kit 65 pieces - Retki Finland","og_description":"A first aid kit is an important tool for every home, cabin, workplace, vehicle and trip in case of emergencies.","og_url":"https:\/\/retki.fi\/en\/product\/first-aid-kit-65-piece\/","og_site_name":"Retki Finland","article_publisher":"https:\/\/www.facebook.com\/retkifinland\/","article_modified_time":"2026-04-22T12:13:24+00:00","og_image":[{"width":643,"height":768,"url":"https:\/\/retki.fi\/wp-content\/uploads\/2019\/04\/ensiapulaukku.jpg","type":"image\/jpeg"}],"twitter_card":"summary_large_image","schema":{"@context":"https:\/\/schema.org","@graph":[{"@type":"WebPage","@id":"https:\/\/retki.fi\/en\/product\/first-aid-kit-65-piece\/","url":"https:\/\/retki.fi\/en\/product\/first-aid-kit-65-piece\/","name":"First aid kit 65 pieces - Retki Finland","isPartOf":{"@id":"https:\/\/retki.fi\/#website"},"primaryImageOfPage":{"@id":"https:\/\/retki.fi\/en\/product\/first-aid-kit-65-piece\/#primaryimage"},"image":{"@id":"https:\/\/retki.fi\/en\/product\/first-aid-kit-65-piece\/#primaryimage"},"thumbnailUrl":"https:\/\/retki.fi\/wp-content\/uploads\/2019\/04\/ensiapulaukku.jpg","datePublished":"2019-04-18T07:11:22+00:00","dateModified":"2026-04-22T12:13:24+00:00","breadcrumb":{"@id":"https:\/\/retki.fi\/en\/product\/first-aid-kit-65-piece\/#breadcrumb"},"inLanguage":"en-US","potentialAction":[{"@type":"ReadAction","target":["https:\/\/retki.fi\/en\/product\/first-aid-kit-65-piece\/"]}]},{"@type":"ImageObject","inLanguage":"en-US","@id":"https:\/\/retki.fi\/en\/product\/first-aid-kit-65-piece\/#primaryimage","url":"https:\/\/retki.fi\/wp-content\/uploads\/2019\/04\/ensiapulaukku.jpg","contentUrl":"https:\/\/retki.fi\/wp-content\/uploads\/2019\/04\/ensiapulaukku.jpg","width":643,"height":768},{"@type":"BreadcrumbList","@id":"https:\/\/retki.fi\/en\/product\/first-aid-kit-65-piece\/#breadcrumb","itemListElement":[{"@type":"ListItem","position":1,"name":"Etusivu","item":"https:\/\/retki.fi\/"},{"@type":"ListItem","position":2,"name":"Products","item":"https:\/\/retki.fi\/en\/products-2\/"},{"@type":"ListItem","position":3,"name":"First aid kit 65 pieces"}]},{"@type":"WebSite","@id":"https:\/\/retki.fi\/#website","url":"https:\/\/retki.fi\/","name":"Retki Finland","description":"Best moments happen outdoors","publisher":{"@id":"https:\/\/retki.fi\/#organization"},"potentialAction":[{"@type":"SearchAction","target":{"@type":"EntryPoint","urlTemplate":"https:\/\/retki.fi\/?s={search_term_string}"},"query-input":{"@type":"PropertyValueSpecification","valueRequired":true,"valueName":"search_term_string"}}],"inLanguage":"en-US"},{"@type":"Organization","@id":"https:\/\/retki.fi\/#organization","name":"Retki Finland \/ Blue Import BIM Oy","url":"https:\/\/retki.fi\/","logo":{"@type":"ImageObject","inLanguage":"en-US","@id":"https:\/\/retki.fi\/#\/schema\/logo\/image\/","url":"https:\/\/retki.fi\/wp-content\/uploads\/2018\/11\/Retki_logo_512X512px.jpg","contentUrl":"https:\/\/retki.fi\/wp-content\/uploads\/2018\/11\/Retki_logo_512X512px.jpg","width":512,"height":512,"caption":"Retki Finland \/ Blue Import BIM Oy"},"image":{"@id":"https:\/\/retki.fi\/#\/schema\/logo\/image\/"},"sameAs":["https:\/\/www.facebook.com\/retkifinland\/","https:\/\/www.instagram.com\/retkifinland\/"]}]}},"_links":{"self":[{"href":"https:\/\/retki.fi\/en\/wp-json\/wp\/v2\/product\/11118","targetHints":{"allow":["GET"]}}],"collection":[{"href":"https:\/\/retki.fi\/en\/wp-json\/wp\/v2\/product"}],"about":[{"href":"https:\/\/retki.fi\/en\/wp-json\/wp\/v2\/types\/product"}],"replies":[{"embeddable":true,"href":"https:\/\/retki.fi\/en\/wp-json\/wp\/v2\/comments?post=11118"}],"wp:featuredmedia":[{"embeddable":true,"href":"https:\/\/retki.fi\/en\/wp-json\/wp\/v2\/media\/11121"}],"wp:attachment":[{"href":"https:\/\/retki.fi\/en\/wp-json\/wp\/v2\/media?parent=11118"}],"wp:term":[{"taxonomy":"product_brand","embeddable":true,"href":"https:\/\/retki.fi\/en\/wp-json\/wp\/v2\/product_brand?post=11118"},{"taxonomy":"product_cat","embeddable":true,"href":"https:\/\/retki.fi\/en\/wp-json\/wp\/v2\/product_cat?post=11118"},{"taxonomy":"product_tag","embeddable":true,"href":"https:\/\/retki.fi\/en\/wp-json\/wp\/v2\/product_tag?post=11118"}],"curies":[{"name":"wp","href":"https:\/\/api.w.org\/{rel}","templated":true}]}}