{"id":11126,"date":"2019-04-18T12:51:25","date_gmt":"2019-04-18T09:51:25","guid":{"rendered":"https:\/\/retki.fi\/product\/ax-14\/"},"modified":"2026-04-22T15:13:24","modified_gmt":"2026-04-22T12:13:24","slug":"ax-14","status":"publish","type":"product","link":"https:\/\/retki.fi\/en\/product\/ax-14\/","title":{"rendered":"Ax 14&#8243;"},"content":{"rendered":"&#13;\n<p>Kirves on tarpeellinen ja k\u00e4yt\u00e4nn\u00f6llinen apuv\u00e4line sek\u00e4 retkill\u00e4 ett\u00e4 pihapiiriss\u00e4. Kirveell\u00e4 pilkot nopeasti retkeilless\u00e4 polttopuut ja telttakepit.\u00a0<\/p>&#13;\n<p>\u00a0<\/p>&#13;\n<p>\u00a0<\/p>&#13;\n","protected":false},"excerpt":{"rendered":"<p>&#13; Kirves on tarpeellinen ja k\u00e4yt\u00e4nn\u00f6llinen apuv\u00e4line sek\u00e4 retkill\u00e4 ett\u00e4 pihapiiriss\u00e4. Kirveell\u00e4 pilkot nopeasti retkeilless\u00e4 polttopuut ja telttakepit.\u00a0 &#13; \u00a0 &#13; \u00a0 &#13;<\/p>\n","protected":false},"featured_media":11130,"comment_status":"closed","ping_status":"closed","template":"","meta":{"_acf_changed":false},"product_brand":[],"product_cat":[3564,402],"product_tag":[],"class_list":{"0":"post-11126","1":"product","2":"type-product","3":"status-publish","4":"has-post-thumbnail","6":"product_cat-camping-saws-and-axes","7":"product_cat-multitools-and-knives","9":"first","10":"instock","11":"shipping-taxable","12":"product-type-simple"},"acf":[],"yoast_head":"<!-- This site is optimized with the Yoast SEO plugin v27.4 - https:\/\/yoast.com\/product\/yoast-seo-wordpress\/ -->\n<title>Ax 14&quot; - Retki Finland<\/title>\n<meta name=\"robots\" content=\"index, follow, max-snippet:-1, max-image-preview:large, max-video-preview:-1\" \/>\n<link rel=\"canonical\" href=\"https:\/\/retki.fi\/en\/product\/ax-14\/\" \/>\n<meta property=\"og:locale\" content=\"en_US\" \/>\n<meta property=\"og:type\" content=\"article\" \/>\n<meta property=\"og:title\" content=\"Ax 14&quot; - Retki Finland\" \/>\n<meta property=\"og:description\" content=\"&#013; Kirves on tarpeellinen ja k\u00e4yt\u00e4nn\u00f6llinen apuv\u00e4line sek\u00e4 retkill\u00e4 ett\u00e4 pihapiiriss\u00e4. Kirveell\u00e4 pilkot nopeasti retkeilless\u00e4 polttopuut ja telttakepit.\u00a0 &#013; \u00a0 &#013; \u00a0 &#013;\" \/>\n<meta property=\"og:url\" content=\"https:\/\/retki.fi\/en\/product\/ax-14\/\" \/>\n<meta property=\"og:site_name\" content=\"Retki Finland\" \/>\n<meta property=\"article:publisher\" content=\"https:\/\/www.facebook.com\/retkifinland\/\" \/>\n<meta property=\"article:modified_time\" content=\"2026-04-22T12:13:24+00:00\" \/>\n<meta property=\"og:image\" content=\"https:\/\/retki.fi\/wp-content\/uploads\/2019\/04\/kirves-14-scaled.jpg\" \/>\n\t<meta property=\"og:image:width\" content=\"1342\" \/>\n\t<meta property=\"og:image:height\" content=\"2560\" \/>\n\t<meta property=\"og:image:type\" content=\"image\/jpeg\" \/>\n<meta name=\"twitter:card\" content=\"summary_large_image\" \/>\n<script type=\"application\/ld+json\" class=\"yoast-schema-graph\">{\"@context\":\"https:\\\/\\\/schema.org\",\"@graph\":[{\"@type\":\"WebPage\",\"@id\":\"https:\\\/\\\/retki.fi\\\/en\\\/product\\\/ax-14\\\/\",\"url\":\"https:\\\/\\\/retki.fi\\\/en\\\/product\\\/ax-14\\\/\",\"name\":\"Ax 14\\\" - Retki Finland\",\"isPartOf\":{\"@id\":\"https:\\\/\\\/retki.fi\\\/#website\"},\"primaryImageOfPage\":{\"@id\":\"https:\\\/\\\/retki.fi\\\/en\\\/product\\\/ax-14\\\/#primaryimage\"},\"image\":{\"@id\":\"https:\\\/\\\/retki.fi\\\/en\\\/product\\\/ax-14\\\/#primaryimage\"},\"thumbnailUrl\":\"https:\\\/\\\/retki.fi\\\/wp-content\\\/uploads\\\/2019\\\/04\\\/kirves-14-scaled.jpg\",\"datePublished\":\"2019-04-18T09:51:25+00:00\",\"dateModified\":\"2026-04-22T12:13:24+00:00\",\"breadcrumb\":{\"@id\":\"https:\\\/\\\/retki.fi\\\/en\\\/product\\\/ax-14\\\/#breadcrumb\"},\"inLanguage\":\"en-US\",\"potentialAction\":[{\"@type\":\"ReadAction\",\"target\":[\"https:\\\/\\\/retki.fi\\\/en\\\/product\\\/ax-14\\\/\"]}]},{\"@type\":\"ImageObject\",\"inLanguage\":\"en-US\",\"@id\":\"https:\\\/\\\/retki.fi\\\/en\\\/product\\\/ax-14\\\/#primaryimage\",\"url\":\"https:\\\/\\\/retki.fi\\\/wp-content\\\/uploads\\\/2019\\\/04\\\/kirves-14-scaled.jpg\",\"contentUrl\":\"https:\\\/\\\/retki.fi\\\/wp-content\\\/uploads\\\/2019\\\/04\\\/kirves-14-scaled.jpg\",\"width\":1342,\"height\":2560,\"caption\":\"OLYMPUS DIGITAL CAMERA\"},{\"@type\":\"BreadcrumbList\",\"@id\":\"https:\\\/\\\/retki.fi\\\/en\\\/product\\\/ax-14\\\/#breadcrumb\",\"itemListElement\":[{\"@type\":\"ListItem\",\"position\":1,\"name\":\"Etusivu\",\"item\":\"https:\\\/\\\/retki.fi\\\/\"},{\"@type\":\"ListItem\",\"position\":2,\"name\":\"Products\",\"item\":\"https:\\\/\\\/retki.fi\\\/en\\\/products-2\\\/\"},{\"@type\":\"ListItem\",\"position\":3,\"name\":\"Ax 14&#8243;\"}]},{\"@type\":\"WebSite\",\"@id\":\"https:\\\/\\\/retki.fi\\\/#website\",\"url\":\"https:\\\/\\\/retki.fi\\\/\",\"name\":\"Retki Finland\",\"description\":\"Best moments happen outdoors\",\"publisher\":{\"@id\":\"https:\\\/\\\/retki.fi\\\/#organization\"},\"potentialAction\":[{\"@type\":\"SearchAction\",\"target\":{\"@type\":\"EntryPoint\",\"urlTemplate\":\"https:\\\/\\\/retki.fi\\\/?s={search_term_string}\"},\"query-input\":{\"@type\":\"PropertyValueSpecification\",\"valueRequired\":true,\"valueName\":\"search_term_string\"}}],\"inLanguage\":\"en-US\"},{\"@type\":\"Organization\",\"@id\":\"https:\\\/\\\/retki.fi\\\/#organization\",\"name\":\"Retki Finland \\\/ Blue Import BIM Oy\",\"url\":\"https:\\\/\\\/retki.fi\\\/\",\"logo\":{\"@type\":\"ImageObject\",\"inLanguage\":\"en-US\",\"@id\":\"https:\\\/\\\/retki.fi\\\/#\\\/schema\\\/logo\\\/image\\\/\",\"url\":\"https:\\\/\\\/retki.fi\\\/wp-content\\\/uploads\\\/2018\\\/11\\\/Retki_logo_512X512px.jpg\",\"contentUrl\":\"https:\\\/\\\/retki.fi\\\/wp-content\\\/uploads\\\/2018\\\/11\\\/Retki_logo_512X512px.jpg\",\"width\":512,\"height\":512,\"caption\":\"Retki Finland \\\/ Blue Import BIM Oy\"},\"image\":{\"@id\":\"https:\\\/\\\/retki.fi\\\/#\\\/schema\\\/logo\\\/image\\\/\"},\"sameAs\":[\"https:\\\/\\\/www.facebook.com\\\/retkifinland\\\/\",\"https:\\\/\\\/www.instagram.com\\\/retkifinland\\\/\"]}]}<\/script>\n<!-- \/ Yoast SEO plugin. -->","yoast_head_json":{"title":"Ax 14\" - Retki Finland","robots":{"index":"index","follow":"follow","max-snippet":"max-snippet:-1","max-image-preview":"max-image-preview:large","max-video-preview":"max-video-preview:-1"},"canonical":"https:\/\/retki.fi\/en\/product\/ax-14\/","og_locale":"en_US","og_type":"article","og_title":"Ax 14\" - Retki Finland","og_description":"&#13; Kirves on tarpeellinen ja k\u00e4yt\u00e4nn\u00f6llinen apuv\u00e4line sek\u00e4 retkill\u00e4 ett\u00e4 pihapiiriss\u00e4. Kirveell\u00e4 pilkot nopeasti retkeilless\u00e4 polttopuut ja telttakepit.\u00a0 &#13; \u00a0 &#13; \u00a0 &#13;","og_url":"https:\/\/retki.fi\/en\/product\/ax-14\/","og_site_name":"Retki Finland","article_publisher":"https:\/\/www.facebook.com\/retkifinland\/","article_modified_time":"2026-04-22T12:13:24+00:00","og_image":[{"width":1342,"height":2560,"url":"https:\/\/retki.fi\/wp-content\/uploads\/2019\/04\/kirves-14-scaled.jpg","type":"image\/jpeg"}],"twitter_card":"summary_large_image","schema":{"@context":"https:\/\/schema.org","@graph":[{"@type":"WebPage","@id":"https:\/\/retki.fi\/en\/product\/ax-14\/","url":"https:\/\/retki.fi\/en\/product\/ax-14\/","name":"Ax 14\" - Retki Finland","isPartOf":{"@id":"https:\/\/retki.fi\/#website"},"primaryImageOfPage":{"@id":"https:\/\/retki.fi\/en\/product\/ax-14\/#primaryimage"},"image":{"@id":"https:\/\/retki.fi\/en\/product\/ax-14\/#primaryimage"},"thumbnailUrl":"https:\/\/retki.fi\/wp-content\/uploads\/2019\/04\/kirves-14-scaled.jpg","datePublished":"2019-04-18T09:51:25+00:00","dateModified":"2026-04-22T12:13:24+00:00","breadcrumb":{"@id":"https:\/\/retki.fi\/en\/product\/ax-14\/#breadcrumb"},"inLanguage":"en-US","potentialAction":[{"@type":"ReadAction","target":["https:\/\/retki.fi\/en\/product\/ax-14\/"]}]},{"@type":"ImageObject","inLanguage":"en-US","@id":"https:\/\/retki.fi\/en\/product\/ax-14\/#primaryimage","url":"https:\/\/retki.fi\/wp-content\/uploads\/2019\/04\/kirves-14-scaled.jpg","contentUrl":"https:\/\/retki.fi\/wp-content\/uploads\/2019\/04\/kirves-14-scaled.jpg","width":1342,"height":2560,"caption":"OLYMPUS DIGITAL CAMERA"},{"@type":"BreadcrumbList","@id":"https:\/\/retki.fi\/en\/product\/ax-14\/#breadcrumb","itemListElement":[{"@type":"ListItem","position":1,"name":"Etusivu","item":"https:\/\/retki.fi\/"},{"@type":"ListItem","position":2,"name":"Products","item":"https:\/\/retki.fi\/en\/products-2\/"},{"@type":"ListItem","position":3,"name":"Ax 14&#8243;"}]},{"@type":"WebSite","@id":"https:\/\/retki.fi\/#website","url":"https:\/\/retki.fi\/","name":"Retki Finland","description":"Best moments happen outdoors","publisher":{"@id":"https:\/\/retki.fi\/#organization"},"potentialAction":[{"@type":"SearchAction","target":{"@type":"EntryPoint","urlTemplate":"https:\/\/retki.fi\/?s={search_term_string}"},"query-input":{"@type":"PropertyValueSpecification","valueRequired":true,"valueName":"search_term_string"}}],"inLanguage":"en-US"},{"@type":"Organization","@id":"https:\/\/retki.fi\/#organization","name":"Retki Finland \/ Blue Import BIM Oy","url":"https:\/\/retki.fi\/","logo":{"@type":"ImageObject","inLanguage":"en-US","@id":"https:\/\/retki.fi\/#\/schema\/logo\/image\/","url":"https:\/\/retki.fi\/wp-content\/uploads\/2018\/11\/Retki_logo_512X512px.jpg","contentUrl":"https:\/\/retki.fi\/wp-content\/uploads\/2018\/11\/Retki_logo_512X512px.jpg","width":512,"height":512,"caption":"Retki Finland \/ Blue Import BIM Oy"},"image":{"@id":"https:\/\/retki.fi\/#\/schema\/logo\/image\/"},"sameAs":["https:\/\/www.facebook.com\/retkifinland\/","https:\/\/www.instagram.com\/retkifinland\/"]}]}},"_links":{"self":[{"href":"https:\/\/retki.fi\/en\/wp-json\/wp\/v2\/product\/11126","targetHints":{"allow":["GET"]}}],"collection":[{"href":"https:\/\/retki.fi\/en\/wp-json\/wp\/v2\/product"}],"about":[{"href":"https:\/\/retki.fi\/en\/wp-json\/wp\/v2\/types\/product"}],"replies":[{"embeddable":true,"href":"https:\/\/retki.fi\/en\/wp-json\/wp\/v2\/comments?post=11126"}],"wp:featuredmedia":[{"embeddable":true,"href":"https:\/\/retki.fi\/en\/wp-json\/wp\/v2\/media\/11130"}],"wp:attachment":[{"href":"https:\/\/retki.fi\/en\/wp-json\/wp\/v2\/media?parent=11126"}],"wp:term":[{"taxonomy":"product_brand","embeddable":true,"href":"https:\/\/retki.fi\/en\/wp-json\/wp\/v2\/product_brand?post=11126"},{"taxonomy":"product_cat","embeddable":true,"href":"https:\/\/retki.fi\/en\/wp-json\/wp\/v2\/product_cat?post=11126"},{"taxonomy":"product_tag","embeddable":true,"href":"https:\/\/retki.fi\/en\/wp-json\/wp\/v2\/product_tag?post=11126"}],"curies":[{"name":"wp","href":"https:\/\/api.w.org\/{rel}","templated":true}]}}