{"id":11131,"date":"2019-04-18T12:57:54","date_gmt":"2019-04-17T21:00:00","guid":{"rendered":"https:\/\/retki.fi\/product\/camping-shovel-foldable\/"},"modified":"2025-01-01T21:53:23","modified_gmt":"2025-01-01T19:53:23","slug":"camping-shovel-foldable","status":"publish","type":"product","link":"https:\/\/retki.fi\/en\/product\/camping-shovel-foldable\/","title":{"rendered":"Camping shovel foldable"},"content":{"rendered":"&#13;\n<p>Kokoontaitettava retkilapio on kevyt mutta kest\u00e4v\u00e4. Taitettuna se on pituudeltaan vain 24 cm, joten se on helppo pakata retkelle mukaan tai s\u00e4ilytt\u00e4\u00e4 esimerkiksi autossa. Mukana tuleva kantopussi puolestaan helpottaa lapion kantamista.<\/p>&#13;\n&#13;\n<p>\u00a0<\/p>&#13;\n","protected":false},"excerpt":{"rendered":"<p>&#13; Kokoontaitettava retkilapio on kevyt mutta kest\u00e4v\u00e4. Taitettuna se on pituudeltaan vain 24 cm, joten se on helppo pakata retkelle mukaan tai s\u00e4ilytt\u00e4\u00e4 esimerkiksi autossa. Mukana tuleva kantopussi puolestaan helpottaa lapion kantamista. &#13; &#13; \u00a0 &#13;<\/p>\n","protected":false},"featured_media":13207,"comment_status":"closed","ping_status":"closed","template":"","meta":{"_acf_changed":false},"product_brand":[],"product_cat":[438],"product_tag":[],"class_list":{"0":"post-11131","1":"product","2":"type-product","3":"status-publish","4":"has-post-thumbnail","6":"product_cat-camping-equipment","8":"first","9":"instock","10":"shipping-taxable","11":"product-type-simple"},"acf":[],"yoast_head":"<!-- This site is optimized with the Yoast SEO plugin v27.4 - https:\/\/yoast.com\/product\/yoast-seo-wordpress\/ -->\n<title>Camping shovel foldable - Retki Finland<\/title>\n<meta name=\"robots\" content=\"index, follow, max-snippet:-1, max-image-preview:large, max-video-preview:-1\" \/>\n<link rel=\"canonical\" href=\"https:\/\/retki.fi\/en\/product\/camping-shovel-foldable\/\" \/>\n<meta property=\"og:locale\" content=\"en_US\" \/>\n<meta property=\"og:type\" content=\"article\" \/>\n<meta property=\"og:title\" content=\"Camping shovel foldable - Retki Finland\" \/>\n<meta property=\"og:description\" content=\"&#013; Kokoontaitettava retkilapio on kevyt mutta kest\u00e4v\u00e4. Taitettuna se on pituudeltaan vain 24 cm, joten se on helppo pakata retkelle mukaan tai s\u00e4ilytt\u00e4\u00e4 esimerkiksi autossa. Mukana tuleva kantopussi puolestaan helpottaa lapion kantamista. &#013; &#013; \u00a0 &#013;\" \/>\n<meta property=\"og:url\" content=\"https:\/\/retki.fi\/en\/product\/camping-shovel-foldable\/\" \/>\n<meta property=\"og:site_name\" content=\"Retki Finland\" \/>\n<meta property=\"article:publisher\" content=\"https:\/\/www.facebook.com\/retkifinland\/\" \/>\n<meta property=\"article:modified_time\" content=\"2025-01-01T19:53:23+00:00\" \/>\n<meta property=\"og:image\" content=\"https:\/\/retki.fi\/wp-content\/uploads\/2019\/04\/R5521_6430058417576_PO5490_001.jpeg\" \/>\n\t<meta property=\"og:image:width\" content=\"523\" \/>\n\t<meta property=\"og:image:height\" content=\"348\" \/>\n\t<meta property=\"og:image:type\" content=\"image\/jpeg\" \/>\n<meta name=\"twitter:card\" content=\"summary_large_image\" \/>\n<script type=\"application\/ld+json\" class=\"yoast-schema-graph\">{\"@context\":\"https:\\\/\\\/schema.org\",\"@graph\":[{\"@type\":\"WebPage\",\"@id\":\"https:\\\/\\\/retki.fi\\\/en\\\/product\\\/camping-shovel-foldable\\\/\",\"url\":\"https:\\\/\\\/retki.fi\\\/en\\\/product\\\/camping-shovel-foldable\\\/\",\"name\":\"Camping shovel foldable - Retki Finland\",\"isPartOf\":{\"@id\":\"https:\\\/\\\/retki.fi\\\/#website\"},\"primaryImageOfPage\":{\"@id\":\"https:\\\/\\\/retki.fi\\\/en\\\/product\\\/camping-shovel-foldable\\\/#primaryimage\"},\"image\":{\"@id\":\"https:\\\/\\\/retki.fi\\\/en\\\/product\\\/camping-shovel-foldable\\\/#primaryimage\"},\"thumbnailUrl\":\"https:\\\/\\\/retki.fi\\\/wp-content\\\/uploads\\\/2019\\\/04\\\/R5521_6430058417576_005-scaled.jpeg\",\"datePublished\":\"2019-04-17T21:00:00+00:00\",\"dateModified\":\"2025-01-01T19:53:23+00:00\",\"breadcrumb\":{\"@id\":\"https:\\\/\\\/retki.fi\\\/en\\\/product\\\/camping-shovel-foldable\\\/#breadcrumb\"},\"inLanguage\":\"en-US\",\"potentialAction\":[{\"@type\":\"ReadAction\",\"target\":[\"https:\\\/\\\/retki.fi\\\/en\\\/product\\\/camping-shovel-foldable\\\/\"]}]},{\"@type\":\"ImageObject\",\"inLanguage\":\"en-US\",\"@id\":\"https:\\\/\\\/retki.fi\\\/en\\\/product\\\/camping-shovel-foldable\\\/#primaryimage\",\"url\":\"https:\\\/\\\/retki.fi\\\/wp-content\\\/uploads\\\/2019\\\/04\\\/R5521_6430058417576_005-scaled.jpeg\",\"contentUrl\":\"https:\\\/\\\/retki.fi\\\/wp-content\\\/uploads\\\/2019\\\/04\\\/R5521_6430058417576_005-scaled.jpeg\",\"width\":1387,\"height\":2560},{\"@type\":\"BreadcrumbList\",\"@id\":\"https:\\\/\\\/retki.fi\\\/en\\\/product\\\/camping-shovel-foldable\\\/#breadcrumb\",\"itemListElement\":[{\"@type\":\"ListItem\",\"position\":1,\"name\":\"Etusivu\",\"item\":\"https:\\\/\\\/retki.fi\\\/\"},{\"@type\":\"ListItem\",\"position\":2,\"name\":\"Products\",\"item\":\"https:\\\/\\\/retki.fi\\\/en\\\/products-2\\\/\"},{\"@type\":\"ListItem\",\"position\":3,\"name\":\"Camping shovel foldable\"}]},{\"@type\":\"WebSite\",\"@id\":\"https:\\\/\\\/retki.fi\\\/#website\",\"url\":\"https:\\\/\\\/retki.fi\\\/\",\"name\":\"Retki Finland\",\"description\":\"Best moments happen outdoors\",\"publisher\":{\"@id\":\"https:\\\/\\\/retki.fi\\\/#organization\"},\"potentialAction\":[{\"@type\":\"SearchAction\",\"target\":{\"@type\":\"EntryPoint\",\"urlTemplate\":\"https:\\\/\\\/retki.fi\\\/?s={search_term_string}\"},\"query-input\":{\"@type\":\"PropertyValueSpecification\",\"valueRequired\":true,\"valueName\":\"search_term_string\"}}],\"inLanguage\":\"en-US\"},{\"@type\":\"Organization\",\"@id\":\"https:\\\/\\\/retki.fi\\\/#organization\",\"name\":\"Retki Finland \\\/ Blue Import BIM Oy\",\"url\":\"https:\\\/\\\/retki.fi\\\/\",\"logo\":{\"@type\":\"ImageObject\",\"inLanguage\":\"en-US\",\"@id\":\"https:\\\/\\\/retki.fi\\\/#\\\/schema\\\/logo\\\/image\\\/\",\"url\":\"https:\\\/\\\/retki.fi\\\/wp-content\\\/uploads\\\/2018\\\/11\\\/Retki_logo_512X512px.jpg\",\"contentUrl\":\"https:\\\/\\\/retki.fi\\\/wp-content\\\/uploads\\\/2018\\\/11\\\/Retki_logo_512X512px.jpg\",\"width\":512,\"height\":512,\"caption\":\"Retki Finland \\\/ Blue Import BIM Oy\"},\"image\":{\"@id\":\"https:\\\/\\\/retki.fi\\\/#\\\/schema\\\/logo\\\/image\\\/\"},\"sameAs\":[\"https:\\\/\\\/www.facebook.com\\\/retkifinland\\\/\",\"https:\\\/\\\/www.instagram.com\\\/retkifinland\\\/\"]}]}<\/script>\n<!-- \/ Yoast SEO plugin. -->","yoast_head_json":{"title":"Camping shovel foldable - Retki Finland","robots":{"index":"index","follow":"follow","max-snippet":"max-snippet:-1","max-image-preview":"max-image-preview:large","max-video-preview":"max-video-preview:-1"},"canonical":"https:\/\/retki.fi\/en\/product\/camping-shovel-foldable\/","og_locale":"en_US","og_type":"article","og_title":"Camping shovel foldable - Retki Finland","og_description":"&#13; Kokoontaitettava retkilapio on kevyt mutta kest\u00e4v\u00e4. Taitettuna se on pituudeltaan vain 24 cm, joten se on helppo pakata retkelle mukaan tai s\u00e4ilytt\u00e4\u00e4 esimerkiksi autossa. Mukana tuleva kantopussi puolestaan helpottaa lapion kantamista. &#13; &#13; \u00a0 &#13;","og_url":"https:\/\/retki.fi\/en\/product\/camping-shovel-foldable\/","og_site_name":"Retki Finland","article_publisher":"https:\/\/www.facebook.com\/retkifinland\/","article_modified_time":"2025-01-01T19:53:23+00:00","og_image":[{"width":523,"height":348,"url":"https:\/\/retki.fi\/wp-content\/uploads\/2019\/04\/R5521_6430058417576_PO5490_001.jpeg","type":"image\/jpeg"}],"twitter_card":"summary_large_image","schema":{"@context":"https:\/\/schema.org","@graph":[{"@type":"WebPage","@id":"https:\/\/retki.fi\/en\/product\/camping-shovel-foldable\/","url":"https:\/\/retki.fi\/en\/product\/camping-shovel-foldable\/","name":"Camping shovel foldable - Retki Finland","isPartOf":{"@id":"https:\/\/retki.fi\/#website"},"primaryImageOfPage":{"@id":"https:\/\/retki.fi\/en\/product\/camping-shovel-foldable\/#primaryimage"},"image":{"@id":"https:\/\/retki.fi\/en\/product\/camping-shovel-foldable\/#primaryimage"},"thumbnailUrl":"https:\/\/retki.fi\/wp-content\/uploads\/2019\/04\/R5521_6430058417576_005-scaled.jpeg","datePublished":"2019-04-17T21:00:00+00:00","dateModified":"2025-01-01T19:53:23+00:00","breadcrumb":{"@id":"https:\/\/retki.fi\/en\/product\/camping-shovel-foldable\/#breadcrumb"},"inLanguage":"en-US","potentialAction":[{"@type":"ReadAction","target":["https:\/\/retki.fi\/en\/product\/camping-shovel-foldable\/"]}]},{"@type":"ImageObject","inLanguage":"en-US","@id":"https:\/\/retki.fi\/en\/product\/camping-shovel-foldable\/#primaryimage","url":"https:\/\/retki.fi\/wp-content\/uploads\/2019\/04\/R5521_6430058417576_005-scaled.jpeg","contentUrl":"https:\/\/retki.fi\/wp-content\/uploads\/2019\/04\/R5521_6430058417576_005-scaled.jpeg","width":1387,"height":2560},{"@type":"BreadcrumbList","@id":"https:\/\/retki.fi\/en\/product\/camping-shovel-foldable\/#breadcrumb","itemListElement":[{"@type":"ListItem","position":1,"name":"Etusivu","item":"https:\/\/retki.fi\/"},{"@type":"ListItem","position":2,"name":"Products","item":"https:\/\/retki.fi\/en\/products-2\/"},{"@type":"ListItem","position":3,"name":"Camping shovel foldable"}]},{"@type":"WebSite","@id":"https:\/\/retki.fi\/#website","url":"https:\/\/retki.fi\/","name":"Retki Finland","description":"Best moments happen outdoors","publisher":{"@id":"https:\/\/retki.fi\/#organization"},"potentialAction":[{"@type":"SearchAction","target":{"@type":"EntryPoint","urlTemplate":"https:\/\/retki.fi\/?s={search_term_string}"},"query-input":{"@type":"PropertyValueSpecification","valueRequired":true,"valueName":"search_term_string"}}],"inLanguage":"en-US"},{"@type":"Organization","@id":"https:\/\/retki.fi\/#organization","name":"Retki Finland \/ Blue Import BIM Oy","url":"https:\/\/retki.fi\/","logo":{"@type":"ImageObject","inLanguage":"en-US","@id":"https:\/\/retki.fi\/#\/schema\/logo\/image\/","url":"https:\/\/retki.fi\/wp-content\/uploads\/2018\/11\/Retki_logo_512X512px.jpg","contentUrl":"https:\/\/retki.fi\/wp-content\/uploads\/2018\/11\/Retki_logo_512X512px.jpg","width":512,"height":512,"caption":"Retki Finland \/ Blue Import BIM Oy"},"image":{"@id":"https:\/\/retki.fi\/#\/schema\/logo\/image\/"},"sameAs":["https:\/\/www.facebook.com\/retkifinland\/","https:\/\/www.instagram.com\/retkifinland\/"]}]}},"_links":{"self":[{"href":"https:\/\/retki.fi\/en\/wp-json\/wp\/v2\/product\/11131","targetHints":{"allow":["GET"]}}],"collection":[{"href":"https:\/\/retki.fi\/en\/wp-json\/wp\/v2\/product"}],"about":[{"href":"https:\/\/retki.fi\/en\/wp-json\/wp\/v2\/types\/product"}],"replies":[{"embeddable":true,"href":"https:\/\/retki.fi\/en\/wp-json\/wp\/v2\/comments?post=11131"}],"wp:featuredmedia":[{"embeddable":true,"href":"https:\/\/retki.fi\/en\/wp-json\/wp\/v2\/media\/13207"}],"wp:attachment":[{"href":"https:\/\/retki.fi\/en\/wp-json\/wp\/v2\/media?parent=11131"}],"wp:term":[{"taxonomy":"product_brand","embeddable":true,"href":"https:\/\/retki.fi\/en\/wp-json\/wp\/v2\/product_brand?post=11131"},{"taxonomy":"product_cat","embeddable":true,"href":"https:\/\/retki.fi\/en\/wp-json\/wp\/v2\/product_cat?post=11131"},{"taxonomy":"product_tag","embeddable":true,"href":"https:\/\/retki.fi\/en\/wp-json\/wp\/v2\/product_tag?post=11131"}],"curies":[{"name":"wp","href":"https:\/\/api.w.org\/{rel}","templated":true}]}}