{"id":10927,"date":"2024-12-31T23:43:21","date_gmt":"2024-12-31T21:43:21","guid":{"rendered":"https:\/\/www.framocompany.fi\/Retkifinland\/viltkamera-vanliga-fragor-faq\/"},"modified":"2026-04-17T16:32:42","modified_gmt":"2026-04-17T13:32:42","slug":"viltkamera-vanliga-fragor-faq","status":"publish","type":"page","link":"https:\/\/retki.fi\/sv\/3g-viltkamera\/viltkamera-vanliga-fragor-faq\/","title":{"rendered":"Viltkamera: Vanliga Fr\u00e5gor &#8211; FAQ"},"content":{"rendered":"\n<h2 class=\"wp-block-heading\">Retki viltkamera \u2013 FAQ<\/h2>\n\n<div style=\"height:66px\" aria-hidden=\"true\" class=\"wp-block-spacer\"><\/div>\n\n<h3 class=\"wp-block-heading\">Retki viltkamera 4G PRO<\/h3>\n\n<div class=\"wp-block-group\"><div class=\"wp-block-group__inner-container is-layout-constrained wp-block-group-is-layout-constrained\">\n<h4 class=\"wp-block-heading has-luminous-vivid-orange-color has-text-color has-link-color wp-elements-52cecb9f357363a7b3b4ad7c72b6374d\">Beh\u00f6ver en 4G-viltkamera ett SIM-kort och abonnemang?<\/h4>\n\n\n\n<p>Ja, det g\u00f6r den. Kameran levereras med ett Elisa SIM-kort, men abonnemang fr\u00e5n andra operat\u00f6rer kan ocks\u00e5 anv\u00e4ndas.<\/p>\n\n\n\n<div style=\"height:33px\" aria-hidden=\"true\" class=\"wp-block-spacer\"><\/div>\n\n\n\n<h4 class=\"wp-block-heading has-luminous-vivid-orange-color has-text-color has-link-color wp-elements-6d88a9980d76ee5bf02cdc3a6ce3f530\">vart skickar en 4G-viltkamera bilderna?<\/h4>\n\n\n\n<p>Bilderna finns i meddelandecentret i Emax Smart Home-appen.<\/p>\n\n\n\n<div style=\"height:33px\" aria-hidden=\"true\" class=\"wp-block-spacer\"><\/div>\n\n\n\n<h4 class=\"wp-block-heading has-luminous-vivid-orange-color has-text-color has-link-color wp-elements-8c39f25a9a6ffc04bc7c2244981d974e\">Hur snabbt skickas bilderna till telefonen?<\/h4>\n\n\n\n<p>Bilderna skickas inom n\u00e5gra sekunder efter att r\u00f6relse har uppt\u00e4ckts.<\/p>\n\n\n\n<div style=\"height:33px\" aria-hidden=\"true\" class=\"wp-block-spacer\"><\/div>\n\n\n\n<h4 class=\"wp-block-heading has-luminous-vivid-orange-color has-text-color has-link-color wp-elements-71515c87f7d444d414908e682ce25bb5\">Var hittar jag videor fr\u00e5n 4G-viltkameran?<\/h4>\n\n\n\n<p>Videorna finns under kamerans livevy, bakom Playback-knappen. D\u00e4r kan du enkelt bl\u00e4ddra mellan inspelningar per datum och se dagens videor.<\/p>\n\n\n\n<div style=\"height:33px\" aria-hidden=\"true\" class=\"wp-block-spacer\"><\/div>\n\n\n\n<h4 class=\"wp-block-heading has-luminous-vivid-orange-color has-text-color has-link-color wp-elements-91445209e1d624717f10ebad4b1fab53\">Hur l\u00e4nge h\u00e5ller batterierna i en 4G-viltkamera?<\/h4>\n\n\n\n<p>Batterierna r\u00e4cker cirka en vecka utan laddning. Med den medf\u00f6ljande panelen kan kameran vara i drift fr\u00e5n mars till november, beroende p\u00e5 v\u00e4derf\u00f6rh\u00e5llanden och installationsplats.<\/p>\n\n\n\n<div style=\"height:33px\" aria-hidden=\"true\" class=\"wp-block-spacer\"><\/div>\n\n\n\n<h4 class=\"wp-block-heading has-luminous-vivid-orange-color has-text-color has-link-color wp-elements-188573ba42fac10cce7d6af1dd92e619\">Kan man ansluta en extern str\u00f6mk\u00e4lla till en 4G-viltkamera?<\/h4>\n\n\n\n<p>Ja, det g\u00e5r. Kameran anv\u00e4nder 5V USB-C-laddning, s\u00e5 vid anv\u00e4ndning av ett 12V-batteri beh\u00f6vs en omvandlare.<\/p>\n\n\n\n<div style=\"height:33px\" aria-hidden=\"true\" class=\"wp-block-spacer\"><\/div>\n\n\n\n<h4 class=\"wp-block-heading has-luminous-vivid-orange-color has-text-color has-link-color wp-elements-b5d021d6a631e09493ee6986ef530e96\">Kan flera anv\u00e4ndare f\u00f6lja samma viltkamera?<\/h4>\n\n\n\n<p>Ja, det g\u00e5r. Kameran kan delas med andra anv\u00e4ndare via Emax Smart Home-appen.<\/p>\n\n\n\n<div style=\"height:33px\" aria-hidden=\"true\" class=\"wp-block-spacer\"><\/div>\n\n\n\n<h4 class=\"wp-block-heading has-luminous-vivid-orange-color has-text-color has-link-color wp-elements-63d382babfa246498e723bb7e44f1039\">Varf\u00f6r f\u00e5ngar 4G-viltkameran bara m\u00e4nniskor?<\/h4>\n\n\n\n<p>I kamerans meny \u201cDetection alarm settings\u201d \u00e4r m\u00e4nniskofiltret aktiverat.<\/p>\n\n\n\n<div style=\"height:33px\" aria-hidden=\"true\" class=\"wp-block-spacer\"><\/div>\n\n\n\n<h4 class=\"wp-block-heading has-luminous-vivid-orange-color has-text-color has-link-color wp-elements-164a01006d0ea055da28d6aece33bc64\">Kan jag s\u00e4lja kameran vidare?<\/h4>\n\n\n\n<p>Ja, men d\u00e5 m\u00e5ste kamerans parkoppling tas bort fr\u00e5n Emax Smart Home-appen.<\/p>\n\n\n\n<p>Parkopplingen tas bort genom att h\u00e5lla ned kamerans ikon i n\u00e5gra sekunder, varefter en TA BORT-knapp visas i sk\u00e4rmens nedre h\u00f6gra h\u00f6rn.<\/p>\n\n\n\n<div style=\"height:33px\" aria-hidden=\"true\" class=\"wp-block-spacer\"><\/div>\n\n\n\n<h4 class=\"wp-block-heading has-luminous-vivid-orange-color has-text-color has-link-color wp-elements-e8385f3e9c95810d87ac2b9f84bc9c5b\">Viltkamera 4G PRO anv\u00e4ndarmanualer:<\/h4>\n\n\n\n<div class=\"wp-block-file\"><a id=\"wp-block-file--media-3c297b26-10a3-4ba2-8afe-6b664bb26966\" href=\"https:\/\/retki.fi\/wp-content\/uploads\/2026\/04\/R7068_Manual_PO-12445_FI.pdf\" target=\"_blank\" rel=\"noreferrer noopener\">Retki viltkamera 4G PRO Manual FI<\/a><a href=\"https:\/\/retki.fi\/wp-content\/uploads\/2026\/04\/R7068_Manual_PO-12445_FI.pdf\" class=\"wp-block-file__button wp-element-button\" download=\"\" aria-describedby=\"wp-block-file--media-3c297b26-10a3-4ba2-8afe-6b664bb26966\">Ladda ner<\/a><\/div>\n\n\n\n<div class=\"wp-block-file\"><a id=\"wp-block-file--media-8db2344d-fee3-4c7c-a617-c37b4ce10509\" href=\"https:\/\/retki.fi\/wp-content\/uploads\/2026\/04\/R7068_Manual_PO_12445_EN.pdf\" target=\"_blank\" rel=\"noreferrer noopener\">Retki viltkamera 4G PRO Manual EN<\/a><a href=\"https:\/\/retki.fi\/wp-content\/uploads\/2026\/04\/R7068_Manual_PO_12445_EN.pdf\" class=\"wp-block-file__button wp-element-button\" download=\"\" aria-describedby=\"wp-block-file--media-8db2344d-fee3-4c7c-a617-c37b4ce10509\">Ladda ner<\/a><\/div>\n\n\n\n<div class=\"wp-block-file\"><a id=\"wp-block-file--media-fad4b78f-4996-4377-a985-92656f3d97bc\" href=\"https:\/\/retki.fi\/wp-content\/uploads\/2026\/04\/R7068_Manual_PO-12445_SV.pdf\" target=\"_blank\" rel=\"noreferrer noopener\">Retki viltkamera 4G PRO Manual SV<\/a><a href=\"https:\/\/retki.fi\/wp-content\/uploads\/2026\/04\/R7068_Manual_PO-12445_SV.pdf\" class=\"wp-block-file__button wp-element-button\" download=\"\" aria-describedby=\"wp-block-file--media-fad4b78f-4996-4377-a985-92656f3d97bc\">Ladda ner<\/a><\/div>\n\n\n\n<div class=\"wp-block-file\"><a id=\"wp-block-file--media-5644d5eb-d158-4453-b04d-80eb774ca9ad\" href=\"https:\/\/retki.fi\/wp-content\/uploads\/2026\/04\/R7068_Manual_PO-12445_ET.pdf\" target=\"_blank\" rel=\"noreferrer noopener\">Retki viltkamera 4G PRO Manual ET<\/a><a href=\"https:\/\/retki.fi\/wp-content\/uploads\/2026\/04\/R7068_Manual_PO-12445_ET.pdf\" class=\"wp-block-file__button wp-element-button\" download=\"\" aria-describedby=\"wp-block-file--media-5644d5eb-d158-4453-b04d-80eb774ca9ad\">Ladda ner<\/a><\/div>\n\n\n\n<div style=\"height:75px\" aria-hidden=\"true\" class=\"wp-block-spacer\"><\/div>\n<\/div><\/div>\n\n<h3 class=\"wp-block-heading\">Retki viltkamera IP66 FAQ \u2013 kommer sommaren 2026<\/h3>\n\n<div class=\"wp-block-file\"><a id=\"wp-block-file--media-5955cb0f-ef76-4d78-a709-8c80b1e958d3\" href=\"https:\/\/retki.fi\/wp-content\/uploads\/2026\/04\/Updated_R7069_riistakamera_FI_SV_EN_ET.pdf\" target=\"_blank\" rel=\"noreferrer noopener\">Retki viltkamera IP66 Manual FI_SV_EN_ET<\/a><a href=\"https:\/\/retki.fi\/wp-content\/uploads\/2026\/04\/Updated_R7069_riistakamera_FI_SV_EN_ET.pdf\" class=\"wp-block-file__button wp-element-button\" download=\"\" aria-describedby=\"wp-block-file--media-5955cb0f-ef76-4d78-a709-8c80b1e958d3\">Ladda ner<\/a><\/div>\n\n<div style=\"height:33px\" aria-hidden=\"true\" class=\"wp-block-spacer\"><\/div>\n","protected":false},"excerpt":{"rendered":"<p>Retki viltkamera \u2013 FAQ Retki viltkamera 4G PRO Beh\u00f6ver en 4G-viltkamera ett SIM-kort och abonnemang? Ja, det g\u00f6r den. Kameran levereras med ett Elisa SIM-kort, men abonnemang fr\u00e5n andra operat\u00f6rer kan ocks\u00e5 anv\u00e4ndas. vart skickar en 4G-viltkamera bilderna? Bilderna finns i meddelandecentret i Emax Smart Home-appen. Hur snabbt skickas bilderna till telefonen? Bilderna skickas inom [&hellip;]<\/p>\n","protected":false},"author":8,"featured_media":0,"parent":10932,"menu_order":0,"comment_status":"closed","ping_status":"closed","template":"","meta":{"_acf_changed":false,"footnotes":""},"class_list":["post-10927","page","type-page","status-publish","hentry"],"acf":[],"yoast_head":"<!-- This site is optimized with the Yoast SEO plugin v27.4 - https:\/\/yoast.com\/product\/yoast-seo-wordpress\/ -->\n<title>Viltkamera: Vanliga Fr\u00e5gor - FAQ - Retki Finland<\/title>\n<meta name=\"description\" content=\"Viltkamerans FAQ - Vanliga Fr\u00e5gor. P\u00e5 den h\u00e4r sidan hittar du svar p\u00e5 vanliga fr\u00e5gor.\" \/>\n<meta name=\"robots\" content=\"index, follow, max-snippet:-1, max-image-preview:large, max-video-preview:-1\" \/>\n<link rel=\"canonical\" href=\"https:\/\/retki.fi\/sv\/3g-viltkamera\/viltkamera-vanliga-fragor-faq\/\" \/>\n<meta property=\"og:locale\" content=\"sv_SE\" \/>\n<meta property=\"og:type\" content=\"article\" \/>\n<meta property=\"og:title\" content=\"Viltkamera: Vanliga Fr\u00e5gor - FAQ - Retki Finland\" \/>\n<meta property=\"og:description\" content=\"Viltkamerans FAQ - Vanliga Fr\u00e5gor. P\u00e5 den h\u00e4r sidan hittar du svar p\u00e5 vanliga fr\u00e5gor.\" \/>\n<meta property=\"og:url\" content=\"https:\/\/retki.fi\/sv\/3g-viltkamera\/viltkamera-vanliga-fragor-faq\/\" \/>\n<meta property=\"og:site_name\" content=\"Retki Finland\" \/>\n<meta property=\"article:publisher\" content=\"https:\/\/www.facebook.com\/retkifinland\/\" \/>\n<meta property=\"article:modified_time\" content=\"2026-04-17T13:32:42+00:00\" \/>\n<meta name=\"twitter:card\" content=\"summary_large_image\" \/>\n<meta name=\"twitter:label1\" content=\"Ber\u00e4knad l\u00e4stid\" \/>\n\t<meta name=\"twitter:data1\" content=\"2 minuter\" \/>\n<script type=\"application\/ld+json\" class=\"yoast-schema-graph\">{\"@context\":\"https:\\\/\\\/schema.org\",\"@graph\":[{\"@type\":\"WebPage\",\"@id\":\"https:\\\/\\\/retki.fi\\\/sv\\\/3g-viltkamera\\\/viltkamera-vanliga-fragor-faq\\\/\",\"url\":\"https:\\\/\\\/retki.fi\\\/sv\\\/3g-viltkamera\\\/viltkamera-vanliga-fragor-faq\\\/\",\"name\":\"Viltkamera: Vanliga Fr\u00e5gor - FAQ - Retki Finland\",\"isPartOf\":{\"@id\":\"https:\\\/\\\/retki.fi\\\/#website\"},\"datePublished\":\"2024-12-31T21:43:21+00:00\",\"dateModified\":\"2026-04-17T13:32:42+00:00\",\"description\":\"Viltkamerans FAQ - Vanliga Fr\u00e5gor. P\u00e5 den h\u00e4r sidan hittar du svar p\u00e5 vanliga fr\u00e5gor.\",\"breadcrumb\":{\"@id\":\"https:\\\/\\\/retki.fi\\\/sv\\\/3g-viltkamera\\\/viltkamera-vanliga-fragor-faq\\\/#breadcrumb\"},\"inLanguage\":\"sv-SE\",\"potentialAction\":[{\"@type\":\"ReadAction\",\"target\":[\"https:\\\/\\\/retki.fi\\\/sv\\\/3g-viltkamera\\\/viltkamera-vanliga-fragor-faq\\\/\"]}]},{\"@type\":\"BreadcrumbList\",\"@id\":\"https:\\\/\\\/retki.fi\\\/sv\\\/3g-viltkamera\\\/viltkamera-vanliga-fragor-faq\\\/#breadcrumb\",\"itemListElement\":[{\"@type\":\"ListItem\",\"position\":1,\"name\":\"Etusivu\",\"item\":\"https:\\\/\\\/retki.fi\\\/\"},{\"@type\":\"ListItem\",\"position\":2,\"name\":\"3G Viltkamera\",\"item\":\"https:\\\/\\\/retki.fi\\\/riistakamera\\\/\"},{\"@type\":\"ListItem\",\"position\":3,\"name\":\"Viltkamera: Vanliga Fr\u00e5gor &#8211; FAQ\"}]},{\"@type\":\"WebSite\",\"@id\":\"https:\\\/\\\/retki.fi\\\/#website\",\"url\":\"https:\\\/\\\/retki.fi\\\/\",\"name\":\"Retki Finland\",\"description\":\"Best moments happen outdoors\",\"publisher\":{\"@id\":\"https:\\\/\\\/retki.fi\\\/#organization\"},\"potentialAction\":[{\"@type\":\"SearchAction\",\"target\":{\"@type\":\"EntryPoint\",\"urlTemplate\":\"https:\\\/\\\/retki.fi\\\/?s={search_term_string}\"},\"query-input\":{\"@type\":\"PropertyValueSpecification\",\"valueRequired\":true,\"valueName\":\"search_term_string\"}}],\"inLanguage\":\"sv-SE\"},{\"@type\":\"Organization\",\"@id\":\"https:\\\/\\\/retki.fi\\\/#organization\",\"name\":\"Retki Finland \\\/ Blue Import BIM Oy\",\"url\":\"https:\\\/\\\/retki.fi\\\/\",\"logo\":{\"@type\":\"ImageObject\",\"inLanguage\":\"sv-SE\",\"@id\":\"https:\\\/\\\/retki.fi\\\/#\\\/schema\\\/logo\\\/image\\\/\",\"url\":\"https:\\\/\\\/retki.fi\\\/wp-content\\\/uploads\\\/2018\\\/11\\\/Retki_logo_512X512px.jpg\",\"contentUrl\":\"https:\\\/\\\/retki.fi\\\/wp-content\\\/uploads\\\/2018\\\/11\\\/Retki_logo_512X512px.jpg\",\"width\":512,\"height\":512,\"caption\":\"Retki Finland \\\/ Blue Import BIM Oy\"},\"image\":{\"@id\":\"https:\\\/\\\/retki.fi\\\/#\\\/schema\\\/logo\\\/image\\\/\"},\"sameAs\":[\"https:\\\/\\\/www.facebook.com\\\/retkifinland\\\/\",\"https:\\\/\\\/www.instagram.com\\\/retkifinland\\\/\"]}]}<\/script>\n<!-- \/ Yoast SEO plugin. -->","yoast_head_json":{"title":"Viltkamera: Vanliga Fr\u00e5gor - FAQ - Retki Finland","description":"Viltkamerans FAQ - Vanliga Fr\u00e5gor. P\u00e5 den h\u00e4r sidan hittar du svar p\u00e5 vanliga fr\u00e5gor.","robots":{"index":"index","follow":"follow","max-snippet":"max-snippet:-1","max-image-preview":"max-image-preview:large","max-video-preview":"max-video-preview:-1"},"canonical":"https:\/\/retki.fi\/sv\/3g-viltkamera\/viltkamera-vanliga-fragor-faq\/","og_locale":"sv_SE","og_type":"article","og_title":"Viltkamera: Vanliga Fr\u00e5gor - FAQ - Retki Finland","og_description":"Viltkamerans FAQ - Vanliga Fr\u00e5gor. P\u00e5 den h\u00e4r sidan hittar du svar p\u00e5 vanliga fr\u00e5gor.","og_url":"https:\/\/retki.fi\/sv\/3g-viltkamera\/viltkamera-vanliga-fragor-faq\/","og_site_name":"Retki Finland","article_publisher":"https:\/\/www.facebook.com\/retkifinland\/","article_modified_time":"2026-04-17T13:32:42+00:00","twitter_card":"summary_large_image","twitter_misc":{"Ber\u00e4knad l\u00e4stid":"2 minuter"},"schema":{"@context":"https:\/\/schema.org","@graph":[{"@type":"WebPage","@id":"https:\/\/retki.fi\/sv\/3g-viltkamera\/viltkamera-vanliga-fragor-faq\/","url":"https:\/\/retki.fi\/sv\/3g-viltkamera\/viltkamera-vanliga-fragor-faq\/","name":"Viltkamera: Vanliga Fr\u00e5gor - FAQ - Retki Finland","isPartOf":{"@id":"https:\/\/retki.fi\/#website"},"datePublished":"2024-12-31T21:43:21+00:00","dateModified":"2026-04-17T13:32:42+00:00","description":"Viltkamerans FAQ - Vanliga Fr\u00e5gor. P\u00e5 den h\u00e4r sidan hittar du svar p\u00e5 vanliga fr\u00e5gor.","breadcrumb":{"@id":"https:\/\/retki.fi\/sv\/3g-viltkamera\/viltkamera-vanliga-fragor-faq\/#breadcrumb"},"inLanguage":"sv-SE","potentialAction":[{"@type":"ReadAction","target":["https:\/\/retki.fi\/sv\/3g-viltkamera\/viltkamera-vanliga-fragor-faq\/"]}]},{"@type":"BreadcrumbList","@id":"https:\/\/retki.fi\/sv\/3g-viltkamera\/viltkamera-vanliga-fragor-faq\/#breadcrumb","itemListElement":[{"@type":"ListItem","position":1,"name":"Etusivu","item":"https:\/\/retki.fi\/"},{"@type":"ListItem","position":2,"name":"3G Viltkamera","item":"https:\/\/retki.fi\/riistakamera\/"},{"@type":"ListItem","position":3,"name":"Viltkamera: Vanliga Fr\u00e5gor &#8211; FAQ"}]},{"@type":"WebSite","@id":"https:\/\/retki.fi\/#website","url":"https:\/\/retki.fi\/","name":"Retki Finland","description":"Best moments happen outdoors","publisher":{"@id":"https:\/\/retki.fi\/#organization"},"potentialAction":[{"@type":"SearchAction","target":{"@type":"EntryPoint","urlTemplate":"https:\/\/retki.fi\/?s={search_term_string}"},"query-input":{"@type":"PropertyValueSpecification","valueRequired":true,"valueName":"search_term_string"}}],"inLanguage":"sv-SE"},{"@type":"Organization","@id":"https:\/\/retki.fi\/#organization","name":"Retki Finland \/ Blue Import BIM Oy","url":"https:\/\/retki.fi\/","logo":{"@type":"ImageObject","inLanguage":"sv-SE","@id":"https:\/\/retki.fi\/#\/schema\/logo\/image\/","url":"https:\/\/retki.fi\/wp-content\/uploads\/2018\/11\/Retki_logo_512X512px.jpg","contentUrl":"https:\/\/retki.fi\/wp-content\/uploads\/2018\/11\/Retki_logo_512X512px.jpg","width":512,"height":512,"caption":"Retki Finland \/ Blue Import BIM Oy"},"image":{"@id":"https:\/\/retki.fi\/#\/schema\/logo\/image\/"},"sameAs":["https:\/\/www.facebook.com\/retkifinland\/","https:\/\/www.instagram.com\/retkifinland\/"]}]}},"_links":{"self":[{"href":"https:\/\/retki.fi\/sv\/wp-json\/wp\/v2\/pages\/10927","targetHints":{"allow":["GET"]}}],"collection":[{"href":"https:\/\/retki.fi\/sv\/wp-json\/wp\/v2\/pages"}],"about":[{"href":"https:\/\/retki.fi\/sv\/wp-json\/wp\/v2\/types\/page"}],"author":[{"embeddable":true,"href":"https:\/\/retki.fi\/sv\/wp-json\/wp\/v2\/users\/8"}],"replies":[{"embeddable":true,"href":"https:\/\/retki.fi\/sv\/wp-json\/wp\/v2\/comments?post=10927"}],"version-history":[{"count":2,"href":"https:\/\/retki.fi\/sv\/wp-json\/wp\/v2\/pages\/10927\/revisions"}],"predecessor-version":[{"id":15370,"href":"https:\/\/retki.fi\/sv\/wp-json\/wp\/v2\/pages\/10927\/revisions\/15370"}],"up":[{"embeddable":true,"href":"https:\/\/retki.fi\/sv\/wp-json\/wp\/v2\/pages\/10932"}],"wp:attachment":[{"href":"https:\/\/retki.fi\/sv\/wp-json\/wp\/v2\/media?parent=10927"}],"curies":[{"name":"wp","href":"https:\/\/api.w.org\/{rel}","templated":true}]}}