{"id":10932,"date":"2024-12-31T23:47:44","date_gmt":"2024-12-31T21:47:44","guid":{"rendered":"https:\/\/www.framocompany.fi\/Retkifinland\/3g-viltkamera\/"},"modified":"2024-12-31T23:47:44","modified_gmt":"2024-12-31T21:47:44","slug":"3g-viltkamera","status":"publish","type":"page","link":"https:\/\/retki.fi\/sv\/3g-viltkamera\/","title":{"rendered":"3G Viltkamera"},"content":{"rendered":"<p><strong>S\u00e4songens hetaste nyhet: Retki 3G Viltkamera med fj\u00e4rrkontroll<\/strong><br \/>\nDen tr\u00e5dl\u00f6sa och s\u00e4ndande viltkameran med toppfunktioner \u00e4r perfekt f\u00f6r kr\u00e4vande fotografering.<\/p>\n<p>Retki 3G Viltkamera \u00e4r enkel att styra p\u00e5 distans via din smartphone. Du kan \u00e4ndra dess inst\u00e4llningar eller be kameran att skicka en bild i realtid till din telefon eller e-post.<\/p>\n<p>Fj\u00e4rrkontrollen hanteras via en kostnadsfri app som st\u00f6der b\u00e5de Android- och iOS-operativsystem (QR-koder finns i produktf\u00f6rpackningen). Retki 3G Viltkamera skickar h\u00f6gkvalitativa bilder fr\u00e5n f\u00e4ltet och spelar in Full HD (1080p) videor p\u00e5 sitt minneskort.<\/p>\n<p>Viltkameran har en anv\u00e4ndarmeny p\u00e5 svenska, vilket g\u00f6r konfigurationen enkel. Den har \u00e4ven en automatisk SIM-kortdetekteringsfunktion och st\u00f6der de flesta 2G och 3G SIM-kort.<\/p>\n<p>Utrustad med 56 kraftfulla och diskreta infrar\u00f6da svarta LED-lampor \u00e4r kamerans blixt helt osynlig f\u00f6r b\u00e5de djur och m\u00e4nniskor under nattfotografering. Med en ultrasnabb reaktionstid p\u00e5 0,4 sekunder f\u00e5ngar kameran r\u00f6rliga objekt med l\u00e4tthet. Kamerans infrar\u00f6da r\u00e4ckvidd \u00e4r cirka 20 meter.<\/p>\n<p>Kameran fungerar med 8 AA-batterier i upp till 3 m\u00e5nader beroende p\u00e5 fotograferingsinst\u00e4llningar och \u00e5rstid. Den har \u00e4ven en str\u00f6manslutning f\u00f6r ett externt 12V batteri, n\u00e4tadapter eller solpanel.<\/p>\n<p>F\u00f6rutom viltfotografering \u00e4r produkten \u00e4ven l\u00e4mplig f\u00f6r \u00f6vervakning, till exempel vid sommarstugan.<\/p>\n<p>F\u00f6rpackningen inkluderar ett 170 cm monteringsband. Produkten kan \u00e4ven monteras i ett v\u00e4ggf\u00e4ste eller p\u00e5 ett stativ (ungef\u00e4rliga m\u00e5tt: 15 x 10 x 8 cm).<\/p>\n<p><strong>F\u00e4rg:<\/strong> M\u00f6rk camo<\/p>\n<hr \/>\n<p><strong>Tekniska Specifikationer<\/strong><\/p>\n<ul>\n<li><strong>Bildstorlek:<\/strong> 5 MP\/8 MP\/12 MP = 2592&#215;1944\/3264&#215;2448\/4032&#215;3024<\/li>\n<li><strong>Bildformat:<\/strong> JPEG<\/li>\n<li><strong>Video:<\/strong> 1080P Full HD 30FPS<\/li>\n<li><strong>Videoformat:<\/strong> AVI<\/li>\n<li><strong>Videol\u00e4ngd:<\/strong> 1\u201360 sekunder, programmerbar<\/li>\n<li><strong>Utl\u00f6sningshastighet:<\/strong> 0,4 sek<\/li>\n<li><strong>IR LED:<\/strong> 56 st<\/li>\n<li><strong>IR-r\u00e4ckvidd:<\/strong> max. 20 m (nattseende)<\/li>\n<li><strong>Lins:<\/strong> Vidvinkel F=3.0; FOV=100\u00b0<\/li>\n<li><strong>PIR-r\u00f6relsesensor k\u00e4nslighet:<\/strong> H\u00f6g \/ Normal \/ L\u00e5g<\/li>\n<li><strong>PIR-r\u00f6relsesensor r\u00e4ckvidd:<\/strong> 15 m<\/li>\n<li><strong>PIR-r\u00f6relsesensor vinkel:<\/strong> Vidvinkel 100\u00b0<\/li>\n<li><strong>Temperaturm\u00e4tarsensor<\/strong><\/li>\n<li><strong>LCD-sk\u00e4rm:<\/strong> 2.0&#8243; TFT<\/li>\n<li><strong>Str\u00f6mf\u00f6rs\u00f6rjning:<\/strong> 8xAA eller DC 12V (ing\u00e5r ej)<\/li>\n<li><strong>Kamerans m\u00e5tt:<\/strong> 131.42&#215;98.72&#215;77.44 mm, vikt 404 g<\/li>\n<li><strong>Arbetstemperatur:<\/strong> -25\u00b0C till +60\u00b0C<\/li>\n<li><strong>Arbetsfuktighet:<\/strong> 5% till 90%<\/li>\n<li><strong>Vattent\u00e5lighet:<\/strong> IP54<\/li>\n<\/ul>\n<p>Kameran kr\u00e4ver ett SD-minneskort p\u00e5 8MB\u201332GB (ing\u00e5r ej).<\/p>\n<p><strong>Funktioner:<\/strong><\/p>\n<ul>\n<li>Foto+video<\/li>\n<li>Kamera-ID<\/li>\n<li>Tidstyrd fotografering<\/li>\n<li>Flerbildstagning, 1\u20135 bilder per tryckning<\/li>\n<li>SD-kort skriv \u00f6ver: P\u00e5\/Av<\/li>\n<li>Logg<\/li>\n<li>L\u00f6senordsskydd<\/li>\n<\/ul>\n<p>Kameran \u00e4r enkel att installera och anv\u00e4nda med plug-and-play-funktion.<\/p>\n<p><strong>Tillbeh\u00f6r:<\/strong><\/p>\n<ul>\n<li>Monteringsband<\/li>\n<li>USB-kabel<\/li>\n<li>TV-kabel<\/li>\n<li>H\u00f6geffektantenn<\/li>\n<\/ul>\n<p><strong>Manual (spr\u00e5k):<\/strong> Finska, Svenska, Estniska, Engelska<\/p>\n","protected":false},"excerpt":{"rendered":"<p>S\u00e4songens hetaste nyhet: Retki 3G Viltkamera med fj\u00e4rrkontroll Den tr\u00e5dl\u00f6sa och s\u00e4ndande viltkameran med toppfunktioner \u00e4r perfekt f\u00f6r kr\u00e4vande fotografering. Retki 3G Viltkamera \u00e4r enkel att styra p\u00e5 distans via din smartphone. Du kan \u00e4ndra dess inst\u00e4llningar eller be kameran att skicka en bild i realtid till din telefon eller e-post. Fj\u00e4rrkontrollen hanteras via en [&hellip;]<\/p>\n","protected":false},"author":8,"featured_media":10935,"parent":0,"menu_order":0,"comment_status":"closed","ping_status":"closed","template":"","meta":{"_acf_changed":false,"footnotes":""},"class_list":["post-10932","page","type-page","status-publish","has-post-thumbnail","hentry"],"acf":[],"yoast_head":"<!-- This site is optimized with the Yoast SEO plugin v26.8 - https:\/\/yoast.com\/product\/yoast-seo-wordpress\/ -->\n<title>3G Viltkamera - Retki Finland<\/title>\n<meta name=\"description\" content=\"Kauden kovin uutuutemme Retki 3G Riistakamera toimii et\u00e4ohjauksella Huippuominaisuuksilla varustettu langaton l\u00e4hett\u00e4v\u00e4 riistakamera soveltuu erinomaisesti vaativaan kuvaamiseen.\" \/>\n<meta name=\"robots\" content=\"index, follow, max-snippet:-1, max-image-preview:large, max-video-preview:-1\" \/>\n<link rel=\"canonical\" href=\"https:\/\/retki.fi\/riistakamera\/\" \/>\n<meta property=\"og:locale\" content=\"sv_SE\" \/>\n<meta property=\"og:type\" content=\"article\" \/>\n<meta property=\"og:title\" content=\"3G Viltkamera - Retki Finland\" \/>\n<meta property=\"og:description\" content=\"Kauden kovin uutuutemme Retki 3G Riistakamera toimii et\u00e4ohjauksella Huippuominaisuuksilla varustettu langaton l\u00e4hett\u00e4v\u00e4 riistakamera soveltuu erinomaisesti vaativaan kuvaamiseen.\" \/>\n<meta property=\"og:url\" content=\"https:\/\/retki.fi\/riistakamera\/\" \/>\n<meta property=\"og:site_name\" content=\"Retki Finland\" \/>\n<meta property=\"article:publisher\" content=\"https:\/\/www.facebook.com\/retkifinland\/\" \/>\n<meta property=\"og:image\" content=\"https:\/\/retki.fi\/wp-content\/uploads\/2018\/02\/riistakamera_sivukuva_web.jpg\" \/>\n\t<meta property=\"og:image:width\" content=\"1676\" \/>\n\t<meta property=\"og:image:height\" content=\"921\" \/>\n\t<meta property=\"og:image:type\" content=\"image\/jpeg\" \/>\n<meta name=\"twitter:card\" content=\"summary_large_image\" \/>\n<meta name=\"twitter:label1\" content=\"Ber\u00e4knad l\u00e4stid\" \/>\n\t<meta name=\"twitter:data1\" content=\"2 minuter\" \/>\n<script type=\"application\/ld+json\" class=\"yoast-schema-graph\">{\"@context\":\"https:\/\/schema.org\",\"@graph\":[{\"@type\":\"WebPage\",\"@id\":\"https:\/\/retki.fi\/riistakamera\/\",\"url\":\"https:\/\/retki.fi\/riistakamera\/\",\"name\":\"3G Viltkamera - Retki Finland\",\"isPartOf\":{\"@id\":\"https:\/\/retki.fi\/#website\"},\"primaryImageOfPage\":{\"@id\":\"https:\/\/retki.fi\/riistakamera\/#primaryimage\"},\"image\":{\"@id\":\"https:\/\/retki.fi\/riistakamera\/#primaryimage\"},\"thumbnailUrl\":\"https:\/\/retki.fi\/wp-content\/uploads\/2018\/02\/riistakamera_sivukuva_web.jpg\",\"datePublished\":\"2024-12-31T21:47:44+00:00\",\"description\":\"Kauden kovin uutuutemme Retki 3G Riistakamera toimii et\u00e4ohjauksella Huippuominaisuuksilla varustettu langaton l\u00e4hett\u00e4v\u00e4 riistakamera soveltuu erinomaisesti vaativaan kuvaamiseen.\",\"breadcrumb\":{\"@id\":\"https:\/\/retki.fi\/riistakamera\/#breadcrumb\"},\"inLanguage\":\"sv-SE\",\"potentialAction\":[{\"@type\":\"ReadAction\",\"target\":[\"https:\/\/retki.fi\/riistakamera\/\"]}]},{\"@type\":\"ImageObject\",\"inLanguage\":\"sv-SE\",\"@id\":\"https:\/\/retki.fi\/riistakamera\/#primaryimage\",\"url\":\"https:\/\/retki.fi\/wp-content\/uploads\/2018\/02\/riistakamera_sivukuva_web.jpg\",\"contentUrl\":\"https:\/\/retki.fi\/wp-content\/uploads\/2018\/02\/riistakamera_sivukuva_web.jpg\",\"width\":1676,\"height\":921},{\"@type\":\"BreadcrumbList\",\"@id\":\"https:\/\/retki.fi\/riistakamera\/#breadcrumb\",\"itemListElement\":[{\"@type\":\"ListItem\",\"position\":1,\"name\":\"Etusivu\",\"item\":\"https:\/\/retki.fi\/\"},{\"@type\":\"ListItem\",\"position\":2,\"name\":\"3G Viltkamera\"}]},{\"@type\":\"WebSite\",\"@id\":\"https:\/\/retki.fi\/#website\",\"url\":\"https:\/\/retki.fi\/\",\"name\":\"Retki Finland\",\"description\":\"Best moments happen outdoors\",\"publisher\":{\"@id\":\"https:\/\/retki.fi\/#organization\"},\"potentialAction\":[{\"@type\":\"SearchAction\",\"target\":{\"@type\":\"EntryPoint\",\"urlTemplate\":\"https:\/\/retki.fi\/?s={search_term_string}\"},\"query-input\":{\"@type\":\"PropertyValueSpecification\",\"valueRequired\":true,\"valueName\":\"search_term_string\"}}],\"inLanguage\":\"sv-SE\"},{\"@type\":\"Organization\",\"@id\":\"https:\/\/retki.fi\/#organization\",\"name\":\"Retki Finland \/ Blue Import BIM Oy\",\"url\":\"https:\/\/retki.fi\/\",\"logo\":{\"@type\":\"ImageObject\",\"inLanguage\":\"sv-SE\",\"@id\":\"https:\/\/retki.fi\/#\/schema\/logo\/image\/\",\"url\":\"https:\/\/retki.fi\/wp-content\/uploads\/2018\/11\/Retki_logo_512X512px.jpg\",\"contentUrl\":\"https:\/\/retki.fi\/wp-content\/uploads\/2018\/11\/Retki_logo_512X512px.jpg\",\"width\":512,\"height\":512,\"caption\":\"Retki Finland \/ Blue Import BIM Oy\"},\"image\":{\"@id\":\"https:\/\/retki.fi\/#\/schema\/logo\/image\/\"},\"sameAs\":[\"https:\/\/www.facebook.com\/retkifinland\/\",\"https:\/\/www.instagram.com\/retkifinland\/\"]}]}<\/script>\n<!-- \/ Yoast SEO plugin. -->","yoast_head_json":{"title":"3G Viltkamera - Retki Finland","description":"Kauden kovin uutuutemme Retki 3G Riistakamera toimii et\u00e4ohjauksella Huippuominaisuuksilla varustettu langaton l\u00e4hett\u00e4v\u00e4 riistakamera soveltuu erinomaisesti vaativaan kuvaamiseen.","robots":{"index":"index","follow":"follow","max-snippet":"max-snippet:-1","max-image-preview":"max-image-preview:large","max-video-preview":"max-video-preview:-1"},"canonical":"https:\/\/retki.fi\/riistakamera\/","og_locale":"sv_SE","og_type":"article","og_title":"3G Viltkamera - Retki Finland","og_description":"Kauden kovin uutuutemme Retki 3G Riistakamera toimii et\u00e4ohjauksella Huippuominaisuuksilla varustettu langaton l\u00e4hett\u00e4v\u00e4 riistakamera soveltuu erinomaisesti vaativaan kuvaamiseen.","og_url":"https:\/\/retki.fi\/riistakamera\/","og_site_name":"Retki Finland","article_publisher":"https:\/\/www.facebook.com\/retkifinland\/","og_image":[{"width":1676,"height":921,"url":"https:\/\/retki.fi\/wp-content\/uploads\/2018\/02\/riistakamera_sivukuva_web.jpg","type":"image\/jpeg"}],"twitter_card":"summary_large_image","twitter_misc":{"Ber\u00e4knad l\u00e4stid":"2 minuter"},"schema":{"@context":"https:\/\/schema.org","@graph":[{"@type":"WebPage","@id":"https:\/\/retki.fi\/riistakamera\/","url":"https:\/\/retki.fi\/riistakamera\/","name":"3G Viltkamera - Retki Finland","isPartOf":{"@id":"https:\/\/retki.fi\/#website"},"primaryImageOfPage":{"@id":"https:\/\/retki.fi\/riistakamera\/#primaryimage"},"image":{"@id":"https:\/\/retki.fi\/riistakamera\/#primaryimage"},"thumbnailUrl":"https:\/\/retki.fi\/wp-content\/uploads\/2018\/02\/riistakamera_sivukuva_web.jpg","datePublished":"2024-12-31T21:47:44+00:00","description":"Kauden kovin uutuutemme Retki 3G Riistakamera toimii et\u00e4ohjauksella Huippuominaisuuksilla varustettu langaton l\u00e4hett\u00e4v\u00e4 riistakamera soveltuu erinomaisesti vaativaan kuvaamiseen.","breadcrumb":{"@id":"https:\/\/retki.fi\/riistakamera\/#breadcrumb"},"inLanguage":"sv-SE","potentialAction":[{"@type":"ReadAction","target":["https:\/\/retki.fi\/riistakamera\/"]}]},{"@type":"ImageObject","inLanguage":"sv-SE","@id":"https:\/\/retki.fi\/riistakamera\/#primaryimage","url":"https:\/\/retki.fi\/wp-content\/uploads\/2018\/02\/riistakamera_sivukuva_web.jpg","contentUrl":"https:\/\/retki.fi\/wp-content\/uploads\/2018\/02\/riistakamera_sivukuva_web.jpg","width":1676,"height":921},{"@type":"BreadcrumbList","@id":"https:\/\/retki.fi\/riistakamera\/#breadcrumb","itemListElement":[{"@type":"ListItem","position":1,"name":"Etusivu","item":"https:\/\/retki.fi\/"},{"@type":"ListItem","position":2,"name":"3G Viltkamera"}]},{"@type":"WebSite","@id":"https:\/\/retki.fi\/#website","url":"https:\/\/retki.fi\/","name":"Retki Finland","description":"Best moments happen outdoors","publisher":{"@id":"https:\/\/retki.fi\/#organization"},"potentialAction":[{"@type":"SearchAction","target":{"@type":"EntryPoint","urlTemplate":"https:\/\/retki.fi\/?s={search_term_string}"},"query-input":{"@type":"PropertyValueSpecification","valueRequired":true,"valueName":"search_term_string"}}],"inLanguage":"sv-SE"},{"@type":"Organization","@id":"https:\/\/retki.fi\/#organization","name":"Retki Finland \/ Blue Import BIM Oy","url":"https:\/\/retki.fi\/","logo":{"@type":"ImageObject","inLanguage":"sv-SE","@id":"https:\/\/retki.fi\/#\/schema\/logo\/image\/","url":"https:\/\/retki.fi\/wp-content\/uploads\/2018\/11\/Retki_logo_512X512px.jpg","contentUrl":"https:\/\/retki.fi\/wp-content\/uploads\/2018\/11\/Retki_logo_512X512px.jpg","width":512,"height":512,"caption":"Retki Finland \/ Blue Import BIM Oy"},"image":{"@id":"https:\/\/retki.fi\/#\/schema\/logo\/image\/"},"sameAs":["https:\/\/www.facebook.com\/retkifinland\/","https:\/\/www.instagram.com\/retkifinland\/"]}]}},"_links":{"self":[{"href":"https:\/\/retki.fi\/sv\/wp-json\/wp\/v2\/pages\/10932","targetHints":{"allow":["GET"]}}],"collection":[{"href":"https:\/\/retki.fi\/sv\/wp-json\/wp\/v2\/pages"}],"about":[{"href":"https:\/\/retki.fi\/sv\/wp-json\/wp\/v2\/types\/page"}],"author":[{"embeddable":true,"href":"https:\/\/retki.fi\/sv\/wp-json\/wp\/v2\/users\/8"}],"replies":[{"embeddable":true,"href":"https:\/\/retki.fi\/sv\/wp-json\/wp\/v2\/comments?post=10932"}],"version-history":[{"count":0,"href":"https:\/\/retki.fi\/sv\/wp-json\/wp\/v2\/pages\/10932\/revisions"}],"wp:featuredmedia":[{"embeddable":true,"href":"https:\/\/retki.fi\/sv\/wp-json\/wp\/v2\/media\/10935"}],"wp:attachment":[{"href":"https:\/\/retki.fi\/sv\/wp-json\/wp\/v2\/media?parent=10932"}],"curies":[{"name":"wp","href":"https:\/\/api.w.org\/{rel}","templated":true}]}}