{"id":12543,"date":"2016-12-21T13:54:48","date_gmt":"2016-12-21T11:54:48","guid":{"rendered":"https:\/\/retki.fi\/product\/utflykt-finland-pro-ryggsack-pall\/"},"modified":"2026-04-22T15:21:29","modified_gmt":"2026-04-22T12:21:29","slug":"utflykt-finland-pro-ryggsack-pall","status":"publish","type":"product","link":"https:\/\/retki.fi\/sv\/produkt\/utflykt-finland-pro-ryggsack-pall\/","title":{"rendered":"Pro Mossy Oak ryggs\u00e4ckspall"},"content":{"rendered":"<p>Mossy Oak\u00ae Break-Up &amp; Ryggs\u00e4ckspallen utrustad med Orange Blaze-m\u00f6nster \u00e4r utm\u00e4rkt f\u00f6r utomhusaktiviteter och fiske- och jaktturer. Ryggs\u00e4ckspallen inneh\u00e5ller massor av rymliga fickor f\u00f6r saker som fiske eller camping. Tack vare den andningsbara och stadiga ryggdelen och det vadderade h\u00f6ftb\u00e4ltet \u00e4r ryggs\u00e4cken behaglig att b\u00e4ra \u00e4ven p\u00e5 l\u00e5nga str\u00e4ckor. Ryggs\u00e4cken har en Thermo System v\u00e4rmeisolerad flaskficka, en vattent\u00e4t botten och en vadderad och f\u00f6rst\u00e4rkt sits.<\/p>\n<p>&nbsp;<\/p>\n<p>&nbsp;<\/p>\n<p><a href=\"https:\/\/www.framocompany.fi\/Retkifinland\/2018\/11\/07\/testivoitjada-retki-pro-mossy-oak\/\">L\u00e4s Retkes tillk\u00e4nnagivande om ryggs\u00e4ckspallstestet 10\/2018 i Jakt&amp;J\u00e4gare tidningen<\/a ><\/p>\n","protected":false},"excerpt":{"rendered":"<p>Multifunktionell ryggs\u00e4ckspall f\u00f6r vandrare, fiskare, j\u00e4gare och naturfotografer<\/p>\n<p><strong>Vinnare av tidningen Jakt&amp;J\u00e4gare (10\/2018) ryggs\u00e4ckspalltest!<\/strong><\/p>\n","protected":false},"featured_media":13861,"comment_status":"closed","ping_status":"closed","template":"","meta":{"_acf_changed":false},"product_brand":[],"product_cat":[3599,3574],"product_tag":[],"class_list":{"0":"post-12543","1":"product","2":"type-product","3":"status-publish","4":"has-post-thumbnail","6":"product_cat-ryggsacksstolar","7":"product_cat-vaskor-och-dagryggsackar","9":"first","10":"instock","11":"shipping-taxable","12":"product-type-simple"},"acf":[],"yoast_head":"<!-- This site is optimized with the Yoast SEO plugin v27.4 - https:\/\/yoast.com\/product\/yoast-seo-wordpress\/ -->\n<title>Pro Mossy Oak ryggs\u00e4ckspall - Retki Finland<\/title>\n<meta name=\"robots\" content=\"index, follow, max-snippet:-1, max-image-preview:large, max-video-preview:-1\" \/>\n<link rel=\"canonical\" href=\"https:\/\/retki.fi\/sv\/produkt\/utflykt-finland-pro-ryggsack-pall\/\" \/>\n<meta property=\"og:locale\" content=\"sv_SE\" \/>\n<meta property=\"og:type\" content=\"article\" \/>\n<meta property=\"og:title\" content=\"Pro Mossy Oak ryggs\u00e4ckspall - Retki Finland\" \/>\n<meta property=\"og:description\" content=\"Multifunktionell ryggs\u00e4ckspall f\u00f6r vandrare, fiskare, j\u00e4gare och naturfotografer Vinnare av tidningen Jakt&amp;J\u00e4gare (10\/2018) ryggs\u00e4ckspalltest!\" \/>\n<meta property=\"og:url\" content=\"https:\/\/retki.fi\/sv\/produkt\/utflykt-finland-pro-ryggsack-pall\/\" \/>\n<meta property=\"og:site_name\" content=\"Retki Finland\" \/>\n<meta property=\"article:publisher\" content=\"https:\/\/www.facebook.com\/retkifinland\/\" \/>\n<meta property=\"article:modified_time\" content=\"2026-04-22T12:21:29+00:00\" \/>\n<meta property=\"og:image\" content=\"https:\/\/retki.fi\/wp-content\/uploads\/2016\/12\/R4265_6418536004265_PO8234-2_PO8234-2_008-scaled.jpeg\" \/>\n\t<meta property=\"og:image:width\" content=\"2371\" \/>\n\t<meta property=\"og:image:height\" content=\"2560\" \/>\n\t<meta property=\"og:image:type\" content=\"image\/jpeg\" \/>\n<meta name=\"twitter:card\" content=\"summary_large_image\" \/>\n<script type=\"application\/ld+json\" class=\"yoast-schema-graph\">{\"@context\":\"https:\\\/\\\/schema.org\",\"@graph\":[{\"@type\":\"WebPage\",\"@id\":\"https:\\\/\\\/retki.fi\\\/sv\\\/produkt\\\/utflykt-finland-pro-ryggsack-pall\\\/\",\"url\":\"https:\\\/\\\/retki.fi\\\/sv\\\/produkt\\\/utflykt-finland-pro-ryggsack-pall\\\/\",\"name\":\"Pro Mossy Oak ryggs\u00e4ckspall - Retki Finland\",\"isPartOf\":{\"@id\":\"https:\\\/\\\/retki.fi\\\/#website\"},\"primaryImageOfPage\":{\"@id\":\"https:\\\/\\\/retki.fi\\\/sv\\\/produkt\\\/utflykt-finland-pro-ryggsack-pall\\\/#primaryimage\"},\"image\":{\"@id\":\"https:\\\/\\\/retki.fi\\\/sv\\\/produkt\\\/utflykt-finland-pro-ryggsack-pall\\\/#primaryimage\"},\"thumbnailUrl\":\"https:\\\/\\\/retki.fi\\\/wp-content\\\/uploads\\\/2016\\\/12\\\/R4265_6418536004265_PO8234-2_PO8234-2_008-scaled.jpeg\",\"datePublished\":\"2016-12-21T11:54:48+00:00\",\"dateModified\":\"2026-04-22T12:21:29+00:00\",\"breadcrumb\":{\"@id\":\"https:\\\/\\\/retki.fi\\\/sv\\\/produkt\\\/utflykt-finland-pro-ryggsack-pall\\\/#breadcrumb\"},\"inLanguage\":\"sv-SE\",\"potentialAction\":[{\"@type\":\"ReadAction\",\"target\":[\"https:\\\/\\\/retki.fi\\\/sv\\\/produkt\\\/utflykt-finland-pro-ryggsack-pall\\\/\"]}]},{\"@type\":\"ImageObject\",\"inLanguage\":\"sv-SE\",\"@id\":\"https:\\\/\\\/retki.fi\\\/sv\\\/produkt\\\/utflykt-finland-pro-ryggsack-pall\\\/#primaryimage\",\"url\":\"https:\\\/\\\/retki.fi\\\/wp-content\\\/uploads\\\/2016\\\/12\\\/R4265_6418536004265_PO8234-2_PO8234-2_008-scaled.jpeg\",\"contentUrl\":\"https:\\\/\\\/retki.fi\\\/wp-content\\\/uploads\\\/2016\\\/12\\\/R4265_6418536004265_PO8234-2_PO8234-2_008-scaled.jpeg\",\"width\":2371,\"height\":2560},{\"@type\":\"BreadcrumbList\",\"@id\":\"https:\\\/\\\/retki.fi\\\/sv\\\/produkt\\\/utflykt-finland-pro-ryggsack-pall\\\/#breadcrumb\",\"itemListElement\":[{\"@type\":\"ListItem\",\"position\":1,\"name\":\"Etusivu\",\"item\":\"https:\\\/\\\/retki.fi\\\/\"},{\"@type\":\"ListItem\",\"position\":2,\"name\":\"Produkter\",\"item\":\"https:\\\/\\\/retki.fi\\\/sv\\\/produkter\\\/\"},{\"@type\":\"ListItem\",\"position\":3,\"name\":\"Pro Mossy Oak ryggs\u00e4ckspall\"}]},{\"@type\":\"WebSite\",\"@id\":\"https:\\\/\\\/retki.fi\\\/#website\",\"url\":\"https:\\\/\\\/retki.fi\\\/\",\"name\":\"Retki Finland\",\"description\":\"Best moments happen outdoors\",\"publisher\":{\"@id\":\"https:\\\/\\\/retki.fi\\\/#organization\"},\"potentialAction\":[{\"@type\":\"SearchAction\",\"target\":{\"@type\":\"EntryPoint\",\"urlTemplate\":\"https:\\\/\\\/retki.fi\\\/?s={search_term_string}\"},\"query-input\":{\"@type\":\"PropertyValueSpecification\",\"valueRequired\":true,\"valueName\":\"search_term_string\"}}],\"inLanguage\":\"sv-SE\"},{\"@type\":\"Organization\",\"@id\":\"https:\\\/\\\/retki.fi\\\/#organization\",\"name\":\"Retki Finland \\\/ Blue Import BIM Oy\",\"url\":\"https:\\\/\\\/retki.fi\\\/\",\"logo\":{\"@type\":\"ImageObject\",\"inLanguage\":\"sv-SE\",\"@id\":\"https:\\\/\\\/retki.fi\\\/#\\\/schema\\\/logo\\\/image\\\/\",\"url\":\"https:\\\/\\\/retki.fi\\\/wp-content\\\/uploads\\\/2018\\\/11\\\/Retki_logo_512X512px.jpg\",\"contentUrl\":\"https:\\\/\\\/retki.fi\\\/wp-content\\\/uploads\\\/2018\\\/11\\\/Retki_logo_512X512px.jpg\",\"width\":512,\"height\":512,\"caption\":\"Retki Finland \\\/ Blue Import BIM Oy\"},\"image\":{\"@id\":\"https:\\\/\\\/retki.fi\\\/#\\\/schema\\\/logo\\\/image\\\/\"},\"sameAs\":[\"https:\\\/\\\/www.facebook.com\\\/retkifinland\\\/\",\"https:\\\/\\\/www.instagram.com\\\/retkifinland\\\/\"]}]}<\/script>\n<!-- \/ Yoast SEO plugin. -->","yoast_head_json":{"title":"Pro Mossy Oak ryggs\u00e4ckspall - Retki Finland","robots":{"index":"index","follow":"follow","max-snippet":"max-snippet:-1","max-image-preview":"max-image-preview:large","max-video-preview":"max-video-preview:-1"},"canonical":"https:\/\/retki.fi\/sv\/produkt\/utflykt-finland-pro-ryggsack-pall\/","og_locale":"sv_SE","og_type":"article","og_title":"Pro Mossy Oak ryggs\u00e4ckspall - Retki Finland","og_description":"Multifunktionell ryggs\u00e4ckspall f\u00f6r vandrare, fiskare, j\u00e4gare och naturfotografer Vinnare av tidningen Jakt&amp;J\u00e4gare (10\/2018) ryggs\u00e4ckspalltest!","og_url":"https:\/\/retki.fi\/sv\/produkt\/utflykt-finland-pro-ryggsack-pall\/","og_site_name":"Retki Finland","article_publisher":"https:\/\/www.facebook.com\/retkifinland\/","article_modified_time":"2026-04-22T12:21:29+00:00","og_image":[{"width":2371,"height":2560,"url":"https:\/\/retki.fi\/wp-content\/uploads\/2016\/12\/R4265_6418536004265_PO8234-2_PO8234-2_008-scaled.jpeg","type":"image\/jpeg"}],"twitter_card":"summary_large_image","schema":{"@context":"https:\/\/schema.org","@graph":[{"@type":"WebPage","@id":"https:\/\/retki.fi\/sv\/produkt\/utflykt-finland-pro-ryggsack-pall\/","url":"https:\/\/retki.fi\/sv\/produkt\/utflykt-finland-pro-ryggsack-pall\/","name":"Pro Mossy Oak ryggs\u00e4ckspall - Retki Finland","isPartOf":{"@id":"https:\/\/retki.fi\/#website"},"primaryImageOfPage":{"@id":"https:\/\/retki.fi\/sv\/produkt\/utflykt-finland-pro-ryggsack-pall\/#primaryimage"},"image":{"@id":"https:\/\/retki.fi\/sv\/produkt\/utflykt-finland-pro-ryggsack-pall\/#primaryimage"},"thumbnailUrl":"https:\/\/retki.fi\/wp-content\/uploads\/2016\/12\/R4265_6418536004265_PO8234-2_PO8234-2_008-scaled.jpeg","datePublished":"2016-12-21T11:54:48+00:00","dateModified":"2026-04-22T12:21:29+00:00","breadcrumb":{"@id":"https:\/\/retki.fi\/sv\/produkt\/utflykt-finland-pro-ryggsack-pall\/#breadcrumb"},"inLanguage":"sv-SE","potentialAction":[{"@type":"ReadAction","target":["https:\/\/retki.fi\/sv\/produkt\/utflykt-finland-pro-ryggsack-pall\/"]}]},{"@type":"ImageObject","inLanguage":"sv-SE","@id":"https:\/\/retki.fi\/sv\/produkt\/utflykt-finland-pro-ryggsack-pall\/#primaryimage","url":"https:\/\/retki.fi\/wp-content\/uploads\/2016\/12\/R4265_6418536004265_PO8234-2_PO8234-2_008-scaled.jpeg","contentUrl":"https:\/\/retki.fi\/wp-content\/uploads\/2016\/12\/R4265_6418536004265_PO8234-2_PO8234-2_008-scaled.jpeg","width":2371,"height":2560},{"@type":"BreadcrumbList","@id":"https:\/\/retki.fi\/sv\/produkt\/utflykt-finland-pro-ryggsack-pall\/#breadcrumb","itemListElement":[{"@type":"ListItem","position":1,"name":"Etusivu","item":"https:\/\/retki.fi\/"},{"@type":"ListItem","position":2,"name":"Produkter","item":"https:\/\/retki.fi\/sv\/produkter\/"},{"@type":"ListItem","position":3,"name":"Pro Mossy Oak ryggs\u00e4ckspall"}]},{"@type":"WebSite","@id":"https:\/\/retki.fi\/#website","url":"https:\/\/retki.fi\/","name":"Retki Finland","description":"Best moments happen outdoors","publisher":{"@id":"https:\/\/retki.fi\/#organization"},"potentialAction":[{"@type":"SearchAction","target":{"@type":"EntryPoint","urlTemplate":"https:\/\/retki.fi\/?s={search_term_string}"},"query-input":{"@type":"PropertyValueSpecification","valueRequired":true,"valueName":"search_term_string"}}],"inLanguage":"sv-SE"},{"@type":"Organization","@id":"https:\/\/retki.fi\/#organization","name":"Retki Finland \/ Blue Import BIM Oy","url":"https:\/\/retki.fi\/","logo":{"@type":"ImageObject","inLanguage":"sv-SE","@id":"https:\/\/retki.fi\/#\/schema\/logo\/image\/","url":"https:\/\/retki.fi\/wp-content\/uploads\/2018\/11\/Retki_logo_512X512px.jpg","contentUrl":"https:\/\/retki.fi\/wp-content\/uploads\/2018\/11\/Retki_logo_512X512px.jpg","width":512,"height":512,"caption":"Retki Finland \/ Blue Import BIM Oy"},"image":{"@id":"https:\/\/retki.fi\/#\/schema\/logo\/image\/"},"sameAs":["https:\/\/www.facebook.com\/retkifinland\/","https:\/\/www.instagram.com\/retkifinland\/"]}]}},"_links":{"self":[{"href":"https:\/\/retki.fi\/sv\/wp-json\/wp\/v2\/product\/12543","targetHints":{"allow":["GET"]}}],"collection":[{"href":"https:\/\/retki.fi\/sv\/wp-json\/wp\/v2\/product"}],"about":[{"href":"https:\/\/retki.fi\/sv\/wp-json\/wp\/v2\/types\/product"}],"replies":[{"embeddable":true,"href":"https:\/\/retki.fi\/sv\/wp-json\/wp\/v2\/comments?post=12543"}],"wp:featuredmedia":[{"embeddable":true,"href":"https:\/\/retki.fi\/sv\/wp-json\/wp\/v2\/media\/13861"}],"wp:attachment":[{"href":"https:\/\/retki.fi\/sv\/wp-json\/wp\/v2\/media?parent=12543"}],"wp:term":[{"taxonomy":"product_brand","embeddable":true,"href":"https:\/\/retki.fi\/sv\/wp-json\/wp\/v2\/product_brand?post=12543"},{"taxonomy":"product_cat","embeddable":true,"href":"https:\/\/retki.fi\/sv\/wp-json\/wp\/v2\/product_cat?post=12543"},{"taxonomy":"product_tag","embeddable":true,"href":"https:\/\/retki.fi\/sv\/wp-json\/wp\/v2\/product_tag?post=12543"}],"curies":[{"name":"wp","href":"https:\/\/api.w.org\/{rel}","templated":true}]}}