{"id":12544,"date":"2016-12-21T13:59:44","date_gmt":"2016-12-21T11:59:44","guid":{"rendered":"https:\/\/retki.fi\/product\/utflykt-is-fiske-ryggsack-pall\/"},"modified":"2026-04-22T15:21:29","modified_gmt":"2026-04-22T12:21:29","slug":"utflykt-is-fiske-ryggsack-pall","status":"publish","type":"product","link":"https:\/\/retki.fi\/sv\/produkt\/utflykt-is-fiske-ryggsack-pall\/","title":{"rendered":"Ice Fishing ryggs\u00e4ck pall"},"content":{"rendered":"<p>Ryggs\u00e4ckspallen passar bra f\u00f6r till exempel fiske- och jaktturer och andra utomhusaktiviteter. Isryggs\u00e4cken \u00e4r verkligen m\u00e5ngsidig och praktisk, den inneh\u00e5ller flera rymliga fickor f\u00f6r saker som fiske eller camping.<\/p>\n<p>Tack vare de mjuka axelremmarna \u00e4r Retki-ryggs\u00e4ckspallen bekv\u00e4m att b\u00e4ra \u00e4ven \u00f6ver l\u00e5nga avst\u00e5nd. Tillbeh\u00f6ren som f\u00f6ljer med Ice Fishing-ryggs\u00e4ckspallen: fiskv\u00e4ska, dragfodral, issp\u00f6h\u00e5llare, Thermo-kudde. Med dessa funktioner \u00e4r h\u00e4r den b\u00e4sta ryggs\u00e4ckspallen!<\/p>\n<p><strong>Testvinnare Er\u00e4-lehti 2012<\/strong><br \/>\n<strong>Ocks\u00e5 framg\u00e5ngsrik i norska Alt om Fiske-tidningens test 2013<\/strong><\/p>\n<p>&nbsp;<\/p>\n<p>&nbsp;<\/p>\n","protected":false},"excerpt":{"rendered":"<p>En ryggs\u00e4ckspall speciellt designad f\u00f6r vinterfiske, som \u00e4r bekant Retki Finland-kvalitet<\/p>\n<p><strong>Testvinnare Er\u00e4-lehti 2012<\/strong><br \/>\n<strong>Ocks\u00e5 framg\u00e5ngsrik i norska Alt om Fiske-tidningens test 2013<\/strong><\/p>\n","protected":false},"featured_media":11876,"comment_status":"closed","ping_status":"closed","template":"","meta":{"_acf_changed":false},"product_brand":[],"product_cat":[3599,3574],"product_tag":[],"class_list":{"0":"post-12544","1":"product","2":"type-product","3":"status-publish","4":"has-post-thumbnail","6":"product_cat-ryggsacksstolar","7":"product_cat-vaskor-och-dagryggsackar","9":"first","10":"instock","11":"shipping-taxable","12":"product-type-simple"},"acf":[],"yoast_head":"<!-- This site is optimized with the Yoast SEO plugin v27.4 - https:\/\/yoast.com\/product\/yoast-seo-wordpress\/ -->\n<title>Ice Fishing ryggs\u00e4ck pall - Retki Finland<\/title>\n<meta name=\"robots\" content=\"index, follow, max-snippet:-1, max-image-preview:large, max-video-preview:-1\" \/>\n<link rel=\"canonical\" href=\"https:\/\/retki.fi\/sv\/produkt\/utflykt-is-fiske-ryggsack-pall\/\" \/>\n<meta property=\"og:locale\" content=\"sv_SE\" \/>\n<meta property=\"og:type\" content=\"article\" \/>\n<meta property=\"og:title\" content=\"Ice Fishing ryggs\u00e4ck pall - Retki Finland\" \/>\n<meta property=\"og:description\" content=\"En ryggs\u00e4ckspall speciellt designad f\u00f6r vinterfiske, som \u00e4r bekant Retki Finland-kvalitet Testvinnare Er\u00e4-lehti 2012 Ocks\u00e5 framg\u00e5ngsrik i norska Alt om Fiske-tidningens test 2013\" \/>\n<meta property=\"og:url\" content=\"https:\/\/retki.fi\/sv\/produkt\/utflykt-is-fiske-ryggsack-pall\/\" \/>\n<meta property=\"og:site_name\" content=\"Retki Finland\" \/>\n<meta property=\"article:publisher\" content=\"https:\/\/www.facebook.com\/retkifinland\/\" \/>\n<meta property=\"article:modified_time\" content=\"2026-04-22T12:21:29+00:00\" \/>\n<meta property=\"og:image\" content=\"https:\/\/retki.fi\/wp-content\/uploads\/2016\/12\/RETKI_ICE_FISHING_REPPUJAKKARA_oikea_web_tuote.jpg\" \/>\n\t<meta property=\"og:image:width\" content=\"533\" \/>\n\t<meta property=\"og:image:height\" content=\"493\" \/>\n\t<meta property=\"og:image:type\" content=\"image\/jpeg\" \/>\n<meta name=\"twitter:card\" content=\"summary_large_image\" \/>\n<script type=\"application\/ld+json\" class=\"yoast-schema-graph\">{\"@context\":\"https:\\\/\\\/schema.org\",\"@graph\":[{\"@type\":\"WebPage\",\"@id\":\"https:\\\/\\\/retki.fi\\\/sv\\\/produkt\\\/utflykt-is-fiske-ryggsack-pall\\\/\",\"url\":\"https:\\\/\\\/retki.fi\\\/sv\\\/produkt\\\/utflykt-is-fiske-ryggsack-pall\\\/\",\"name\":\"Ice Fishing ryggs\u00e4ck pall - Retki Finland\",\"isPartOf\":{\"@id\":\"https:\\\/\\\/retki.fi\\\/#website\"},\"primaryImageOfPage\":{\"@id\":\"https:\\\/\\\/retki.fi\\\/sv\\\/produkt\\\/utflykt-is-fiske-ryggsack-pall\\\/#primaryimage\"},\"image\":{\"@id\":\"https:\\\/\\\/retki.fi\\\/sv\\\/produkt\\\/utflykt-is-fiske-ryggsack-pall\\\/#primaryimage\"},\"thumbnailUrl\":\"https:\\\/\\\/retki.fi\\\/wp-content\\\/uploads\\\/2016\\\/12\\\/RETKI_ICE_FISHING_REPPUJAKKARA_oikea_web_tuote.jpg\",\"datePublished\":\"2016-12-21T11:59:44+00:00\",\"dateModified\":\"2026-04-22T12:21:29+00:00\",\"breadcrumb\":{\"@id\":\"https:\\\/\\\/retki.fi\\\/sv\\\/produkt\\\/utflykt-is-fiske-ryggsack-pall\\\/#breadcrumb\"},\"inLanguage\":\"sv-SE\",\"potentialAction\":[{\"@type\":\"ReadAction\",\"target\":[\"https:\\\/\\\/retki.fi\\\/sv\\\/produkt\\\/utflykt-is-fiske-ryggsack-pall\\\/\"]}]},{\"@type\":\"ImageObject\",\"inLanguage\":\"sv-SE\",\"@id\":\"https:\\\/\\\/retki.fi\\\/sv\\\/produkt\\\/utflykt-is-fiske-ryggsack-pall\\\/#primaryimage\",\"url\":\"https:\\\/\\\/retki.fi\\\/wp-content\\\/uploads\\\/2016\\\/12\\\/RETKI_ICE_FISHING_REPPUJAKKARA_oikea_web_tuote.jpg\",\"contentUrl\":\"https:\\\/\\\/retki.fi\\\/wp-content\\\/uploads\\\/2016\\\/12\\\/RETKI_ICE_FISHING_REPPUJAKKARA_oikea_web_tuote.jpg\",\"width\":533,\"height\":493},{\"@type\":\"BreadcrumbList\",\"@id\":\"https:\\\/\\\/retki.fi\\\/sv\\\/produkt\\\/utflykt-is-fiske-ryggsack-pall\\\/#breadcrumb\",\"itemListElement\":[{\"@type\":\"ListItem\",\"position\":1,\"name\":\"Etusivu\",\"item\":\"https:\\\/\\\/retki.fi\\\/\"},{\"@type\":\"ListItem\",\"position\":2,\"name\":\"Produkter\",\"item\":\"https:\\\/\\\/retki.fi\\\/sv\\\/produkter\\\/\"},{\"@type\":\"ListItem\",\"position\":3,\"name\":\"Ice Fishing ryggs\u00e4ck pall\"}]},{\"@type\":\"WebSite\",\"@id\":\"https:\\\/\\\/retki.fi\\\/#website\",\"url\":\"https:\\\/\\\/retki.fi\\\/\",\"name\":\"Retki Finland\",\"description\":\"Best moments happen outdoors\",\"publisher\":{\"@id\":\"https:\\\/\\\/retki.fi\\\/#organization\"},\"potentialAction\":[{\"@type\":\"SearchAction\",\"target\":{\"@type\":\"EntryPoint\",\"urlTemplate\":\"https:\\\/\\\/retki.fi\\\/?s={search_term_string}\"},\"query-input\":{\"@type\":\"PropertyValueSpecification\",\"valueRequired\":true,\"valueName\":\"search_term_string\"}}],\"inLanguage\":\"sv-SE\"},{\"@type\":\"Organization\",\"@id\":\"https:\\\/\\\/retki.fi\\\/#organization\",\"name\":\"Retki Finland \\\/ Blue Import BIM Oy\",\"url\":\"https:\\\/\\\/retki.fi\\\/\",\"logo\":{\"@type\":\"ImageObject\",\"inLanguage\":\"sv-SE\",\"@id\":\"https:\\\/\\\/retki.fi\\\/#\\\/schema\\\/logo\\\/image\\\/\",\"url\":\"https:\\\/\\\/retki.fi\\\/wp-content\\\/uploads\\\/2018\\\/11\\\/Retki_logo_512X512px.jpg\",\"contentUrl\":\"https:\\\/\\\/retki.fi\\\/wp-content\\\/uploads\\\/2018\\\/11\\\/Retki_logo_512X512px.jpg\",\"width\":512,\"height\":512,\"caption\":\"Retki Finland \\\/ Blue Import BIM Oy\"},\"image\":{\"@id\":\"https:\\\/\\\/retki.fi\\\/#\\\/schema\\\/logo\\\/image\\\/\"},\"sameAs\":[\"https:\\\/\\\/www.facebook.com\\\/retkifinland\\\/\",\"https:\\\/\\\/www.instagram.com\\\/retkifinland\\\/\"]}]}<\/script>\n<!-- \/ Yoast SEO plugin. -->","yoast_head_json":{"title":"Ice Fishing ryggs\u00e4ck pall - Retki Finland","robots":{"index":"index","follow":"follow","max-snippet":"max-snippet:-1","max-image-preview":"max-image-preview:large","max-video-preview":"max-video-preview:-1"},"canonical":"https:\/\/retki.fi\/sv\/produkt\/utflykt-is-fiske-ryggsack-pall\/","og_locale":"sv_SE","og_type":"article","og_title":"Ice Fishing ryggs\u00e4ck pall - Retki Finland","og_description":"En ryggs\u00e4ckspall speciellt designad f\u00f6r vinterfiske, som \u00e4r bekant Retki Finland-kvalitet Testvinnare Er\u00e4-lehti 2012 Ocks\u00e5 framg\u00e5ngsrik i norska Alt om Fiske-tidningens test 2013","og_url":"https:\/\/retki.fi\/sv\/produkt\/utflykt-is-fiske-ryggsack-pall\/","og_site_name":"Retki Finland","article_publisher":"https:\/\/www.facebook.com\/retkifinland\/","article_modified_time":"2026-04-22T12:21:29+00:00","og_image":[{"width":533,"height":493,"url":"https:\/\/retki.fi\/wp-content\/uploads\/2016\/12\/RETKI_ICE_FISHING_REPPUJAKKARA_oikea_web_tuote.jpg","type":"image\/jpeg"}],"twitter_card":"summary_large_image","schema":{"@context":"https:\/\/schema.org","@graph":[{"@type":"WebPage","@id":"https:\/\/retki.fi\/sv\/produkt\/utflykt-is-fiske-ryggsack-pall\/","url":"https:\/\/retki.fi\/sv\/produkt\/utflykt-is-fiske-ryggsack-pall\/","name":"Ice Fishing ryggs\u00e4ck pall - Retki Finland","isPartOf":{"@id":"https:\/\/retki.fi\/#website"},"primaryImageOfPage":{"@id":"https:\/\/retki.fi\/sv\/produkt\/utflykt-is-fiske-ryggsack-pall\/#primaryimage"},"image":{"@id":"https:\/\/retki.fi\/sv\/produkt\/utflykt-is-fiske-ryggsack-pall\/#primaryimage"},"thumbnailUrl":"https:\/\/retki.fi\/wp-content\/uploads\/2016\/12\/RETKI_ICE_FISHING_REPPUJAKKARA_oikea_web_tuote.jpg","datePublished":"2016-12-21T11:59:44+00:00","dateModified":"2026-04-22T12:21:29+00:00","breadcrumb":{"@id":"https:\/\/retki.fi\/sv\/produkt\/utflykt-is-fiske-ryggsack-pall\/#breadcrumb"},"inLanguage":"sv-SE","potentialAction":[{"@type":"ReadAction","target":["https:\/\/retki.fi\/sv\/produkt\/utflykt-is-fiske-ryggsack-pall\/"]}]},{"@type":"ImageObject","inLanguage":"sv-SE","@id":"https:\/\/retki.fi\/sv\/produkt\/utflykt-is-fiske-ryggsack-pall\/#primaryimage","url":"https:\/\/retki.fi\/wp-content\/uploads\/2016\/12\/RETKI_ICE_FISHING_REPPUJAKKARA_oikea_web_tuote.jpg","contentUrl":"https:\/\/retki.fi\/wp-content\/uploads\/2016\/12\/RETKI_ICE_FISHING_REPPUJAKKARA_oikea_web_tuote.jpg","width":533,"height":493},{"@type":"BreadcrumbList","@id":"https:\/\/retki.fi\/sv\/produkt\/utflykt-is-fiske-ryggsack-pall\/#breadcrumb","itemListElement":[{"@type":"ListItem","position":1,"name":"Etusivu","item":"https:\/\/retki.fi\/"},{"@type":"ListItem","position":2,"name":"Produkter","item":"https:\/\/retki.fi\/sv\/produkter\/"},{"@type":"ListItem","position":3,"name":"Ice Fishing ryggs\u00e4ck pall"}]},{"@type":"WebSite","@id":"https:\/\/retki.fi\/#website","url":"https:\/\/retki.fi\/","name":"Retki Finland","description":"Best moments happen outdoors","publisher":{"@id":"https:\/\/retki.fi\/#organization"},"potentialAction":[{"@type":"SearchAction","target":{"@type":"EntryPoint","urlTemplate":"https:\/\/retki.fi\/?s={search_term_string}"},"query-input":{"@type":"PropertyValueSpecification","valueRequired":true,"valueName":"search_term_string"}}],"inLanguage":"sv-SE"},{"@type":"Organization","@id":"https:\/\/retki.fi\/#organization","name":"Retki Finland \/ Blue Import BIM Oy","url":"https:\/\/retki.fi\/","logo":{"@type":"ImageObject","inLanguage":"sv-SE","@id":"https:\/\/retki.fi\/#\/schema\/logo\/image\/","url":"https:\/\/retki.fi\/wp-content\/uploads\/2018\/11\/Retki_logo_512X512px.jpg","contentUrl":"https:\/\/retki.fi\/wp-content\/uploads\/2018\/11\/Retki_logo_512X512px.jpg","width":512,"height":512,"caption":"Retki Finland \/ Blue Import BIM Oy"},"image":{"@id":"https:\/\/retki.fi\/#\/schema\/logo\/image\/"},"sameAs":["https:\/\/www.facebook.com\/retkifinland\/","https:\/\/www.instagram.com\/retkifinland\/"]}]}},"_links":{"self":[{"href":"https:\/\/retki.fi\/sv\/wp-json\/wp\/v2\/product\/12544","targetHints":{"allow":["GET"]}}],"collection":[{"href":"https:\/\/retki.fi\/sv\/wp-json\/wp\/v2\/product"}],"about":[{"href":"https:\/\/retki.fi\/sv\/wp-json\/wp\/v2\/types\/product"}],"replies":[{"embeddable":true,"href":"https:\/\/retki.fi\/sv\/wp-json\/wp\/v2\/comments?post=12544"}],"wp:featuredmedia":[{"embeddable":true,"href":"https:\/\/retki.fi\/sv\/wp-json\/wp\/v2\/media\/11876"}],"wp:attachment":[{"href":"https:\/\/retki.fi\/sv\/wp-json\/wp\/v2\/media?parent=12544"}],"wp:term":[{"taxonomy":"product_brand","embeddable":true,"href":"https:\/\/retki.fi\/sv\/wp-json\/wp\/v2\/product_brand?post=12544"},{"taxonomy":"product_cat","embeddable":true,"href":"https:\/\/retki.fi\/sv\/wp-json\/wp\/v2\/product_cat?post=12544"},{"taxonomy":"product_tag","embeddable":true,"href":"https:\/\/retki.fi\/sv\/wp-json\/wp\/v2\/product_tag?post=12544"}],"curies":[{"name":"wp","href":"https:\/\/api.w.org\/{rel}","templated":true}]}}