{"id":12582,"date":"2016-12-27T10:29:59","date_gmt":"2016-12-27T08:29:59","guid":{"rendered":"https:\/\/retki.fi\/product\/resa-mapcase-kartvaska\/"},"modified":"2026-04-22T15:21:25","modified_gmt":"2026-04-22T12:21:25","slug":"resa-mapcase-kartvaska","status":"publish","type":"product","link":"https:\/\/retki.fi\/sv\/produkt\/resa-mapcase-kartvaska\/","title":{"rendered":"Kartv\u00e4ska"},"content":{"rendered":"<p>Slitstark och m\u00e5ngsidig ARMY-modell kartv\u00e4ska f\u00f6r kr\u00e4vande anv\u00e4ndning. Kartv\u00e4skan f\u00e5r plats i l\u00e5rfickan och l\u00e4mpar sig v\u00e4l f\u00f6r anv\u00e4ndning vid exempelvis orientering eller milit\u00e4rt bruk.<\/p>\n<p>Kartv\u00e4skan \u00e4r arm\u00e9gr\u00f6n, men p\u00e5 ena sidan av v\u00e4skan finns en genomskinlig ficka f\u00f6r kartan. Det finns st\u00e4ngbara fickor p\u00e5 insidan, d\u00e4r du enkelt kan f\u00e5 plats med till exempel pennor.<\/p>\n<p>&nbsp;<\/p>\n<p>&nbsp;<\/p>\n","protected":false},"excerpt":{"rendered":"<p>ARMY modell kartv\u00e4ska f\u00f6r kr\u00e4vande anv\u00e4ndning<\/p>\n","protected":false},"featured_media":11973,"comment_status":"closed","ping_status":"closed","template":"","meta":{"_acf_changed":false},"product_brand":[],"product_cat":[3575],"product_tag":[],"class_list":{"0":"post-12582","1":"product","2":"type-product","3":"status-publish","4":"has-post-thumbnail","6":"product_cat-vandringsutrustning","8":"first","9":"instock","10":"shipping-taxable","11":"product-type-simple"},"acf":[],"yoast_head":"<!-- This site is optimized with the Yoast SEO plugin v27.4 - https:\/\/yoast.com\/product\/yoast-seo-wordpress\/ -->\n<title>Kartv\u00e4ska - Retki Finland<\/title>\n<meta name=\"robots\" content=\"index, follow, max-snippet:-1, max-image-preview:large, max-video-preview:-1\" \/>\n<link rel=\"canonical\" href=\"https:\/\/retki.fi\/sv\/produkt\/resa-mapcase-kartvaska\/\" \/>\n<meta property=\"og:locale\" content=\"sv_SE\" \/>\n<meta property=\"og:type\" content=\"article\" \/>\n<meta property=\"og:title\" content=\"Kartv\u00e4ska - Retki Finland\" \/>\n<meta property=\"og:description\" content=\"ARMY modell kartv\u00e4ska f\u00f6r kr\u00e4vande anv\u00e4ndning\" \/>\n<meta property=\"og:url\" content=\"https:\/\/retki.fi\/sv\/produkt\/resa-mapcase-kartvaska\/\" \/>\n<meta property=\"og:site_name\" content=\"Retki Finland\" \/>\n<meta property=\"article:publisher\" content=\"https:\/\/www.facebook.com\/retkifinland\/\" \/>\n<meta property=\"article:modified_time\" content=\"2026-04-22T12:21:25+00:00\" \/>\n<meta property=\"og:image\" content=\"https:\/\/retki.fi\/wp-content\/uploads\/2016\/12\/R0649_4.jpg\" \/>\n\t<meta property=\"og:image:width\" content=\"1751\" \/>\n\t<meta property=\"og:image:height\" content=\"1751\" \/>\n\t<meta property=\"og:image:type\" content=\"image\/jpeg\" \/>\n<meta name=\"twitter:card\" content=\"summary_large_image\" \/>\n<script type=\"application\/ld+json\" class=\"yoast-schema-graph\">{\"@context\":\"https:\\\/\\\/schema.org\",\"@graph\":[{\"@type\":\"WebPage\",\"@id\":\"https:\\\/\\\/retki.fi\\\/sv\\\/produkt\\\/resa-mapcase-kartvaska\\\/\",\"url\":\"https:\\\/\\\/retki.fi\\\/sv\\\/produkt\\\/resa-mapcase-kartvaska\\\/\",\"name\":\"Kartv\u00e4ska - Retki Finland\",\"isPartOf\":{\"@id\":\"https:\\\/\\\/retki.fi\\\/#website\"},\"primaryImageOfPage\":{\"@id\":\"https:\\\/\\\/retki.fi\\\/sv\\\/produkt\\\/resa-mapcase-kartvaska\\\/#primaryimage\"},\"image\":{\"@id\":\"https:\\\/\\\/retki.fi\\\/sv\\\/produkt\\\/resa-mapcase-kartvaska\\\/#primaryimage\"},\"thumbnailUrl\":\"https:\\\/\\\/retki.fi\\\/wp-content\\\/uploads\\\/2016\\\/12\\\/R0649_4.jpg\",\"datePublished\":\"2016-12-27T08:29:59+00:00\",\"dateModified\":\"2026-04-22T12:21:25+00:00\",\"breadcrumb\":{\"@id\":\"https:\\\/\\\/retki.fi\\\/sv\\\/produkt\\\/resa-mapcase-kartvaska\\\/#breadcrumb\"},\"inLanguage\":\"sv-SE\",\"potentialAction\":[{\"@type\":\"ReadAction\",\"target\":[\"https:\\\/\\\/retki.fi\\\/sv\\\/produkt\\\/resa-mapcase-kartvaska\\\/\"]}]},{\"@type\":\"ImageObject\",\"inLanguage\":\"sv-SE\",\"@id\":\"https:\\\/\\\/retki.fi\\\/sv\\\/produkt\\\/resa-mapcase-kartvaska\\\/#primaryimage\",\"url\":\"https:\\\/\\\/retki.fi\\\/wp-content\\\/uploads\\\/2016\\\/12\\\/R0649_4.jpg\",\"contentUrl\":\"https:\\\/\\\/retki.fi\\\/wp-content\\\/uploads\\\/2016\\\/12\\\/R0649_4.jpg\",\"width\":1751,\"height\":1751},{\"@type\":\"BreadcrumbList\",\"@id\":\"https:\\\/\\\/retki.fi\\\/sv\\\/produkt\\\/resa-mapcase-kartvaska\\\/#breadcrumb\",\"itemListElement\":[{\"@type\":\"ListItem\",\"position\":1,\"name\":\"Etusivu\",\"item\":\"https:\\\/\\\/retki.fi\\\/\"},{\"@type\":\"ListItem\",\"position\":2,\"name\":\"Produkter\",\"item\":\"https:\\\/\\\/retki.fi\\\/sv\\\/produkter\\\/\"},{\"@type\":\"ListItem\",\"position\":3,\"name\":\"Kartv\u00e4ska\"}]},{\"@type\":\"WebSite\",\"@id\":\"https:\\\/\\\/retki.fi\\\/#website\",\"url\":\"https:\\\/\\\/retki.fi\\\/\",\"name\":\"Retki Finland\",\"description\":\"Best moments happen outdoors\",\"publisher\":{\"@id\":\"https:\\\/\\\/retki.fi\\\/#organization\"},\"potentialAction\":[{\"@type\":\"SearchAction\",\"target\":{\"@type\":\"EntryPoint\",\"urlTemplate\":\"https:\\\/\\\/retki.fi\\\/?s={search_term_string}\"},\"query-input\":{\"@type\":\"PropertyValueSpecification\",\"valueRequired\":true,\"valueName\":\"search_term_string\"}}],\"inLanguage\":\"sv-SE\"},{\"@type\":\"Organization\",\"@id\":\"https:\\\/\\\/retki.fi\\\/#organization\",\"name\":\"Retki Finland \\\/ Blue Import BIM Oy\",\"url\":\"https:\\\/\\\/retki.fi\\\/\",\"logo\":{\"@type\":\"ImageObject\",\"inLanguage\":\"sv-SE\",\"@id\":\"https:\\\/\\\/retki.fi\\\/#\\\/schema\\\/logo\\\/image\\\/\",\"url\":\"https:\\\/\\\/retki.fi\\\/wp-content\\\/uploads\\\/2018\\\/11\\\/Retki_logo_512X512px.jpg\",\"contentUrl\":\"https:\\\/\\\/retki.fi\\\/wp-content\\\/uploads\\\/2018\\\/11\\\/Retki_logo_512X512px.jpg\",\"width\":512,\"height\":512,\"caption\":\"Retki Finland \\\/ Blue Import BIM Oy\"},\"image\":{\"@id\":\"https:\\\/\\\/retki.fi\\\/#\\\/schema\\\/logo\\\/image\\\/\"},\"sameAs\":[\"https:\\\/\\\/www.facebook.com\\\/retkifinland\\\/\",\"https:\\\/\\\/www.instagram.com\\\/retkifinland\\\/\"]}]}<\/script>\n<!-- \/ Yoast SEO plugin. -->","yoast_head_json":{"title":"Kartv\u00e4ska - Retki Finland","robots":{"index":"index","follow":"follow","max-snippet":"max-snippet:-1","max-image-preview":"max-image-preview:large","max-video-preview":"max-video-preview:-1"},"canonical":"https:\/\/retki.fi\/sv\/produkt\/resa-mapcase-kartvaska\/","og_locale":"sv_SE","og_type":"article","og_title":"Kartv\u00e4ska - Retki Finland","og_description":"ARMY modell kartv\u00e4ska f\u00f6r kr\u00e4vande anv\u00e4ndning","og_url":"https:\/\/retki.fi\/sv\/produkt\/resa-mapcase-kartvaska\/","og_site_name":"Retki Finland","article_publisher":"https:\/\/www.facebook.com\/retkifinland\/","article_modified_time":"2026-04-22T12:21:25+00:00","og_image":[{"width":1751,"height":1751,"url":"https:\/\/retki.fi\/wp-content\/uploads\/2016\/12\/R0649_4.jpg","type":"image\/jpeg"}],"twitter_card":"summary_large_image","schema":{"@context":"https:\/\/schema.org","@graph":[{"@type":"WebPage","@id":"https:\/\/retki.fi\/sv\/produkt\/resa-mapcase-kartvaska\/","url":"https:\/\/retki.fi\/sv\/produkt\/resa-mapcase-kartvaska\/","name":"Kartv\u00e4ska - Retki Finland","isPartOf":{"@id":"https:\/\/retki.fi\/#website"},"primaryImageOfPage":{"@id":"https:\/\/retki.fi\/sv\/produkt\/resa-mapcase-kartvaska\/#primaryimage"},"image":{"@id":"https:\/\/retki.fi\/sv\/produkt\/resa-mapcase-kartvaska\/#primaryimage"},"thumbnailUrl":"https:\/\/retki.fi\/wp-content\/uploads\/2016\/12\/R0649_4.jpg","datePublished":"2016-12-27T08:29:59+00:00","dateModified":"2026-04-22T12:21:25+00:00","breadcrumb":{"@id":"https:\/\/retki.fi\/sv\/produkt\/resa-mapcase-kartvaska\/#breadcrumb"},"inLanguage":"sv-SE","potentialAction":[{"@type":"ReadAction","target":["https:\/\/retki.fi\/sv\/produkt\/resa-mapcase-kartvaska\/"]}]},{"@type":"ImageObject","inLanguage":"sv-SE","@id":"https:\/\/retki.fi\/sv\/produkt\/resa-mapcase-kartvaska\/#primaryimage","url":"https:\/\/retki.fi\/wp-content\/uploads\/2016\/12\/R0649_4.jpg","contentUrl":"https:\/\/retki.fi\/wp-content\/uploads\/2016\/12\/R0649_4.jpg","width":1751,"height":1751},{"@type":"BreadcrumbList","@id":"https:\/\/retki.fi\/sv\/produkt\/resa-mapcase-kartvaska\/#breadcrumb","itemListElement":[{"@type":"ListItem","position":1,"name":"Etusivu","item":"https:\/\/retki.fi\/"},{"@type":"ListItem","position":2,"name":"Produkter","item":"https:\/\/retki.fi\/sv\/produkter\/"},{"@type":"ListItem","position":3,"name":"Kartv\u00e4ska"}]},{"@type":"WebSite","@id":"https:\/\/retki.fi\/#website","url":"https:\/\/retki.fi\/","name":"Retki Finland","description":"Best moments happen outdoors","publisher":{"@id":"https:\/\/retki.fi\/#organization"},"potentialAction":[{"@type":"SearchAction","target":{"@type":"EntryPoint","urlTemplate":"https:\/\/retki.fi\/?s={search_term_string}"},"query-input":{"@type":"PropertyValueSpecification","valueRequired":true,"valueName":"search_term_string"}}],"inLanguage":"sv-SE"},{"@type":"Organization","@id":"https:\/\/retki.fi\/#organization","name":"Retki Finland \/ Blue Import BIM Oy","url":"https:\/\/retki.fi\/","logo":{"@type":"ImageObject","inLanguage":"sv-SE","@id":"https:\/\/retki.fi\/#\/schema\/logo\/image\/","url":"https:\/\/retki.fi\/wp-content\/uploads\/2018\/11\/Retki_logo_512X512px.jpg","contentUrl":"https:\/\/retki.fi\/wp-content\/uploads\/2018\/11\/Retki_logo_512X512px.jpg","width":512,"height":512,"caption":"Retki Finland \/ Blue Import BIM Oy"},"image":{"@id":"https:\/\/retki.fi\/#\/schema\/logo\/image\/"},"sameAs":["https:\/\/www.facebook.com\/retkifinland\/","https:\/\/www.instagram.com\/retkifinland\/"]}]}},"_links":{"self":[{"href":"https:\/\/retki.fi\/sv\/wp-json\/wp\/v2\/product\/12582","targetHints":{"allow":["GET"]}}],"collection":[{"href":"https:\/\/retki.fi\/sv\/wp-json\/wp\/v2\/product"}],"about":[{"href":"https:\/\/retki.fi\/sv\/wp-json\/wp\/v2\/types\/product"}],"replies":[{"embeddable":true,"href":"https:\/\/retki.fi\/sv\/wp-json\/wp\/v2\/comments?post=12582"}],"wp:featuredmedia":[{"embeddable":true,"href":"https:\/\/retki.fi\/sv\/wp-json\/wp\/v2\/media\/11973"}],"wp:attachment":[{"href":"https:\/\/retki.fi\/sv\/wp-json\/wp\/v2\/media?parent=12582"}],"wp:term":[{"taxonomy":"product_brand","embeddable":true,"href":"https:\/\/retki.fi\/sv\/wp-json\/wp\/v2\/product_brand?post=12582"},{"taxonomy":"product_cat","embeddable":true,"href":"https:\/\/retki.fi\/sv\/wp-json\/wp\/v2\/product_cat?post=12582"},{"taxonomy":"product_tag","embeddable":true,"href":"https:\/\/retki.fi\/sv\/wp-json\/wp\/v2\/product_tag?post=12582"}],"curies":[{"name":"wp","href":"https:\/\/api.w.org\/{rel}","templated":true}]}}