{"id":12590,"date":"2016-12-27T11:09:40","date_gmt":"2025-01-01T20:28:57","guid":{"rendered":"https:\/\/retki.fi\/product\/camp-n-cook-cafe-vattenkokare-lagereld-kaffekanna\/"},"modified":"2025-01-29T06:21:21","modified_gmt":"2025-01-29T04:21:21","slug":"camp-n-cook-cafe-vattenkokare-lagereld-kaffekanna","status":"publish","type":"product","link":"https:\/\/retki.fi\/sv\/produkt\/camp-n-cook-cafe-vattenkokare-lagereld-kaffekanna\/","title":{"rendered":"Camp&#8217;n&#8217;Cook kaffekanna, 0,75 l"},"content":{"rendered":"<p>Kaffekannan i aluminium har en bekv\u00e4m storlek och \u00e4r l\u00e4tt att b\u00e4ra, den passar bra f\u00f6r exempelvis resor. Pannan \u00e4r avsedd att anv\u00e4ndas p\u00e5 \u00f6ppen eld, den g\u00f6r det enkelt att brygga kaffe eller te vid l\u00e4gerelden. Pannan v\u00e4rms upp snabbt och j\u00e4mnt, den sl\u00e4pper inte igenom smaker, bakterier, lukter eller fukt. Efter anv\u00e4ndning \u00e4r den sotade pannan l\u00e4tt att reng\u00f6ra med st\u00e5lull.<\/p>\n<p>&nbsp;<\/p>\n<p><strong>Anv\u00e4ndning av aluminiumprodukter:<\/strong><\/p>\n<ul>\n<li>Aluminium leder v\u00e4rme utm\u00e4rkt, s\u00e5 r\u00e4tten v\u00e4rms upp snabbt och j\u00e4mnt. Produkterna \u00e4r l\u00e4tta att hantera och aluminium sl\u00e4pper inte igenom smaker, lukter, bakterier eller fukt.<\/li>\n<li>Eftersom metallen \u00e4r mjuk kan en ny aluminiumgryta l\u00e4mna m\u00e4rken p\u00e5 den keramiska spisen.<\/li>\n<li>Tv\u00e4tta INTE i maskin, eftersom starka tv\u00e4ttmedel kan fr\u00e4ta p\u00e5 aluminium och g\u00f6ra disken oanv\u00e4ndbar.<\/li>\n<li>Sotad panna kan reng\u00f6ras med st\u00e5lull.<\/li>\n<\/ul>\n","protected":false},"excerpt":{"rendered":"<p>Kaffekanna i bekv\u00e4m storlek och l\u00e4tt sats<\/p>\n","protected":false},"featured_media":11998,"comment_status":"closed","ping_status":"closed","template":"","meta":{"_acf_changed":false},"product_brand":[],"product_cat":[3607],"product_tag":[],"class_list":{"0":"post-12590","1":"product","2":"type-product","3":"status-publish","4":"has-post-thumbnail","6":"product_cat-utomhusmatlagning","8":"first","9":"instock","10":"shipping-taxable","11":"product-type-simple"},"acf":[],"yoast_head":"<!-- This site is optimized with the Yoast SEO plugin v26.8 - https:\/\/yoast.com\/product\/yoast-seo-wordpress\/ -->\n<title>Camp&#039;n&#039;Cook kaffekanna, 0,75 l - Retki Finland<\/title>\n<meta name=\"robots\" content=\"index, follow, max-snippet:-1, max-image-preview:large, max-video-preview:-1\" \/>\n<link rel=\"canonical\" href=\"https:\/\/retki.fi\/sv\/produkt\/camp-n-cook-cafe-vattenkokare-lagereld-kaffekanna\/\" \/>\n<meta property=\"og:locale\" content=\"sv_SE\" \/>\n<meta property=\"og:type\" content=\"article\" \/>\n<meta property=\"og:title\" content=\"Camp&#039;n&#039;Cook kaffekanna, 0,75 l - Retki Finland\" \/>\n<meta property=\"og:description\" content=\"Kaffekanna i bekv\u00e4m storlek och l\u00e4tt sats\" \/>\n<meta property=\"og:url\" content=\"https:\/\/retki.fi\/sv\/produkt\/camp-n-cook-cafe-vattenkokare-lagereld-kaffekanna\/\" \/>\n<meta property=\"og:site_name\" content=\"Retki Finland\" \/>\n<meta property=\"article:publisher\" content=\"https:\/\/www.facebook.com\/retkifinland\/\" \/>\n<meta property=\"article:modified_time\" content=\"2025-01-29T04:21:21+00:00\" \/>\n<meta property=\"og:image\" content=\"https:\/\/retki.fi\/wp-content\/uploads\/2016\/12\/R1677.png\" \/>\n\t<meta property=\"og:image:width\" content=\"942\" \/>\n\t<meta property=\"og:image:height\" content=\"1060\" \/>\n\t<meta property=\"og:image:type\" content=\"image\/png\" \/>\n<meta name=\"twitter:card\" content=\"summary_large_image\" \/>\n<meta name=\"twitter:label1\" content=\"Ber\u00e4knad l\u00e4stid\" \/>\n\t<meta name=\"twitter:data1\" content=\"1 minut\" \/>\n<script type=\"application\/ld+json\" class=\"yoast-schema-graph\">{\"@context\":\"https:\/\/schema.org\",\"@graph\":[{\"@type\":\"WebPage\",\"@id\":\"https:\/\/retki.fi\/sv\/produkt\/camp-n-cook-cafe-vattenkokare-lagereld-kaffekanna\/\",\"url\":\"https:\/\/retki.fi\/sv\/produkt\/camp-n-cook-cafe-vattenkokare-lagereld-kaffekanna\/\",\"name\":\"Camp'n'Cook kaffekanna, 0,75 l - Retki Finland\",\"isPartOf\":{\"@id\":\"https:\/\/retki.fi\/#website\"},\"primaryImageOfPage\":{\"@id\":\"https:\/\/retki.fi\/sv\/produkt\/camp-n-cook-cafe-vattenkokare-lagereld-kaffekanna\/#primaryimage\"},\"image\":{\"@id\":\"https:\/\/retki.fi\/sv\/produkt\/camp-n-cook-cafe-vattenkokare-lagereld-kaffekanna\/#primaryimage\"},\"thumbnailUrl\":\"https:\/\/retki.fi\/wp-content\/uploads\/2016\/12\/R1677.png\",\"datePublished\":\"2025-01-01T20:28:57+00:00\",\"dateModified\":\"2025-01-29T04:21:21+00:00\",\"breadcrumb\":{\"@id\":\"https:\/\/retki.fi\/sv\/produkt\/camp-n-cook-cafe-vattenkokare-lagereld-kaffekanna\/#breadcrumb\"},\"inLanguage\":\"sv-SE\",\"potentialAction\":[{\"@type\":\"ReadAction\",\"target\":[\"https:\/\/retki.fi\/sv\/produkt\/camp-n-cook-cafe-vattenkokare-lagereld-kaffekanna\/\"]}]},{\"@type\":\"ImageObject\",\"inLanguage\":\"sv-SE\",\"@id\":\"https:\/\/retki.fi\/sv\/produkt\/camp-n-cook-cafe-vattenkokare-lagereld-kaffekanna\/#primaryimage\",\"url\":\"https:\/\/retki.fi\/wp-content\/uploads\/2016\/12\/R1677.png\",\"contentUrl\":\"https:\/\/retki.fi\/wp-content\/uploads\/2016\/12\/R1677.png\",\"width\":942,\"height\":1060},{\"@type\":\"BreadcrumbList\",\"@id\":\"https:\/\/retki.fi\/sv\/produkt\/camp-n-cook-cafe-vattenkokare-lagereld-kaffekanna\/#breadcrumb\",\"itemListElement\":[{\"@type\":\"ListItem\",\"position\":1,\"name\":\"Etusivu\",\"item\":\"https:\/\/retki.fi\/\"},{\"@type\":\"ListItem\",\"position\":2,\"name\":\"Produkter\",\"item\":\"https:\/\/retki.fi\/sv\/produkter\/\"},{\"@type\":\"ListItem\",\"position\":3,\"name\":\"Camp&#8217;n&#8217;Cook kaffekanna, 0,75 l\"}]},{\"@type\":\"WebSite\",\"@id\":\"https:\/\/retki.fi\/#website\",\"url\":\"https:\/\/retki.fi\/\",\"name\":\"Retki Finland\",\"description\":\"Best moments happen outdoors\",\"publisher\":{\"@id\":\"https:\/\/retki.fi\/#organization\"},\"potentialAction\":[{\"@type\":\"SearchAction\",\"target\":{\"@type\":\"EntryPoint\",\"urlTemplate\":\"https:\/\/retki.fi\/?s={search_term_string}\"},\"query-input\":{\"@type\":\"PropertyValueSpecification\",\"valueRequired\":true,\"valueName\":\"search_term_string\"}}],\"inLanguage\":\"sv-SE\"},{\"@type\":\"Organization\",\"@id\":\"https:\/\/retki.fi\/#organization\",\"name\":\"Retki Finland \/ Blue Import BIM Oy\",\"url\":\"https:\/\/retki.fi\/\",\"logo\":{\"@type\":\"ImageObject\",\"inLanguage\":\"sv-SE\",\"@id\":\"https:\/\/retki.fi\/#\/schema\/logo\/image\/\",\"url\":\"https:\/\/retki.fi\/wp-content\/uploads\/2018\/11\/Retki_logo_512X512px.jpg\",\"contentUrl\":\"https:\/\/retki.fi\/wp-content\/uploads\/2018\/11\/Retki_logo_512X512px.jpg\",\"width\":512,\"height\":512,\"caption\":\"Retki Finland \/ Blue Import BIM Oy\"},\"image\":{\"@id\":\"https:\/\/retki.fi\/#\/schema\/logo\/image\/\"},\"sameAs\":[\"https:\/\/www.facebook.com\/retkifinland\/\",\"https:\/\/www.instagram.com\/retkifinland\/\"]}]}<\/script>\n<!-- \/ Yoast SEO plugin. -->","yoast_head_json":{"title":"Camp'n'Cook kaffekanna, 0,75 l - Retki Finland","robots":{"index":"index","follow":"follow","max-snippet":"max-snippet:-1","max-image-preview":"max-image-preview:large","max-video-preview":"max-video-preview:-1"},"canonical":"https:\/\/retki.fi\/sv\/produkt\/camp-n-cook-cafe-vattenkokare-lagereld-kaffekanna\/","og_locale":"sv_SE","og_type":"article","og_title":"Camp'n'Cook kaffekanna, 0,75 l - Retki Finland","og_description":"Kaffekanna i bekv\u00e4m storlek och l\u00e4tt sats","og_url":"https:\/\/retki.fi\/sv\/produkt\/camp-n-cook-cafe-vattenkokare-lagereld-kaffekanna\/","og_site_name":"Retki Finland","article_publisher":"https:\/\/www.facebook.com\/retkifinland\/","article_modified_time":"2025-01-29T04:21:21+00:00","og_image":[{"width":942,"height":1060,"url":"https:\/\/retki.fi\/wp-content\/uploads\/2016\/12\/R1677.png","type":"image\/png"}],"twitter_card":"summary_large_image","twitter_misc":{"Ber\u00e4knad l\u00e4stid":"1 minut"},"schema":{"@context":"https:\/\/schema.org","@graph":[{"@type":"WebPage","@id":"https:\/\/retki.fi\/sv\/produkt\/camp-n-cook-cafe-vattenkokare-lagereld-kaffekanna\/","url":"https:\/\/retki.fi\/sv\/produkt\/camp-n-cook-cafe-vattenkokare-lagereld-kaffekanna\/","name":"Camp'n'Cook kaffekanna, 0,75 l - Retki Finland","isPartOf":{"@id":"https:\/\/retki.fi\/#website"},"primaryImageOfPage":{"@id":"https:\/\/retki.fi\/sv\/produkt\/camp-n-cook-cafe-vattenkokare-lagereld-kaffekanna\/#primaryimage"},"image":{"@id":"https:\/\/retki.fi\/sv\/produkt\/camp-n-cook-cafe-vattenkokare-lagereld-kaffekanna\/#primaryimage"},"thumbnailUrl":"https:\/\/retki.fi\/wp-content\/uploads\/2016\/12\/R1677.png","datePublished":"2025-01-01T20:28:57+00:00","dateModified":"2025-01-29T04:21:21+00:00","breadcrumb":{"@id":"https:\/\/retki.fi\/sv\/produkt\/camp-n-cook-cafe-vattenkokare-lagereld-kaffekanna\/#breadcrumb"},"inLanguage":"sv-SE","potentialAction":[{"@type":"ReadAction","target":["https:\/\/retki.fi\/sv\/produkt\/camp-n-cook-cafe-vattenkokare-lagereld-kaffekanna\/"]}]},{"@type":"ImageObject","inLanguage":"sv-SE","@id":"https:\/\/retki.fi\/sv\/produkt\/camp-n-cook-cafe-vattenkokare-lagereld-kaffekanna\/#primaryimage","url":"https:\/\/retki.fi\/wp-content\/uploads\/2016\/12\/R1677.png","contentUrl":"https:\/\/retki.fi\/wp-content\/uploads\/2016\/12\/R1677.png","width":942,"height":1060},{"@type":"BreadcrumbList","@id":"https:\/\/retki.fi\/sv\/produkt\/camp-n-cook-cafe-vattenkokare-lagereld-kaffekanna\/#breadcrumb","itemListElement":[{"@type":"ListItem","position":1,"name":"Etusivu","item":"https:\/\/retki.fi\/"},{"@type":"ListItem","position":2,"name":"Produkter","item":"https:\/\/retki.fi\/sv\/produkter\/"},{"@type":"ListItem","position":3,"name":"Camp&#8217;n&#8217;Cook kaffekanna, 0,75 l"}]},{"@type":"WebSite","@id":"https:\/\/retki.fi\/#website","url":"https:\/\/retki.fi\/","name":"Retki Finland","description":"Best moments happen outdoors","publisher":{"@id":"https:\/\/retki.fi\/#organization"},"potentialAction":[{"@type":"SearchAction","target":{"@type":"EntryPoint","urlTemplate":"https:\/\/retki.fi\/?s={search_term_string}"},"query-input":{"@type":"PropertyValueSpecification","valueRequired":true,"valueName":"search_term_string"}}],"inLanguage":"sv-SE"},{"@type":"Organization","@id":"https:\/\/retki.fi\/#organization","name":"Retki Finland \/ Blue Import BIM Oy","url":"https:\/\/retki.fi\/","logo":{"@type":"ImageObject","inLanguage":"sv-SE","@id":"https:\/\/retki.fi\/#\/schema\/logo\/image\/","url":"https:\/\/retki.fi\/wp-content\/uploads\/2018\/11\/Retki_logo_512X512px.jpg","contentUrl":"https:\/\/retki.fi\/wp-content\/uploads\/2018\/11\/Retki_logo_512X512px.jpg","width":512,"height":512,"caption":"Retki Finland \/ Blue Import BIM Oy"},"image":{"@id":"https:\/\/retki.fi\/#\/schema\/logo\/image\/"},"sameAs":["https:\/\/www.facebook.com\/retkifinland\/","https:\/\/www.instagram.com\/retkifinland\/"]}]}},"_links":{"self":[{"href":"https:\/\/retki.fi\/sv\/wp-json\/wp\/v2\/product\/12590","targetHints":{"allow":["GET"]}}],"collection":[{"href":"https:\/\/retki.fi\/sv\/wp-json\/wp\/v2\/product"}],"about":[{"href":"https:\/\/retki.fi\/sv\/wp-json\/wp\/v2\/types\/product"}],"replies":[{"embeddable":true,"href":"https:\/\/retki.fi\/sv\/wp-json\/wp\/v2\/comments?post=12590"}],"wp:featuredmedia":[{"embeddable":true,"href":"https:\/\/retki.fi\/sv\/wp-json\/wp\/v2\/media\/11998"}],"wp:attachment":[{"href":"https:\/\/retki.fi\/sv\/wp-json\/wp\/v2\/media?parent=12590"}],"wp:term":[{"taxonomy":"product_brand","embeddable":true,"href":"https:\/\/retki.fi\/sv\/wp-json\/wp\/v2\/product_brand?post=12590"},{"taxonomy":"product_cat","embeddable":true,"href":"https:\/\/retki.fi\/sv\/wp-json\/wp\/v2\/product_cat?post=12590"},{"taxonomy":"product_tag","embeddable":true,"href":"https:\/\/retki.fi\/sv\/wp-json\/wp\/v2\/product_tag?post=12590"}],"curies":[{"name":"wp","href":"https:\/\/api.w.org\/{rel}","templated":true}]}}