{"id":12610,"date":"2017-01-10T10:46:01","date_gmt":"2025-01-01T20:28:58","guid":{"rendered":"https:\/\/retki.fi\/product\/resor-retro-ryggsack\/"},"modified":"2025-01-28T04:32:26","modified_gmt":"2025-01-28T02:32:26","slug":"resor-retro-ryggsack","status":"publish","type":"product","link":"https:\/\/retki.fi\/sv\/produkt\/resor-retro-ryggsack\/","title":{"rendered":"Ryggs\u00e4ck Retro ECO 16 l gr\u00f6n"},"content":{"rendered":"<p>En klassisk och tidl\u00f6s ryggs\u00e4ck gjord av 100 % \u00e5tervunnet material l\u00e4mpar sig f\u00f6r m\u00e5nga \u00e4ndam\u00e5l.<\/p>\n<p>Retki Retro-ryggs\u00e4cken \u00e4r en snygg och h\u00f6gkvalitativ ryggs\u00e4ck som passar m\u00e4nniskor i alla \u00e5ldrar och f\u00f6r anv\u00e4ndning till exempel i skolan, p\u00e5 resor och p\u00e5 fritiden.<\/p>\n<p>Ryggs\u00e4cken har en egen 16l-ficka, en laptopficka och ett avtagbart h\u00f6rnskydd f\u00f6r den b\u00e4rbara datorn. Det finns en ficka framtill f\u00f6r sm\u00e5saker, inuti vilken det finns ett fack f\u00f6r \u00e4ven mindre f\u00f6rem\u00e5l. Axelremmarna \u00e4r vadderade, s\u00e5 ryggs\u00e4cken \u00e4r bekv\u00e4m att b\u00e4ra. 600D polyester har anv\u00e4nts som tillverkningsmaterial. F\u00f6rst\u00e4rkt bas. 3 \u00e5rs garanti.<\/p>\n<p>&nbsp;<\/p>\n<p>&nbsp;<\/p>\n<p>Materialet i ryggs\u00e4cken \u00e4r polyester 600D gjord av plastflaskor. 22 5000 ml flaskor anv\u00e4nds f\u00f6r att g\u00f6ra en ryggs\u00e4ck. Plastflaskorna finmals med maskin, och det resulterande materialet anv\u00e4nds f\u00f6r att g\u00f6ra garn av vilket tyg v\u00e4vs.<\/p>\n","protected":false},"excerpt":{"rendered":"<p>En klassisk och tidl\u00f6s ryggs\u00e4ck gjord av 100 % \u00e5tervunnet material l\u00e4mpar sig f\u00f6r m\u00e5nga \u00e4ndam\u00e5l.<\/p>\n","protected":false},"featured_media":12057,"comment_status":"closed","ping_status":"closed","template":"","meta":{"_acf_changed":false},"product_brand":[],"product_cat":[3600,3574],"product_tag":[],"class_list":{"0":"post-12610","1":"product","2":"type-product","3":"status-publish","4":"has-post-thumbnail","6":"product_cat-ryggsackar-sv-vaskor-och-dagryggsackar","7":"product_cat-vaskor-och-dagryggsackar","9":"first","10":"instock","11":"shipping-taxable","12":"product-type-simple"},"acf":[],"yoast_head":"<!-- This site is optimized with the Yoast SEO plugin v26.8 - https:\/\/yoast.com\/product\/yoast-seo-wordpress\/ -->\n<title>Ryggs\u00e4ck Retro ECO 16 l gr\u00f6n - Retki Finland<\/title>\n<meta name=\"robots\" content=\"index, follow, max-snippet:-1, max-image-preview:large, max-video-preview:-1\" \/>\n<link rel=\"canonical\" href=\"https:\/\/retki.fi\/sv\/produkt\/resor-retro-ryggsack\/\" \/>\n<meta property=\"og:locale\" content=\"sv_SE\" \/>\n<meta property=\"og:type\" content=\"article\" \/>\n<meta property=\"og:title\" content=\"Ryggs\u00e4ck Retro ECO 16 l gr\u00f6n - Retki Finland\" \/>\n<meta property=\"og:description\" content=\"En klassisk och tidl\u00f6s ryggs\u00e4ck gjord av 100 % \u00e5tervunnet material l\u00e4mpar sig f\u00f6r m\u00e5nga \u00e4ndam\u00e5l.\" \/>\n<meta property=\"og:url\" content=\"https:\/\/retki.fi\/sv\/produkt\/resor-retro-ryggsack\/\" \/>\n<meta property=\"og:site_name\" content=\"Retki Finland\" \/>\n<meta property=\"article:publisher\" content=\"https:\/\/www.facebook.com\/retkifinland\/\" \/>\n<meta property=\"article:modified_time\" content=\"2025-01-28T02:32:26+00:00\" \/>\n<meta property=\"og:image\" content=\"https:\/\/retki.fi\/wp-content\/uploads\/2017\/01\/Retro_vihrea_front.jpg\" \/>\n\t<meta property=\"og:image:width\" content=\"708\" \/>\n\t<meta property=\"og:image:height\" content=\"1000\" \/>\n\t<meta property=\"og:image:type\" content=\"image\/jpeg\" \/>\n<meta name=\"twitter:card\" content=\"summary_large_image\" \/>\n<meta name=\"twitter:label1\" content=\"Ber\u00e4knad l\u00e4stid\" \/>\n\t<meta name=\"twitter:data1\" content=\"1 minut\" \/>\n<script type=\"application\/ld+json\" class=\"yoast-schema-graph\">{\"@context\":\"https:\/\/schema.org\",\"@graph\":[{\"@type\":\"WebPage\",\"@id\":\"https:\/\/retki.fi\/sv\/produkt\/resor-retro-ryggsack\/\",\"url\":\"https:\/\/retki.fi\/sv\/produkt\/resor-retro-ryggsack\/\",\"name\":\"Ryggs\u00e4ck Retro ECO 16 l gr\u00f6n - Retki Finland\",\"isPartOf\":{\"@id\":\"https:\/\/retki.fi\/#website\"},\"primaryImageOfPage\":{\"@id\":\"https:\/\/retki.fi\/sv\/produkt\/resor-retro-ryggsack\/#primaryimage\"},\"image\":{\"@id\":\"https:\/\/retki.fi\/sv\/produkt\/resor-retro-ryggsack\/#primaryimage\"},\"thumbnailUrl\":\"https:\/\/retki.fi\/wp-content\/uploads\/2017\/01\/Retro_vihrea_front.jpg\",\"datePublished\":\"2025-01-01T20:28:58+00:00\",\"dateModified\":\"2025-01-28T02:32:26+00:00\",\"breadcrumb\":{\"@id\":\"https:\/\/retki.fi\/sv\/produkt\/resor-retro-ryggsack\/#breadcrumb\"},\"inLanguage\":\"sv-SE\",\"potentialAction\":[{\"@type\":\"ReadAction\",\"target\":[\"https:\/\/retki.fi\/sv\/produkt\/resor-retro-ryggsack\/\"]}]},{\"@type\":\"ImageObject\",\"inLanguage\":\"sv-SE\",\"@id\":\"https:\/\/retki.fi\/sv\/produkt\/resor-retro-ryggsack\/#primaryimage\",\"url\":\"https:\/\/retki.fi\/wp-content\/uploads\/2017\/01\/Retro_vihrea_front.jpg\",\"contentUrl\":\"https:\/\/retki.fi\/wp-content\/uploads\/2017\/01\/Retro_vihrea_front.jpg\",\"width\":708,\"height\":1000},{\"@type\":\"BreadcrumbList\",\"@id\":\"https:\/\/retki.fi\/sv\/produkt\/resor-retro-ryggsack\/#breadcrumb\",\"itemListElement\":[{\"@type\":\"ListItem\",\"position\":1,\"name\":\"Etusivu\",\"item\":\"https:\/\/retki.fi\/\"},{\"@type\":\"ListItem\",\"position\":2,\"name\":\"Produkter\",\"item\":\"https:\/\/retki.fi\/sv\/produkter\/\"},{\"@type\":\"ListItem\",\"position\":3,\"name\":\"Ryggs\u00e4ck Retro ECO 16 l gr\u00f6n\"}]},{\"@type\":\"WebSite\",\"@id\":\"https:\/\/retki.fi\/#website\",\"url\":\"https:\/\/retki.fi\/\",\"name\":\"Retki Finland\",\"description\":\"Best moments happen outdoors\",\"publisher\":{\"@id\":\"https:\/\/retki.fi\/#organization\"},\"potentialAction\":[{\"@type\":\"SearchAction\",\"target\":{\"@type\":\"EntryPoint\",\"urlTemplate\":\"https:\/\/retki.fi\/?s={search_term_string}\"},\"query-input\":{\"@type\":\"PropertyValueSpecification\",\"valueRequired\":true,\"valueName\":\"search_term_string\"}}],\"inLanguage\":\"sv-SE\"},{\"@type\":\"Organization\",\"@id\":\"https:\/\/retki.fi\/#organization\",\"name\":\"Retki Finland \/ Blue Import BIM Oy\",\"url\":\"https:\/\/retki.fi\/\",\"logo\":{\"@type\":\"ImageObject\",\"inLanguage\":\"sv-SE\",\"@id\":\"https:\/\/retki.fi\/#\/schema\/logo\/image\/\",\"url\":\"https:\/\/retki.fi\/wp-content\/uploads\/2018\/11\/Retki_logo_512X512px.jpg\",\"contentUrl\":\"https:\/\/retki.fi\/wp-content\/uploads\/2018\/11\/Retki_logo_512X512px.jpg\",\"width\":512,\"height\":512,\"caption\":\"Retki Finland \/ Blue Import BIM Oy\"},\"image\":{\"@id\":\"https:\/\/retki.fi\/#\/schema\/logo\/image\/\"},\"sameAs\":[\"https:\/\/www.facebook.com\/retkifinland\/\",\"https:\/\/www.instagram.com\/retkifinland\/\"]}]}<\/script>\n<!-- \/ Yoast SEO plugin. -->","yoast_head_json":{"title":"Ryggs\u00e4ck Retro ECO 16 l gr\u00f6n - Retki Finland","robots":{"index":"index","follow":"follow","max-snippet":"max-snippet:-1","max-image-preview":"max-image-preview:large","max-video-preview":"max-video-preview:-1"},"canonical":"https:\/\/retki.fi\/sv\/produkt\/resor-retro-ryggsack\/","og_locale":"sv_SE","og_type":"article","og_title":"Ryggs\u00e4ck Retro ECO 16 l gr\u00f6n - Retki Finland","og_description":"En klassisk och tidl\u00f6s ryggs\u00e4ck gjord av 100 % \u00e5tervunnet material l\u00e4mpar sig f\u00f6r m\u00e5nga \u00e4ndam\u00e5l.","og_url":"https:\/\/retki.fi\/sv\/produkt\/resor-retro-ryggsack\/","og_site_name":"Retki Finland","article_publisher":"https:\/\/www.facebook.com\/retkifinland\/","article_modified_time":"2025-01-28T02:32:26+00:00","og_image":[{"width":708,"height":1000,"url":"https:\/\/retki.fi\/wp-content\/uploads\/2017\/01\/Retro_vihrea_front.jpg","type":"image\/jpeg"}],"twitter_card":"summary_large_image","twitter_misc":{"Ber\u00e4knad l\u00e4stid":"1 minut"},"schema":{"@context":"https:\/\/schema.org","@graph":[{"@type":"WebPage","@id":"https:\/\/retki.fi\/sv\/produkt\/resor-retro-ryggsack\/","url":"https:\/\/retki.fi\/sv\/produkt\/resor-retro-ryggsack\/","name":"Ryggs\u00e4ck Retro ECO 16 l gr\u00f6n - Retki Finland","isPartOf":{"@id":"https:\/\/retki.fi\/#website"},"primaryImageOfPage":{"@id":"https:\/\/retki.fi\/sv\/produkt\/resor-retro-ryggsack\/#primaryimage"},"image":{"@id":"https:\/\/retki.fi\/sv\/produkt\/resor-retro-ryggsack\/#primaryimage"},"thumbnailUrl":"https:\/\/retki.fi\/wp-content\/uploads\/2017\/01\/Retro_vihrea_front.jpg","datePublished":"2025-01-01T20:28:58+00:00","dateModified":"2025-01-28T02:32:26+00:00","breadcrumb":{"@id":"https:\/\/retki.fi\/sv\/produkt\/resor-retro-ryggsack\/#breadcrumb"},"inLanguage":"sv-SE","potentialAction":[{"@type":"ReadAction","target":["https:\/\/retki.fi\/sv\/produkt\/resor-retro-ryggsack\/"]}]},{"@type":"ImageObject","inLanguage":"sv-SE","@id":"https:\/\/retki.fi\/sv\/produkt\/resor-retro-ryggsack\/#primaryimage","url":"https:\/\/retki.fi\/wp-content\/uploads\/2017\/01\/Retro_vihrea_front.jpg","contentUrl":"https:\/\/retki.fi\/wp-content\/uploads\/2017\/01\/Retro_vihrea_front.jpg","width":708,"height":1000},{"@type":"BreadcrumbList","@id":"https:\/\/retki.fi\/sv\/produkt\/resor-retro-ryggsack\/#breadcrumb","itemListElement":[{"@type":"ListItem","position":1,"name":"Etusivu","item":"https:\/\/retki.fi\/"},{"@type":"ListItem","position":2,"name":"Produkter","item":"https:\/\/retki.fi\/sv\/produkter\/"},{"@type":"ListItem","position":3,"name":"Ryggs\u00e4ck Retro ECO 16 l gr\u00f6n"}]},{"@type":"WebSite","@id":"https:\/\/retki.fi\/#website","url":"https:\/\/retki.fi\/","name":"Retki Finland","description":"Best moments happen outdoors","publisher":{"@id":"https:\/\/retki.fi\/#organization"},"potentialAction":[{"@type":"SearchAction","target":{"@type":"EntryPoint","urlTemplate":"https:\/\/retki.fi\/?s={search_term_string}"},"query-input":{"@type":"PropertyValueSpecification","valueRequired":true,"valueName":"search_term_string"}}],"inLanguage":"sv-SE"},{"@type":"Organization","@id":"https:\/\/retki.fi\/#organization","name":"Retki Finland \/ Blue Import BIM Oy","url":"https:\/\/retki.fi\/","logo":{"@type":"ImageObject","inLanguage":"sv-SE","@id":"https:\/\/retki.fi\/#\/schema\/logo\/image\/","url":"https:\/\/retki.fi\/wp-content\/uploads\/2018\/11\/Retki_logo_512X512px.jpg","contentUrl":"https:\/\/retki.fi\/wp-content\/uploads\/2018\/11\/Retki_logo_512X512px.jpg","width":512,"height":512,"caption":"Retki Finland \/ Blue Import BIM Oy"},"image":{"@id":"https:\/\/retki.fi\/#\/schema\/logo\/image\/"},"sameAs":["https:\/\/www.facebook.com\/retkifinland\/","https:\/\/www.instagram.com\/retkifinland\/"]}]}},"_links":{"self":[{"href":"https:\/\/retki.fi\/sv\/wp-json\/wp\/v2\/product\/12610","targetHints":{"allow":["GET"]}}],"collection":[{"href":"https:\/\/retki.fi\/sv\/wp-json\/wp\/v2\/product"}],"about":[{"href":"https:\/\/retki.fi\/sv\/wp-json\/wp\/v2\/types\/product"}],"replies":[{"embeddable":true,"href":"https:\/\/retki.fi\/sv\/wp-json\/wp\/v2\/comments?post=12610"}],"wp:featuredmedia":[{"embeddable":true,"href":"https:\/\/retki.fi\/sv\/wp-json\/wp\/v2\/media\/12057"}],"wp:attachment":[{"href":"https:\/\/retki.fi\/sv\/wp-json\/wp\/v2\/media?parent=12610"}],"wp:term":[{"taxonomy":"product_brand","embeddable":true,"href":"https:\/\/retki.fi\/sv\/wp-json\/wp\/v2\/product_brand?post=12610"},{"taxonomy":"product_cat","embeddable":true,"href":"https:\/\/retki.fi\/sv\/wp-json\/wp\/v2\/product_cat?post=12610"},{"taxonomy":"product_tag","embeddable":true,"href":"https:\/\/retki.fi\/sv\/wp-json\/wp\/v2\/product_tag?post=12610"}],"curies":[{"name":"wp","href":"https:\/\/api.w.org\/{rel}","templated":true}]}}