{"id":12702,"date":"2018-01-29T15:51:58","date_gmt":"2018-01-29T13:51:58","guid":{"rendered":"https:\/\/retki.fi\/product\/filekniv-keramik-slipare\/"},"modified":"2026-04-22T15:21:10","modified_gmt":"2026-04-22T12:21:10","slug":"filekniv-keramik-slipare","status":"publish","type":"product","link":"https:\/\/retki.fi\/sv\/produkt\/filekniv-keramik-slipare\/","title":{"rendered":"Fil\u00e9kniv + keramisk sk\u00e4rpning"},"content":{"rendered":"<p>Retkens fil\u00e9kniv \u00e4r en kniv f\u00f6r att filea fisk av h\u00f6gkvalitativt rostfritt st\u00e5l, som passar f\u00f6r b\u00e5de fisketurer och k\u00f6ket. Tack vare sin lilla storlek passar kniven bekv\u00e4mt p\u00e5 en fisketur. Handtaget \u00e4r format s\u00e5 att du f\u00e5r ett stadigt och s\u00e4kert grepp, fingerskyddet skyddar dina fingrar vid hantering av hala fiskar. Inkluderar ett nylonskydd och en keramisk sk\u00e4rpning.<\/p>\n<p>&nbsp;<\/p>\n","protected":false},"excerpt":{"rendered":"<p>H\u00f6gkvalitativ fil\u00e9kniv av rostfritt st\u00e5l f\u00f6r fisketurer.<\/p>\n","protected":false},"featured_media":10975,"comment_status":"closed","ping_status":"closed","template":"","meta":{"_acf_changed":false},"product_brand":[],"product_cat":[3614,3573],"product_tag":[],"class_list":{"0":"post-12702","1":"product","2":"type-product","3":"status-publish","4":"has-post-thumbnail","6":"product_cat-knivar","7":"product_cat-multiverktyg-och-knivar-sv","9":"first","10":"instock","11":"shipping-taxable","12":"product-type-simple"},"acf":[],"yoast_head":"<!-- This site is optimized with the Yoast SEO plugin v27.4 - https:\/\/yoast.com\/product\/yoast-seo-wordpress\/ -->\n<title>Fil\u00e9kniv + keramisk sk\u00e4rpning - Retki Finland<\/title>\n<meta name=\"robots\" content=\"index, follow, max-snippet:-1, max-image-preview:large, max-video-preview:-1\" \/>\n<link rel=\"canonical\" href=\"https:\/\/retki.fi\/sv\/produkt\/filekniv-keramik-slipare\/\" \/>\n<meta property=\"og:locale\" content=\"sv_SE\" \/>\n<meta property=\"og:type\" content=\"article\" \/>\n<meta property=\"og:title\" content=\"Fil\u00e9kniv + keramisk sk\u00e4rpning - Retki Finland\" \/>\n<meta property=\"og:description\" content=\"H\u00f6gkvalitativ fil\u00e9kniv av rostfritt st\u00e5l f\u00f6r fisketurer.\" \/>\n<meta property=\"og:url\" content=\"https:\/\/retki.fi\/sv\/produkt\/filekniv-keramik-slipare\/\" \/>\n<meta property=\"og:site_name\" content=\"Retki Finland\" \/>\n<meta property=\"article:publisher\" content=\"https:\/\/www.facebook.com\/retkifinland\/\" \/>\n<meta property=\"article:modified_time\" content=\"2026-04-22T12:21:10+00:00\" \/>\n<meta property=\"og:image\" content=\"https:\/\/retki.fi\/wp-content\/uploads\/2018\/01\/Fileerausveitsi_R5547-1-scaled.jpg\" \/>\n\t<meta property=\"og:image:width\" content=\"2560\" \/>\n\t<meta property=\"og:image:height\" content=\"1394\" \/>\n\t<meta property=\"og:image:type\" content=\"image\/jpeg\" \/>\n<meta name=\"twitter:card\" content=\"summary_large_image\" \/>\n<script type=\"application\/ld+json\" class=\"yoast-schema-graph\">{\"@context\":\"https:\\\/\\\/schema.org\",\"@graph\":[{\"@type\":\"WebPage\",\"@id\":\"https:\\\/\\\/retki.fi\\\/sv\\\/produkt\\\/filekniv-keramik-slipare\\\/\",\"url\":\"https:\\\/\\\/retki.fi\\\/sv\\\/produkt\\\/filekniv-keramik-slipare\\\/\",\"name\":\"Fil\u00e9kniv + keramisk sk\u00e4rpning - Retki Finland\",\"isPartOf\":{\"@id\":\"https:\\\/\\\/retki.fi\\\/#website\"},\"primaryImageOfPage\":{\"@id\":\"https:\\\/\\\/retki.fi\\\/sv\\\/produkt\\\/filekniv-keramik-slipare\\\/#primaryimage\"},\"image\":{\"@id\":\"https:\\\/\\\/retki.fi\\\/sv\\\/produkt\\\/filekniv-keramik-slipare\\\/#primaryimage\"},\"thumbnailUrl\":\"https:\\\/\\\/retki.fi\\\/wp-content\\\/uploads\\\/2018\\\/01\\\/Fileerausveitsi_R5547-1-scaled.jpg\",\"datePublished\":\"2018-01-29T13:51:58+00:00\",\"dateModified\":\"2026-04-22T12:21:10+00:00\",\"breadcrumb\":{\"@id\":\"https:\\\/\\\/retki.fi\\\/sv\\\/produkt\\\/filekniv-keramik-slipare\\\/#breadcrumb\"},\"inLanguage\":\"sv-SE\",\"potentialAction\":[{\"@type\":\"ReadAction\",\"target\":[\"https:\\\/\\\/retki.fi\\\/sv\\\/produkt\\\/filekniv-keramik-slipare\\\/\"]}]},{\"@type\":\"ImageObject\",\"inLanguage\":\"sv-SE\",\"@id\":\"https:\\\/\\\/retki.fi\\\/sv\\\/produkt\\\/filekniv-keramik-slipare\\\/#primaryimage\",\"url\":\"https:\\\/\\\/retki.fi\\\/wp-content\\\/uploads\\\/2018\\\/01\\\/Fileerausveitsi_R5547-1-scaled.jpg\",\"contentUrl\":\"https:\\\/\\\/retki.fi\\\/wp-content\\\/uploads\\\/2018\\\/01\\\/Fileerausveitsi_R5547-1-scaled.jpg\",\"width\":2560,\"height\":1394,\"caption\":\"OLYMPUS DIGITAL CAMERA\"},{\"@type\":\"BreadcrumbList\",\"@id\":\"https:\\\/\\\/retki.fi\\\/sv\\\/produkt\\\/filekniv-keramik-slipare\\\/#breadcrumb\",\"itemListElement\":[{\"@type\":\"ListItem\",\"position\":1,\"name\":\"Etusivu\",\"item\":\"https:\\\/\\\/retki.fi\\\/\"},{\"@type\":\"ListItem\",\"position\":2,\"name\":\"Produkter\",\"item\":\"https:\\\/\\\/retki.fi\\\/sv\\\/produkter\\\/\"},{\"@type\":\"ListItem\",\"position\":3,\"name\":\"Fil\u00e9kniv + keramisk sk\u00e4rpning\"}]},{\"@type\":\"WebSite\",\"@id\":\"https:\\\/\\\/retki.fi\\\/#website\",\"url\":\"https:\\\/\\\/retki.fi\\\/\",\"name\":\"Retki Finland\",\"description\":\"Best moments happen outdoors\",\"publisher\":{\"@id\":\"https:\\\/\\\/retki.fi\\\/#organization\"},\"potentialAction\":[{\"@type\":\"SearchAction\",\"target\":{\"@type\":\"EntryPoint\",\"urlTemplate\":\"https:\\\/\\\/retki.fi\\\/?s={search_term_string}\"},\"query-input\":{\"@type\":\"PropertyValueSpecification\",\"valueRequired\":true,\"valueName\":\"search_term_string\"}}],\"inLanguage\":\"sv-SE\"},{\"@type\":\"Organization\",\"@id\":\"https:\\\/\\\/retki.fi\\\/#organization\",\"name\":\"Retki Finland \\\/ Blue Import BIM Oy\",\"url\":\"https:\\\/\\\/retki.fi\\\/\",\"logo\":{\"@type\":\"ImageObject\",\"inLanguage\":\"sv-SE\",\"@id\":\"https:\\\/\\\/retki.fi\\\/#\\\/schema\\\/logo\\\/image\\\/\",\"url\":\"https:\\\/\\\/retki.fi\\\/wp-content\\\/uploads\\\/2018\\\/11\\\/Retki_logo_512X512px.jpg\",\"contentUrl\":\"https:\\\/\\\/retki.fi\\\/wp-content\\\/uploads\\\/2018\\\/11\\\/Retki_logo_512X512px.jpg\",\"width\":512,\"height\":512,\"caption\":\"Retki Finland \\\/ Blue Import BIM Oy\"},\"image\":{\"@id\":\"https:\\\/\\\/retki.fi\\\/#\\\/schema\\\/logo\\\/image\\\/\"},\"sameAs\":[\"https:\\\/\\\/www.facebook.com\\\/retkifinland\\\/\",\"https:\\\/\\\/www.instagram.com\\\/retkifinland\\\/\"]}]}<\/script>\n<!-- \/ Yoast SEO plugin. -->","yoast_head_json":{"title":"Fil\u00e9kniv + keramisk sk\u00e4rpning - Retki Finland","robots":{"index":"index","follow":"follow","max-snippet":"max-snippet:-1","max-image-preview":"max-image-preview:large","max-video-preview":"max-video-preview:-1"},"canonical":"https:\/\/retki.fi\/sv\/produkt\/filekniv-keramik-slipare\/","og_locale":"sv_SE","og_type":"article","og_title":"Fil\u00e9kniv + keramisk sk\u00e4rpning - Retki Finland","og_description":"H\u00f6gkvalitativ fil\u00e9kniv av rostfritt st\u00e5l f\u00f6r fisketurer.","og_url":"https:\/\/retki.fi\/sv\/produkt\/filekniv-keramik-slipare\/","og_site_name":"Retki Finland","article_publisher":"https:\/\/www.facebook.com\/retkifinland\/","article_modified_time":"2026-04-22T12:21:10+00:00","og_image":[{"width":2560,"height":1394,"url":"https:\/\/retki.fi\/wp-content\/uploads\/2018\/01\/Fileerausveitsi_R5547-1-scaled.jpg","type":"image\/jpeg"}],"twitter_card":"summary_large_image","schema":{"@context":"https:\/\/schema.org","@graph":[{"@type":"WebPage","@id":"https:\/\/retki.fi\/sv\/produkt\/filekniv-keramik-slipare\/","url":"https:\/\/retki.fi\/sv\/produkt\/filekniv-keramik-slipare\/","name":"Fil\u00e9kniv + keramisk sk\u00e4rpning - Retki Finland","isPartOf":{"@id":"https:\/\/retki.fi\/#website"},"primaryImageOfPage":{"@id":"https:\/\/retki.fi\/sv\/produkt\/filekniv-keramik-slipare\/#primaryimage"},"image":{"@id":"https:\/\/retki.fi\/sv\/produkt\/filekniv-keramik-slipare\/#primaryimage"},"thumbnailUrl":"https:\/\/retki.fi\/wp-content\/uploads\/2018\/01\/Fileerausveitsi_R5547-1-scaled.jpg","datePublished":"2018-01-29T13:51:58+00:00","dateModified":"2026-04-22T12:21:10+00:00","breadcrumb":{"@id":"https:\/\/retki.fi\/sv\/produkt\/filekniv-keramik-slipare\/#breadcrumb"},"inLanguage":"sv-SE","potentialAction":[{"@type":"ReadAction","target":["https:\/\/retki.fi\/sv\/produkt\/filekniv-keramik-slipare\/"]}]},{"@type":"ImageObject","inLanguage":"sv-SE","@id":"https:\/\/retki.fi\/sv\/produkt\/filekniv-keramik-slipare\/#primaryimage","url":"https:\/\/retki.fi\/wp-content\/uploads\/2018\/01\/Fileerausveitsi_R5547-1-scaled.jpg","contentUrl":"https:\/\/retki.fi\/wp-content\/uploads\/2018\/01\/Fileerausveitsi_R5547-1-scaled.jpg","width":2560,"height":1394,"caption":"OLYMPUS DIGITAL CAMERA"},{"@type":"BreadcrumbList","@id":"https:\/\/retki.fi\/sv\/produkt\/filekniv-keramik-slipare\/#breadcrumb","itemListElement":[{"@type":"ListItem","position":1,"name":"Etusivu","item":"https:\/\/retki.fi\/"},{"@type":"ListItem","position":2,"name":"Produkter","item":"https:\/\/retki.fi\/sv\/produkter\/"},{"@type":"ListItem","position":3,"name":"Fil\u00e9kniv + keramisk sk\u00e4rpning"}]},{"@type":"WebSite","@id":"https:\/\/retki.fi\/#website","url":"https:\/\/retki.fi\/","name":"Retki Finland","description":"Best moments happen outdoors","publisher":{"@id":"https:\/\/retki.fi\/#organization"},"potentialAction":[{"@type":"SearchAction","target":{"@type":"EntryPoint","urlTemplate":"https:\/\/retki.fi\/?s={search_term_string}"},"query-input":{"@type":"PropertyValueSpecification","valueRequired":true,"valueName":"search_term_string"}}],"inLanguage":"sv-SE"},{"@type":"Organization","@id":"https:\/\/retki.fi\/#organization","name":"Retki Finland \/ Blue Import BIM Oy","url":"https:\/\/retki.fi\/","logo":{"@type":"ImageObject","inLanguage":"sv-SE","@id":"https:\/\/retki.fi\/#\/schema\/logo\/image\/","url":"https:\/\/retki.fi\/wp-content\/uploads\/2018\/11\/Retki_logo_512X512px.jpg","contentUrl":"https:\/\/retki.fi\/wp-content\/uploads\/2018\/11\/Retki_logo_512X512px.jpg","width":512,"height":512,"caption":"Retki Finland \/ Blue Import BIM Oy"},"image":{"@id":"https:\/\/retki.fi\/#\/schema\/logo\/image\/"},"sameAs":["https:\/\/www.facebook.com\/retkifinland\/","https:\/\/www.instagram.com\/retkifinland\/"]}]}},"_links":{"self":[{"href":"https:\/\/retki.fi\/sv\/wp-json\/wp\/v2\/product\/12702","targetHints":{"allow":["GET"]}}],"collection":[{"href":"https:\/\/retki.fi\/sv\/wp-json\/wp\/v2\/product"}],"about":[{"href":"https:\/\/retki.fi\/sv\/wp-json\/wp\/v2\/types\/product"}],"replies":[{"embeddable":true,"href":"https:\/\/retki.fi\/sv\/wp-json\/wp\/v2\/comments?post=12702"}],"wp:featuredmedia":[{"embeddable":true,"href":"https:\/\/retki.fi\/sv\/wp-json\/wp\/v2\/media\/10975"}],"wp:attachment":[{"href":"https:\/\/retki.fi\/sv\/wp-json\/wp\/v2\/media?parent=12702"}],"wp:term":[{"taxonomy":"product_brand","embeddable":true,"href":"https:\/\/retki.fi\/sv\/wp-json\/wp\/v2\/product_brand?post=12702"},{"taxonomy":"product_cat","embeddable":true,"href":"https:\/\/retki.fi\/sv\/wp-json\/wp\/v2\/product_cat?post=12702"},{"taxonomy":"product_tag","embeddable":true,"href":"https:\/\/retki.fi\/sv\/wp-json\/wp\/v2\/product_tag?post=12702"}],"curies":[{"name":"wp","href":"https:\/\/api.w.org\/{rel}","templated":true}]}}