{"id":12704,"date":"2018-02-05T13:16:13","date_gmt":"2018-02-05T11:16:13","guid":{"rendered":"https:\/\/retki.fi\/product\/utflykt-ryggsack-isryggsack\/"},"modified":"2026-04-22T15:21:09","modified_gmt":"2026-04-22T12:21:09","slug":"utflykt-ryggsack-isryggsack","status":"publish","type":"product","link":"https:\/\/retki.fi\/sv\/produkt\/utflykt-ryggsack-isryggsack\/","title":{"rendered":"Isryggs\u00e4ck Ryggs\u00e4ck"},"content":{"rendered":"<p>Tillverkad i Finland \u00e4r Repakka isryggs\u00e4cken en h\u00f6gkvalitativ och bekv\u00e4m utrustning f\u00f6r vinterfiske.<\/p>\n<p>Tillverkad av cellul\u00e4r polypropen, den extremt t\u00e5liga och robusta ryggs\u00e4cken fungerar ocks\u00e5 som ett s\u00e4te, och dess lastkapacitet \u00e4r upp till 350 kg.<\/p>\n<p>Den praktiska ryggs\u00e4cken har ett g\u00e5ngj\u00e4rnslock, en avtagbar fisklucka, en flyttbar skiljev\u00e4gg och speciella f\u00f6rvaringsplatser f\u00f6r larvburkarna. Ryggs\u00e4cken \u00e4r riktigt bekv\u00e4m och l\u00e4tt att b\u00e4ra, den har vadderade och justerbara slitsar p\u00e5 ryggen.<\/p>\n<p>&nbsp;<\/p>\n<ul>\n<li>TILLVERKAD I FINLAND<\/li>\n<\/ul>\n","protected":false},"excerpt":{"rendered":"<p>Tillverkad i Finland, en slitstark isryggs\u00e4ck som \u00e4ven fungerar som sittdel.<\/p>\n<p><a href=\"https:\/\/www.youtube.com\/watch?v=XungvHGidds\" target=\"_blank\" rel=\"noopener noreferrer\">Installera ekolodet p\u00e5 Repakka-isryggs\u00e4cken \u2013 titta p\u00e5 videon!<\/a><\/p>\n","protected":false},"featured_media":10980,"comment_status":"closed","ping_status":"closed","template":"","meta":{"_acf_changed":false},"product_brand":[],"product_cat":[3599,3574],"product_tag":[],"class_list":{"0":"post-12704","1":"product","2":"type-product","3":"status-publish","4":"has-post-thumbnail","6":"product_cat-ryggsacksstolar","7":"product_cat-vaskor-och-dagryggsackar","9":"first","10":"instock","11":"shipping-taxable","12":"product-type-simple"},"acf":[],"yoast_head":"<!-- This site is optimized with the Yoast SEO plugin v27.4 - https:\/\/yoast.com\/product\/yoast-seo-wordpress\/ -->\n<title>Isryggs\u00e4ck Ryggs\u00e4ck - Retki Finland<\/title>\n<meta name=\"robots\" content=\"index, follow, max-snippet:-1, max-image-preview:large, max-video-preview:-1\" \/>\n<link rel=\"canonical\" href=\"https:\/\/retki.fi\/sv\/produkt\/utflykt-ryggsack-isryggsack\/\" \/>\n<meta property=\"og:locale\" content=\"sv_SE\" \/>\n<meta property=\"og:type\" content=\"article\" \/>\n<meta property=\"og:title\" content=\"Isryggs\u00e4ck Ryggs\u00e4ck - Retki Finland\" \/>\n<meta property=\"og:description\" content=\"Tillverkad i Finland, en slitstark isryggs\u00e4ck som \u00e4ven fungerar som sittdel. Installera ekolodet p\u00e5 Repakka-isryggs\u00e4cken \u2013 titta p\u00e5 videon!\" \/>\n<meta property=\"og:url\" content=\"https:\/\/retki.fi\/sv\/produkt\/utflykt-ryggsack-isryggsack\/\" \/>\n<meta property=\"og:site_name\" content=\"Retki Finland\" \/>\n<meta property=\"article:publisher\" content=\"https:\/\/www.facebook.com\/retkifinland\/\" \/>\n<meta property=\"article:modified_time\" content=\"2026-04-22T12:21:09+00:00\" \/>\n<meta property=\"og:image\" content=\"https:\/\/retki.fi\/wp-content\/uploads\/2018\/02\/R5551_5_web.jpg\" \/>\n\t<meta property=\"og:image:width\" content=\"661\" \/>\n\t<meta property=\"og:image:height\" content=\"713\" \/>\n\t<meta property=\"og:image:type\" content=\"image\/jpeg\" \/>\n<meta name=\"twitter:card\" content=\"summary_large_image\" \/>\n<script type=\"application\/ld+json\" class=\"yoast-schema-graph\">{\"@context\":\"https:\\\/\\\/schema.org\",\"@graph\":[{\"@type\":\"WebPage\",\"@id\":\"https:\\\/\\\/retki.fi\\\/sv\\\/produkt\\\/utflykt-ryggsack-isryggsack\\\/\",\"url\":\"https:\\\/\\\/retki.fi\\\/sv\\\/produkt\\\/utflykt-ryggsack-isryggsack\\\/\",\"name\":\"Isryggs\u00e4ck Ryggs\u00e4ck - Retki Finland\",\"isPartOf\":{\"@id\":\"https:\\\/\\\/retki.fi\\\/#website\"},\"primaryImageOfPage\":{\"@id\":\"https:\\\/\\\/retki.fi\\\/sv\\\/produkt\\\/utflykt-ryggsack-isryggsack\\\/#primaryimage\"},\"image\":{\"@id\":\"https:\\\/\\\/retki.fi\\\/sv\\\/produkt\\\/utflykt-ryggsack-isryggsack\\\/#primaryimage\"},\"thumbnailUrl\":\"https:\\\/\\\/retki.fi\\\/wp-content\\\/uploads\\\/2018\\\/02\\\/R5551_5_web.jpg\",\"datePublished\":\"2018-02-05T11:16:13+00:00\",\"dateModified\":\"2026-04-22T12:21:09+00:00\",\"breadcrumb\":{\"@id\":\"https:\\\/\\\/retki.fi\\\/sv\\\/produkt\\\/utflykt-ryggsack-isryggsack\\\/#breadcrumb\"},\"inLanguage\":\"sv-SE\",\"potentialAction\":[{\"@type\":\"ReadAction\",\"target\":[\"https:\\\/\\\/retki.fi\\\/sv\\\/produkt\\\/utflykt-ryggsack-isryggsack\\\/\"]}]},{\"@type\":\"ImageObject\",\"inLanguage\":\"sv-SE\",\"@id\":\"https:\\\/\\\/retki.fi\\\/sv\\\/produkt\\\/utflykt-ryggsack-isryggsack\\\/#primaryimage\",\"url\":\"https:\\\/\\\/retki.fi\\\/wp-content\\\/uploads\\\/2018\\\/02\\\/R5551_5_web.jpg\",\"contentUrl\":\"https:\\\/\\\/retki.fi\\\/wp-content\\\/uploads\\\/2018\\\/02\\\/R5551_5_web.jpg\",\"width\":661,\"height\":713},{\"@type\":\"BreadcrumbList\",\"@id\":\"https:\\\/\\\/retki.fi\\\/sv\\\/produkt\\\/utflykt-ryggsack-isryggsack\\\/#breadcrumb\",\"itemListElement\":[{\"@type\":\"ListItem\",\"position\":1,\"name\":\"Etusivu\",\"item\":\"https:\\\/\\\/retki.fi\\\/\"},{\"@type\":\"ListItem\",\"position\":2,\"name\":\"Produkter\",\"item\":\"https:\\\/\\\/retki.fi\\\/sv\\\/produkter\\\/\"},{\"@type\":\"ListItem\",\"position\":3,\"name\":\"Isryggs\u00e4ck Ryggs\u00e4ck\"}]},{\"@type\":\"WebSite\",\"@id\":\"https:\\\/\\\/retki.fi\\\/#website\",\"url\":\"https:\\\/\\\/retki.fi\\\/\",\"name\":\"Retki Finland\",\"description\":\"Best moments happen outdoors\",\"publisher\":{\"@id\":\"https:\\\/\\\/retki.fi\\\/#organization\"},\"potentialAction\":[{\"@type\":\"SearchAction\",\"target\":{\"@type\":\"EntryPoint\",\"urlTemplate\":\"https:\\\/\\\/retki.fi\\\/?s={search_term_string}\"},\"query-input\":{\"@type\":\"PropertyValueSpecification\",\"valueRequired\":true,\"valueName\":\"search_term_string\"}}],\"inLanguage\":\"sv-SE\"},{\"@type\":\"Organization\",\"@id\":\"https:\\\/\\\/retki.fi\\\/#organization\",\"name\":\"Retki Finland \\\/ Blue Import BIM Oy\",\"url\":\"https:\\\/\\\/retki.fi\\\/\",\"logo\":{\"@type\":\"ImageObject\",\"inLanguage\":\"sv-SE\",\"@id\":\"https:\\\/\\\/retki.fi\\\/#\\\/schema\\\/logo\\\/image\\\/\",\"url\":\"https:\\\/\\\/retki.fi\\\/wp-content\\\/uploads\\\/2018\\\/11\\\/Retki_logo_512X512px.jpg\",\"contentUrl\":\"https:\\\/\\\/retki.fi\\\/wp-content\\\/uploads\\\/2018\\\/11\\\/Retki_logo_512X512px.jpg\",\"width\":512,\"height\":512,\"caption\":\"Retki Finland \\\/ Blue Import BIM Oy\"},\"image\":{\"@id\":\"https:\\\/\\\/retki.fi\\\/#\\\/schema\\\/logo\\\/image\\\/\"},\"sameAs\":[\"https:\\\/\\\/www.facebook.com\\\/retkifinland\\\/\",\"https:\\\/\\\/www.instagram.com\\\/retkifinland\\\/\"]}]}<\/script>\n<!-- \/ Yoast SEO plugin. -->","yoast_head_json":{"title":"Isryggs\u00e4ck Ryggs\u00e4ck - Retki Finland","robots":{"index":"index","follow":"follow","max-snippet":"max-snippet:-1","max-image-preview":"max-image-preview:large","max-video-preview":"max-video-preview:-1"},"canonical":"https:\/\/retki.fi\/sv\/produkt\/utflykt-ryggsack-isryggsack\/","og_locale":"sv_SE","og_type":"article","og_title":"Isryggs\u00e4ck Ryggs\u00e4ck - Retki Finland","og_description":"Tillverkad i Finland, en slitstark isryggs\u00e4ck som \u00e4ven fungerar som sittdel. Installera ekolodet p\u00e5 Repakka-isryggs\u00e4cken \u2013 titta p\u00e5 videon!","og_url":"https:\/\/retki.fi\/sv\/produkt\/utflykt-ryggsack-isryggsack\/","og_site_name":"Retki Finland","article_publisher":"https:\/\/www.facebook.com\/retkifinland\/","article_modified_time":"2026-04-22T12:21:09+00:00","og_image":[{"width":661,"height":713,"url":"https:\/\/retki.fi\/wp-content\/uploads\/2018\/02\/R5551_5_web.jpg","type":"image\/jpeg"}],"twitter_card":"summary_large_image","schema":{"@context":"https:\/\/schema.org","@graph":[{"@type":"WebPage","@id":"https:\/\/retki.fi\/sv\/produkt\/utflykt-ryggsack-isryggsack\/","url":"https:\/\/retki.fi\/sv\/produkt\/utflykt-ryggsack-isryggsack\/","name":"Isryggs\u00e4ck Ryggs\u00e4ck - Retki Finland","isPartOf":{"@id":"https:\/\/retki.fi\/#website"},"primaryImageOfPage":{"@id":"https:\/\/retki.fi\/sv\/produkt\/utflykt-ryggsack-isryggsack\/#primaryimage"},"image":{"@id":"https:\/\/retki.fi\/sv\/produkt\/utflykt-ryggsack-isryggsack\/#primaryimage"},"thumbnailUrl":"https:\/\/retki.fi\/wp-content\/uploads\/2018\/02\/R5551_5_web.jpg","datePublished":"2018-02-05T11:16:13+00:00","dateModified":"2026-04-22T12:21:09+00:00","breadcrumb":{"@id":"https:\/\/retki.fi\/sv\/produkt\/utflykt-ryggsack-isryggsack\/#breadcrumb"},"inLanguage":"sv-SE","potentialAction":[{"@type":"ReadAction","target":["https:\/\/retki.fi\/sv\/produkt\/utflykt-ryggsack-isryggsack\/"]}]},{"@type":"ImageObject","inLanguage":"sv-SE","@id":"https:\/\/retki.fi\/sv\/produkt\/utflykt-ryggsack-isryggsack\/#primaryimage","url":"https:\/\/retki.fi\/wp-content\/uploads\/2018\/02\/R5551_5_web.jpg","contentUrl":"https:\/\/retki.fi\/wp-content\/uploads\/2018\/02\/R5551_5_web.jpg","width":661,"height":713},{"@type":"BreadcrumbList","@id":"https:\/\/retki.fi\/sv\/produkt\/utflykt-ryggsack-isryggsack\/#breadcrumb","itemListElement":[{"@type":"ListItem","position":1,"name":"Etusivu","item":"https:\/\/retki.fi\/"},{"@type":"ListItem","position":2,"name":"Produkter","item":"https:\/\/retki.fi\/sv\/produkter\/"},{"@type":"ListItem","position":3,"name":"Isryggs\u00e4ck Ryggs\u00e4ck"}]},{"@type":"WebSite","@id":"https:\/\/retki.fi\/#website","url":"https:\/\/retki.fi\/","name":"Retki Finland","description":"Best moments happen outdoors","publisher":{"@id":"https:\/\/retki.fi\/#organization"},"potentialAction":[{"@type":"SearchAction","target":{"@type":"EntryPoint","urlTemplate":"https:\/\/retki.fi\/?s={search_term_string}"},"query-input":{"@type":"PropertyValueSpecification","valueRequired":true,"valueName":"search_term_string"}}],"inLanguage":"sv-SE"},{"@type":"Organization","@id":"https:\/\/retki.fi\/#organization","name":"Retki Finland \/ Blue Import BIM Oy","url":"https:\/\/retki.fi\/","logo":{"@type":"ImageObject","inLanguage":"sv-SE","@id":"https:\/\/retki.fi\/#\/schema\/logo\/image\/","url":"https:\/\/retki.fi\/wp-content\/uploads\/2018\/11\/Retki_logo_512X512px.jpg","contentUrl":"https:\/\/retki.fi\/wp-content\/uploads\/2018\/11\/Retki_logo_512X512px.jpg","width":512,"height":512,"caption":"Retki Finland \/ Blue Import BIM Oy"},"image":{"@id":"https:\/\/retki.fi\/#\/schema\/logo\/image\/"},"sameAs":["https:\/\/www.facebook.com\/retkifinland\/","https:\/\/www.instagram.com\/retkifinland\/"]}]}},"_links":{"self":[{"href":"https:\/\/retki.fi\/sv\/wp-json\/wp\/v2\/product\/12704","targetHints":{"allow":["GET"]}}],"collection":[{"href":"https:\/\/retki.fi\/sv\/wp-json\/wp\/v2\/product"}],"about":[{"href":"https:\/\/retki.fi\/sv\/wp-json\/wp\/v2\/types\/product"}],"replies":[{"embeddable":true,"href":"https:\/\/retki.fi\/sv\/wp-json\/wp\/v2\/comments?post=12704"}],"wp:featuredmedia":[{"embeddable":true,"href":"https:\/\/retki.fi\/sv\/wp-json\/wp\/v2\/media\/10980"}],"wp:attachment":[{"href":"https:\/\/retki.fi\/sv\/wp-json\/wp\/v2\/media?parent=12704"}],"wp:term":[{"taxonomy":"product_brand","embeddable":true,"href":"https:\/\/retki.fi\/sv\/wp-json\/wp\/v2\/product_brand?post=12704"},{"taxonomy":"product_cat","embeddable":true,"href":"https:\/\/retki.fi\/sv\/wp-json\/wp\/v2\/product_cat?post=12704"},{"taxonomy":"product_tag","embeddable":true,"href":"https:\/\/retki.fi\/sv\/wp-json\/wp\/v2\/product_tag?post=12704"}],"curies":[{"name":"wp","href":"https:\/\/api.w.org\/{rel}","templated":true}]}}