{"id":12718,"date":"2018-11-02T14:36:34","date_gmt":"2018-11-02T12:36:34","guid":{"rendered":"https:\/\/retki.fi\/product\/lammvast\/"},"modified":"2025-01-28T11:29:16","modified_gmt":"2025-01-28T09:29:16","slug":"lammvast","status":"publish","type":"product","link":"https:\/\/retki.fi\/sv\/produkt\/lammvast\/","title":{"rendered":"Termov\u00e4st"},"content":{"rendered":"<p>Retti L\u00e4mp\u00f6liivi \u00e4r designad speciellt f\u00f6r fritiden. Tack vare sina egenskaper l\u00e4mpar den sig perfekt f\u00f6r t.ex. f\u00f6r m\u00e5ngsidiga vinteraktiviteter utomhus, camping, b\u00e5tliv och fiske. Den snygga v\u00e4sten, som fungerar med en reservkraftk\u00e4lla, h\u00e5ller effektivt utomhusm\u00e4nniskan varm. V\u00e4rmeelementen placerade p\u00e5 nacke och rygg skapar en varm k\u00e4nsla f\u00f6r hela kroppen \u00e4ven i kallt v\u00e4der.<\/p>\n<p>V\u00e4rmev\u00e4sten fungerar med n\u00e4stan vilken USB-str\u00f6mbank som helst (motst\u00e5nd 1,35A). Beroende p\u00e5 effektiviteten hos reservkraftk\u00e4llan h\u00e5ller v\u00e4sten sig varm under l\u00e5ng tid. Till exempel, med en 5000mAh powerbank varar kontinuerlig h\u00f6g temperatur (r\u00f6d funktion) cirka 2 timmar, kontinuerlig temperatur (vit funktion) cirka 3,5 timmar och l\u00e5g temperatur (bl\u00e5 funktion) cirka 5 timmar. Str\u00f6mk\u00e4llan placeras i v\u00e4stens v\u00e4nstra sidoficka, d\u00e4r den har ett eget fack. En rymlig ficka med dragkedja kan diskret rymma en st\u00f6rre reservkraftk\u00e4lla.<\/p>\n<p>&nbsp;<\/p>\n<p>Reservstr\u00f6mf\u00f6rs\u00f6rjningen s\u00e4ljs separat.<\/p>\n<p><a href=\"https:\/\/www.framocompany.fi\/Retkifinland\/2018\/11\/09\/retki-lampoliivi-menestyi-erinomaiseinte-tm-rakennusmaailma-lehden-testissa\/\">L\u00e4s Retkes tillk\u00e4nnagivande om TM Rakennusmaailmas 8\/201 termisk v\u00e4st test <\/a><\/p>\n<p>Vi skickade en termov\u00e4st till bloggaren &#8221;Ruusu-unelmiaa i woolsukki&#8221;. <a href=\"https:\/\/www.ruusu-unelmia.fi\/2021\/12\/retki-lampoliivi.html\" target=\"_blank\" rel=\"noopener\">L\u00e4s hans tankar om produkten.<\/a><\/p>\n","protected":false},"excerpt":{"rendered":"<p>Back-up str\u00f6mf\u00f6rs\u00f6rjning, snygg Retki termov\u00e4st f\u00f6r fritid<\/p>\n<p><strong>TM Rakennusmaailma tidningen (10\/2018) testvinnare!<\/strong><\/p>\n","protected":false},"featured_media":12323,"comment_status":"closed","ping_status":"closed","template":"","meta":{"_acf_changed":false},"product_brand":[],"product_cat":[3604,3562],"product_tag":[],"class_list":{"0":"post-12718","1":"product","2":"type-product","3":"status-publish","4":"has-post-thumbnail","6":"product_cat-barbar-elektronik-sv","7":"product_cat-klader-sv","9":"first","10":"instock","11":"shipping-taxable","12":"product-type-simple"},"acf":[],"yoast_head":"<!-- This site is optimized with the Yoast SEO plugin v26.8 - https:\/\/yoast.com\/product\/yoast-seo-wordpress\/ -->\n<title>Termov\u00e4st - Retki Finland<\/title>\n<meta name=\"robots\" content=\"index, follow, max-snippet:-1, max-image-preview:large, max-video-preview:-1\" \/>\n<link rel=\"canonical\" href=\"https:\/\/retki.fi\/sv\/produkt\/lammvast\/\" \/>\n<meta property=\"og:locale\" content=\"sv_SE\" \/>\n<meta property=\"og:type\" content=\"article\" \/>\n<meta property=\"og:title\" content=\"Termov\u00e4st - Retki Finland\" \/>\n<meta property=\"og:description\" content=\"Back-up str\u00f6mf\u00f6rs\u00f6rjning, snygg Retki termov\u00e4st f\u00f6r fritid TM Rakennusmaailma tidningen (10\/2018) testvinnare!\" \/>\n<meta property=\"og:url\" content=\"https:\/\/retki.fi\/sv\/produkt\/lammvast\/\" \/>\n<meta property=\"og:site_name\" content=\"Retki Finland\" \/>\n<meta property=\"article:publisher\" content=\"https:\/\/www.facebook.com\/retkifinland\/\" \/>\n<meta property=\"article:modified_time\" content=\"2025-01-28T09:29:16+00:00\" \/>\n<meta property=\"og:image\" content=\"https:\/\/retki.fi\/wp-content\/uploads\/2018\/11\/lampoliivi-2.jpg\" \/>\n\t<meta property=\"og:image:width\" content=\"515\" \/>\n\t<meta property=\"og:image:height\" content=\"768\" \/>\n\t<meta property=\"og:image:type\" content=\"image\/jpeg\" \/>\n<meta name=\"twitter:card\" content=\"summary_large_image\" \/>\n<meta name=\"twitter:label1\" content=\"Ber\u00e4knad l\u00e4stid\" \/>\n\t<meta name=\"twitter:data1\" content=\"1 minut\" \/>\n<script type=\"application\/ld+json\" class=\"yoast-schema-graph\">{\"@context\":\"https:\/\/schema.org\",\"@graph\":[{\"@type\":\"WebPage\",\"@id\":\"https:\/\/retki.fi\/sv\/produkt\/lammvast\/\",\"url\":\"https:\/\/retki.fi\/sv\/produkt\/lammvast\/\",\"name\":\"Termov\u00e4st - Retki Finland\",\"isPartOf\":{\"@id\":\"https:\/\/retki.fi\/#website\"},\"primaryImageOfPage\":{\"@id\":\"https:\/\/retki.fi\/sv\/produkt\/lammvast\/#primaryimage\"},\"image\":{\"@id\":\"https:\/\/retki.fi\/sv\/produkt\/lammvast\/#primaryimage\"},\"thumbnailUrl\":\"https:\/\/retki.fi\/wp-content\/uploads\/2018\/11\/lampoliivi-2.jpg\",\"datePublished\":\"2018-11-02T12:36:34+00:00\",\"dateModified\":\"2025-01-28T09:29:16+00:00\",\"breadcrumb\":{\"@id\":\"https:\/\/retki.fi\/sv\/produkt\/lammvast\/#breadcrumb\"},\"inLanguage\":\"sv-SE\",\"potentialAction\":[{\"@type\":\"ReadAction\",\"target\":[\"https:\/\/retki.fi\/sv\/produkt\/lammvast\/\"]}]},{\"@type\":\"ImageObject\",\"inLanguage\":\"sv-SE\",\"@id\":\"https:\/\/retki.fi\/sv\/produkt\/lammvast\/#primaryimage\",\"url\":\"https:\/\/retki.fi\/wp-content\/uploads\/2018\/11\/lampoliivi-2.jpg\",\"contentUrl\":\"https:\/\/retki.fi\/wp-content\/uploads\/2018\/11\/lampoliivi-2.jpg\",\"width\":515,\"height\":768},{\"@type\":\"BreadcrumbList\",\"@id\":\"https:\/\/retki.fi\/sv\/produkt\/lammvast\/#breadcrumb\",\"itemListElement\":[{\"@type\":\"ListItem\",\"position\":1,\"name\":\"Etusivu\",\"item\":\"https:\/\/retki.fi\/\"},{\"@type\":\"ListItem\",\"position\":2,\"name\":\"Produkter\",\"item\":\"https:\/\/retki.fi\/sv\/produkter\/\"},{\"@type\":\"ListItem\",\"position\":3,\"name\":\"Termov\u00e4st\"}]},{\"@type\":\"WebSite\",\"@id\":\"https:\/\/retki.fi\/#website\",\"url\":\"https:\/\/retki.fi\/\",\"name\":\"Retki Finland\",\"description\":\"Best moments happen outdoors\",\"publisher\":{\"@id\":\"https:\/\/retki.fi\/#organization\"},\"potentialAction\":[{\"@type\":\"SearchAction\",\"target\":{\"@type\":\"EntryPoint\",\"urlTemplate\":\"https:\/\/retki.fi\/?s={search_term_string}\"},\"query-input\":{\"@type\":\"PropertyValueSpecification\",\"valueRequired\":true,\"valueName\":\"search_term_string\"}}],\"inLanguage\":\"sv-SE\"},{\"@type\":\"Organization\",\"@id\":\"https:\/\/retki.fi\/#organization\",\"name\":\"Retki Finland \/ Blue Import BIM Oy\",\"url\":\"https:\/\/retki.fi\/\",\"logo\":{\"@type\":\"ImageObject\",\"inLanguage\":\"sv-SE\",\"@id\":\"https:\/\/retki.fi\/#\/schema\/logo\/image\/\",\"url\":\"https:\/\/retki.fi\/wp-content\/uploads\/2018\/11\/Retki_logo_512X512px.jpg\",\"contentUrl\":\"https:\/\/retki.fi\/wp-content\/uploads\/2018\/11\/Retki_logo_512X512px.jpg\",\"width\":512,\"height\":512,\"caption\":\"Retki Finland \/ Blue Import BIM Oy\"},\"image\":{\"@id\":\"https:\/\/retki.fi\/#\/schema\/logo\/image\/\"},\"sameAs\":[\"https:\/\/www.facebook.com\/retkifinland\/\",\"https:\/\/www.instagram.com\/retkifinland\/\"]}]}<\/script>\n<!-- \/ Yoast SEO plugin. -->","yoast_head_json":{"title":"Termov\u00e4st - Retki Finland","robots":{"index":"index","follow":"follow","max-snippet":"max-snippet:-1","max-image-preview":"max-image-preview:large","max-video-preview":"max-video-preview:-1"},"canonical":"https:\/\/retki.fi\/sv\/produkt\/lammvast\/","og_locale":"sv_SE","og_type":"article","og_title":"Termov\u00e4st - Retki Finland","og_description":"Back-up str\u00f6mf\u00f6rs\u00f6rjning, snygg Retki termov\u00e4st f\u00f6r fritid TM Rakennusmaailma tidningen (10\/2018) testvinnare!","og_url":"https:\/\/retki.fi\/sv\/produkt\/lammvast\/","og_site_name":"Retki Finland","article_publisher":"https:\/\/www.facebook.com\/retkifinland\/","article_modified_time":"2025-01-28T09:29:16+00:00","og_image":[{"width":515,"height":768,"url":"https:\/\/retki.fi\/wp-content\/uploads\/2018\/11\/lampoliivi-2.jpg","type":"image\/jpeg"}],"twitter_card":"summary_large_image","twitter_misc":{"Ber\u00e4knad l\u00e4stid":"1 minut"},"schema":{"@context":"https:\/\/schema.org","@graph":[{"@type":"WebPage","@id":"https:\/\/retki.fi\/sv\/produkt\/lammvast\/","url":"https:\/\/retki.fi\/sv\/produkt\/lammvast\/","name":"Termov\u00e4st - Retki Finland","isPartOf":{"@id":"https:\/\/retki.fi\/#website"},"primaryImageOfPage":{"@id":"https:\/\/retki.fi\/sv\/produkt\/lammvast\/#primaryimage"},"image":{"@id":"https:\/\/retki.fi\/sv\/produkt\/lammvast\/#primaryimage"},"thumbnailUrl":"https:\/\/retki.fi\/wp-content\/uploads\/2018\/11\/lampoliivi-2.jpg","datePublished":"2018-11-02T12:36:34+00:00","dateModified":"2025-01-28T09:29:16+00:00","breadcrumb":{"@id":"https:\/\/retki.fi\/sv\/produkt\/lammvast\/#breadcrumb"},"inLanguage":"sv-SE","potentialAction":[{"@type":"ReadAction","target":["https:\/\/retki.fi\/sv\/produkt\/lammvast\/"]}]},{"@type":"ImageObject","inLanguage":"sv-SE","@id":"https:\/\/retki.fi\/sv\/produkt\/lammvast\/#primaryimage","url":"https:\/\/retki.fi\/wp-content\/uploads\/2018\/11\/lampoliivi-2.jpg","contentUrl":"https:\/\/retki.fi\/wp-content\/uploads\/2018\/11\/lampoliivi-2.jpg","width":515,"height":768},{"@type":"BreadcrumbList","@id":"https:\/\/retki.fi\/sv\/produkt\/lammvast\/#breadcrumb","itemListElement":[{"@type":"ListItem","position":1,"name":"Etusivu","item":"https:\/\/retki.fi\/"},{"@type":"ListItem","position":2,"name":"Produkter","item":"https:\/\/retki.fi\/sv\/produkter\/"},{"@type":"ListItem","position":3,"name":"Termov\u00e4st"}]},{"@type":"WebSite","@id":"https:\/\/retki.fi\/#website","url":"https:\/\/retki.fi\/","name":"Retki Finland","description":"Best moments happen outdoors","publisher":{"@id":"https:\/\/retki.fi\/#organization"},"potentialAction":[{"@type":"SearchAction","target":{"@type":"EntryPoint","urlTemplate":"https:\/\/retki.fi\/?s={search_term_string}"},"query-input":{"@type":"PropertyValueSpecification","valueRequired":true,"valueName":"search_term_string"}}],"inLanguage":"sv-SE"},{"@type":"Organization","@id":"https:\/\/retki.fi\/#organization","name":"Retki Finland \/ Blue Import BIM Oy","url":"https:\/\/retki.fi\/","logo":{"@type":"ImageObject","inLanguage":"sv-SE","@id":"https:\/\/retki.fi\/#\/schema\/logo\/image\/","url":"https:\/\/retki.fi\/wp-content\/uploads\/2018\/11\/Retki_logo_512X512px.jpg","contentUrl":"https:\/\/retki.fi\/wp-content\/uploads\/2018\/11\/Retki_logo_512X512px.jpg","width":512,"height":512,"caption":"Retki Finland \/ Blue Import BIM Oy"},"image":{"@id":"https:\/\/retki.fi\/#\/schema\/logo\/image\/"},"sameAs":["https:\/\/www.facebook.com\/retkifinland\/","https:\/\/www.instagram.com\/retkifinland\/"]}]}},"_links":{"self":[{"href":"https:\/\/retki.fi\/sv\/wp-json\/wp\/v2\/product\/12718","targetHints":{"allow":["GET"]}}],"collection":[{"href":"https:\/\/retki.fi\/sv\/wp-json\/wp\/v2\/product"}],"about":[{"href":"https:\/\/retki.fi\/sv\/wp-json\/wp\/v2\/types\/product"}],"replies":[{"embeddable":true,"href":"https:\/\/retki.fi\/sv\/wp-json\/wp\/v2\/comments?post=12718"}],"wp:featuredmedia":[{"embeddable":true,"href":"https:\/\/retki.fi\/sv\/wp-json\/wp\/v2\/media\/12323"}],"wp:attachment":[{"href":"https:\/\/retki.fi\/sv\/wp-json\/wp\/v2\/media?parent=12718"}],"wp:term":[{"taxonomy":"product_brand","embeddable":true,"href":"https:\/\/retki.fi\/sv\/wp-json\/wp\/v2\/product_brand?post=12718"},{"taxonomy":"product_cat","embeddable":true,"href":"https:\/\/retki.fi\/sv\/wp-json\/wp\/v2\/product_cat?post=12718"},{"taxonomy":"product_tag","embeddable":true,"href":"https:\/\/retki.fi\/sv\/wp-json\/wp\/v2\/product_tag?post=12718"}],"curies":[{"name":"wp","href":"https:\/\/api.w.org\/{rel}","templated":true}]}}