{"id":12765,"date":"2019-09-23T15:48:04","date_gmt":"2025-01-01T20:33:38","guid":{"rendered":"https:\/\/retki.fi\/product\/svampkniv\/"},"modified":"2025-01-29T06:18:11","modified_gmt":"2025-01-29T04:18:11","slug":"svampkniv","status":"publish","type":"product","link":"https:\/\/retki.fi\/sv\/produkt\/svampkniv\/","title":{"rendered":"Svampkniv"},"content":{"rendered":"<p>Den snygga hopf\u00e4llbara svampkniven \u00e4r praktisk att ta med sig p\u00e5 en svampresa.<\/p>\n<p>&nbsp;<\/p>\n<p><iframe title=\"Retki sieniveitsi esittely\" width=\"800\" height=\"450\" src=\"https:\/\/www.youtube.com\/embed\/UNjqkhdmMEE?feature=oembed\" frameborder=\"0\" allow=\"accelerometer; autoplay; clipboard-write; encrypted-media; gyroscope; picture-in-picture; web-share\" referrerpolicy=\"strict-origin-when-cross-origin\" allowfullscreen><\/iframe><\/p>\n<p>L\u00e4s Ruusu-unelmia och ullstrumpor &#8211;<a href=\"https:\/\/www.ruusu-unelmia.fi\/2021\/08\/hyvaa-valtakunnallista-sienipaivaa-ja.html\" target=\"_blank\" rel=\"noopener\"> ber\u00e4ttelse om nationella svampdagen och svampkniv<\/a>.<\/p>\n","protected":false},"excerpt":{"rendered":"<p>Absolut utrustning f\u00f6r svampskogen! Praktiskt att packa med sig.<\/p>\n","protected":false},"featured_media":12370,"comment_status":"closed","ping_status":"closed","template":"","meta":{"_acf_changed":false},"product_brand":[],"product_cat":[3613,3607],"product_tag":[],"class_list":{"0":"post-12765","1":"product","2":"type-product","3":"status-publish","4":"has-post-thumbnail","6":"product_cat-multiverktyg","7":"product_cat-utomhusmatlagning","9":"first","10":"instock","11":"shipping-taxable","12":"product-type-simple"},"acf":[],"yoast_head":"<!-- This site is optimized with the Yoast SEO plugin v26.8 - https:\/\/yoast.com\/product\/yoast-seo-wordpress\/ -->\n<title>Svampkniv - Retki Finland<\/title>\n<meta name=\"robots\" content=\"index, follow, max-snippet:-1, max-image-preview:large, max-video-preview:-1\" \/>\n<link rel=\"canonical\" href=\"https:\/\/retki.fi\/sv\/produkt\/svampkniv\/\" \/>\n<meta property=\"og:locale\" content=\"sv_SE\" \/>\n<meta property=\"og:type\" content=\"article\" \/>\n<meta property=\"og:title\" content=\"Svampkniv - Retki Finland\" \/>\n<meta property=\"og:description\" content=\"Absolut utrustning f\u00f6r svampskogen! Praktiskt att packa med sig.\" \/>\n<meta property=\"og:url\" content=\"https:\/\/retki.fi\/sv\/produkt\/svampkniv\/\" \/>\n<meta property=\"og:site_name\" content=\"Retki Finland\" \/>\n<meta property=\"article:publisher\" content=\"https:\/\/www.facebook.com\/retkifinland\/\" \/>\n<meta property=\"article:modified_time\" content=\"2025-01-29T04:18:11+00:00\" \/>\n<meta property=\"og:image\" content=\"https:\/\/retki.fi\/wp-content\/uploads\/2019\/09\/R5642_6418536006634_PO7145_006.jpeg\" \/>\n\t<meta property=\"og:image:width\" content=\"500\" \/>\n\t<meta property=\"og:image:height\" content=\"296\" \/>\n\t<meta property=\"og:image:type\" content=\"image\/jpeg\" \/>\n<meta name=\"twitter:card\" content=\"summary_large_image\" \/>\n<script type=\"application\/ld+json\" class=\"yoast-schema-graph\">{\"@context\":\"https:\/\/schema.org\",\"@graph\":[{\"@type\":\"WebPage\",\"@id\":\"https:\/\/retki.fi\/sv\/produkt\/svampkniv\/\",\"url\":\"https:\/\/retki.fi\/sv\/produkt\/svampkniv\/\",\"name\":\"Svampkniv - Retki Finland\",\"isPartOf\":{\"@id\":\"https:\/\/retki.fi\/#website\"},\"primaryImageOfPage\":{\"@id\":\"https:\/\/retki.fi\/sv\/produkt\/svampkniv\/#primaryimage\"},\"image\":{\"@id\":\"https:\/\/retki.fi\/sv\/produkt\/svampkniv\/#primaryimage\"},\"thumbnailUrl\":\"https:\/\/retki.fi\/wp-content\/uploads\/2019\/09\/R5642_6418536006634_PO7145_006.jpeg\",\"datePublished\":\"2025-01-01T20:33:38+00:00\",\"dateModified\":\"2025-01-29T04:18:11+00:00\",\"breadcrumb\":{\"@id\":\"https:\/\/retki.fi\/sv\/produkt\/svampkniv\/#breadcrumb\"},\"inLanguage\":\"sv-SE\",\"potentialAction\":[{\"@type\":\"ReadAction\",\"target\":[\"https:\/\/retki.fi\/sv\/produkt\/svampkniv\/\"]}]},{\"@type\":\"ImageObject\",\"inLanguage\":\"sv-SE\",\"@id\":\"https:\/\/retki.fi\/sv\/produkt\/svampkniv\/#primaryimage\",\"url\":\"https:\/\/retki.fi\/wp-content\/uploads\/2019\/09\/R5642_6418536006634_PO7145_006.jpeg\",\"contentUrl\":\"https:\/\/retki.fi\/wp-content\/uploads\/2019\/09\/R5642_6418536006634_PO7145_006.jpeg\",\"width\":500,\"height\":296},{\"@type\":\"BreadcrumbList\",\"@id\":\"https:\/\/retki.fi\/sv\/produkt\/svampkniv\/#breadcrumb\",\"itemListElement\":[{\"@type\":\"ListItem\",\"position\":1,\"name\":\"Etusivu\",\"item\":\"https:\/\/retki.fi\/\"},{\"@type\":\"ListItem\",\"position\":2,\"name\":\"Produkter\",\"item\":\"https:\/\/retki.fi\/sv\/produkter\/\"},{\"@type\":\"ListItem\",\"position\":3,\"name\":\"Svampkniv\"}]},{\"@type\":\"WebSite\",\"@id\":\"https:\/\/retki.fi\/#website\",\"url\":\"https:\/\/retki.fi\/\",\"name\":\"Retki Finland\",\"description\":\"Best moments happen outdoors\",\"publisher\":{\"@id\":\"https:\/\/retki.fi\/#organization\"},\"potentialAction\":[{\"@type\":\"SearchAction\",\"target\":{\"@type\":\"EntryPoint\",\"urlTemplate\":\"https:\/\/retki.fi\/?s={search_term_string}\"},\"query-input\":{\"@type\":\"PropertyValueSpecification\",\"valueRequired\":true,\"valueName\":\"search_term_string\"}}],\"inLanguage\":\"sv-SE\"},{\"@type\":\"Organization\",\"@id\":\"https:\/\/retki.fi\/#organization\",\"name\":\"Retki Finland \/ Blue Import BIM Oy\",\"url\":\"https:\/\/retki.fi\/\",\"logo\":{\"@type\":\"ImageObject\",\"inLanguage\":\"sv-SE\",\"@id\":\"https:\/\/retki.fi\/#\/schema\/logo\/image\/\",\"url\":\"https:\/\/retki.fi\/wp-content\/uploads\/2018\/11\/Retki_logo_512X512px.jpg\",\"contentUrl\":\"https:\/\/retki.fi\/wp-content\/uploads\/2018\/11\/Retki_logo_512X512px.jpg\",\"width\":512,\"height\":512,\"caption\":\"Retki Finland \/ Blue Import BIM Oy\"},\"image\":{\"@id\":\"https:\/\/retki.fi\/#\/schema\/logo\/image\/\"},\"sameAs\":[\"https:\/\/www.facebook.com\/retkifinland\/\",\"https:\/\/www.instagram.com\/retkifinland\/\"]}]}<\/script>\n<!-- \/ Yoast SEO plugin. -->","yoast_head_json":{"title":"Svampkniv - Retki Finland","robots":{"index":"index","follow":"follow","max-snippet":"max-snippet:-1","max-image-preview":"max-image-preview:large","max-video-preview":"max-video-preview:-1"},"canonical":"https:\/\/retki.fi\/sv\/produkt\/svampkniv\/","og_locale":"sv_SE","og_type":"article","og_title":"Svampkniv - Retki Finland","og_description":"Absolut utrustning f\u00f6r svampskogen! Praktiskt att packa med sig.","og_url":"https:\/\/retki.fi\/sv\/produkt\/svampkniv\/","og_site_name":"Retki Finland","article_publisher":"https:\/\/www.facebook.com\/retkifinland\/","article_modified_time":"2025-01-29T04:18:11+00:00","og_image":[{"width":500,"height":296,"url":"https:\/\/retki.fi\/wp-content\/uploads\/2019\/09\/R5642_6418536006634_PO7145_006.jpeg","type":"image\/jpeg"}],"twitter_card":"summary_large_image","schema":{"@context":"https:\/\/schema.org","@graph":[{"@type":"WebPage","@id":"https:\/\/retki.fi\/sv\/produkt\/svampkniv\/","url":"https:\/\/retki.fi\/sv\/produkt\/svampkniv\/","name":"Svampkniv - Retki Finland","isPartOf":{"@id":"https:\/\/retki.fi\/#website"},"primaryImageOfPage":{"@id":"https:\/\/retki.fi\/sv\/produkt\/svampkniv\/#primaryimage"},"image":{"@id":"https:\/\/retki.fi\/sv\/produkt\/svampkniv\/#primaryimage"},"thumbnailUrl":"https:\/\/retki.fi\/wp-content\/uploads\/2019\/09\/R5642_6418536006634_PO7145_006.jpeg","datePublished":"2025-01-01T20:33:38+00:00","dateModified":"2025-01-29T04:18:11+00:00","breadcrumb":{"@id":"https:\/\/retki.fi\/sv\/produkt\/svampkniv\/#breadcrumb"},"inLanguage":"sv-SE","potentialAction":[{"@type":"ReadAction","target":["https:\/\/retki.fi\/sv\/produkt\/svampkniv\/"]}]},{"@type":"ImageObject","inLanguage":"sv-SE","@id":"https:\/\/retki.fi\/sv\/produkt\/svampkniv\/#primaryimage","url":"https:\/\/retki.fi\/wp-content\/uploads\/2019\/09\/R5642_6418536006634_PO7145_006.jpeg","contentUrl":"https:\/\/retki.fi\/wp-content\/uploads\/2019\/09\/R5642_6418536006634_PO7145_006.jpeg","width":500,"height":296},{"@type":"BreadcrumbList","@id":"https:\/\/retki.fi\/sv\/produkt\/svampkniv\/#breadcrumb","itemListElement":[{"@type":"ListItem","position":1,"name":"Etusivu","item":"https:\/\/retki.fi\/"},{"@type":"ListItem","position":2,"name":"Produkter","item":"https:\/\/retki.fi\/sv\/produkter\/"},{"@type":"ListItem","position":3,"name":"Svampkniv"}]},{"@type":"WebSite","@id":"https:\/\/retki.fi\/#website","url":"https:\/\/retki.fi\/","name":"Retki Finland","description":"Best moments happen outdoors","publisher":{"@id":"https:\/\/retki.fi\/#organization"},"potentialAction":[{"@type":"SearchAction","target":{"@type":"EntryPoint","urlTemplate":"https:\/\/retki.fi\/?s={search_term_string}"},"query-input":{"@type":"PropertyValueSpecification","valueRequired":true,"valueName":"search_term_string"}}],"inLanguage":"sv-SE"},{"@type":"Organization","@id":"https:\/\/retki.fi\/#organization","name":"Retki Finland \/ Blue Import BIM Oy","url":"https:\/\/retki.fi\/","logo":{"@type":"ImageObject","inLanguage":"sv-SE","@id":"https:\/\/retki.fi\/#\/schema\/logo\/image\/","url":"https:\/\/retki.fi\/wp-content\/uploads\/2018\/11\/Retki_logo_512X512px.jpg","contentUrl":"https:\/\/retki.fi\/wp-content\/uploads\/2018\/11\/Retki_logo_512X512px.jpg","width":512,"height":512,"caption":"Retki Finland \/ Blue Import BIM Oy"},"image":{"@id":"https:\/\/retki.fi\/#\/schema\/logo\/image\/"},"sameAs":["https:\/\/www.facebook.com\/retkifinland\/","https:\/\/www.instagram.com\/retkifinland\/"]}]}},"_links":{"self":[{"href":"https:\/\/retki.fi\/sv\/wp-json\/wp\/v2\/product\/12765","targetHints":{"allow":["GET"]}}],"collection":[{"href":"https:\/\/retki.fi\/sv\/wp-json\/wp\/v2\/product"}],"about":[{"href":"https:\/\/retki.fi\/sv\/wp-json\/wp\/v2\/types\/product"}],"replies":[{"embeddable":true,"href":"https:\/\/retki.fi\/sv\/wp-json\/wp\/v2\/comments?post=12765"}],"wp:featuredmedia":[{"embeddable":true,"href":"https:\/\/retki.fi\/sv\/wp-json\/wp\/v2\/media\/12370"}],"wp:attachment":[{"href":"https:\/\/retki.fi\/sv\/wp-json\/wp\/v2\/media?parent=12765"}],"wp:term":[{"taxonomy":"product_brand","embeddable":true,"href":"https:\/\/retki.fi\/sv\/wp-json\/wp\/v2\/product_brand?post=12765"},{"taxonomy":"product_cat","embeddable":true,"href":"https:\/\/retki.fi\/sv\/wp-json\/wp\/v2\/product_cat?post=12765"},{"taxonomy":"product_tag","embeddable":true,"href":"https:\/\/retki.fi\/sv\/wp-json\/wp\/v2\/product_tag?post=12765"}],"curies":[{"name":"wp","href":"https:\/\/api.w.org\/{rel}","templated":true}]}}