{"id":12767,"date":"2020-01-14T08:43:38","date_gmt":"2025-01-01T20:33:39","guid":{"rendered":"https:\/\/retki.fi\/product\/ryggsack-retro-gul-eco-16l\/"},"modified":"2025-01-28T04:30:01","modified_gmt":"2025-01-28T02:30:01","slug":"ryggsack-retro-gul-eco-16l","status":"publish","type":"product","link":"https:\/\/retki.fi\/sv\/produkt\/ryggsack-retro-gul-eco-16l\/","title":{"rendered":"Ryggs\u00e4ck Retro ECO 16 l gul"},"content":{"rendered":"<p>En klassisk och tidl\u00f6s ryggs\u00e4ck gjord av 100 % \u00e5tervunnet material l\u00e4mpar sig f\u00f6r m\u00e5nga \u00e4ndam\u00e5l.<\/p>\n<p>Den snygga och h\u00f6gkvalitativa ryggs\u00e4cken passar alla \u00e5ldrar och kan anv\u00e4ndas b\u00e5de i skolan, p\u00e5 fritiden och p\u00e5 resor. Ryggs\u00e4cken har en separat ficka f\u00f6r en b\u00e4rbar dator och ett avtagbart h\u00f6rnfodral, samt en framficka f\u00f6r sm\u00e5saker. Tack vare de vadderade axelremmarna \u00e4r ryggs\u00e4cken bekv\u00e4m att b\u00e4ra.<\/p>\n<p><strong>Om ryggs\u00e4cken sk\u00f6ts p\u00e5 r\u00e4tt s\u00e4tt h\u00e5ller den i flera \u00e5r. H\u00e4r \u00e4r n\u00e5gra tips;<\/strong><\/p>\n<ul>\n<li>Kom ih\u00e5g att t\u00f6mma ryggs\u00e4cken varje g\u00e5ng efter anv\u00e4ndning och lufttorka den (inte i torktumlare eller med kylare).<\/li>\n<li>Torka av eventuella fl\u00e4ckar med en nyfuktad trasa.<\/li>\n<li>En riktigt smutsig ryggs\u00e4ck kan tv\u00e4ttas f\u00f6r hand med ett milt reng\u00f6ringsmedel, ingen centrifugering, ingen torktumling.<\/li>\n<li>Varpa och tunga f\u00f6rem\u00e5l m\u00e5ste skyddas innan du l\u00e4gger dem i ryggs\u00e4cken (skridskor, verktyg, etc.)<\/li>\n<li>Packa inte ryggs\u00e4cken f\u00f6r full, blixtl\u00e5sen kan vara skadade.<\/li>\n<li>Justera axelremmarna s\u00e5 att de passar dig, p\u00e5 s\u00e5 s\u00e4tt sitter ryggs\u00e4cken bra p\u00e5 ryggen och \u00e4r bekv\u00e4m att b\u00e4ra.<\/li>\n<li>H\u00e4ng\u00f6glan \u00e4r till f\u00f6r att f\u00f6rvara ryggs\u00e4cken, b\u00e4r inte en fullpackad ryggs\u00e4ck genom att h\u00e5lla i \u00f6glan.<\/li>\n<li>Ryggs\u00e4cken \u00e4r mycket vattent\u00e5lig, vid \u00f6sregn anv\u00e4nd ett separat regnskydd \u00f6ver ryggs\u00e4cken. Kom ih\u00e5g att lufttorka ryggs\u00e4cken innan f\u00f6rvaring!<\/li>\n<\/ul>\n","protected":false},"excerpt":{"rendered":"<p>En klassisk och tidl\u00f6s ryggs\u00e4ck gjord av 100 % \u00e5tervunnet material l\u00e4mpar sig f\u00f6r m\u00e5nga \u00e4ndam\u00e5l.<\/p>\n","protected":false},"featured_media":12374,"comment_status":"closed","ping_status":"closed","template":"","meta":{"_acf_changed":false},"product_brand":[],"product_cat":[3600,3574],"product_tag":[],"class_list":{"0":"post-12767","1":"product","2":"type-product","3":"status-publish","4":"has-post-thumbnail","6":"product_cat-ryggsackar-sv-vaskor-och-dagryggsackar","7":"product_cat-vaskor-och-dagryggsackar","9":"first","10":"instock","11":"shipping-taxable","12":"product-type-simple"},"acf":[],"yoast_head":"<!-- This site is optimized with the Yoast SEO plugin v27.4 - https:\/\/yoast.com\/product\/yoast-seo-wordpress\/ -->\n<title>Ryggs\u00e4ck Retro ECO 16 l gul - Retki Finland<\/title>\n<meta name=\"robots\" content=\"index, follow, max-snippet:-1, max-image-preview:large, max-video-preview:-1\" \/>\n<link rel=\"canonical\" href=\"https:\/\/retki.fi\/sv\/produkt\/ryggsack-retro-gul-eco-16l\/\" \/>\n<meta property=\"og:locale\" content=\"sv_SE\" \/>\n<meta property=\"og:type\" content=\"article\" \/>\n<meta property=\"og:title\" content=\"Ryggs\u00e4ck Retro ECO 16 l gul - Retki Finland\" \/>\n<meta property=\"og:description\" content=\"En klassisk och tidl\u00f6s ryggs\u00e4ck gjord av 100 % \u00e5tervunnet material l\u00e4mpar sig f\u00f6r m\u00e5nga \u00e4ndam\u00e5l.\" \/>\n<meta property=\"og:url\" content=\"https:\/\/retki.fi\/sv\/produkt\/ryggsack-retro-gul-eco-16l\/\" \/>\n<meta property=\"og:site_name\" content=\"Retki Finland\" \/>\n<meta property=\"article:publisher\" content=\"https:\/\/www.facebook.com\/retkifinland\/\" \/>\n<meta property=\"article:modified_time\" content=\"2025-01-28T02:30:01+00:00\" \/>\n<meta property=\"og:image\" content=\"https:\/\/retki.fi\/wp-content\/uploads\/2020\/01\/R5652_002-scaled.jpeg\" \/>\n\t<meta property=\"og:image:width\" content=\"1884\" \/>\n\t<meta property=\"og:image:height\" content=\"2560\" \/>\n\t<meta property=\"og:image:type\" content=\"image\/jpeg\" \/>\n<meta name=\"twitter:card\" content=\"summary_large_image\" \/>\n<meta name=\"twitter:label1\" content=\"Ber\u00e4knad l\u00e4stid\" \/>\n\t<meta name=\"twitter:data1\" content=\"1 minut\" \/>\n<script type=\"application\/ld+json\" class=\"yoast-schema-graph\">{\"@context\":\"https:\\\/\\\/schema.org\",\"@graph\":[{\"@type\":\"WebPage\",\"@id\":\"https:\\\/\\\/retki.fi\\\/sv\\\/produkt\\\/ryggsack-retro-gul-eco-16l\\\/\",\"url\":\"https:\\\/\\\/retki.fi\\\/sv\\\/produkt\\\/ryggsack-retro-gul-eco-16l\\\/\",\"name\":\"Ryggs\u00e4ck Retro ECO 16 l gul - Retki Finland\",\"isPartOf\":{\"@id\":\"https:\\\/\\\/retki.fi\\\/#website\"},\"primaryImageOfPage\":{\"@id\":\"https:\\\/\\\/retki.fi\\\/sv\\\/produkt\\\/ryggsack-retro-gul-eco-16l\\\/#primaryimage\"},\"image\":{\"@id\":\"https:\\\/\\\/retki.fi\\\/sv\\\/produkt\\\/ryggsack-retro-gul-eco-16l\\\/#primaryimage\"},\"thumbnailUrl\":\"https:\\\/\\\/retki.fi\\\/wp-content\\\/uploads\\\/2020\\\/01\\\/R5652_002-scaled.jpeg\",\"datePublished\":\"2025-01-01T20:33:39+00:00\",\"dateModified\":\"2025-01-28T02:30:01+00:00\",\"breadcrumb\":{\"@id\":\"https:\\\/\\\/retki.fi\\\/sv\\\/produkt\\\/ryggsack-retro-gul-eco-16l\\\/#breadcrumb\"},\"inLanguage\":\"sv-SE\",\"potentialAction\":[{\"@type\":\"ReadAction\",\"target\":[\"https:\\\/\\\/retki.fi\\\/sv\\\/produkt\\\/ryggsack-retro-gul-eco-16l\\\/\"]}]},{\"@type\":\"ImageObject\",\"inLanguage\":\"sv-SE\",\"@id\":\"https:\\\/\\\/retki.fi\\\/sv\\\/produkt\\\/ryggsack-retro-gul-eco-16l\\\/#primaryimage\",\"url\":\"https:\\\/\\\/retki.fi\\\/wp-content\\\/uploads\\\/2020\\\/01\\\/R5652_002-scaled.jpeg\",\"contentUrl\":\"https:\\\/\\\/retki.fi\\\/wp-content\\\/uploads\\\/2020\\\/01\\\/R5652_002-scaled.jpeg\",\"width\":1884,\"height\":2560},{\"@type\":\"BreadcrumbList\",\"@id\":\"https:\\\/\\\/retki.fi\\\/sv\\\/produkt\\\/ryggsack-retro-gul-eco-16l\\\/#breadcrumb\",\"itemListElement\":[{\"@type\":\"ListItem\",\"position\":1,\"name\":\"Etusivu\",\"item\":\"https:\\\/\\\/retki.fi\\\/\"},{\"@type\":\"ListItem\",\"position\":2,\"name\":\"Produkter\",\"item\":\"https:\\\/\\\/retki.fi\\\/sv\\\/produkter\\\/\"},{\"@type\":\"ListItem\",\"position\":3,\"name\":\"Ryggs\u00e4ck Retro ECO 16 l gul\"}]},{\"@type\":\"WebSite\",\"@id\":\"https:\\\/\\\/retki.fi\\\/#website\",\"url\":\"https:\\\/\\\/retki.fi\\\/\",\"name\":\"Retki Finland\",\"description\":\"Best moments happen outdoors\",\"publisher\":{\"@id\":\"https:\\\/\\\/retki.fi\\\/#organization\"},\"potentialAction\":[{\"@type\":\"SearchAction\",\"target\":{\"@type\":\"EntryPoint\",\"urlTemplate\":\"https:\\\/\\\/retki.fi\\\/?s={search_term_string}\"},\"query-input\":{\"@type\":\"PropertyValueSpecification\",\"valueRequired\":true,\"valueName\":\"search_term_string\"}}],\"inLanguage\":\"sv-SE\"},{\"@type\":\"Organization\",\"@id\":\"https:\\\/\\\/retki.fi\\\/#organization\",\"name\":\"Retki Finland \\\/ Blue Import BIM Oy\",\"url\":\"https:\\\/\\\/retki.fi\\\/\",\"logo\":{\"@type\":\"ImageObject\",\"inLanguage\":\"sv-SE\",\"@id\":\"https:\\\/\\\/retki.fi\\\/#\\\/schema\\\/logo\\\/image\\\/\",\"url\":\"https:\\\/\\\/retki.fi\\\/wp-content\\\/uploads\\\/2018\\\/11\\\/Retki_logo_512X512px.jpg\",\"contentUrl\":\"https:\\\/\\\/retki.fi\\\/wp-content\\\/uploads\\\/2018\\\/11\\\/Retki_logo_512X512px.jpg\",\"width\":512,\"height\":512,\"caption\":\"Retki Finland \\\/ Blue Import BIM Oy\"},\"image\":{\"@id\":\"https:\\\/\\\/retki.fi\\\/#\\\/schema\\\/logo\\\/image\\\/\"},\"sameAs\":[\"https:\\\/\\\/www.facebook.com\\\/retkifinland\\\/\",\"https:\\\/\\\/www.instagram.com\\\/retkifinland\\\/\"]}]}<\/script>\n<!-- \/ Yoast SEO plugin. -->","yoast_head_json":{"title":"Ryggs\u00e4ck Retro ECO 16 l gul - Retki Finland","robots":{"index":"index","follow":"follow","max-snippet":"max-snippet:-1","max-image-preview":"max-image-preview:large","max-video-preview":"max-video-preview:-1"},"canonical":"https:\/\/retki.fi\/sv\/produkt\/ryggsack-retro-gul-eco-16l\/","og_locale":"sv_SE","og_type":"article","og_title":"Ryggs\u00e4ck Retro ECO 16 l gul - Retki Finland","og_description":"En klassisk och tidl\u00f6s ryggs\u00e4ck gjord av 100 % \u00e5tervunnet material l\u00e4mpar sig f\u00f6r m\u00e5nga \u00e4ndam\u00e5l.","og_url":"https:\/\/retki.fi\/sv\/produkt\/ryggsack-retro-gul-eco-16l\/","og_site_name":"Retki Finland","article_publisher":"https:\/\/www.facebook.com\/retkifinland\/","article_modified_time":"2025-01-28T02:30:01+00:00","og_image":[{"width":1884,"height":2560,"url":"https:\/\/retki.fi\/wp-content\/uploads\/2020\/01\/R5652_002-scaled.jpeg","type":"image\/jpeg"}],"twitter_card":"summary_large_image","twitter_misc":{"Ber\u00e4knad l\u00e4stid":"1 minut"},"schema":{"@context":"https:\/\/schema.org","@graph":[{"@type":"WebPage","@id":"https:\/\/retki.fi\/sv\/produkt\/ryggsack-retro-gul-eco-16l\/","url":"https:\/\/retki.fi\/sv\/produkt\/ryggsack-retro-gul-eco-16l\/","name":"Ryggs\u00e4ck Retro ECO 16 l gul - Retki Finland","isPartOf":{"@id":"https:\/\/retki.fi\/#website"},"primaryImageOfPage":{"@id":"https:\/\/retki.fi\/sv\/produkt\/ryggsack-retro-gul-eco-16l\/#primaryimage"},"image":{"@id":"https:\/\/retki.fi\/sv\/produkt\/ryggsack-retro-gul-eco-16l\/#primaryimage"},"thumbnailUrl":"https:\/\/retki.fi\/wp-content\/uploads\/2020\/01\/R5652_002-scaled.jpeg","datePublished":"2025-01-01T20:33:39+00:00","dateModified":"2025-01-28T02:30:01+00:00","breadcrumb":{"@id":"https:\/\/retki.fi\/sv\/produkt\/ryggsack-retro-gul-eco-16l\/#breadcrumb"},"inLanguage":"sv-SE","potentialAction":[{"@type":"ReadAction","target":["https:\/\/retki.fi\/sv\/produkt\/ryggsack-retro-gul-eco-16l\/"]}]},{"@type":"ImageObject","inLanguage":"sv-SE","@id":"https:\/\/retki.fi\/sv\/produkt\/ryggsack-retro-gul-eco-16l\/#primaryimage","url":"https:\/\/retki.fi\/wp-content\/uploads\/2020\/01\/R5652_002-scaled.jpeg","contentUrl":"https:\/\/retki.fi\/wp-content\/uploads\/2020\/01\/R5652_002-scaled.jpeg","width":1884,"height":2560},{"@type":"BreadcrumbList","@id":"https:\/\/retki.fi\/sv\/produkt\/ryggsack-retro-gul-eco-16l\/#breadcrumb","itemListElement":[{"@type":"ListItem","position":1,"name":"Etusivu","item":"https:\/\/retki.fi\/"},{"@type":"ListItem","position":2,"name":"Produkter","item":"https:\/\/retki.fi\/sv\/produkter\/"},{"@type":"ListItem","position":3,"name":"Ryggs\u00e4ck Retro ECO 16 l gul"}]},{"@type":"WebSite","@id":"https:\/\/retki.fi\/#website","url":"https:\/\/retki.fi\/","name":"Retki Finland","description":"Best moments happen outdoors","publisher":{"@id":"https:\/\/retki.fi\/#organization"},"potentialAction":[{"@type":"SearchAction","target":{"@type":"EntryPoint","urlTemplate":"https:\/\/retki.fi\/?s={search_term_string}"},"query-input":{"@type":"PropertyValueSpecification","valueRequired":true,"valueName":"search_term_string"}}],"inLanguage":"sv-SE"},{"@type":"Organization","@id":"https:\/\/retki.fi\/#organization","name":"Retki Finland \/ Blue Import BIM Oy","url":"https:\/\/retki.fi\/","logo":{"@type":"ImageObject","inLanguage":"sv-SE","@id":"https:\/\/retki.fi\/#\/schema\/logo\/image\/","url":"https:\/\/retki.fi\/wp-content\/uploads\/2018\/11\/Retki_logo_512X512px.jpg","contentUrl":"https:\/\/retki.fi\/wp-content\/uploads\/2018\/11\/Retki_logo_512X512px.jpg","width":512,"height":512,"caption":"Retki Finland \/ Blue Import BIM Oy"},"image":{"@id":"https:\/\/retki.fi\/#\/schema\/logo\/image\/"},"sameAs":["https:\/\/www.facebook.com\/retkifinland\/","https:\/\/www.instagram.com\/retkifinland\/"]}]}},"_links":{"self":[{"href":"https:\/\/retki.fi\/sv\/wp-json\/wp\/v2\/product\/12767","targetHints":{"allow":["GET"]}}],"collection":[{"href":"https:\/\/retki.fi\/sv\/wp-json\/wp\/v2\/product"}],"about":[{"href":"https:\/\/retki.fi\/sv\/wp-json\/wp\/v2\/types\/product"}],"replies":[{"embeddable":true,"href":"https:\/\/retki.fi\/sv\/wp-json\/wp\/v2\/comments?post=12767"}],"wp:featuredmedia":[{"embeddable":true,"href":"https:\/\/retki.fi\/sv\/wp-json\/wp\/v2\/media\/12374"}],"wp:attachment":[{"href":"https:\/\/retki.fi\/sv\/wp-json\/wp\/v2\/media?parent=12767"}],"wp:term":[{"taxonomy":"product_brand","embeddable":true,"href":"https:\/\/retki.fi\/sv\/wp-json\/wp\/v2\/product_brand?post=12767"},{"taxonomy":"product_cat","embeddable":true,"href":"https:\/\/retki.fi\/sv\/wp-json\/wp\/v2\/product_cat?post=12767"},{"taxonomy":"product_tag","embeddable":true,"href":"https:\/\/retki.fi\/sv\/wp-json\/wp\/v2\/product_tag?post=12767"}],"curies":[{"name":"wp","href":"https:\/\/api.w.org\/{rel}","templated":true}]}}