{"id":12771,"date":"2020-04-23T11:29:06","date_gmt":"2020-04-23T08:29:06","guid":{"rendered":"https:\/\/retki.fi\/product\/med-en-hangmatta-myggnat\/"},"modified":"2026-04-22T15:19:31","modified_gmt":"2026-04-22T12:19:31","slug":"med-en-hangmatta-myggnat","status":"publish","type":"product","link":"https:\/\/retki.fi\/sv\/produkt\/med-en-hangmatta-myggnat\/","title":{"rendered":"H\u00e4ngmatta med myggn\u00e4t"},"content":{"rendered":"<p>Varje vandrares basutrustning, en h\u00e4ngmatta med myggn\u00e4t, m\u00f6jligg\u00f6r en god tupplur eller en god natts s\u00f6mn var som helst i naturens kn\u00e4. H\u00e4ngmattan \u00e4r l\u00e4tt och snabb att h\u00e4nga och tack vare sina breda f\u00e4stband \u00e4r den \u00e4ven v\u00e4nlig mot tr\u00e4dstammen. Myggn\u00e4tet kan \u00f6ppnas och st\u00e4ngas bekv\u00e4mt med en dragkedja. Tyget andas mycket och torkar snabbt.<\/p>\n<p>&nbsp;<\/p>\n<p>&nbsp;<\/p>\n<p>I paketet ing\u00e5r: 2 st brandmanskrokar (kolst\u00e5l), 2 st upph\u00e4ngningsband (m\u00e5tt 250 x 1 cm), breda f\u00e4stband runt tr\u00e4det och ett sn\u00f6re (l\u00e4ngd 560 cm) f\u00f6r myggn\u00e4tet.<\/p>\n<p>Sk\u00f6tselr\u00e5d: Ventilation och torkning f\u00f6re f\u00f6rvaring. Vid behov, skonsam handtv\u00e4tt.<\/p>\n","protected":false},"excerpt":{"rendered":"<p>En h\u00e4ngmatta som \u00e4r l\u00e4tt att h\u00e4nga av i tyg som andas med myggn\u00e4t.<\/p>\n","protected":false},"featured_media":12383,"comment_status":"closed","ping_status":"closed","template":"","meta":{"_acf_changed":false},"product_brand":[],"product_cat":[3572,3594],"product_tag":[],"class_list":{"0":"post-12771","1":"product","2":"type-product","3":"status-publish","4":"has-post-thumbnail","6":"product_cat-camping","7":"product_cat-hangmattor","9":"first","10":"instock","11":"shipping-taxable","12":"product-type-simple"},"acf":[],"yoast_head":"<!-- This site is optimized with the Yoast SEO plugin v27.4 - https:\/\/yoast.com\/product\/yoast-seo-wordpress\/ -->\n<title>H\u00e4ngmatta med myggn\u00e4t - Retki Finland<\/title>\n<meta name=\"robots\" content=\"index, follow, max-snippet:-1, max-image-preview:large, max-video-preview:-1\" \/>\n<link rel=\"canonical\" href=\"https:\/\/retki.fi\/sv\/produkt\/med-en-hangmatta-myggnat\/\" \/>\n<meta property=\"og:locale\" content=\"sv_SE\" \/>\n<meta property=\"og:type\" content=\"article\" \/>\n<meta property=\"og:title\" content=\"H\u00e4ngmatta med myggn\u00e4t - Retki Finland\" \/>\n<meta property=\"og:description\" content=\"En h\u00e4ngmatta som \u00e4r l\u00e4tt att h\u00e4nga av i tyg som andas med myggn\u00e4t.\" \/>\n<meta property=\"og:url\" content=\"https:\/\/retki.fi\/sv\/produkt\/med-en-hangmatta-myggnat\/\" \/>\n<meta property=\"og:site_name\" content=\"Retki Finland\" \/>\n<meta property=\"article:publisher\" content=\"https:\/\/www.facebook.com\/retkifinland\/\" \/>\n<meta property=\"article:modified_time\" content=\"2026-04-22T12:19:31+00:00\" \/>\n<meta property=\"og:image\" content=\"https:\/\/retki.fi\/wp-content\/uploads\/2020\/04\/R5644_6418536008010_PO7340_005-1-scaled.jpeg\" \/>\n\t<meta property=\"og:image:width\" content=\"2560\" \/>\n\t<meta property=\"og:image:height\" content=\"1677\" \/>\n\t<meta property=\"og:image:type\" content=\"image\/jpeg\" \/>\n<meta name=\"twitter:card\" content=\"summary_large_image\" \/>\n<meta name=\"twitter:label1\" content=\"Ber\u00e4knad l\u00e4stid\" \/>\n\t<meta name=\"twitter:data1\" content=\"1 minut\" \/>\n<script type=\"application\/ld+json\" class=\"yoast-schema-graph\">{\"@context\":\"https:\\\/\\\/schema.org\",\"@graph\":[{\"@type\":\"WebPage\",\"@id\":\"https:\\\/\\\/retki.fi\\\/sv\\\/produkt\\\/med-en-hangmatta-myggnat\\\/\",\"url\":\"https:\\\/\\\/retki.fi\\\/sv\\\/produkt\\\/med-en-hangmatta-myggnat\\\/\",\"name\":\"H\u00e4ngmatta med myggn\u00e4t - Retki Finland\",\"isPartOf\":{\"@id\":\"https:\\\/\\\/retki.fi\\\/#website\"},\"primaryImageOfPage\":{\"@id\":\"https:\\\/\\\/retki.fi\\\/sv\\\/produkt\\\/med-en-hangmatta-myggnat\\\/#primaryimage\"},\"image\":{\"@id\":\"https:\\\/\\\/retki.fi\\\/sv\\\/produkt\\\/med-en-hangmatta-myggnat\\\/#primaryimage\"},\"thumbnailUrl\":\"https:\\\/\\\/retki.fi\\\/wp-content\\\/uploads\\\/2020\\\/04\\\/R5644_6418536008010_PO7340_005-1-scaled.jpeg\",\"datePublished\":\"2020-04-23T08:29:06+00:00\",\"dateModified\":\"2026-04-22T12:19:31+00:00\",\"breadcrumb\":{\"@id\":\"https:\\\/\\\/retki.fi\\\/sv\\\/produkt\\\/med-en-hangmatta-myggnat\\\/#breadcrumb\"},\"inLanguage\":\"sv-SE\",\"potentialAction\":[{\"@type\":\"ReadAction\",\"target\":[\"https:\\\/\\\/retki.fi\\\/sv\\\/produkt\\\/med-en-hangmatta-myggnat\\\/\"]}]},{\"@type\":\"ImageObject\",\"inLanguage\":\"sv-SE\",\"@id\":\"https:\\\/\\\/retki.fi\\\/sv\\\/produkt\\\/med-en-hangmatta-myggnat\\\/#primaryimage\",\"url\":\"https:\\\/\\\/retki.fi\\\/wp-content\\\/uploads\\\/2020\\\/04\\\/R5644_6418536008010_PO7340_005-1-scaled.jpeg\",\"contentUrl\":\"https:\\\/\\\/retki.fi\\\/wp-content\\\/uploads\\\/2020\\\/04\\\/R5644_6418536008010_PO7340_005-1-scaled.jpeg\",\"width\":2560,\"height\":1677},{\"@type\":\"BreadcrumbList\",\"@id\":\"https:\\\/\\\/retki.fi\\\/sv\\\/produkt\\\/med-en-hangmatta-myggnat\\\/#breadcrumb\",\"itemListElement\":[{\"@type\":\"ListItem\",\"position\":1,\"name\":\"Etusivu\",\"item\":\"https:\\\/\\\/retki.fi\\\/\"},{\"@type\":\"ListItem\",\"position\":2,\"name\":\"Produkter\",\"item\":\"https:\\\/\\\/retki.fi\\\/sv\\\/produkter\\\/\"},{\"@type\":\"ListItem\",\"position\":3,\"name\":\"H\u00e4ngmatta med myggn\u00e4t\"}]},{\"@type\":\"WebSite\",\"@id\":\"https:\\\/\\\/retki.fi\\\/#website\",\"url\":\"https:\\\/\\\/retki.fi\\\/\",\"name\":\"Retki Finland\",\"description\":\"Best moments happen outdoors\",\"publisher\":{\"@id\":\"https:\\\/\\\/retki.fi\\\/#organization\"},\"potentialAction\":[{\"@type\":\"SearchAction\",\"target\":{\"@type\":\"EntryPoint\",\"urlTemplate\":\"https:\\\/\\\/retki.fi\\\/?s={search_term_string}\"},\"query-input\":{\"@type\":\"PropertyValueSpecification\",\"valueRequired\":true,\"valueName\":\"search_term_string\"}}],\"inLanguage\":\"sv-SE\"},{\"@type\":\"Organization\",\"@id\":\"https:\\\/\\\/retki.fi\\\/#organization\",\"name\":\"Retki Finland \\\/ Blue Import BIM Oy\",\"url\":\"https:\\\/\\\/retki.fi\\\/\",\"logo\":{\"@type\":\"ImageObject\",\"inLanguage\":\"sv-SE\",\"@id\":\"https:\\\/\\\/retki.fi\\\/#\\\/schema\\\/logo\\\/image\\\/\",\"url\":\"https:\\\/\\\/retki.fi\\\/wp-content\\\/uploads\\\/2018\\\/11\\\/Retki_logo_512X512px.jpg\",\"contentUrl\":\"https:\\\/\\\/retki.fi\\\/wp-content\\\/uploads\\\/2018\\\/11\\\/Retki_logo_512X512px.jpg\",\"width\":512,\"height\":512,\"caption\":\"Retki Finland \\\/ Blue Import BIM Oy\"},\"image\":{\"@id\":\"https:\\\/\\\/retki.fi\\\/#\\\/schema\\\/logo\\\/image\\\/\"},\"sameAs\":[\"https:\\\/\\\/www.facebook.com\\\/retkifinland\\\/\",\"https:\\\/\\\/www.instagram.com\\\/retkifinland\\\/\"]}]}<\/script>\n<!-- \/ Yoast SEO plugin. -->","yoast_head_json":{"title":"H\u00e4ngmatta med myggn\u00e4t - Retki Finland","robots":{"index":"index","follow":"follow","max-snippet":"max-snippet:-1","max-image-preview":"max-image-preview:large","max-video-preview":"max-video-preview:-1"},"canonical":"https:\/\/retki.fi\/sv\/produkt\/med-en-hangmatta-myggnat\/","og_locale":"sv_SE","og_type":"article","og_title":"H\u00e4ngmatta med myggn\u00e4t - Retki Finland","og_description":"En h\u00e4ngmatta som \u00e4r l\u00e4tt att h\u00e4nga av i tyg som andas med myggn\u00e4t.","og_url":"https:\/\/retki.fi\/sv\/produkt\/med-en-hangmatta-myggnat\/","og_site_name":"Retki Finland","article_publisher":"https:\/\/www.facebook.com\/retkifinland\/","article_modified_time":"2026-04-22T12:19:31+00:00","og_image":[{"width":2560,"height":1677,"url":"https:\/\/retki.fi\/wp-content\/uploads\/2020\/04\/R5644_6418536008010_PO7340_005-1-scaled.jpeg","type":"image\/jpeg"}],"twitter_card":"summary_large_image","twitter_misc":{"Ber\u00e4knad l\u00e4stid":"1 minut"},"schema":{"@context":"https:\/\/schema.org","@graph":[{"@type":"WebPage","@id":"https:\/\/retki.fi\/sv\/produkt\/med-en-hangmatta-myggnat\/","url":"https:\/\/retki.fi\/sv\/produkt\/med-en-hangmatta-myggnat\/","name":"H\u00e4ngmatta med myggn\u00e4t - Retki Finland","isPartOf":{"@id":"https:\/\/retki.fi\/#website"},"primaryImageOfPage":{"@id":"https:\/\/retki.fi\/sv\/produkt\/med-en-hangmatta-myggnat\/#primaryimage"},"image":{"@id":"https:\/\/retki.fi\/sv\/produkt\/med-en-hangmatta-myggnat\/#primaryimage"},"thumbnailUrl":"https:\/\/retki.fi\/wp-content\/uploads\/2020\/04\/R5644_6418536008010_PO7340_005-1-scaled.jpeg","datePublished":"2020-04-23T08:29:06+00:00","dateModified":"2026-04-22T12:19:31+00:00","breadcrumb":{"@id":"https:\/\/retki.fi\/sv\/produkt\/med-en-hangmatta-myggnat\/#breadcrumb"},"inLanguage":"sv-SE","potentialAction":[{"@type":"ReadAction","target":["https:\/\/retki.fi\/sv\/produkt\/med-en-hangmatta-myggnat\/"]}]},{"@type":"ImageObject","inLanguage":"sv-SE","@id":"https:\/\/retki.fi\/sv\/produkt\/med-en-hangmatta-myggnat\/#primaryimage","url":"https:\/\/retki.fi\/wp-content\/uploads\/2020\/04\/R5644_6418536008010_PO7340_005-1-scaled.jpeg","contentUrl":"https:\/\/retki.fi\/wp-content\/uploads\/2020\/04\/R5644_6418536008010_PO7340_005-1-scaled.jpeg","width":2560,"height":1677},{"@type":"BreadcrumbList","@id":"https:\/\/retki.fi\/sv\/produkt\/med-en-hangmatta-myggnat\/#breadcrumb","itemListElement":[{"@type":"ListItem","position":1,"name":"Etusivu","item":"https:\/\/retki.fi\/"},{"@type":"ListItem","position":2,"name":"Produkter","item":"https:\/\/retki.fi\/sv\/produkter\/"},{"@type":"ListItem","position":3,"name":"H\u00e4ngmatta med myggn\u00e4t"}]},{"@type":"WebSite","@id":"https:\/\/retki.fi\/#website","url":"https:\/\/retki.fi\/","name":"Retki Finland","description":"Best moments happen outdoors","publisher":{"@id":"https:\/\/retki.fi\/#organization"},"potentialAction":[{"@type":"SearchAction","target":{"@type":"EntryPoint","urlTemplate":"https:\/\/retki.fi\/?s={search_term_string}"},"query-input":{"@type":"PropertyValueSpecification","valueRequired":true,"valueName":"search_term_string"}}],"inLanguage":"sv-SE"},{"@type":"Organization","@id":"https:\/\/retki.fi\/#organization","name":"Retki Finland \/ Blue Import BIM Oy","url":"https:\/\/retki.fi\/","logo":{"@type":"ImageObject","inLanguage":"sv-SE","@id":"https:\/\/retki.fi\/#\/schema\/logo\/image\/","url":"https:\/\/retki.fi\/wp-content\/uploads\/2018\/11\/Retki_logo_512X512px.jpg","contentUrl":"https:\/\/retki.fi\/wp-content\/uploads\/2018\/11\/Retki_logo_512X512px.jpg","width":512,"height":512,"caption":"Retki Finland \/ Blue Import BIM Oy"},"image":{"@id":"https:\/\/retki.fi\/#\/schema\/logo\/image\/"},"sameAs":["https:\/\/www.facebook.com\/retkifinland\/","https:\/\/www.instagram.com\/retkifinland\/"]}]}},"_links":{"self":[{"href":"https:\/\/retki.fi\/sv\/wp-json\/wp\/v2\/product\/12771","targetHints":{"allow":["GET"]}}],"collection":[{"href":"https:\/\/retki.fi\/sv\/wp-json\/wp\/v2\/product"}],"about":[{"href":"https:\/\/retki.fi\/sv\/wp-json\/wp\/v2\/types\/product"}],"replies":[{"embeddable":true,"href":"https:\/\/retki.fi\/sv\/wp-json\/wp\/v2\/comments?post=12771"}],"wp:featuredmedia":[{"embeddable":true,"href":"https:\/\/retki.fi\/sv\/wp-json\/wp\/v2\/media\/12383"}],"wp:attachment":[{"href":"https:\/\/retki.fi\/sv\/wp-json\/wp\/v2\/media?parent=12771"}],"wp:term":[{"taxonomy":"product_brand","embeddable":true,"href":"https:\/\/retki.fi\/sv\/wp-json\/wp\/v2\/product_brand?post=12771"},{"taxonomy":"product_cat","embeddable":true,"href":"https:\/\/retki.fi\/sv\/wp-json\/wp\/v2\/product_cat?post=12771"},{"taxonomy":"product_tag","embeddable":true,"href":"https:\/\/retki.fi\/sv\/wp-json\/wp\/v2\/product_tag?post=12771"}],"curies":[{"name":"wp","href":"https:\/\/api.w.org\/{rel}","templated":true}]}}