{"id":12772,"date":"2020-04-23T11:54:21","date_gmt":"2020-04-23T08:54:21","guid":{"rendered":"https:\/\/retki.fi\/product\/hangmatta-med-myggnat-fodral-modell\/"},"modified":"2026-04-22T15:19:30","modified_gmt":"2026-04-22T12:19:30","slug":"hangmatta-med-myggnat-fodral-modell","status":"publish","type":"product","link":"https:\/\/retki.fi\/sv\/produkt\/hangmatta-med-myggnat-fodral-modell\/","title":{"rendered":"H\u00e4ngmatta med myggn\u00e4t, fodralmodell"},"content":{"rendered":"<p>H\u00e4ngmattan \u00e4r l\u00e4ttare att montera \u00e4n tidigare, fodraldesignen h\u00e5ller myggn\u00e4tet alltid i r\u00e4tt l\u00e4ge. En h\u00e4ngmatta med myggn\u00e4t \u00e4r standardutrustning f\u00f6r alla vandrare och friluftsentusiaster.<\/p>\n<p>Denna h\u00e4ngmatta m\u00f6jligg\u00f6r en god tupplur eller en natts s\u00f6mn var som helst i naturens kn\u00e4. H\u00e4ngmattan \u00e4r l\u00e4tt och snabb att h\u00e4nga och tack vare sina breda f\u00e4stband \u00e4r den \u00e4ven v\u00e4nlig mot tr\u00e4dstammen.<\/p>\n<p>Myggn\u00e4tet kan \u00f6ppnas och st\u00e4ngas bekv\u00e4mt med en dragkedja. Myggn\u00e4tet \u00e4r kokongerat, s\u00e5 du beh\u00f6ver inga separata sn\u00f6ren f\u00f6r att f\u00e4sta det och det h\u00e5ller sig borta fr\u00e5n ansiktet. Tyget andas mycket och torkar snabbt. Levereras i en praktisk f\u00f6rvaringsv\u00e4ska som passar in i ett litet utrymme och passar bra med dig vart du \u00e4n g\u00e5r. V\u00e4ger 750 gram.<\/p>\n<p>&nbsp;<\/p>\n<p>[b\u00e4dda in]https:\/\/www.youtube.com\/watch?v=I0-I8n1gjaE[\/embed]<\/p>\n<p>&nbsp;<\/p>\n","protected":false},"excerpt":{"rendered":"<p>L\u00e4ttmonterad Retki-h\u00e4ngmatta med ett kokongliknande myggn\u00e4t.<\/p>\n","protected":false},"featured_media":12398,"comment_status":"closed","ping_status":"closed","template":"","meta":{"_acf_changed":false},"product_brand":[],"product_cat":[3594],"product_tag":[],"class_list":{"0":"post-12772","1":"product","2":"type-product","3":"status-publish","4":"has-post-thumbnail","6":"product_cat-hangmattor","8":"first","9":"instock","10":"shipping-taxable","11":"product-type-simple"},"acf":[],"yoast_head":"<!-- This site is optimized with the Yoast SEO plugin v27.4 - https:\/\/yoast.com\/product\/yoast-seo-wordpress\/ -->\n<title>H\u00e4ngmatta med myggn\u00e4t, fodralmodell - Retki Finland<\/title>\n<meta name=\"robots\" content=\"index, follow, max-snippet:-1, max-image-preview:large, max-video-preview:-1\" \/>\n<link rel=\"canonical\" href=\"https:\/\/retki.fi\/sv\/produkt\/hangmatta-med-myggnat-fodral-modell\/\" \/>\n<meta property=\"og:locale\" content=\"sv_SE\" \/>\n<meta property=\"og:type\" content=\"article\" \/>\n<meta property=\"og:title\" content=\"H\u00e4ngmatta med myggn\u00e4t, fodralmodell - Retki Finland\" \/>\n<meta property=\"og:description\" content=\"L\u00e4ttmonterad Retki-h\u00e4ngmatta med ett kokongliknande myggn\u00e4t.\" \/>\n<meta property=\"og:url\" content=\"https:\/\/retki.fi\/sv\/produkt\/hangmatta-med-myggnat-fodral-modell\/\" \/>\n<meta property=\"og:site_name\" content=\"Retki Finland\" \/>\n<meta property=\"article:publisher\" content=\"https:\/\/www.facebook.com\/retkifinland\/\" \/>\n<meta property=\"article:modified_time\" content=\"2026-04-22T12:19:30+00:00\" \/>\n<meta property=\"og:image\" content=\"https:\/\/retki.fi\/wp-content\/uploads\/2020\/04\/riippumatto-kotelo.jpg\" \/>\n\t<meta property=\"og:image:width\" content=\"876\" \/>\n\t<meta property=\"og:image:height\" content=\"757\" \/>\n\t<meta property=\"og:image:type\" content=\"image\/jpeg\" \/>\n<meta name=\"twitter:card\" content=\"summary_large_image\" \/>\n<meta name=\"twitter:label1\" content=\"Ber\u00e4knad l\u00e4stid\" \/>\n\t<meta name=\"twitter:data1\" content=\"1 minut\" \/>\n<script type=\"application\/ld+json\" class=\"yoast-schema-graph\">{\"@context\":\"https:\\\/\\\/schema.org\",\"@graph\":[{\"@type\":\"WebPage\",\"@id\":\"https:\\\/\\\/retki.fi\\\/sv\\\/produkt\\\/hangmatta-med-myggnat-fodral-modell\\\/\",\"url\":\"https:\\\/\\\/retki.fi\\\/sv\\\/produkt\\\/hangmatta-med-myggnat-fodral-modell\\\/\",\"name\":\"H\u00e4ngmatta med myggn\u00e4t, fodralmodell - Retki Finland\",\"isPartOf\":{\"@id\":\"https:\\\/\\\/retki.fi\\\/#website\"},\"primaryImageOfPage\":{\"@id\":\"https:\\\/\\\/retki.fi\\\/sv\\\/produkt\\\/hangmatta-med-myggnat-fodral-modell\\\/#primaryimage\"},\"image\":{\"@id\":\"https:\\\/\\\/retki.fi\\\/sv\\\/produkt\\\/hangmatta-med-myggnat-fodral-modell\\\/#primaryimage\"},\"thumbnailUrl\":\"https:\\\/\\\/retki.fi\\\/wp-content\\\/uploads\\\/2020\\\/04\\\/riippumatto-kotelo.jpg\",\"datePublished\":\"2020-04-23T08:54:21+00:00\",\"dateModified\":\"2026-04-22T12:19:30+00:00\",\"breadcrumb\":{\"@id\":\"https:\\\/\\\/retki.fi\\\/sv\\\/produkt\\\/hangmatta-med-myggnat-fodral-modell\\\/#breadcrumb\"},\"inLanguage\":\"sv-SE\",\"potentialAction\":[{\"@type\":\"ReadAction\",\"target\":[\"https:\\\/\\\/retki.fi\\\/sv\\\/produkt\\\/hangmatta-med-myggnat-fodral-modell\\\/\"]}]},{\"@type\":\"ImageObject\",\"inLanguage\":\"sv-SE\",\"@id\":\"https:\\\/\\\/retki.fi\\\/sv\\\/produkt\\\/hangmatta-med-myggnat-fodral-modell\\\/#primaryimage\",\"url\":\"https:\\\/\\\/retki.fi\\\/wp-content\\\/uploads\\\/2020\\\/04\\\/riippumatto-kotelo.jpg\",\"contentUrl\":\"https:\\\/\\\/retki.fi\\\/wp-content\\\/uploads\\\/2020\\\/04\\\/riippumatto-kotelo.jpg\",\"width\":876,\"height\":757},{\"@type\":\"BreadcrumbList\",\"@id\":\"https:\\\/\\\/retki.fi\\\/sv\\\/produkt\\\/hangmatta-med-myggnat-fodral-modell\\\/#breadcrumb\",\"itemListElement\":[{\"@type\":\"ListItem\",\"position\":1,\"name\":\"Etusivu\",\"item\":\"https:\\\/\\\/retki.fi\\\/\"},{\"@type\":\"ListItem\",\"position\":2,\"name\":\"Produkter\",\"item\":\"https:\\\/\\\/retki.fi\\\/sv\\\/produkter\\\/\"},{\"@type\":\"ListItem\",\"position\":3,\"name\":\"H\u00e4ngmatta med myggn\u00e4t, fodralmodell\"}]},{\"@type\":\"WebSite\",\"@id\":\"https:\\\/\\\/retki.fi\\\/#website\",\"url\":\"https:\\\/\\\/retki.fi\\\/\",\"name\":\"Retki Finland\",\"description\":\"Best moments happen outdoors\",\"publisher\":{\"@id\":\"https:\\\/\\\/retki.fi\\\/#organization\"},\"potentialAction\":[{\"@type\":\"SearchAction\",\"target\":{\"@type\":\"EntryPoint\",\"urlTemplate\":\"https:\\\/\\\/retki.fi\\\/?s={search_term_string}\"},\"query-input\":{\"@type\":\"PropertyValueSpecification\",\"valueRequired\":true,\"valueName\":\"search_term_string\"}}],\"inLanguage\":\"sv-SE\"},{\"@type\":\"Organization\",\"@id\":\"https:\\\/\\\/retki.fi\\\/#organization\",\"name\":\"Retki Finland \\\/ Blue Import BIM Oy\",\"url\":\"https:\\\/\\\/retki.fi\\\/\",\"logo\":{\"@type\":\"ImageObject\",\"inLanguage\":\"sv-SE\",\"@id\":\"https:\\\/\\\/retki.fi\\\/#\\\/schema\\\/logo\\\/image\\\/\",\"url\":\"https:\\\/\\\/retki.fi\\\/wp-content\\\/uploads\\\/2018\\\/11\\\/Retki_logo_512X512px.jpg\",\"contentUrl\":\"https:\\\/\\\/retki.fi\\\/wp-content\\\/uploads\\\/2018\\\/11\\\/Retki_logo_512X512px.jpg\",\"width\":512,\"height\":512,\"caption\":\"Retki Finland \\\/ Blue Import BIM Oy\"},\"image\":{\"@id\":\"https:\\\/\\\/retki.fi\\\/#\\\/schema\\\/logo\\\/image\\\/\"},\"sameAs\":[\"https:\\\/\\\/www.facebook.com\\\/retkifinland\\\/\",\"https:\\\/\\\/www.instagram.com\\\/retkifinland\\\/\"]}]}<\/script>\n<!-- \/ Yoast SEO plugin. -->","yoast_head_json":{"title":"H\u00e4ngmatta med myggn\u00e4t, fodralmodell - Retki Finland","robots":{"index":"index","follow":"follow","max-snippet":"max-snippet:-1","max-image-preview":"max-image-preview:large","max-video-preview":"max-video-preview:-1"},"canonical":"https:\/\/retki.fi\/sv\/produkt\/hangmatta-med-myggnat-fodral-modell\/","og_locale":"sv_SE","og_type":"article","og_title":"H\u00e4ngmatta med myggn\u00e4t, fodralmodell - Retki Finland","og_description":"L\u00e4ttmonterad Retki-h\u00e4ngmatta med ett kokongliknande myggn\u00e4t.","og_url":"https:\/\/retki.fi\/sv\/produkt\/hangmatta-med-myggnat-fodral-modell\/","og_site_name":"Retki Finland","article_publisher":"https:\/\/www.facebook.com\/retkifinland\/","article_modified_time":"2026-04-22T12:19:30+00:00","og_image":[{"width":876,"height":757,"url":"https:\/\/retki.fi\/wp-content\/uploads\/2020\/04\/riippumatto-kotelo.jpg","type":"image\/jpeg"}],"twitter_card":"summary_large_image","twitter_misc":{"Ber\u00e4knad l\u00e4stid":"1 minut"},"schema":{"@context":"https:\/\/schema.org","@graph":[{"@type":"WebPage","@id":"https:\/\/retki.fi\/sv\/produkt\/hangmatta-med-myggnat-fodral-modell\/","url":"https:\/\/retki.fi\/sv\/produkt\/hangmatta-med-myggnat-fodral-modell\/","name":"H\u00e4ngmatta med myggn\u00e4t, fodralmodell - Retki Finland","isPartOf":{"@id":"https:\/\/retki.fi\/#website"},"primaryImageOfPage":{"@id":"https:\/\/retki.fi\/sv\/produkt\/hangmatta-med-myggnat-fodral-modell\/#primaryimage"},"image":{"@id":"https:\/\/retki.fi\/sv\/produkt\/hangmatta-med-myggnat-fodral-modell\/#primaryimage"},"thumbnailUrl":"https:\/\/retki.fi\/wp-content\/uploads\/2020\/04\/riippumatto-kotelo.jpg","datePublished":"2020-04-23T08:54:21+00:00","dateModified":"2026-04-22T12:19:30+00:00","breadcrumb":{"@id":"https:\/\/retki.fi\/sv\/produkt\/hangmatta-med-myggnat-fodral-modell\/#breadcrumb"},"inLanguage":"sv-SE","potentialAction":[{"@type":"ReadAction","target":["https:\/\/retki.fi\/sv\/produkt\/hangmatta-med-myggnat-fodral-modell\/"]}]},{"@type":"ImageObject","inLanguage":"sv-SE","@id":"https:\/\/retki.fi\/sv\/produkt\/hangmatta-med-myggnat-fodral-modell\/#primaryimage","url":"https:\/\/retki.fi\/wp-content\/uploads\/2020\/04\/riippumatto-kotelo.jpg","contentUrl":"https:\/\/retki.fi\/wp-content\/uploads\/2020\/04\/riippumatto-kotelo.jpg","width":876,"height":757},{"@type":"BreadcrumbList","@id":"https:\/\/retki.fi\/sv\/produkt\/hangmatta-med-myggnat-fodral-modell\/#breadcrumb","itemListElement":[{"@type":"ListItem","position":1,"name":"Etusivu","item":"https:\/\/retki.fi\/"},{"@type":"ListItem","position":2,"name":"Produkter","item":"https:\/\/retki.fi\/sv\/produkter\/"},{"@type":"ListItem","position":3,"name":"H\u00e4ngmatta med myggn\u00e4t, fodralmodell"}]},{"@type":"WebSite","@id":"https:\/\/retki.fi\/#website","url":"https:\/\/retki.fi\/","name":"Retki Finland","description":"Best moments happen outdoors","publisher":{"@id":"https:\/\/retki.fi\/#organization"},"potentialAction":[{"@type":"SearchAction","target":{"@type":"EntryPoint","urlTemplate":"https:\/\/retki.fi\/?s={search_term_string}"},"query-input":{"@type":"PropertyValueSpecification","valueRequired":true,"valueName":"search_term_string"}}],"inLanguage":"sv-SE"},{"@type":"Organization","@id":"https:\/\/retki.fi\/#organization","name":"Retki Finland \/ Blue Import BIM Oy","url":"https:\/\/retki.fi\/","logo":{"@type":"ImageObject","inLanguage":"sv-SE","@id":"https:\/\/retki.fi\/#\/schema\/logo\/image\/","url":"https:\/\/retki.fi\/wp-content\/uploads\/2018\/11\/Retki_logo_512X512px.jpg","contentUrl":"https:\/\/retki.fi\/wp-content\/uploads\/2018\/11\/Retki_logo_512X512px.jpg","width":512,"height":512,"caption":"Retki Finland \/ Blue Import BIM Oy"},"image":{"@id":"https:\/\/retki.fi\/#\/schema\/logo\/image\/"},"sameAs":["https:\/\/www.facebook.com\/retkifinland\/","https:\/\/www.instagram.com\/retkifinland\/"]}]}},"_links":{"self":[{"href":"https:\/\/retki.fi\/sv\/wp-json\/wp\/v2\/product\/12772","targetHints":{"allow":["GET"]}}],"collection":[{"href":"https:\/\/retki.fi\/sv\/wp-json\/wp\/v2\/product"}],"about":[{"href":"https:\/\/retki.fi\/sv\/wp-json\/wp\/v2\/types\/product"}],"replies":[{"embeddable":true,"href":"https:\/\/retki.fi\/sv\/wp-json\/wp\/v2\/comments?post=12772"}],"wp:featuredmedia":[{"embeddable":true,"href":"https:\/\/retki.fi\/sv\/wp-json\/wp\/v2\/media\/12398"}],"wp:attachment":[{"href":"https:\/\/retki.fi\/sv\/wp-json\/wp\/v2\/media?parent=12772"}],"wp:term":[{"taxonomy":"product_brand","embeddable":true,"href":"https:\/\/retki.fi\/sv\/wp-json\/wp\/v2\/product_brand?post=12772"},{"taxonomy":"product_cat","embeddable":true,"href":"https:\/\/retki.fi\/sv\/wp-json\/wp\/v2\/product_cat?post=12772"},{"taxonomy":"product_tag","embeddable":true,"href":"https:\/\/retki.fi\/sv\/wp-json\/wp\/v2\/product_tag?post=12772"}],"curies":[{"name":"wp","href":"https:\/\/api.w.org\/{rel}","templated":true}]}}