{"id":12783,"date":"2021-05-26T17:14:25","date_gmt":"2021-05-26T14:14:25","guid":{"rendered":"https:\/\/retki.fi\/product\/ryggsack-trooper-olivi-35l\/"},"modified":"2026-04-22T15:19:28","modified_gmt":"2026-04-22T12:19:28","slug":"ryggsack-trooper-olivi-35l","status":"publish","type":"product","link":"https:\/\/retki.fi\/sv\/produkt\/ryggsack-trooper-olivi-35l\/","title":{"rendered":"Ryggs\u00e4ck Trooper Olive 35L"},"content":{"rendered":"<p>Retki Trooper \u00e4r en robust dagsv\u00e4ska f\u00f6r alla typer av camping. En snygg och m\u00e5ngsidig ryggs\u00e4ck passar \u00e4ven p\u00e5 fritiden. Bland de m\u00e5nga olika f\u00e4stalternativen finns det s\u00e4kert n\u00e5got som alla gillar. Ryggs\u00e4cken har t.ex. Molle f\u00e4sten och remmar. Dessa f\u00e4stalternativ som finns p\u00e5 sidorna och botten m\u00f6jligg\u00f6r \u00e4ven m\u00e5ngsidig extern f\u00e4stning till ett t\u00e4lt, liggunderlag, v\u00e4ska, etc.<\/p>\n<p>Den \u00f6vre delen av ryggs\u00e4ckens framkant har en sj\u00e4lvh\u00e4ftande yta. Den robusta och andningsbara 3D-ryggen g\u00f6r att du kan b\u00e4ra \u00e4nnu tyngre laster s\u00e5 bekv\u00e4mt som m\u00f6jligt. Att b\u00e4ra ryggs\u00e4cken underl\u00e4ttas av st\u00f6dremmarna som g\u00e5r runt br\u00f6stet och midjan. P\u00e5 baksidan finns en laptopficka och m\u00e5nga mindre fickor f\u00f6r annat ut\u00f6ver huvudfickan p\u00e5 35 liter.<\/p>\n<p>&nbsp;<\/p>\n","protected":false},"excerpt":{"rendered":"<p>Retki Trooper \u00e4r en robust dagsv\u00e4ska f\u00f6r alla typer av camping. En snygg och m\u00e5ngsidig ryggs\u00e4ck passar \u00e4ven p\u00e5 fritiden. Bland de m\u00e5nga olika f\u00e4stalternativen finns det s\u00e4kert n\u00e5got som alla gillar. Ryggs\u00e4cken har t.ex. Molle f\u00e4sten och remmar. Dessa f\u00e4stalternativ som finns p\u00e5 sidorna och botten m\u00f6jligg\u00f6r \u00e4ven m\u00e5ngsidig extern f\u00e4stning till ett t\u00e4lt, [&hellip;]<\/p>\n","protected":false},"featured_media":12422,"comment_status":"closed","ping_status":"closed","template":"","meta":{"_acf_changed":false},"product_brand":[],"product_cat":[3601],"product_tag":[],"class_list":{"0":"post-12783","1":"product","2":"type-product","3":"status-publish","4":"has-post-thumbnail","6":"product_cat-turryggsackar","8":"first","9":"instock","10":"shipping-taxable","11":"product-type-simple"},"acf":[],"yoast_head":"<!-- This site is optimized with the Yoast SEO plugin v27.4 - https:\/\/yoast.com\/product\/yoast-seo-wordpress\/ -->\n<title>Ryggs\u00e4ck Trooper Olive 35L - Retki Finland<\/title>\n<meta name=\"robots\" content=\"index, follow, max-snippet:-1, max-image-preview:large, max-video-preview:-1\" \/>\n<link rel=\"canonical\" href=\"https:\/\/retki.fi\/sv\/produkt\/ryggsack-trooper-olivi-35l\/\" \/>\n<meta property=\"og:locale\" content=\"sv_SE\" \/>\n<meta property=\"og:type\" content=\"article\" \/>\n<meta property=\"og:title\" content=\"Ryggs\u00e4ck Trooper Olive 35L - Retki Finland\" \/>\n<meta property=\"og:description\" content=\"Retki Trooper \u00e4r en robust dagsv\u00e4ska f\u00f6r alla typer av camping. En snygg och m\u00e5ngsidig ryggs\u00e4ck passar \u00e4ven p\u00e5 fritiden. Bland de m\u00e5nga olika f\u00e4stalternativen finns det s\u00e4kert n\u00e5got som alla gillar. Ryggs\u00e4cken har t.ex. Molle f\u00e4sten och remmar. Dessa f\u00e4stalternativ som finns p\u00e5 sidorna och botten m\u00f6jligg\u00f6r \u00e4ven m\u00e5ngsidig extern f\u00e4stning till ett t\u00e4lt, [&hellip;]\" \/>\n<meta property=\"og:url\" content=\"https:\/\/retki.fi\/sv\/produkt\/ryggsack-trooper-olivi-35l\/\" \/>\n<meta property=\"og:site_name\" content=\"Retki Finland\" \/>\n<meta property=\"article:publisher\" content=\"https:\/\/www.facebook.com\/retkifinland\/\" \/>\n<meta property=\"article:modified_time\" content=\"2026-04-22T12:19:28+00:00\" \/>\n<meta property=\"og:image\" content=\"https:\/\/retki.fi\/wp-content\/uploads\/2021\/05\/R5659.jpg\" \/>\n\t<meta property=\"og:image:width\" content=\"2000\" \/>\n\t<meta property=\"og:image:height\" content=\"2475\" \/>\n\t<meta property=\"og:image:type\" content=\"image\/jpeg\" \/>\n<meta name=\"twitter:card\" content=\"summary_large_image\" \/>\n<meta name=\"twitter:label1\" content=\"Ber\u00e4knad l\u00e4stid\" \/>\n\t<meta name=\"twitter:data1\" content=\"1 minut\" \/>\n<script type=\"application\/ld+json\" class=\"yoast-schema-graph\">{\"@context\":\"https:\\\/\\\/schema.org\",\"@graph\":[{\"@type\":\"WebPage\",\"@id\":\"https:\\\/\\\/retki.fi\\\/sv\\\/produkt\\\/ryggsack-trooper-olivi-35l\\\/\",\"url\":\"https:\\\/\\\/retki.fi\\\/sv\\\/produkt\\\/ryggsack-trooper-olivi-35l\\\/\",\"name\":\"Ryggs\u00e4ck Trooper Olive 35L - Retki Finland\",\"isPartOf\":{\"@id\":\"https:\\\/\\\/retki.fi\\\/#website\"},\"primaryImageOfPage\":{\"@id\":\"https:\\\/\\\/retki.fi\\\/sv\\\/produkt\\\/ryggsack-trooper-olivi-35l\\\/#primaryimage\"},\"image\":{\"@id\":\"https:\\\/\\\/retki.fi\\\/sv\\\/produkt\\\/ryggsack-trooper-olivi-35l\\\/#primaryimage\"},\"thumbnailUrl\":\"https:\\\/\\\/retki.fi\\\/wp-content\\\/uploads\\\/2021\\\/05\\\/R5659.jpg\",\"datePublished\":\"2021-05-26T14:14:25+00:00\",\"dateModified\":\"2026-04-22T12:19:28+00:00\",\"breadcrumb\":{\"@id\":\"https:\\\/\\\/retki.fi\\\/sv\\\/produkt\\\/ryggsack-trooper-olivi-35l\\\/#breadcrumb\"},\"inLanguage\":\"sv-SE\",\"potentialAction\":[{\"@type\":\"ReadAction\",\"target\":[\"https:\\\/\\\/retki.fi\\\/sv\\\/produkt\\\/ryggsack-trooper-olivi-35l\\\/\"]}]},{\"@type\":\"ImageObject\",\"inLanguage\":\"sv-SE\",\"@id\":\"https:\\\/\\\/retki.fi\\\/sv\\\/produkt\\\/ryggsack-trooper-olivi-35l\\\/#primaryimage\",\"url\":\"https:\\\/\\\/retki.fi\\\/wp-content\\\/uploads\\\/2021\\\/05\\\/R5659.jpg\",\"contentUrl\":\"https:\\\/\\\/retki.fi\\\/wp-content\\\/uploads\\\/2021\\\/05\\\/R5659.jpg\",\"width\":2000,\"height\":2475},{\"@type\":\"BreadcrumbList\",\"@id\":\"https:\\\/\\\/retki.fi\\\/sv\\\/produkt\\\/ryggsack-trooper-olivi-35l\\\/#breadcrumb\",\"itemListElement\":[{\"@type\":\"ListItem\",\"position\":1,\"name\":\"Etusivu\",\"item\":\"https:\\\/\\\/retki.fi\\\/\"},{\"@type\":\"ListItem\",\"position\":2,\"name\":\"Produkter\",\"item\":\"https:\\\/\\\/retki.fi\\\/sv\\\/produkter\\\/\"},{\"@type\":\"ListItem\",\"position\":3,\"name\":\"Ryggs\u00e4ck Trooper Olive 35L\"}]},{\"@type\":\"WebSite\",\"@id\":\"https:\\\/\\\/retki.fi\\\/#website\",\"url\":\"https:\\\/\\\/retki.fi\\\/\",\"name\":\"Retki Finland\",\"description\":\"Best moments happen outdoors\",\"publisher\":{\"@id\":\"https:\\\/\\\/retki.fi\\\/#organization\"},\"potentialAction\":[{\"@type\":\"SearchAction\",\"target\":{\"@type\":\"EntryPoint\",\"urlTemplate\":\"https:\\\/\\\/retki.fi\\\/?s={search_term_string}\"},\"query-input\":{\"@type\":\"PropertyValueSpecification\",\"valueRequired\":true,\"valueName\":\"search_term_string\"}}],\"inLanguage\":\"sv-SE\"},{\"@type\":\"Organization\",\"@id\":\"https:\\\/\\\/retki.fi\\\/#organization\",\"name\":\"Retki Finland \\\/ Blue Import BIM Oy\",\"url\":\"https:\\\/\\\/retki.fi\\\/\",\"logo\":{\"@type\":\"ImageObject\",\"inLanguage\":\"sv-SE\",\"@id\":\"https:\\\/\\\/retki.fi\\\/#\\\/schema\\\/logo\\\/image\\\/\",\"url\":\"https:\\\/\\\/retki.fi\\\/wp-content\\\/uploads\\\/2018\\\/11\\\/Retki_logo_512X512px.jpg\",\"contentUrl\":\"https:\\\/\\\/retki.fi\\\/wp-content\\\/uploads\\\/2018\\\/11\\\/Retki_logo_512X512px.jpg\",\"width\":512,\"height\":512,\"caption\":\"Retki Finland \\\/ Blue Import BIM Oy\"},\"image\":{\"@id\":\"https:\\\/\\\/retki.fi\\\/#\\\/schema\\\/logo\\\/image\\\/\"},\"sameAs\":[\"https:\\\/\\\/www.facebook.com\\\/retkifinland\\\/\",\"https:\\\/\\\/www.instagram.com\\\/retkifinland\\\/\"]}]}<\/script>\n<!-- \/ Yoast SEO plugin. -->","yoast_head_json":{"title":"Ryggs\u00e4ck Trooper Olive 35L - Retki Finland","robots":{"index":"index","follow":"follow","max-snippet":"max-snippet:-1","max-image-preview":"max-image-preview:large","max-video-preview":"max-video-preview:-1"},"canonical":"https:\/\/retki.fi\/sv\/produkt\/ryggsack-trooper-olivi-35l\/","og_locale":"sv_SE","og_type":"article","og_title":"Ryggs\u00e4ck Trooper Olive 35L - Retki Finland","og_description":"Retki Trooper \u00e4r en robust dagsv\u00e4ska f\u00f6r alla typer av camping. En snygg och m\u00e5ngsidig ryggs\u00e4ck passar \u00e4ven p\u00e5 fritiden. Bland de m\u00e5nga olika f\u00e4stalternativen finns det s\u00e4kert n\u00e5got som alla gillar. Ryggs\u00e4cken har t.ex. Molle f\u00e4sten och remmar. Dessa f\u00e4stalternativ som finns p\u00e5 sidorna och botten m\u00f6jligg\u00f6r \u00e4ven m\u00e5ngsidig extern f\u00e4stning till ett t\u00e4lt, [&hellip;]","og_url":"https:\/\/retki.fi\/sv\/produkt\/ryggsack-trooper-olivi-35l\/","og_site_name":"Retki Finland","article_publisher":"https:\/\/www.facebook.com\/retkifinland\/","article_modified_time":"2026-04-22T12:19:28+00:00","og_image":[{"width":2000,"height":2475,"url":"https:\/\/retki.fi\/wp-content\/uploads\/2021\/05\/R5659.jpg","type":"image\/jpeg"}],"twitter_card":"summary_large_image","twitter_misc":{"Ber\u00e4knad l\u00e4stid":"1 minut"},"schema":{"@context":"https:\/\/schema.org","@graph":[{"@type":"WebPage","@id":"https:\/\/retki.fi\/sv\/produkt\/ryggsack-trooper-olivi-35l\/","url":"https:\/\/retki.fi\/sv\/produkt\/ryggsack-trooper-olivi-35l\/","name":"Ryggs\u00e4ck Trooper Olive 35L - Retki Finland","isPartOf":{"@id":"https:\/\/retki.fi\/#website"},"primaryImageOfPage":{"@id":"https:\/\/retki.fi\/sv\/produkt\/ryggsack-trooper-olivi-35l\/#primaryimage"},"image":{"@id":"https:\/\/retki.fi\/sv\/produkt\/ryggsack-trooper-olivi-35l\/#primaryimage"},"thumbnailUrl":"https:\/\/retki.fi\/wp-content\/uploads\/2021\/05\/R5659.jpg","datePublished":"2021-05-26T14:14:25+00:00","dateModified":"2026-04-22T12:19:28+00:00","breadcrumb":{"@id":"https:\/\/retki.fi\/sv\/produkt\/ryggsack-trooper-olivi-35l\/#breadcrumb"},"inLanguage":"sv-SE","potentialAction":[{"@type":"ReadAction","target":["https:\/\/retki.fi\/sv\/produkt\/ryggsack-trooper-olivi-35l\/"]}]},{"@type":"ImageObject","inLanguage":"sv-SE","@id":"https:\/\/retki.fi\/sv\/produkt\/ryggsack-trooper-olivi-35l\/#primaryimage","url":"https:\/\/retki.fi\/wp-content\/uploads\/2021\/05\/R5659.jpg","contentUrl":"https:\/\/retki.fi\/wp-content\/uploads\/2021\/05\/R5659.jpg","width":2000,"height":2475},{"@type":"BreadcrumbList","@id":"https:\/\/retki.fi\/sv\/produkt\/ryggsack-trooper-olivi-35l\/#breadcrumb","itemListElement":[{"@type":"ListItem","position":1,"name":"Etusivu","item":"https:\/\/retki.fi\/"},{"@type":"ListItem","position":2,"name":"Produkter","item":"https:\/\/retki.fi\/sv\/produkter\/"},{"@type":"ListItem","position":3,"name":"Ryggs\u00e4ck Trooper Olive 35L"}]},{"@type":"WebSite","@id":"https:\/\/retki.fi\/#website","url":"https:\/\/retki.fi\/","name":"Retki Finland","description":"Best moments happen outdoors","publisher":{"@id":"https:\/\/retki.fi\/#organization"},"potentialAction":[{"@type":"SearchAction","target":{"@type":"EntryPoint","urlTemplate":"https:\/\/retki.fi\/?s={search_term_string}"},"query-input":{"@type":"PropertyValueSpecification","valueRequired":true,"valueName":"search_term_string"}}],"inLanguage":"sv-SE"},{"@type":"Organization","@id":"https:\/\/retki.fi\/#organization","name":"Retki Finland \/ Blue Import BIM Oy","url":"https:\/\/retki.fi\/","logo":{"@type":"ImageObject","inLanguage":"sv-SE","@id":"https:\/\/retki.fi\/#\/schema\/logo\/image\/","url":"https:\/\/retki.fi\/wp-content\/uploads\/2018\/11\/Retki_logo_512X512px.jpg","contentUrl":"https:\/\/retki.fi\/wp-content\/uploads\/2018\/11\/Retki_logo_512X512px.jpg","width":512,"height":512,"caption":"Retki Finland \/ Blue Import BIM Oy"},"image":{"@id":"https:\/\/retki.fi\/#\/schema\/logo\/image\/"},"sameAs":["https:\/\/www.facebook.com\/retkifinland\/","https:\/\/www.instagram.com\/retkifinland\/"]}]}},"_links":{"self":[{"href":"https:\/\/retki.fi\/sv\/wp-json\/wp\/v2\/product\/12783","targetHints":{"allow":["GET"]}}],"collection":[{"href":"https:\/\/retki.fi\/sv\/wp-json\/wp\/v2\/product"}],"about":[{"href":"https:\/\/retki.fi\/sv\/wp-json\/wp\/v2\/types\/product"}],"replies":[{"embeddable":true,"href":"https:\/\/retki.fi\/sv\/wp-json\/wp\/v2\/comments?post=12783"}],"wp:featuredmedia":[{"embeddable":true,"href":"https:\/\/retki.fi\/sv\/wp-json\/wp\/v2\/media\/12422"}],"wp:attachment":[{"href":"https:\/\/retki.fi\/sv\/wp-json\/wp\/v2\/media?parent=12783"}],"wp:term":[{"taxonomy":"product_brand","embeddable":true,"href":"https:\/\/retki.fi\/sv\/wp-json\/wp\/v2\/product_brand?post=12783"},{"taxonomy":"product_cat","embeddable":true,"href":"https:\/\/retki.fi\/sv\/wp-json\/wp\/v2\/product_cat?post=12783"},{"taxonomy":"product_tag","embeddable":true,"href":"https:\/\/retki.fi\/sv\/wp-json\/wp\/v2\/product_tag?post=12783"}],"curies":[{"name":"wp","href":"https:\/\/api.w.org\/{rel}","templated":true}]}}