{"id":12787,"date":"2021-06-01T17:24:40","date_gmt":"2021-06-01T14:24:40","guid":{"rendered":"https:\/\/retki.fi\/product\/led-campinglykta-3x3w\/"},"modified":"2026-04-22T15:19:28","modified_gmt":"2026-04-22T12:19:28","slug":"led-campinglykta-3x3w","status":"publish","type":"product","link":"https:\/\/retki.fi\/sv\/produkt\/led-campinglykta-3x3w\/","title":{"rendered":"LED Campinglykta 3x3W"},"content":{"rendered":"<p>Den praktiska och l\u00e4ttanv\u00e4nda LED-vandringslyktan \u00e4r en utm\u00e4rkt utrustning vid vandring. Tack vare sin storlek och l\u00e5ga vikt \u00e4r den l\u00e4tt att b\u00e4ra med sig. Lyktan har ett f\u00e4llbart och vridbart handtag, som \u00e4ven kan anv\u00e4ndas f\u00f6r att h\u00e4nga upp den till exempel fr\u00e5n t\u00e4lttaket.<\/p>\n<p>Den snygga lyktan \u00e4r batteridriven, s\u00e5 den beh\u00f6ver inte laddas separat. Effekt 3x3W, batterier 3xAAA, m\u00e5tt \u00d867 x 95 mm, 136 mm vid \u00f6ppning.<\/p>\n<p>&nbsp;<\/p>\n","protected":false},"excerpt":{"rendered":"<p>Den praktiska och l\u00e4ttanv\u00e4nda LED-vandringslyktan \u00e4r en utm\u00e4rkt utrustning vid vandring. Tack vare sin storlek och l\u00e5ga vikt \u00e4r den l\u00e4tt att b\u00e4ra med sig. Lyktan har ett f\u00e4llbart och vridbart handtag, som \u00e4ven kan anv\u00e4ndas f\u00f6r att h\u00e4nga upp den till exempel fr\u00e5n t\u00e4lttaket. Den snygga lyktan \u00e4r batteridriven, s\u00e5 den beh\u00f6ver inte laddas [&hellip;]<\/p>\n","protected":false},"featured_media":12441,"comment_status":"closed","ping_status":"closed","template":"","meta":{"_acf_changed":false},"product_brand":[],"product_cat":[3616],"product_tag":[],"class_list":{"0":"post-12787","1":"product","2":"type-product","3":"status-publish","4":"has-post-thumbnail","6":"product_cat-belysning","8":"first","9":"instock","10":"shipping-taxable","11":"product-type-simple"},"acf":[],"yoast_head":"<!-- This site is optimized with the Yoast SEO plugin v27.4 - https:\/\/yoast.com\/product\/yoast-seo-wordpress\/ -->\n<title>LED Campinglykta 3x3W - Retki Finland<\/title>\n<meta name=\"robots\" content=\"index, follow, max-snippet:-1, max-image-preview:large, max-video-preview:-1\" \/>\n<link rel=\"canonical\" href=\"https:\/\/retki.fi\/sv\/produkt\/led-campinglykta-3x3w\/\" \/>\n<meta property=\"og:locale\" content=\"sv_SE\" \/>\n<meta property=\"og:type\" content=\"article\" \/>\n<meta property=\"og:title\" content=\"LED Campinglykta 3x3W - Retki Finland\" \/>\n<meta property=\"og:description\" content=\"Den praktiska och l\u00e4ttanv\u00e4nda LED-vandringslyktan \u00e4r en utm\u00e4rkt utrustning vid vandring. Tack vare sin storlek och l\u00e5ga vikt \u00e4r den l\u00e4tt att b\u00e4ra med sig. Lyktan har ett f\u00e4llbart och vridbart handtag, som \u00e4ven kan anv\u00e4ndas f\u00f6r att h\u00e4nga upp den till exempel fr\u00e5n t\u00e4lttaket. Den snygga lyktan \u00e4r batteridriven, s\u00e5 den beh\u00f6ver inte laddas [&hellip;]\" \/>\n<meta property=\"og:url\" content=\"https:\/\/retki.fi\/sv\/produkt\/led-campinglykta-3x3w\/\" \/>\n<meta property=\"og:site_name\" content=\"Retki Finland\" \/>\n<meta property=\"article:publisher\" content=\"https:\/\/www.facebook.com\/retkifinland\/\" \/>\n<meta property=\"article:modified_time\" content=\"2026-04-22T12:19:28+00:00\" \/>\n<meta property=\"og:image\" content=\"https:\/\/retki.fi\/wp-content\/uploads\/2021\/06\/R5640-scaled.jpg\" \/>\n\t<meta property=\"og:image:width\" content=\"2560\" \/>\n\t<meta property=\"og:image:height\" content=\"2560\" \/>\n\t<meta property=\"og:image:type\" content=\"image\/jpeg\" \/>\n<meta name=\"twitter:card\" content=\"summary_large_image\" \/>\n<script type=\"application\/ld+json\" class=\"yoast-schema-graph\">{\"@context\":\"https:\\\/\\\/schema.org\",\"@graph\":[{\"@type\":\"WebPage\",\"@id\":\"https:\\\/\\\/retki.fi\\\/sv\\\/produkt\\\/led-campinglykta-3x3w\\\/\",\"url\":\"https:\\\/\\\/retki.fi\\\/sv\\\/produkt\\\/led-campinglykta-3x3w\\\/\",\"name\":\"LED Campinglykta 3x3W - Retki Finland\",\"isPartOf\":{\"@id\":\"https:\\\/\\\/retki.fi\\\/#website\"},\"primaryImageOfPage\":{\"@id\":\"https:\\\/\\\/retki.fi\\\/sv\\\/produkt\\\/led-campinglykta-3x3w\\\/#primaryimage\"},\"image\":{\"@id\":\"https:\\\/\\\/retki.fi\\\/sv\\\/produkt\\\/led-campinglykta-3x3w\\\/#primaryimage\"},\"thumbnailUrl\":\"https:\\\/\\\/retki.fi\\\/wp-content\\\/uploads\\\/2021\\\/06\\\/R5640-scaled.jpg\",\"datePublished\":\"2021-06-01T14:24:40+00:00\",\"dateModified\":\"2026-04-22T12:19:28+00:00\",\"breadcrumb\":{\"@id\":\"https:\\\/\\\/retki.fi\\\/sv\\\/produkt\\\/led-campinglykta-3x3w\\\/#breadcrumb\"},\"inLanguage\":\"sv-SE\",\"potentialAction\":[{\"@type\":\"ReadAction\",\"target\":[\"https:\\\/\\\/retki.fi\\\/sv\\\/produkt\\\/led-campinglykta-3x3w\\\/\"]}]},{\"@type\":\"ImageObject\",\"inLanguage\":\"sv-SE\",\"@id\":\"https:\\\/\\\/retki.fi\\\/sv\\\/produkt\\\/led-campinglykta-3x3w\\\/#primaryimage\",\"url\":\"https:\\\/\\\/retki.fi\\\/wp-content\\\/uploads\\\/2021\\\/06\\\/R5640-scaled.jpg\",\"contentUrl\":\"https:\\\/\\\/retki.fi\\\/wp-content\\\/uploads\\\/2021\\\/06\\\/R5640-scaled.jpg\",\"width\":2560,\"height\":2560},{\"@type\":\"BreadcrumbList\",\"@id\":\"https:\\\/\\\/retki.fi\\\/sv\\\/produkt\\\/led-campinglykta-3x3w\\\/#breadcrumb\",\"itemListElement\":[{\"@type\":\"ListItem\",\"position\":1,\"name\":\"Etusivu\",\"item\":\"https:\\\/\\\/retki.fi\\\/\"},{\"@type\":\"ListItem\",\"position\":2,\"name\":\"Produkter\",\"item\":\"https:\\\/\\\/retki.fi\\\/sv\\\/produkter\\\/\"},{\"@type\":\"ListItem\",\"position\":3,\"name\":\"LED Campinglykta 3x3W\"}]},{\"@type\":\"WebSite\",\"@id\":\"https:\\\/\\\/retki.fi\\\/#website\",\"url\":\"https:\\\/\\\/retki.fi\\\/\",\"name\":\"Retki Finland\",\"description\":\"Best moments happen outdoors\",\"publisher\":{\"@id\":\"https:\\\/\\\/retki.fi\\\/#organization\"},\"potentialAction\":[{\"@type\":\"SearchAction\",\"target\":{\"@type\":\"EntryPoint\",\"urlTemplate\":\"https:\\\/\\\/retki.fi\\\/?s={search_term_string}\"},\"query-input\":{\"@type\":\"PropertyValueSpecification\",\"valueRequired\":true,\"valueName\":\"search_term_string\"}}],\"inLanguage\":\"sv-SE\"},{\"@type\":\"Organization\",\"@id\":\"https:\\\/\\\/retki.fi\\\/#organization\",\"name\":\"Retki Finland \\\/ Blue Import BIM Oy\",\"url\":\"https:\\\/\\\/retki.fi\\\/\",\"logo\":{\"@type\":\"ImageObject\",\"inLanguage\":\"sv-SE\",\"@id\":\"https:\\\/\\\/retki.fi\\\/#\\\/schema\\\/logo\\\/image\\\/\",\"url\":\"https:\\\/\\\/retki.fi\\\/wp-content\\\/uploads\\\/2018\\\/11\\\/Retki_logo_512X512px.jpg\",\"contentUrl\":\"https:\\\/\\\/retki.fi\\\/wp-content\\\/uploads\\\/2018\\\/11\\\/Retki_logo_512X512px.jpg\",\"width\":512,\"height\":512,\"caption\":\"Retki Finland \\\/ Blue Import BIM Oy\"},\"image\":{\"@id\":\"https:\\\/\\\/retki.fi\\\/#\\\/schema\\\/logo\\\/image\\\/\"},\"sameAs\":[\"https:\\\/\\\/www.facebook.com\\\/retkifinland\\\/\",\"https:\\\/\\\/www.instagram.com\\\/retkifinland\\\/\"]}]}<\/script>\n<!-- \/ Yoast SEO plugin. -->","yoast_head_json":{"title":"LED Campinglykta 3x3W - Retki Finland","robots":{"index":"index","follow":"follow","max-snippet":"max-snippet:-1","max-image-preview":"max-image-preview:large","max-video-preview":"max-video-preview:-1"},"canonical":"https:\/\/retki.fi\/sv\/produkt\/led-campinglykta-3x3w\/","og_locale":"sv_SE","og_type":"article","og_title":"LED Campinglykta 3x3W - Retki Finland","og_description":"Den praktiska och l\u00e4ttanv\u00e4nda LED-vandringslyktan \u00e4r en utm\u00e4rkt utrustning vid vandring. Tack vare sin storlek och l\u00e5ga vikt \u00e4r den l\u00e4tt att b\u00e4ra med sig. Lyktan har ett f\u00e4llbart och vridbart handtag, som \u00e4ven kan anv\u00e4ndas f\u00f6r att h\u00e4nga upp den till exempel fr\u00e5n t\u00e4lttaket. Den snygga lyktan \u00e4r batteridriven, s\u00e5 den beh\u00f6ver inte laddas [&hellip;]","og_url":"https:\/\/retki.fi\/sv\/produkt\/led-campinglykta-3x3w\/","og_site_name":"Retki Finland","article_publisher":"https:\/\/www.facebook.com\/retkifinland\/","article_modified_time":"2026-04-22T12:19:28+00:00","og_image":[{"width":2560,"height":2560,"url":"https:\/\/retki.fi\/wp-content\/uploads\/2021\/06\/R5640-scaled.jpg","type":"image\/jpeg"}],"twitter_card":"summary_large_image","schema":{"@context":"https:\/\/schema.org","@graph":[{"@type":"WebPage","@id":"https:\/\/retki.fi\/sv\/produkt\/led-campinglykta-3x3w\/","url":"https:\/\/retki.fi\/sv\/produkt\/led-campinglykta-3x3w\/","name":"LED Campinglykta 3x3W - Retki Finland","isPartOf":{"@id":"https:\/\/retki.fi\/#website"},"primaryImageOfPage":{"@id":"https:\/\/retki.fi\/sv\/produkt\/led-campinglykta-3x3w\/#primaryimage"},"image":{"@id":"https:\/\/retki.fi\/sv\/produkt\/led-campinglykta-3x3w\/#primaryimage"},"thumbnailUrl":"https:\/\/retki.fi\/wp-content\/uploads\/2021\/06\/R5640-scaled.jpg","datePublished":"2021-06-01T14:24:40+00:00","dateModified":"2026-04-22T12:19:28+00:00","breadcrumb":{"@id":"https:\/\/retki.fi\/sv\/produkt\/led-campinglykta-3x3w\/#breadcrumb"},"inLanguage":"sv-SE","potentialAction":[{"@type":"ReadAction","target":["https:\/\/retki.fi\/sv\/produkt\/led-campinglykta-3x3w\/"]}]},{"@type":"ImageObject","inLanguage":"sv-SE","@id":"https:\/\/retki.fi\/sv\/produkt\/led-campinglykta-3x3w\/#primaryimage","url":"https:\/\/retki.fi\/wp-content\/uploads\/2021\/06\/R5640-scaled.jpg","contentUrl":"https:\/\/retki.fi\/wp-content\/uploads\/2021\/06\/R5640-scaled.jpg","width":2560,"height":2560},{"@type":"BreadcrumbList","@id":"https:\/\/retki.fi\/sv\/produkt\/led-campinglykta-3x3w\/#breadcrumb","itemListElement":[{"@type":"ListItem","position":1,"name":"Etusivu","item":"https:\/\/retki.fi\/"},{"@type":"ListItem","position":2,"name":"Produkter","item":"https:\/\/retki.fi\/sv\/produkter\/"},{"@type":"ListItem","position":3,"name":"LED Campinglykta 3x3W"}]},{"@type":"WebSite","@id":"https:\/\/retki.fi\/#website","url":"https:\/\/retki.fi\/","name":"Retki Finland","description":"Best moments happen outdoors","publisher":{"@id":"https:\/\/retki.fi\/#organization"},"potentialAction":[{"@type":"SearchAction","target":{"@type":"EntryPoint","urlTemplate":"https:\/\/retki.fi\/?s={search_term_string}"},"query-input":{"@type":"PropertyValueSpecification","valueRequired":true,"valueName":"search_term_string"}}],"inLanguage":"sv-SE"},{"@type":"Organization","@id":"https:\/\/retki.fi\/#organization","name":"Retki Finland \/ Blue Import BIM Oy","url":"https:\/\/retki.fi\/","logo":{"@type":"ImageObject","inLanguage":"sv-SE","@id":"https:\/\/retki.fi\/#\/schema\/logo\/image\/","url":"https:\/\/retki.fi\/wp-content\/uploads\/2018\/11\/Retki_logo_512X512px.jpg","contentUrl":"https:\/\/retki.fi\/wp-content\/uploads\/2018\/11\/Retki_logo_512X512px.jpg","width":512,"height":512,"caption":"Retki Finland \/ Blue Import BIM Oy"},"image":{"@id":"https:\/\/retki.fi\/#\/schema\/logo\/image\/"},"sameAs":["https:\/\/www.facebook.com\/retkifinland\/","https:\/\/www.instagram.com\/retkifinland\/"]}]}},"_links":{"self":[{"href":"https:\/\/retki.fi\/sv\/wp-json\/wp\/v2\/product\/12787","targetHints":{"allow":["GET"]}}],"collection":[{"href":"https:\/\/retki.fi\/sv\/wp-json\/wp\/v2\/product"}],"about":[{"href":"https:\/\/retki.fi\/sv\/wp-json\/wp\/v2\/types\/product"}],"replies":[{"embeddable":true,"href":"https:\/\/retki.fi\/sv\/wp-json\/wp\/v2\/comments?post=12787"}],"wp:featuredmedia":[{"embeddable":true,"href":"https:\/\/retki.fi\/sv\/wp-json\/wp\/v2\/media\/12441"}],"wp:attachment":[{"href":"https:\/\/retki.fi\/sv\/wp-json\/wp\/v2\/media?parent=12787"}],"wp:term":[{"taxonomy":"product_brand","embeddable":true,"href":"https:\/\/retki.fi\/sv\/wp-json\/wp\/v2\/product_brand?post=12787"},{"taxonomy":"product_cat","embeddable":true,"href":"https:\/\/retki.fi\/sv\/wp-json\/wp\/v2\/product_cat?post=12787"},{"taxonomy":"product_tag","embeddable":true,"href":"https:\/\/retki.fi\/sv\/wp-json\/wp\/v2\/product_tag?post=12787"}],"curies":[{"name":"wp","href":"https:\/\/api.w.org\/{rel}","templated":true}]}}