{"id":12791,"date":"2021-10-04T17:02:28","date_gmt":"2021-10-04T14:02:28","guid":{"rendered":"https:\/\/retki.fi\/product\/spelkamera-4g\/"},"modified":"2026-04-22T15:19:27","modified_gmt":"2026-04-22T12:19:27","slug":"spelkamera-4g","status":"publish","type":"product","link":"https:\/\/retki.fi\/sv\/produkt\/spelkamera-4g\/","title":{"rendered":"Spelkamera 4G"},"content":{"rendered":"<p>4G-spelkamera s\u00e4nder resan. Skickar terr\u00e4ngfoton och sparar videor till ett minneskort. Kan fj\u00e4rrstyras via smartphone. Viltkamerans 56 oansenliga infrar\u00f6da svarta lysdioder k\u00e4nner av r\u00f6relser upp till 20 meter bort, och \u00e4r inte synliga f\u00f6r \u00f6gonen p\u00e5 m\u00e4nniskor eller djur. Snabb 0,4s reaktionstid n\u00e4r r\u00f6relse detekteras. Spelkameran drivs av 8 AA-batterier och den har \u00e4ven str\u00f6manslutning f\u00f6r ett externt 12V-batteri, n\u00e4tstr\u00f6mk\u00e4lla eller solpanel.<\/p>\n<p>Den s\u00e4ndande viltkameran \u00e4r enkel att anv\u00e4nda och kan anv\u00e4ndas av alla, eftersom den har en meny p\u00e5 finska och en 2&#8243; f\u00e4rgsk\u00e4rm. Enkel plug &#038; play-installation.<\/p>\n<p>&nbsp;<\/p>\n<p>&nbsp;<\/p>\n<p>TILLBEH\u00d6R:<\/p>\n<p>&#8211; ELISA Sim-kort och aktiveringsinstruktioner<br \/>\n&#8211; F\u00e4stband 170cm<br \/>\n&#8211; USB-kabel<br \/>\n&#8211; TV-kabel<br \/>\n&#8211; Manuell<br \/>\n&#8211; Str\u00f6mantenn<\/p>\n<p>PAKETET ING\u00c5R INTE:<\/p>\n<p>&#8211; Minneskort<br \/>\n&#8211; AA-batterier<\/p>\n","protected":false},"excerpt":{"rendered":"<p>4G-spelkamera s\u00e4nder resan. Skickar terr\u00e4ngfoton och sparar videor till ett minneskort. Kan fj\u00e4rrstyras via smartphone. Viltkamerans 56 oansenliga infrar\u00f6da svarta lysdioder k\u00e4nner av r\u00f6relser upp till 20 meter bort, och \u00e4r inte synliga f\u00f6r \u00f6gonen p\u00e5 m\u00e4nniskor eller djur. Snabb 0,4s reaktionstid n\u00e4r r\u00f6relse detekteras. Spelkameran drivs av 8 AA-batterier och den har \u00e4ven str\u00f6manslutning [&hellip;]<\/p>\n","protected":false},"featured_media":12450,"comment_status":"closed","ping_status":"closed","template":"","meta":{"_acf_changed":false},"product_brand":[],"product_cat":[3590],"product_tag":[],"class_list":{"0":"post-12791","1":"product","2":"type-product","3":"status-publish","4":"has-post-thumbnail","6":"product_cat-viltkameror","8":"first","9":"instock","10":"shipping-taxable","11":"product-type-simple"},"acf":[],"yoast_head":"<!-- This site is optimized with the Yoast SEO plugin v27.4 - https:\/\/yoast.com\/product\/yoast-seo-wordpress\/ -->\n<title>Spelkamera 4G - Retki Finland<\/title>\n<meta name=\"robots\" content=\"index, follow, max-snippet:-1, max-image-preview:large, max-video-preview:-1\" \/>\n<link rel=\"canonical\" href=\"https:\/\/retki.fi\/sv\/produkt\/spelkamera-4g\/\" \/>\n<meta property=\"og:locale\" content=\"sv_SE\" \/>\n<meta property=\"og:type\" content=\"article\" \/>\n<meta property=\"og:title\" content=\"Spelkamera 4G - Retki Finland\" \/>\n<meta property=\"og:description\" content=\"4G-spelkamera s\u00e4nder resan. Skickar terr\u00e4ngfoton och sparar videor till ett minneskort. Kan fj\u00e4rrstyras via smartphone. Viltkamerans 56 oansenliga infrar\u00f6da svarta lysdioder k\u00e4nner av r\u00f6relser upp till 20 meter bort, och \u00e4r inte synliga f\u00f6r \u00f6gonen p\u00e5 m\u00e4nniskor eller djur. Snabb 0,4s reaktionstid n\u00e4r r\u00f6relse detekteras. Spelkameran drivs av 8 AA-batterier och den har \u00e4ven str\u00f6manslutning [&hellip;]\" \/>\n<meta property=\"og:url\" content=\"https:\/\/retki.fi\/sv\/produkt\/spelkamera-4g\/\" \/>\n<meta property=\"og:site_name\" content=\"Retki Finland\" \/>\n<meta property=\"article:publisher\" content=\"https:\/\/www.facebook.com\/retkifinland\/\" \/>\n<meta property=\"article:modified_time\" content=\"2026-04-22T12:19:27+00:00\" \/>\n<meta property=\"og:image\" content=\"https:\/\/retki.fi\/wp-content\/uploads\/2021\/10\/R6953_3.jpg\" \/>\n\t<meta property=\"og:image:width\" content=\"2536\" \/>\n\t<meta property=\"og:image:height\" content=\"2088\" \/>\n\t<meta property=\"og:image:type\" content=\"image\/jpeg\" \/>\n<meta name=\"twitter:card\" content=\"summary_large_image\" \/>\n<meta name=\"twitter:label1\" content=\"Ber\u00e4knad l\u00e4stid\" \/>\n\t<meta name=\"twitter:data1\" content=\"1 minut\" \/>\n<script type=\"application\/ld+json\" class=\"yoast-schema-graph\">{\"@context\":\"https:\\\/\\\/schema.org\",\"@graph\":[{\"@type\":\"WebPage\",\"@id\":\"https:\\\/\\\/retki.fi\\\/sv\\\/produkt\\\/spelkamera-4g\\\/\",\"url\":\"https:\\\/\\\/retki.fi\\\/sv\\\/produkt\\\/spelkamera-4g\\\/\",\"name\":\"Spelkamera 4G - Retki Finland\",\"isPartOf\":{\"@id\":\"https:\\\/\\\/retki.fi\\\/#website\"},\"primaryImageOfPage\":{\"@id\":\"https:\\\/\\\/retki.fi\\\/sv\\\/produkt\\\/spelkamera-4g\\\/#primaryimage\"},\"image\":{\"@id\":\"https:\\\/\\\/retki.fi\\\/sv\\\/produkt\\\/spelkamera-4g\\\/#primaryimage\"},\"thumbnailUrl\":\"https:\\\/\\\/retki.fi\\\/wp-content\\\/uploads\\\/2021\\\/10\\\/R6953_3.jpg\",\"datePublished\":\"2021-10-04T14:02:28+00:00\",\"dateModified\":\"2026-04-22T12:19:27+00:00\",\"breadcrumb\":{\"@id\":\"https:\\\/\\\/retki.fi\\\/sv\\\/produkt\\\/spelkamera-4g\\\/#breadcrumb\"},\"inLanguage\":\"sv-SE\",\"potentialAction\":[{\"@type\":\"ReadAction\",\"target\":[\"https:\\\/\\\/retki.fi\\\/sv\\\/produkt\\\/spelkamera-4g\\\/\"]}]},{\"@type\":\"ImageObject\",\"inLanguage\":\"sv-SE\",\"@id\":\"https:\\\/\\\/retki.fi\\\/sv\\\/produkt\\\/spelkamera-4g\\\/#primaryimage\",\"url\":\"https:\\\/\\\/retki.fi\\\/wp-content\\\/uploads\\\/2021\\\/10\\\/R6953_3.jpg\",\"contentUrl\":\"https:\\\/\\\/retki.fi\\\/wp-content\\\/uploads\\\/2021\\\/10\\\/R6953_3.jpg\",\"width\":2536,\"height\":2088},{\"@type\":\"BreadcrumbList\",\"@id\":\"https:\\\/\\\/retki.fi\\\/sv\\\/produkt\\\/spelkamera-4g\\\/#breadcrumb\",\"itemListElement\":[{\"@type\":\"ListItem\",\"position\":1,\"name\":\"Etusivu\",\"item\":\"https:\\\/\\\/retki.fi\\\/\"},{\"@type\":\"ListItem\",\"position\":2,\"name\":\"Produkter\",\"item\":\"https:\\\/\\\/retki.fi\\\/sv\\\/produkter\\\/\"},{\"@type\":\"ListItem\",\"position\":3,\"name\":\"Spelkamera 4G\"}]},{\"@type\":\"WebSite\",\"@id\":\"https:\\\/\\\/retki.fi\\\/#website\",\"url\":\"https:\\\/\\\/retki.fi\\\/\",\"name\":\"Retki Finland\",\"description\":\"Best moments happen outdoors\",\"publisher\":{\"@id\":\"https:\\\/\\\/retki.fi\\\/#organization\"},\"potentialAction\":[{\"@type\":\"SearchAction\",\"target\":{\"@type\":\"EntryPoint\",\"urlTemplate\":\"https:\\\/\\\/retki.fi\\\/?s={search_term_string}\"},\"query-input\":{\"@type\":\"PropertyValueSpecification\",\"valueRequired\":true,\"valueName\":\"search_term_string\"}}],\"inLanguage\":\"sv-SE\"},{\"@type\":\"Organization\",\"@id\":\"https:\\\/\\\/retki.fi\\\/#organization\",\"name\":\"Retki Finland \\\/ Blue Import BIM Oy\",\"url\":\"https:\\\/\\\/retki.fi\\\/\",\"logo\":{\"@type\":\"ImageObject\",\"inLanguage\":\"sv-SE\",\"@id\":\"https:\\\/\\\/retki.fi\\\/#\\\/schema\\\/logo\\\/image\\\/\",\"url\":\"https:\\\/\\\/retki.fi\\\/wp-content\\\/uploads\\\/2018\\\/11\\\/Retki_logo_512X512px.jpg\",\"contentUrl\":\"https:\\\/\\\/retki.fi\\\/wp-content\\\/uploads\\\/2018\\\/11\\\/Retki_logo_512X512px.jpg\",\"width\":512,\"height\":512,\"caption\":\"Retki Finland \\\/ Blue Import BIM Oy\"},\"image\":{\"@id\":\"https:\\\/\\\/retki.fi\\\/#\\\/schema\\\/logo\\\/image\\\/\"},\"sameAs\":[\"https:\\\/\\\/www.facebook.com\\\/retkifinland\\\/\",\"https:\\\/\\\/www.instagram.com\\\/retkifinland\\\/\"]}]}<\/script>\n<!-- \/ Yoast SEO plugin. -->","yoast_head_json":{"title":"Spelkamera 4G - Retki Finland","robots":{"index":"index","follow":"follow","max-snippet":"max-snippet:-1","max-image-preview":"max-image-preview:large","max-video-preview":"max-video-preview:-1"},"canonical":"https:\/\/retki.fi\/sv\/produkt\/spelkamera-4g\/","og_locale":"sv_SE","og_type":"article","og_title":"Spelkamera 4G - Retki Finland","og_description":"4G-spelkamera s\u00e4nder resan. Skickar terr\u00e4ngfoton och sparar videor till ett minneskort. Kan fj\u00e4rrstyras via smartphone. Viltkamerans 56 oansenliga infrar\u00f6da svarta lysdioder k\u00e4nner av r\u00f6relser upp till 20 meter bort, och \u00e4r inte synliga f\u00f6r \u00f6gonen p\u00e5 m\u00e4nniskor eller djur. Snabb 0,4s reaktionstid n\u00e4r r\u00f6relse detekteras. Spelkameran drivs av 8 AA-batterier och den har \u00e4ven str\u00f6manslutning [&hellip;]","og_url":"https:\/\/retki.fi\/sv\/produkt\/spelkamera-4g\/","og_site_name":"Retki Finland","article_publisher":"https:\/\/www.facebook.com\/retkifinland\/","article_modified_time":"2026-04-22T12:19:27+00:00","og_image":[{"width":2536,"height":2088,"url":"https:\/\/retki.fi\/wp-content\/uploads\/2021\/10\/R6953_3.jpg","type":"image\/jpeg"}],"twitter_card":"summary_large_image","twitter_misc":{"Ber\u00e4knad l\u00e4stid":"1 minut"},"schema":{"@context":"https:\/\/schema.org","@graph":[{"@type":"WebPage","@id":"https:\/\/retki.fi\/sv\/produkt\/spelkamera-4g\/","url":"https:\/\/retki.fi\/sv\/produkt\/spelkamera-4g\/","name":"Spelkamera 4G - Retki Finland","isPartOf":{"@id":"https:\/\/retki.fi\/#website"},"primaryImageOfPage":{"@id":"https:\/\/retki.fi\/sv\/produkt\/spelkamera-4g\/#primaryimage"},"image":{"@id":"https:\/\/retki.fi\/sv\/produkt\/spelkamera-4g\/#primaryimage"},"thumbnailUrl":"https:\/\/retki.fi\/wp-content\/uploads\/2021\/10\/R6953_3.jpg","datePublished":"2021-10-04T14:02:28+00:00","dateModified":"2026-04-22T12:19:27+00:00","breadcrumb":{"@id":"https:\/\/retki.fi\/sv\/produkt\/spelkamera-4g\/#breadcrumb"},"inLanguage":"sv-SE","potentialAction":[{"@type":"ReadAction","target":["https:\/\/retki.fi\/sv\/produkt\/spelkamera-4g\/"]}]},{"@type":"ImageObject","inLanguage":"sv-SE","@id":"https:\/\/retki.fi\/sv\/produkt\/spelkamera-4g\/#primaryimage","url":"https:\/\/retki.fi\/wp-content\/uploads\/2021\/10\/R6953_3.jpg","contentUrl":"https:\/\/retki.fi\/wp-content\/uploads\/2021\/10\/R6953_3.jpg","width":2536,"height":2088},{"@type":"BreadcrumbList","@id":"https:\/\/retki.fi\/sv\/produkt\/spelkamera-4g\/#breadcrumb","itemListElement":[{"@type":"ListItem","position":1,"name":"Etusivu","item":"https:\/\/retki.fi\/"},{"@type":"ListItem","position":2,"name":"Produkter","item":"https:\/\/retki.fi\/sv\/produkter\/"},{"@type":"ListItem","position":3,"name":"Spelkamera 4G"}]},{"@type":"WebSite","@id":"https:\/\/retki.fi\/#website","url":"https:\/\/retki.fi\/","name":"Retki Finland","description":"Best moments happen outdoors","publisher":{"@id":"https:\/\/retki.fi\/#organization"},"potentialAction":[{"@type":"SearchAction","target":{"@type":"EntryPoint","urlTemplate":"https:\/\/retki.fi\/?s={search_term_string}"},"query-input":{"@type":"PropertyValueSpecification","valueRequired":true,"valueName":"search_term_string"}}],"inLanguage":"sv-SE"},{"@type":"Organization","@id":"https:\/\/retki.fi\/#organization","name":"Retki Finland \/ Blue Import BIM Oy","url":"https:\/\/retki.fi\/","logo":{"@type":"ImageObject","inLanguage":"sv-SE","@id":"https:\/\/retki.fi\/#\/schema\/logo\/image\/","url":"https:\/\/retki.fi\/wp-content\/uploads\/2018\/11\/Retki_logo_512X512px.jpg","contentUrl":"https:\/\/retki.fi\/wp-content\/uploads\/2018\/11\/Retki_logo_512X512px.jpg","width":512,"height":512,"caption":"Retki Finland \/ Blue Import BIM Oy"},"image":{"@id":"https:\/\/retki.fi\/#\/schema\/logo\/image\/"},"sameAs":["https:\/\/www.facebook.com\/retkifinland\/","https:\/\/www.instagram.com\/retkifinland\/"]}]}},"_links":{"self":[{"href":"https:\/\/retki.fi\/sv\/wp-json\/wp\/v2\/product\/12791","targetHints":{"allow":["GET"]}}],"collection":[{"href":"https:\/\/retki.fi\/sv\/wp-json\/wp\/v2\/product"}],"about":[{"href":"https:\/\/retki.fi\/sv\/wp-json\/wp\/v2\/types\/product"}],"replies":[{"embeddable":true,"href":"https:\/\/retki.fi\/sv\/wp-json\/wp\/v2\/comments?post=12791"}],"wp:featuredmedia":[{"embeddable":true,"href":"https:\/\/retki.fi\/sv\/wp-json\/wp\/v2\/media\/12450"}],"wp:attachment":[{"href":"https:\/\/retki.fi\/sv\/wp-json\/wp\/v2\/media?parent=12791"}],"wp:term":[{"taxonomy":"product_brand","embeddable":true,"href":"https:\/\/retki.fi\/sv\/wp-json\/wp\/v2\/product_brand?post=12791"},{"taxonomy":"product_cat","embeddable":true,"href":"https:\/\/retki.fi\/sv\/wp-json\/wp\/v2\/product_cat?post=12791"},{"taxonomy":"product_tag","embeddable":true,"href":"https:\/\/retki.fi\/sv\/wp-json\/wp\/v2\/product_tag?post=12791"}],"curies":[{"name":"wp","href":"https:\/\/api.w.org\/{rel}","templated":true}]}}