{"id":12796,"date":"2022-10-25T16:01:54","date_gmt":"2025-01-01T20:22:33","guid":{"rendered":"https:\/\/retki.fi\/product\/ryggsack-ring-32-l-svart\/"},"modified":"2025-01-28T04:58:41","modified_gmt":"2025-01-28T02:58:41","slug":"ryggsack-ring-32-l-svart","status":"publish","type":"product","link":"https:\/\/retki.fi\/sv\/produkt\/ryggsack-ring-32-l-svart\/","title":{"rendered":"Ryggs\u00e4cksv\u00e4ska 32 l svart"},"content":{"rendered":"<p>En kompakt ryggs\u00e4ck p\u00e5 32 l f\u00f6r kortare vandringar och dagsturer. Dragsko upptill p\u00e5 ryggs\u00e4cken, ficka med lock som st\u00e4ngs med ett sp\u00e4nne ovanp\u00e5, med tillbeh\u00f6rsficka med dragkedja f\u00f6r sm\u00e5saker. Stabilt och justerbart b\u00e4rsystem och h\u00f6ftsele. F\u00e4stelement f\u00f6r tillbeh\u00f6r p\u00e5 utsidan. N\u00e4tfickor f\u00f6r dricksflaskor p\u00e5 sidorna. Andningsbar och vadderad rygg.<\/p>\n<p>&nbsp;<\/p>\n<p>&nbsp;<\/p>\n<p>&nbsp;<\/p>\n","protected":false},"excerpt":{"rendered":"<p>Kompakt dags\u00e4ck f\u00f6r kortare vandringar och dagsturer.<\/p>\n","protected":false},"featured_media":5722,"comment_status":"closed","ping_status":"closed","template":"","meta":{"_acf_changed":false},"product_brand":[],"product_cat":[3601,3574],"product_tag":[],"class_list":{"0":"post-12796","1":"product","2":"type-product","3":"status-publish","4":"has-post-thumbnail","6":"product_cat-turryggsackar","7":"product_cat-vaskor-och-dagryggsackar","9":"first","10":"instock","11":"shipping-taxable","12":"product-type-simple"},"acf":[],"yoast_head":"<!-- This site is optimized with the Yoast SEO plugin v26.8 - https:\/\/yoast.com\/product\/yoast-seo-wordpress\/ -->\n<title>Ryggs\u00e4cksv\u00e4ska 32 l svart - Retki Finland<\/title>\n<meta name=\"robots\" content=\"index, follow, max-snippet:-1, max-image-preview:large, max-video-preview:-1\" \/>\n<link rel=\"canonical\" href=\"https:\/\/retki.fi\/sv\/produkt\/ryggsack-ring-32-l-svart\/\" \/>\n<meta property=\"og:locale\" content=\"sv_SE\" \/>\n<meta property=\"og:type\" content=\"article\" \/>\n<meta property=\"og:title\" content=\"Ryggs\u00e4cksv\u00e4ska 32 l svart - Retki Finland\" \/>\n<meta property=\"og:description\" content=\"Kompakt dags\u00e4ck f\u00f6r kortare vandringar och dagsturer.\" \/>\n<meta property=\"og:url\" content=\"https:\/\/retki.fi\/sv\/produkt\/ryggsack-ring-32-l-svart\/\" \/>\n<meta property=\"og:site_name\" content=\"Retki Finland\" \/>\n<meta property=\"article:publisher\" content=\"https:\/\/www.facebook.com\/retkifinland\/\" \/>\n<meta property=\"article:modified_time\" content=\"2025-01-28T02:58:41+00:00\" \/>\n<meta property=\"og:image\" content=\"https:\/\/retki.fi\/wp-content\/uploads\/2022\/10\/R6955-1.jpg\" \/>\n\t<meta property=\"og:image:width\" content=\"681\" \/>\n\t<meta property=\"og:image:height\" content=\"768\" \/>\n\t<meta property=\"og:image:type\" content=\"image\/jpeg\" \/>\n<meta name=\"twitter:card\" content=\"summary_large_image\" \/>\n<script type=\"application\/ld+json\" class=\"yoast-schema-graph\">{\"@context\":\"https:\/\/schema.org\",\"@graph\":[{\"@type\":\"WebPage\",\"@id\":\"https:\/\/retki.fi\/sv\/produkt\/ryggsack-ring-32-l-svart\/\",\"url\":\"https:\/\/retki.fi\/sv\/produkt\/ryggsack-ring-32-l-svart\/\",\"name\":\"Ryggs\u00e4cksv\u00e4ska 32 l svart - Retki Finland\",\"isPartOf\":{\"@id\":\"https:\/\/retki.fi\/#website\"},\"primaryImageOfPage\":{\"@id\":\"https:\/\/retki.fi\/sv\/produkt\/ryggsack-ring-32-l-svart\/#primaryimage\"},\"image\":{\"@id\":\"https:\/\/retki.fi\/sv\/produkt\/ryggsack-ring-32-l-svart\/#primaryimage\"},\"thumbnailUrl\":\"https:\/\/retki.fi\/wp-content\/uploads\/2022\/10\/R6955-1.jpg\",\"datePublished\":\"2025-01-01T20:22:33+00:00\",\"dateModified\":\"2025-01-28T02:58:41+00:00\",\"breadcrumb\":{\"@id\":\"https:\/\/retki.fi\/sv\/produkt\/ryggsack-ring-32-l-svart\/#breadcrumb\"},\"inLanguage\":\"sv-SE\",\"potentialAction\":[{\"@type\":\"ReadAction\",\"target\":[\"https:\/\/retki.fi\/sv\/produkt\/ryggsack-ring-32-l-svart\/\"]}]},{\"@type\":\"ImageObject\",\"inLanguage\":\"sv-SE\",\"@id\":\"https:\/\/retki.fi\/sv\/produkt\/ryggsack-ring-32-l-svart\/#primaryimage\",\"url\":\"https:\/\/retki.fi\/wp-content\/uploads\/2022\/10\/R6955-1.jpg\",\"contentUrl\":\"https:\/\/retki.fi\/wp-content\/uploads\/2022\/10\/R6955-1.jpg\",\"width\":681,\"height\":768},{\"@type\":\"BreadcrumbList\",\"@id\":\"https:\/\/retki.fi\/sv\/produkt\/ryggsack-ring-32-l-svart\/#breadcrumb\",\"itemListElement\":[{\"@type\":\"ListItem\",\"position\":1,\"name\":\"Etusivu\",\"item\":\"https:\/\/retki.fi\/\"},{\"@type\":\"ListItem\",\"position\":2,\"name\":\"Produkter\",\"item\":\"https:\/\/retki.fi\/sv\/produkter\/\"},{\"@type\":\"ListItem\",\"position\":3,\"name\":\"Ryggs\u00e4cksv\u00e4ska 32 l svart\"}]},{\"@type\":\"WebSite\",\"@id\":\"https:\/\/retki.fi\/#website\",\"url\":\"https:\/\/retki.fi\/\",\"name\":\"Retki Finland\",\"description\":\"Best moments happen outdoors\",\"publisher\":{\"@id\":\"https:\/\/retki.fi\/#organization\"},\"potentialAction\":[{\"@type\":\"SearchAction\",\"target\":{\"@type\":\"EntryPoint\",\"urlTemplate\":\"https:\/\/retki.fi\/?s={search_term_string}\"},\"query-input\":{\"@type\":\"PropertyValueSpecification\",\"valueRequired\":true,\"valueName\":\"search_term_string\"}}],\"inLanguage\":\"sv-SE\"},{\"@type\":\"Organization\",\"@id\":\"https:\/\/retki.fi\/#organization\",\"name\":\"Retki Finland \/ Blue Import BIM Oy\",\"url\":\"https:\/\/retki.fi\/\",\"logo\":{\"@type\":\"ImageObject\",\"inLanguage\":\"sv-SE\",\"@id\":\"https:\/\/retki.fi\/#\/schema\/logo\/image\/\",\"url\":\"https:\/\/retki.fi\/wp-content\/uploads\/2018\/11\/Retki_logo_512X512px.jpg\",\"contentUrl\":\"https:\/\/retki.fi\/wp-content\/uploads\/2018\/11\/Retki_logo_512X512px.jpg\",\"width\":512,\"height\":512,\"caption\":\"Retki Finland \/ Blue Import BIM Oy\"},\"image\":{\"@id\":\"https:\/\/retki.fi\/#\/schema\/logo\/image\/\"},\"sameAs\":[\"https:\/\/www.facebook.com\/retkifinland\/\",\"https:\/\/www.instagram.com\/retkifinland\/\"]}]}<\/script>\n<!-- \/ Yoast SEO plugin. -->","yoast_head_json":{"title":"Ryggs\u00e4cksv\u00e4ska 32 l svart - Retki Finland","robots":{"index":"index","follow":"follow","max-snippet":"max-snippet:-1","max-image-preview":"max-image-preview:large","max-video-preview":"max-video-preview:-1"},"canonical":"https:\/\/retki.fi\/sv\/produkt\/ryggsack-ring-32-l-svart\/","og_locale":"sv_SE","og_type":"article","og_title":"Ryggs\u00e4cksv\u00e4ska 32 l svart - Retki Finland","og_description":"Kompakt dags\u00e4ck f\u00f6r kortare vandringar och dagsturer.","og_url":"https:\/\/retki.fi\/sv\/produkt\/ryggsack-ring-32-l-svart\/","og_site_name":"Retki Finland","article_publisher":"https:\/\/www.facebook.com\/retkifinland\/","article_modified_time":"2025-01-28T02:58:41+00:00","og_image":[{"width":681,"height":768,"url":"https:\/\/retki.fi\/wp-content\/uploads\/2022\/10\/R6955-1.jpg","type":"image\/jpeg"}],"twitter_card":"summary_large_image","schema":{"@context":"https:\/\/schema.org","@graph":[{"@type":"WebPage","@id":"https:\/\/retki.fi\/sv\/produkt\/ryggsack-ring-32-l-svart\/","url":"https:\/\/retki.fi\/sv\/produkt\/ryggsack-ring-32-l-svart\/","name":"Ryggs\u00e4cksv\u00e4ska 32 l svart - Retki Finland","isPartOf":{"@id":"https:\/\/retki.fi\/#website"},"primaryImageOfPage":{"@id":"https:\/\/retki.fi\/sv\/produkt\/ryggsack-ring-32-l-svart\/#primaryimage"},"image":{"@id":"https:\/\/retki.fi\/sv\/produkt\/ryggsack-ring-32-l-svart\/#primaryimage"},"thumbnailUrl":"https:\/\/retki.fi\/wp-content\/uploads\/2022\/10\/R6955-1.jpg","datePublished":"2025-01-01T20:22:33+00:00","dateModified":"2025-01-28T02:58:41+00:00","breadcrumb":{"@id":"https:\/\/retki.fi\/sv\/produkt\/ryggsack-ring-32-l-svart\/#breadcrumb"},"inLanguage":"sv-SE","potentialAction":[{"@type":"ReadAction","target":["https:\/\/retki.fi\/sv\/produkt\/ryggsack-ring-32-l-svart\/"]}]},{"@type":"ImageObject","inLanguage":"sv-SE","@id":"https:\/\/retki.fi\/sv\/produkt\/ryggsack-ring-32-l-svart\/#primaryimage","url":"https:\/\/retki.fi\/wp-content\/uploads\/2022\/10\/R6955-1.jpg","contentUrl":"https:\/\/retki.fi\/wp-content\/uploads\/2022\/10\/R6955-1.jpg","width":681,"height":768},{"@type":"BreadcrumbList","@id":"https:\/\/retki.fi\/sv\/produkt\/ryggsack-ring-32-l-svart\/#breadcrumb","itemListElement":[{"@type":"ListItem","position":1,"name":"Etusivu","item":"https:\/\/retki.fi\/"},{"@type":"ListItem","position":2,"name":"Produkter","item":"https:\/\/retki.fi\/sv\/produkter\/"},{"@type":"ListItem","position":3,"name":"Ryggs\u00e4cksv\u00e4ska 32 l svart"}]},{"@type":"WebSite","@id":"https:\/\/retki.fi\/#website","url":"https:\/\/retki.fi\/","name":"Retki Finland","description":"Best moments happen outdoors","publisher":{"@id":"https:\/\/retki.fi\/#organization"},"potentialAction":[{"@type":"SearchAction","target":{"@type":"EntryPoint","urlTemplate":"https:\/\/retki.fi\/?s={search_term_string}"},"query-input":{"@type":"PropertyValueSpecification","valueRequired":true,"valueName":"search_term_string"}}],"inLanguage":"sv-SE"},{"@type":"Organization","@id":"https:\/\/retki.fi\/#organization","name":"Retki Finland \/ Blue Import BIM Oy","url":"https:\/\/retki.fi\/","logo":{"@type":"ImageObject","inLanguage":"sv-SE","@id":"https:\/\/retki.fi\/#\/schema\/logo\/image\/","url":"https:\/\/retki.fi\/wp-content\/uploads\/2018\/11\/Retki_logo_512X512px.jpg","contentUrl":"https:\/\/retki.fi\/wp-content\/uploads\/2018\/11\/Retki_logo_512X512px.jpg","width":512,"height":512,"caption":"Retki Finland \/ Blue Import BIM Oy"},"image":{"@id":"https:\/\/retki.fi\/#\/schema\/logo\/image\/"},"sameAs":["https:\/\/www.facebook.com\/retkifinland\/","https:\/\/www.instagram.com\/retkifinland\/"]}]}},"_links":{"self":[{"href":"https:\/\/retki.fi\/sv\/wp-json\/wp\/v2\/product\/12796","targetHints":{"allow":["GET"]}}],"collection":[{"href":"https:\/\/retki.fi\/sv\/wp-json\/wp\/v2\/product"}],"about":[{"href":"https:\/\/retki.fi\/sv\/wp-json\/wp\/v2\/types\/product"}],"replies":[{"embeddable":true,"href":"https:\/\/retki.fi\/sv\/wp-json\/wp\/v2\/comments?post=12796"}],"wp:featuredmedia":[{"embeddable":true,"href":"https:\/\/retki.fi\/sv\/wp-json\/wp\/v2\/media\/5722"}],"wp:attachment":[{"href":"https:\/\/retki.fi\/sv\/wp-json\/wp\/v2\/media?parent=12796"}],"wp:term":[{"taxonomy":"product_brand","embeddable":true,"href":"https:\/\/retki.fi\/sv\/wp-json\/wp\/v2\/product_brand?post=12796"},{"taxonomy":"product_cat","embeddable":true,"href":"https:\/\/retki.fi\/sv\/wp-json\/wp\/v2\/product_cat?post=12796"},{"taxonomy":"product_tag","embeddable":true,"href":"https:\/\/retki.fi\/sv\/wp-json\/wp\/v2\/product_tag?post=12796"}],"curies":[{"name":"wp","href":"https:\/\/api.w.org\/{rel}","templated":true}]}}