{"id":12808,"date":"2022-10-27T15:09:57","date_gmt":"2022-10-27T12:09:57","guid":{"rendered":"https:\/\/retki.fi\/product\/forsta-hjalpen-kit\/"},"modified":"2026-04-22T15:19:23","modified_gmt":"2026-04-22T12:19:23","slug":"forsta-hjalpen-kit","status":"publish","type":"product","link":"https:\/\/retki.fi\/sv\/produkt\/forsta-hjalpen-kit\/","title":{"rendered":"F\u00f6rsta hj\u00e4lpen kit"},"content":{"rendered":"<p>Den kompakta f\u00f6rsta hj\u00e4lpen-l\u00e5dan inneh\u00e5ller tillbeh\u00f6r f\u00f6r att behandla de vanligaste \u00e5kommorna hos en vandrare. Tack vare den uppm\u00e4rksammade orange f\u00e4rgen kan f\u00f6rsta hj\u00e4lpen-kit snabbt hittas i ryggs\u00e4cken n\u00e4r det beh\u00f6vs. Paketets m\u00e5tt 16x14x6 cm.<\/p>\n<p>N\u00e4r du vandrar, kom ih\u00e5g att f\u00f6rvara f\u00f6rsta hj\u00e4lpen-l\u00e5dan p\u00e5 en l\u00e4ttillg\u00e4nglig plats s\u00e5 att du kommer ih\u00e5g var den finns \u00e4ven i m\u00f6rker!<\/p>\n<p>&nbsp;<\/p>\n<p><strong>Paketets inneh\u00e5ll:<\/strong><\/p>\n<ul>\n<li>10 patchar<\/li>\n<li>2 st finger-\/knogepl\u00e5ster<\/li>\n<li>2 st lindade veck 5x5cm 2-pack<\/li>\n<li>1 st sj\u00e4lvh\u00e4ftande s\u00e5rveck 7x10cm<\/li>\n<li>1 par PVC-handskar storlek L<\/li>\n<li>1 stycke stort s\u00e5rveck 12,7&#215;22,8 cm<\/li>\n<li>1 rulle gasv\u00e4v, bredd 6 cm, l\u00e4ngd 4 m<\/li>\n<li>1 rulle fibertejp &#8221;lindade tejp&#8221;<\/li>\n<li>1 stycke fiberduk 96x96x136 cm<\/li>\n<li>1 st r\u00e4ddningsark 130x210cm<\/li>\n<li>2 st reng\u00f6ringshandduk, alkoholfri<\/li>\n<li>10 spritservetter<\/li>\n<li>10 s\u00e4kerhetsn\u00e5lar<\/li>\n<li>3 ark blisterpl\u00e5ster<\/li>\n<li>T\u00e5ng<\/li>\n<\/ul>\n","protected":false},"excerpt":{"rendered":"<p><strong>NYTT!<\/strong><\/p>\n<p>Vandrarens kompakta f\u00f6rsta hj\u00e4lpen-kit med f\u00e4stingt\u00e5ng!<\/p>\n","protected":false},"featured_media":5878,"comment_status":"closed","ping_status":"closed","template":"","meta":{"_acf_changed":false},"product_brand":[],"product_cat":[3575],"product_tag":[],"class_list":{"0":"post-12808","1":"product","2":"type-product","3":"status-publish","4":"has-post-thumbnail","6":"product_cat-vandringsutrustning","8":"first","9":"instock","10":"shipping-taxable","11":"product-type-simple"},"acf":[],"yoast_head":"<!-- This site is optimized with the Yoast SEO plugin v27.4 - https:\/\/yoast.com\/product\/yoast-seo-wordpress\/ -->\n<title>F\u00f6rsta hj\u00e4lpen kit - Retki Finland<\/title>\n<meta name=\"robots\" content=\"index, follow, max-snippet:-1, max-image-preview:large, max-video-preview:-1\" \/>\n<link rel=\"canonical\" href=\"https:\/\/retki.fi\/sv\/produkt\/forsta-hjalpen-kit\/\" \/>\n<meta property=\"og:locale\" content=\"sv_SE\" \/>\n<meta property=\"og:type\" content=\"article\" \/>\n<meta property=\"og:title\" content=\"F\u00f6rsta hj\u00e4lpen kit - Retki Finland\" \/>\n<meta property=\"og:description\" content=\"NYTT! Vandrarens kompakta f\u00f6rsta hj\u00e4lpen-kit med f\u00e4stingt\u00e5ng!\" \/>\n<meta property=\"og:url\" content=\"https:\/\/retki.fi\/sv\/produkt\/forsta-hjalpen-kit\/\" \/>\n<meta property=\"og:site_name\" content=\"Retki Finland\" \/>\n<meta property=\"article:publisher\" content=\"https:\/\/www.facebook.com\/retkifinland\/\" \/>\n<meta property=\"article:modified_time\" content=\"2026-04-22T12:19:23+00:00\" \/>\n<meta property=\"og:image\" content=\"https:\/\/retki.fi\/wp-content\/uploads\/2022\/10\/R6985.jpg\" \/>\n\t<meta property=\"og:image:width\" content=\"1366\" \/>\n\t<meta property=\"og:image:height\" content=\"1004\" \/>\n\t<meta property=\"og:image:type\" content=\"image\/jpeg\" \/>\n<meta name=\"twitter:card\" content=\"summary_large_image\" \/>\n<meta name=\"twitter:label1\" content=\"Ber\u00e4knad l\u00e4stid\" \/>\n\t<meta name=\"twitter:data1\" content=\"1 minut\" \/>\n<script type=\"application\/ld+json\" class=\"yoast-schema-graph\">{\"@context\":\"https:\\\/\\\/schema.org\",\"@graph\":[{\"@type\":\"WebPage\",\"@id\":\"https:\\\/\\\/retki.fi\\\/sv\\\/produkt\\\/forsta-hjalpen-kit\\\/\",\"url\":\"https:\\\/\\\/retki.fi\\\/sv\\\/produkt\\\/forsta-hjalpen-kit\\\/\",\"name\":\"F\u00f6rsta hj\u00e4lpen kit - Retki Finland\",\"isPartOf\":{\"@id\":\"https:\\\/\\\/retki.fi\\\/#website\"},\"primaryImageOfPage\":{\"@id\":\"https:\\\/\\\/retki.fi\\\/sv\\\/produkt\\\/forsta-hjalpen-kit\\\/#primaryimage\"},\"image\":{\"@id\":\"https:\\\/\\\/retki.fi\\\/sv\\\/produkt\\\/forsta-hjalpen-kit\\\/#primaryimage\"},\"thumbnailUrl\":\"https:\\\/\\\/retki.fi\\\/wp-content\\\/uploads\\\/2022\\\/10\\\/R6985.jpg\",\"datePublished\":\"2022-10-27T12:09:57+00:00\",\"dateModified\":\"2026-04-22T12:19:23+00:00\",\"breadcrumb\":{\"@id\":\"https:\\\/\\\/retki.fi\\\/sv\\\/produkt\\\/forsta-hjalpen-kit\\\/#breadcrumb\"},\"inLanguage\":\"sv-SE\",\"potentialAction\":[{\"@type\":\"ReadAction\",\"target\":[\"https:\\\/\\\/retki.fi\\\/sv\\\/produkt\\\/forsta-hjalpen-kit\\\/\"]}]},{\"@type\":\"ImageObject\",\"inLanguage\":\"sv-SE\",\"@id\":\"https:\\\/\\\/retki.fi\\\/sv\\\/produkt\\\/forsta-hjalpen-kit\\\/#primaryimage\",\"url\":\"https:\\\/\\\/retki.fi\\\/wp-content\\\/uploads\\\/2022\\\/10\\\/R6985.jpg\",\"contentUrl\":\"https:\\\/\\\/retki.fi\\\/wp-content\\\/uploads\\\/2022\\\/10\\\/R6985.jpg\",\"width\":1366,\"height\":1004},{\"@type\":\"BreadcrumbList\",\"@id\":\"https:\\\/\\\/retki.fi\\\/sv\\\/produkt\\\/forsta-hjalpen-kit\\\/#breadcrumb\",\"itemListElement\":[{\"@type\":\"ListItem\",\"position\":1,\"name\":\"Etusivu\",\"item\":\"https:\\\/\\\/retki.fi\\\/\"},{\"@type\":\"ListItem\",\"position\":2,\"name\":\"Produkter\",\"item\":\"https:\\\/\\\/retki.fi\\\/sv\\\/produkter\\\/\"},{\"@type\":\"ListItem\",\"position\":3,\"name\":\"F\u00f6rsta hj\u00e4lpen kit\"}]},{\"@type\":\"WebSite\",\"@id\":\"https:\\\/\\\/retki.fi\\\/#website\",\"url\":\"https:\\\/\\\/retki.fi\\\/\",\"name\":\"Retki Finland\",\"description\":\"Best moments happen outdoors\",\"publisher\":{\"@id\":\"https:\\\/\\\/retki.fi\\\/#organization\"},\"potentialAction\":[{\"@type\":\"SearchAction\",\"target\":{\"@type\":\"EntryPoint\",\"urlTemplate\":\"https:\\\/\\\/retki.fi\\\/?s={search_term_string}\"},\"query-input\":{\"@type\":\"PropertyValueSpecification\",\"valueRequired\":true,\"valueName\":\"search_term_string\"}}],\"inLanguage\":\"sv-SE\"},{\"@type\":\"Organization\",\"@id\":\"https:\\\/\\\/retki.fi\\\/#organization\",\"name\":\"Retki Finland \\\/ Blue Import BIM Oy\",\"url\":\"https:\\\/\\\/retki.fi\\\/\",\"logo\":{\"@type\":\"ImageObject\",\"inLanguage\":\"sv-SE\",\"@id\":\"https:\\\/\\\/retki.fi\\\/#\\\/schema\\\/logo\\\/image\\\/\",\"url\":\"https:\\\/\\\/retki.fi\\\/wp-content\\\/uploads\\\/2018\\\/11\\\/Retki_logo_512X512px.jpg\",\"contentUrl\":\"https:\\\/\\\/retki.fi\\\/wp-content\\\/uploads\\\/2018\\\/11\\\/Retki_logo_512X512px.jpg\",\"width\":512,\"height\":512,\"caption\":\"Retki Finland \\\/ Blue Import BIM Oy\"},\"image\":{\"@id\":\"https:\\\/\\\/retki.fi\\\/#\\\/schema\\\/logo\\\/image\\\/\"},\"sameAs\":[\"https:\\\/\\\/www.facebook.com\\\/retkifinland\\\/\",\"https:\\\/\\\/www.instagram.com\\\/retkifinland\\\/\"]}]}<\/script>\n<!-- \/ Yoast SEO plugin. -->","yoast_head_json":{"title":"F\u00f6rsta hj\u00e4lpen kit - Retki Finland","robots":{"index":"index","follow":"follow","max-snippet":"max-snippet:-1","max-image-preview":"max-image-preview:large","max-video-preview":"max-video-preview:-1"},"canonical":"https:\/\/retki.fi\/sv\/produkt\/forsta-hjalpen-kit\/","og_locale":"sv_SE","og_type":"article","og_title":"F\u00f6rsta hj\u00e4lpen kit - Retki Finland","og_description":"NYTT! Vandrarens kompakta f\u00f6rsta hj\u00e4lpen-kit med f\u00e4stingt\u00e5ng!","og_url":"https:\/\/retki.fi\/sv\/produkt\/forsta-hjalpen-kit\/","og_site_name":"Retki Finland","article_publisher":"https:\/\/www.facebook.com\/retkifinland\/","article_modified_time":"2026-04-22T12:19:23+00:00","og_image":[{"width":1366,"height":1004,"url":"https:\/\/retki.fi\/wp-content\/uploads\/2022\/10\/R6985.jpg","type":"image\/jpeg"}],"twitter_card":"summary_large_image","twitter_misc":{"Ber\u00e4knad l\u00e4stid":"1 minut"},"schema":{"@context":"https:\/\/schema.org","@graph":[{"@type":"WebPage","@id":"https:\/\/retki.fi\/sv\/produkt\/forsta-hjalpen-kit\/","url":"https:\/\/retki.fi\/sv\/produkt\/forsta-hjalpen-kit\/","name":"F\u00f6rsta hj\u00e4lpen kit - Retki Finland","isPartOf":{"@id":"https:\/\/retki.fi\/#website"},"primaryImageOfPage":{"@id":"https:\/\/retki.fi\/sv\/produkt\/forsta-hjalpen-kit\/#primaryimage"},"image":{"@id":"https:\/\/retki.fi\/sv\/produkt\/forsta-hjalpen-kit\/#primaryimage"},"thumbnailUrl":"https:\/\/retki.fi\/wp-content\/uploads\/2022\/10\/R6985.jpg","datePublished":"2022-10-27T12:09:57+00:00","dateModified":"2026-04-22T12:19:23+00:00","breadcrumb":{"@id":"https:\/\/retki.fi\/sv\/produkt\/forsta-hjalpen-kit\/#breadcrumb"},"inLanguage":"sv-SE","potentialAction":[{"@type":"ReadAction","target":["https:\/\/retki.fi\/sv\/produkt\/forsta-hjalpen-kit\/"]}]},{"@type":"ImageObject","inLanguage":"sv-SE","@id":"https:\/\/retki.fi\/sv\/produkt\/forsta-hjalpen-kit\/#primaryimage","url":"https:\/\/retki.fi\/wp-content\/uploads\/2022\/10\/R6985.jpg","contentUrl":"https:\/\/retki.fi\/wp-content\/uploads\/2022\/10\/R6985.jpg","width":1366,"height":1004},{"@type":"BreadcrumbList","@id":"https:\/\/retki.fi\/sv\/produkt\/forsta-hjalpen-kit\/#breadcrumb","itemListElement":[{"@type":"ListItem","position":1,"name":"Etusivu","item":"https:\/\/retki.fi\/"},{"@type":"ListItem","position":2,"name":"Produkter","item":"https:\/\/retki.fi\/sv\/produkter\/"},{"@type":"ListItem","position":3,"name":"F\u00f6rsta hj\u00e4lpen kit"}]},{"@type":"WebSite","@id":"https:\/\/retki.fi\/#website","url":"https:\/\/retki.fi\/","name":"Retki Finland","description":"Best moments happen outdoors","publisher":{"@id":"https:\/\/retki.fi\/#organization"},"potentialAction":[{"@type":"SearchAction","target":{"@type":"EntryPoint","urlTemplate":"https:\/\/retki.fi\/?s={search_term_string}"},"query-input":{"@type":"PropertyValueSpecification","valueRequired":true,"valueName":"search_term_string"}}],"inLanguage":"sv-SE"},{"@type":"Organization","@id":"https:\/\/retki.fi\/#organization","name":"Retki Finland \/ Blue Import BIM Oy","url":"https:\/\/retki.fi\/","logo":{"@type":"ImageObject","inLanguage":"sv-SE","@id":"https:\/\/retki.fi\/#\/schema\/logo\/image\/","url":"https:\/\/retki.fi\/wp-content\/uploads\/2018\/11\/Retki_logo_512X512px.jpg","contentUrl":"https:\/\/retki.fi\/wp-content\/uploads\/2018\/11\/Retki_logo_512X512px.jpg","width":512,"height":512,"caption":"Retki Finland \/ Blue Import BIM Oy"},"image":{"@id":"https:\/\/retki.fi\/#\/schema\/logo\/image\/"},"sameAs":["https:\/\/www.facebook.com\/retkifinland\/","https:\/\/www.instagram.com\/retkifinland\/"]}]}},"_links":{"self":[{"href":"https:\/\/retki.fi\/sv\/wp-json\/wp\/v2\/product\/12808","targetHints":{"allow":["GET"]}}],"collection":[{"href":"https:\/\/retki.fi\/sv\/wp-json\/wp\/v2\/product"}],"about":[{"href":"https:\/\/retki.fi\/sv\/wp-json\/wp\/v2\/types\/product"}],"replies":[{"embeddable":true,"href":"https:\/\/retki.fi\/sv\/wp-json\/wp\/v2\/comments?post=12808"}],"wp:featuredmedia":[{"embeddable":true,"href":"https:\/\/retki.fi\/sv\/wp-json\/wp\/v2\/media\/5878"}],"wp:attachment":[{"href":"https:\/\/retki.fi\/sv\/wp-json\/wp\/v2\/media?parent=12808"}],"wp:term":[{"taxonomy":"product_brand","embeddable":true,"href":"https:\/\/retki.fi\/sv\/wp-json\/wp\/v2\/product_brand?post=12808"},{"taxonomy":"product_cat","embeddable":true,"href":"https:\/\/retki.fi\/sv\/wp-json\/wp\/v2\/product_cat?post=12808"},{"taxonomy":"product_tag","embeddable":true,"href":"https:\/\/retki.fi\/sv\/wp-json\/wp\/v2\/product_tag?post=12808"}],"curies":[{"name":"wp","href":"https:\/\/api.w.org\/{rel}","templated":true}]}}