{"id":12813,"date":"2022-10-27T15:59:11","date_gmt":"2022-10-27T12:59:11","guid":{"rendered":"https:\/\/retki.fi\/product\/glidande-snoskor-145cm\/"},"modified":"2026-04-22T15:19:23","modified_gmt":"2026-04-22T12:19:23","slug":"glidande-snoskor-145cm","status":"publish","type":"product","link":"https:\/\/retki.fi\/sv\/produkt\/glidande-snoskor-145cm\/","title":{"rendered":"Glidande Sn\u00f6skor 145cm"},"content":{"rendered":"<p>De b\u00e4sta egenskaperna hos skogsskidor och sn\u00f6skor kombinerat. Styv men l\u00e4tt kompositram, h\u00f6gkvalitativt bas- och ytmaterial. Halks\u00e4ker plastbas, Mohair\/Nylon som h\u00e5ller h\u00e5r. F\u00f6rborrade h\u00e5l i skidan f\u00f6r att f\u00e4sta bindningen. Slipsar s\u00e4ljs separat.<\/p>\n<p>P\u00e4lsbasen \u00e4r hal, greppv\u00e4nlig och tyst \u00e4ven n\u00e4r den r\u00f6r sig p\u00e5 ett h\u00e5rdare underlag. De 145 cm l\u00e5nga skidorna \u00e4r l\u00e4mpliga f\u00f6r terr\u00e4ng med mjukare sn\u00f6, som f\u00e4lt och skogar. Denna storlek \u00e4r b\u00e4st l\u00e4mpad f\u00f6r anv\u00e4ndare som v\u00e4ger mindre \u00e4n 110 kg. Vid behov kan du anv\u00e4nda flytande speed cream p\u00e5 undersidan av skidan. Skidans botten \u00e4r av PE-plast, ytan \u00e4r TPU+ABS, insidan \u00e4r biaxiell glasfiber och poppelk\u00e4rna. H\u00e5ller h\u00e5r 65% Mohair, 35% syntetfiber.<\/p>\n<ul>\n<li>Om det beh\u00f6vs kan du anv\u00e4nda flytande speed cream p\u00e5 undersidan av skidan<\/li>\n<li>Skidans botten \u00e4r av PE-plast, ytan \u00e4r TPU+ABS, insidan \u00e4r biaxiell glasfiber och poppelk\u00e4rna.<\/li>\n<li>H\u00e5rh\u00e5ller 65 % mohair, 35 % syntetfiber.<\/li>\n<li>F\u00f6rborrade h\u00e5l i skidor, bindningar s\u00e4ljs separat.<\/li>\n<\/ul>\n<p>&nbsp;<\/p>\n<p>L\u00e4s mer om underh\u00e5ll av sn\u00f6skor: <a href=\"https:\/\/www.framocompany.fi\/Retkifinland\/liukulumi\/\">Nya dimensioner f\u00f6r vintervandring<\/a><\/p>\n<p>&nbsp;<\/p>\n","protected":false},"excerpt":{"rendered":"<p>Med glidande sn\u00f6skor kan du er\u00f6vra of\u00f6rst\u00f6rda berg och njuta av det b\u00e4sta landskapet p\u00e5 underbara nedfarter och l\u00e4tta bestigningar.<\/p>\n","protected":false},"featured_media":12520,"comment_status":"closed","ping_status":"closed","template":"","meta":{"_acf_changed":false},"product_brand":[],"product_cat":[3568],"product_tag":[3498,3569],"class_list":{"0":"post-12813","1":"product","2":"type-product","3":"status-publish","4":"has-post-thumbnail","6":"product_cat-vinteraventyr","7":"product_tag-glidande-snoskor","8":"product_tag-vinteraventyr","10":"first","11":"instock","12":"shipping-taxable","13":"product-type-simple"},"acf":[],"yoast_head":"<!-- This site is optimized with the Yoast SEO plugin v27.4 - https:\/\/yoast.com\/product\/yoast-seo-wordpress\/ -->\n<title>Glidande Sn\u00f6skor 145cm - Retki Finland<\/title>\n<meta name=\"robots\" content=\"index, follow, max-snippet:-1, max-image-preview:large, max-video-preview:-1\" \/>\n<link rel=\"canonical\" href=\"https:\/\/retki.fi\/sv\/produkt\/glidande-snoskor-145cm\/\" \/>\n<meta property=\"og:locale\" content=\"sv_SE\" \/>\n<meta property=\"og:type\" content=\"article\" \/>\n<meta property=\"og:title\" content=\"Glidande Sn\u00f6skor 145cm - Retki Finland\" \/>\n<meta property=\"og:description\" content=\"Med glidande sn\u00f6skor kan du er\u00f6vra of\u00f6rst\u00f6rda berg och njuta av det b\u00e4sta landskapet p\u00e5 underbara nedfarter och l\u00e4tta bestigningar.\" \/>\n<meta property=\"og:url\" content=\"https:\/\/retki.fi\/sv\/produkt\/glidande-snoskor-145cm\/\" \/>\n<meta property=\"og:site_name\" content=\"Retki Finland\" \/>\n<meta property=\"article:publisher\" content=\"https:\/\/www.facebook.com\/retkifinland\/\" \/>\n<meta property=\"article:modified_time\" content=\"2026-04-22T12:19:23+00:00\" \/>\n<meta property=\"og:image\" content=\"https:\/\/retki.fi\/wp-content\/uploads\/2022\/10\/Retki-liukulumikengat-587x1024.png\" \/>\n\t<meta property=\"og:image:width\" content=\"587\" \/>\n\t<meta property=\"og:image:height\" content=\"1024\" \/>\n\t<meta property=\"og:image:type\" content=\"image\/png\" \/>\n<meta name=\"twitter:card\" content=\"summary_large_image\" \/>\n<meta name=\"twitter:label1\" content=\"Ber\u00e4knad l\u00e4stid\" \/>\n\t<meta name=\"twitter:data1\" content=\"1 minut\" \/>\n<script type=\"application\/ld+json\" class=\"yoast-schema-graph\">{\"@context\":\"https:\\\/\\\/schema.org\",\"@graph\":[{\"@type\":\"WebPage\",\"@id\":\"https:\\\/\\\/retki.fi\\\/sv\\\/produkt\\\/glidande-snoskor-145cm\\\/\",\"url\":\"https:\\\/\\\/retki.fi\\\/sv\\\/produkt\\\/glidande-snoskor-145cm\\\/\",\"name\":\"Glidande Sn\u00f6skor 145cm - Retki Finland\",\"isPartOf\":{\"@id\":\"https:\\\/\\\/retki.fi\\\/#website\"},\"primaryImageOfPage\":{\"@id\":\"https:\\\/\\\/retki.fi\\\/sv\\\/produkt\\\/glidande-snoskor-145cm\\\/#primaryimage\"},\"image\":{\"@id\":\"https:\\\/\\\/retki.fi\\\/sv\\\/produkt\\\/glidande-snoskor-145cm\\\/#primaryimage\"},\"thumbnailUrl\":\"https:\\\/\\\/retki.fi\\\/wp-content\\\/uploads\\\/2022\\\/10\\\/Retki-liukulumikengat.png\",\"datePublished\":\"2022-10-27T12:59:11+00:00\",\"dateModified\":\"2026-04-22T12:19:23+00:00\",\"breadcrumb\":{\"@id\":\"https:\\\/\\\/retki.fi\\\/sv\\\/produkt\\\/glidande-snoskor-145cm\\\/#breadcrumb\"},\"inLanguage\":\"sv-SE\",\"potentialAction\":[{\"@type\":\"ReadAction\",\"target\":[\"https:\\\/\\\/retki.fi\\\/sv\\\/produkt\\\/glidande-snoskor-145cm\\\/\"]}]},{\"@type\":\"ImageObject\",\"inLanguage\":\"sv-SE\",\"@id\":\"https:\\\/\\\/retki.fi\\\/sv\\\/produkt\\\/glidande-snoskor-145cm\\\/#primaryimage\",\"url\":\"https:\\\/\\\/retki.fi\\\/wp-content\\\/uploads\\\/2022\\\/10\\\/Retki-liukulumikengat.png\",\"contentUrl\":\"https:\\\/\\\/retki.fi\\\/wp-content\\\/uploads\\\/2022\\\/10\\\/Retki-liukulumikengat.png\",\"width\":3396,\"height\":5923},{\"@type\":\"BreadcrumbList\",\"@id\":\"https:\\\/\\\/retki.fi\\\/sv\\\/produkt\\\/glidande-snoskor-145cm\\\/#breadcrumb\",\"itemListElement\":[{\"@type\":\"ListItem\",\"position\":1,\"name\":\"Etusivu\",\"item\":\"https:\\\/\\\/retki.fi\\\/\"},{\"@type\":\"ListItem\",\"position\":2,\"name\":\"Produkter\",\"item\":\"https:\\\/\\\/retki.fi\\\/sv\\\/produkter\\\/\"},{\"@type\":\"ListItem\",\"position\":3,\"name\":\"Glidande Sn\u00f6skor 145cm\"}]},{\"@type\":\"WebSite\",\"@id\":\"https:\\\/\\\/retki.fi\\\/#website\",\"url\":\"https:\\\/\\\/retki.fi\\\/\",\"name\":\"Retki Finland\",\"description\":\"Best moments happen outdoors\",\"publisher\":{\"@id\":\"https:\\\/\\\/retki.fi\\\/#organization\"},\"potentialAction\":[{\"@type\":\"SearchAction\",\"target\":{\"@type\":\"EntryPoint\",\"urlTemplate\":\"https:\\\/\\\/retki.fi\\\/?s={search_term_string}\"},\"query-input\":{\"@type\":\"PropertyValueSpecification\",\"valueRequired\":true,\"valueName\":\"search_term_string\"}}],\"inLanguage\":\"sv-SE\"},{\"@type\":\"Organization\",\"@id\":\"https:\\\/\\\/retki.fi\\\/#organization\",\"name\":\"Retki Finland \\\/ Blue Import BIM Oy\",\"url\":\"https:\\\/\\\/retki.fi\\\/\",\"logo\":{\"@type\":\"ImageObject\",\"inLanguage\":\"sv-SE\",\"@id\":\"https:\\\/\\\/retki.fi\\\/#\\\/schema\\\/logo\\\/image\\\/\",\"url\":\"https:\\\/\\\/retki.fi\\\/wp-content\\\/uploads\\\/2018\\\/11\\\/Retki_logo_512X512px.jpg\",\"contentUrl\":\"https:\\\/\\\/retki.fi\\\/wp-content\\\/uploads\\\/2018\\\/11\\\/Retki_logo_512X512px.jpg\",\"width\":512,\"height\":512,\"caption\":\"Retki Finland \\\/ Blue Import BIM Oy\"},\"image\":{\"@id\":\"https:\\\/\\\/retki.fi\\\/#\\\/schema\\\/logo\\\/image\\\/\"},\"sameAs\":[\"https:\\\/\\\/www.facebook.com\\\/retkifinland\\\/\",\"https:\\\/\\\/www.instagram.com\\\/retkifinland\\\/\"]}]}<\/script>\n<!-- \/ Yoast SEO plugin. -->","yoast_head_json":{"title":"Glidande Sn\u00f6skor 145cm - Retki Finland","robots":{"index":"index","follow":"follow","max-snippet":"max-snippet:-1","max-image-preview":"max-image-preview:large","max-video-preview":"max-video-preview:-1"},"canonical":"https:\/\/retki.fi\/sv\/produkt\/glidande-snoskor-145cm\/","og_locale":"sv_SE","og_type":"article","og_title":"Glidande Sn\u00f6skor 145cm - Retki Finland","og_description":"Med glidande sn\u00f6skor kan du er\u00f6vra of\u00f6rst\u00f6rda berg och njuta av det b\u00e4sta landskapet p\u00e5 underbara nedfarter och l\u00e4tta bestigningar.","og_url":"https:\/\/retki.fi\/sv\/produkt\/glidande-snoskor-145cm\/","og_site_name":"Retki Finland","article_publisher":"https:\/\/www.facebook.com\/retkifinland\/","article_modified_time":"2026-04-22T12:19:23+00:00","og_image":[{"width":587,"height":1024,"url":"https:\/\/retki.fi\/wp-content\/uploads\/2022\/10\/Retki-liukulumikengat-587x1024.png","type":"image\/png"}],"twitter_card":"summary_large_image","twitter_misc":{"Ber\u00e4knad l\u00e4stid":"1 minut"},"schema":{"@context":"https:\/\/schema.org","@graph":[{"@type":"WebPage","@id":"https:\/\/retki.fi\/sv\/produkt\/glidande-snoskor-145cm\/","url":"https:\/\/retki.fi\/sv\/produkt\/glidande-snoskor-145cm\/","name":"Glidande Sn\u00f6skor 145cm - Retki Finland","isPartOf":{"@id":"https:\/\/retki.fi\/#website"},"primaryImageOfPage":{"@id":"https:\/\/retki.fi\/sv\/produkt\/glidande-snoskor-145cm\/#primaryimage"},"image":{"@id":"https:\/\/retki.fi\/sv\/produkt\/glidande-snoskor-145cm\/#primaryimage"},"thumbnailUrl":"https:\/\/retki.fi\/wp-content\/uploads\/2022\/10\/Retki-liukulumikengat.png","datePublished":"2022-10-27T12:59:11+00:00","dateModified":"2026-04-22T12:19:23+00:00","breadcrumb":{"@id":"https:\/\/retki.fi\/sv\/produkt\/glidande-snoskor-145cm\/#breadcrumb"},"inLanguage":"sv-SE","potentialAction":[{"@type":"ReadAction","target":["https:\/\/retki.fi\/sv\/produkt\/glidande-snoskor-145cm\/"]}]},{"@type":"ImageObject","inLanguage":"sv-SE","@id":"https:\/\/retki.fi\/sv\/produkt\/glidande-snoskor-145cm\/#primaryimage","url":"https:\/\/retki.fi\/wp-content\/uploads\/2022\/10\/Retki-liukulumikengat.png","contentUrl":"https:\/\/retki.fi\/wp-content\/uploads\/2022\/10\/Retki-liukulumikengat.png","width":3396,"height":5923},{"@type":"BreadcrumbList","@id":"https:\/\/retki.fi\/sv\/produkt\/glidande-snoskor-145cm\/#breadcrumb","itemListElement":[{"@type":"ListItem","position":1,"name":"Etusivu","item":"https:\/\/retki.fi\/"},{"@type":"ListItem","position":2,"name":"Produkter","item":"https:\/\/retki.fi\/sv\/produkter\/"},{"@type":"ListItem","position":3,"name":"Glidande Sn\u00f6skor 145cm"}]},{"@type":"WebSite","@id":"https:\/\/retki.fi\/#website","url":"https:\/\/retki.fi\/","name":"Retki Finland","description":"Best moments happen outdoors","publisher":{"@id":"https:\/\/retki.fi\/#organization"},"potentialAction":[{"@type":"SearchAction","target":{"@type":"EntryPoint","urlTemplate":"https:\/\/retki.fi\/?s={search_term_string}"},"query-input":{"@type":"PropertyValueSpecification","valueRequired":true,"valueName":"search_term_string"}}],"inLanguage":"sv-SE"},{"@type":"Organization","@id":"https:\/\/retki.fi\/#organization","name":"Retki Finland \/ Blue Import BIM Oy","url":"https:\/\/retki.fi\/","logo":{"@type":"ImageObject","inLanguage":"sv-SE","@id":"https:\/\/retki.fi\/#\/schema\/logo\/image\/","url":"https:\/\/retki.fi\/wp-content\/uploads\/2018\/11\/Retki_logo_512X512px.jpg","contentUrl":"https:\/\/retki.fi\/wp-content\/uploads\/2018\/11\/Retki_logo_512X512px.jpg","width":512,"height":512,"caption":"Retki Finland \/ Blue Import BIM Oy"},"image":{"@id":"https:\/\/retki.fi\/#\/schema\/logo\/image\/"},"sameAs":["https:\/\/www.facebook.com\/retkifinland\/","https:\/\/www.instagram.com\/retkifinland\/"]}]}},"_links":{"self":[{"href":"https:\/\/retki.fi\/sv\/wp-json\/wp\/v2\/product\/12813","targetHints":{"allow":["GET"]}}],"collection":[{"href":"https:\/\/retki.fi\/sv\/wp-json\/wp\/v2\/product"}],"about":[{"href":"https:\/\/retki.fi\/sv\/wp-json\/wp\/v2\/types\/product"}],"replies":[{"embeddable":true,"href":"https:\/\/retki.fi\/sv\/wp-json\/wp\/v2\/comments?post=12813"}],"wp:featuredmedia":[{"embeddable":true,"href":"https:\/\/retki.fi\/sv\/wp-json\/wp\/v2\/media\/12520"}],"wp:attachment":[{"href":"https:\/\/retki.fi\/sv\/wp-json\/wp\/v2\/media?parent=12813"}],"wp:term":[{"taxonomy":"product_brand","embeddable":true,"href":"https:\/\/retki.fi\/sv\/wp-json\/wp\/v2\/product_brand?post=12813"},{"taxonomy":"product_cat","embeddable":true,"href":"https:\/\/retki.fi\/sv\/wp-json\/wp\/v2\/product_cat?post=12813"},{"taxonomy":"product_tag","embeddable":true,"href":"https:\/\/retki.fi\/sv\/wp-json\/wp\/v2\/product_tag?post=12813"}],"curies":[{"name":"wp","href":"https:\/\/api.w.org\/{rel}","templated":true}]}}