{"id":12815,"date":"2022-10-31T16:07:20","date_gmt":"2022-10-31T14:07:20","guid":{"rendered":"https:\/\/retki.fi\/product\/glidande-snoskor-130cm-stalram\/"},"modified":"2026-04-22T15:19:22","modified_gmt":"2026-04-22T12:19:22","slug":"glidande-snoskor-130cm-stalram","status":"publish","type":"product","link":"https:\/\/retki.fi\/sv\/produkt\/glidande-snoskor-130cm-stalram\/","title":{"rendered":"Glidande Sn\u00f6skor 130cm med st\u00e5lf\u00e4lg"},"content":{"rendered":"<p>De b\u00e4sta egenskaperna hos skogsskidor och sn\u00f6skor kombinerat. Styv men l\u00e4tt kompositram, h\u00f6gkvalitativt bas- och ytmaterial. Botten \u00e4r gjord av glidplast, 1\/2 st\u00e5lkanter i greppytans storlek. Mohair\/Nylon som h\u00e5ller h\u00e5r. F\u00f6rborrade h\u00e5l i skidan f\u00f6r att f\u00e4sta bindningen. Slipsar s\u00e4ljs separat.<\/p>\n<p>P\u00e4lssulan \u00e4r hal, greppv\u00e4nlig och tyst n\u00e4r den r\u00f6r sig \u00e4ven p\u00e5 h\u00e5rdare underlag, och st\u00e5lkanterna ger komfort n\u00e4r du g\u00e5r utf\u00f6r.<br \/>\nEn 130 cm skida l\u00e4mpar sig b\u00e4st f\u00f6r en anv\u00e4ndare som v\u00e4ger mindre \u00e4n 80 kg i skogs- och kuperad terr\u00e4ng, d\u00e4r skidans smidighet och sn\u00e4vare sv\u00e4ngar m\u00f6jligg\u00f6rs av st\u00e5lkanterna.<\/p>\n<ul>\n<li>St\u00e5lkanter kan slipas maskinellt.<\/li>\n<li>Om det beh\u00f6vs kan du anv\u00e4nda flytande speed cream p\u00e5 undersidan av skidan.<\/li>\n<li>Skidans botten \u00e4r av PE-plast, ytan \u00e4r TPU+ABS, insidan \u00e4r biaxiell glasfiber och poppelk\u00e4rna.<\/li>\n<li>H\u00e5rh\u00e5ller 65 % mohair, 35 % syntetfiber.<\/li>\n<li>F\u00f6rborrade h\u00e5l i skidor, bindningar s\u00e4ljs separat.<\/li>\n<\/ul>\n<p>L\u00e4s mer om underh\u00e5ll av sn\u00f6skor: <a href=\"https:\/\/retki.fi\/liukulumi\/\">Nya dimensioner f\u00f6r vintervandring<\/a><\/p>\n","protected":false},"excerpt":{"rendered":"<p>Den smidiga vandrarens glidande sn\u00f6sko!<\/p>\n","protected":false},"featured_media":5926,"comment_status":"closed","ping_status":"closed","template":"","meta":{"_acf_changed":false},"product_brand":[],"product_cat":[3568],"product_tag":[3498,3569],"class_list":{"0":"post-12815","1":"product","2":"type-product","3":"status-publish","4":"has-post-thumbnail","6":"product_cat-vinteraventyr","7":"product_tag-glidande-snoskor","8":"product_tag-vinteraventyr","10":"first","11":"instock","12":"shipping-taxable","13":"product-type-simple"},"acf":[],"yoast_head":"<!-- This site is optimized with the Yoast SEO plugin v27.4 - https:\/\/yoast.com\/product\/yoast-seo-wordpress\/ -->\n<title>Glidande Sn\u00f6skor 130cm med st\u00e5lf\u00e4lg - Retki Finland<\/title>\n<meta name=\"robots\" content=\"index, follow, max-snippet:-1, max-image-preview:large, max-video-preview:-1\" \/>\n<link rel=\"canonical\" href=\"https:\/\/retki.fi\/sv\/produkt\/glidande-snoskor-130cm-stalram\/\" \/>\n<meta property=\"og:locale\" content=\"sv_SE\" \/>\n<meta property=\"og:type\" content=\"article\" \/>\n<meta property=\"og:title\" content=\"Glidande Sn\u00f6skor 130cm med st\u00e5lf\u00e4lg - Retki Finland\" \/>\n<meta property=\"og:description\" content=\"Den smidiga vandrarens glidande sn\u00f6sko!\" \/>\n<meta property=\"og:url\" content=\"https:\/\/retki.fi\/sv\/produkt\/glidande-snoskor-130cm-stalram\/\" \/>\n<meta property=\"og:site_name\" content=\"Retki Finland\" \/>\n<meta property=\"article:publisher\" content=\"https:\/\/www.facebook.com\/retkifinland\/\" \/>\n<meta property=\"article:modified_time\" content=\"2026-04-22T12:19:22+00:00\" \/>\n<meta property=\"og:image\" content=\"https:\/\/retki.fi\/wp-content\/uploads\/2022\/10\/R6973.jpg\" \/>\n\t<meta property=\"og:image:width\" content=\"251\" \/>\n\t<meta property=\"og:image:height\" content=\"768\" \/>\n\t<meta property=\"og:image:type\" content=\"image\/jpeg\" \/>\n<meta name=\"twitter:card\" content=\"summary_large_image\" \/>\n<meta name=\"twitter:label1\" content=\"Ber\u00e4knad l\u00e4stid\" \/>\n\t<meta name=\"twitter:data1\" content=\"1 minut\" \/>\n<script type=\"application\/ld+json\" class=\"yoast-schema-graph\">{\"@context\":\"https:\\\/\\\/schema.org\",\"@graph\":[{\"@type\":\"WebPage\",\"@id\":\"https:\\\/\\\/retki.fi\\\/sv\\\/produkt\\\/glidande-snoskor-130cm-stalram\\\/\",\"url\":\"https:\\\/\\\/retki.fi\\\/sv\\\/produkt\\\/glidande-snoskor-130cm-stalram\\\/\",\"name\":\"Glidande Sn\u00f6skor 130cm med st\u00e5lf\u00e4lg - Retki Finland\",\"isPartOf\":{\"@id\":\"https:\\\/\\\/retki.fi\\\/#website\"},\"primaryImageOfPage\":{\"@id\":\"https:\\\/\\\/retki.fi\\\/sv\\\/produkt\\\/glidande-snoskor-130cm-stalram\\\/#primaryimage\"},\"image\":{\"@id\":\"https:\\\/\\\/retki.fi\\\/sv\\\/produkt\\\/glidande-snoskor-130cm-stalram\\\/#primaryimage\"},\"thumbnailUrl\":\"https:\\\/\\\/retki.fi\\\/wp-content\\\/uploads\\\/2022\\\/10\\\/R6973.jpg\",\"datePublished\":\"2022-10-31T14:07:20+00:00\",\"dateModified\":\"2026-04-22T12:19:22+00:00\",\"breadcrumb\":{\"@id\":\"https:\\\/\\\/retki.fi\\\/sv\\\/produkt\\\/glidande-snoskor-130cm-stalram\\\/#breadcrumb\"},\"inLanguage\":\"sv-SE\",\"potentialAction\":[{\"@type\":\"ReadAction\",\"target\":[\"https:\\\/\\\/retki.fi\\\/sv\\\/produkt\\\/glidande-snoskor-130cm-stalram\\\/\"]}]},{\"@type\":\"ImageObject\",\"inLanguage\":\"sv-SE\",\"@id\":\"https:\\\/\\\/retki.fi\\\/sv\\\/produkt\\\/glidande-snoskor-130cm-stalram\\\/#primaryimage\",\"url\":\"https:\\\/\\\/retki.fi\\\/wp-content\\\/uploads\\\/2022\\\/10\\\/R6973.jpg\",\"contentUrl\":\"https:\\\/\\\/retki.fi\\\/wp-content\\\/uploads\\\/2022\\\/10\\\/R6973.jpg\",\"width\":251,\"height\":768},{\"@type\":\"BreadcrumbList\",\"@id\":\"https:\\\/\\\/retki.fi\\\/sv\\\/produkt\\\/glidande-snoskor-130cm-stalram\\\/#breadcrumb\",\"itemListElement\":[{\"@type\":\"ListItem\",\"position\":1,\"name\":\"Etusivu\",\"item\":\"https:\\\/\\\/retki.fi\\\/\"},{\"@type\":\"ListItem\",\"position\":2,\"name\":\"Produkter\",\"item\":\"https:\\\/\\\/retki.fi\\\/sv\\\/produkter\\\/\"},{\"@type\":\"ListItem\",\"position\":3,\"name\":\"Glidande Sn\u00f6skor 130cm med st\u00e5lf\u00e4lg\"}]},{\"@type\":\"WebSite\",\"@id\":\"https:\\\/\\\/retki.fi\\\/#website\",\"url\":\"https:\\\/\\\/retki.fi\\\/\",\"name\":\"Retki Finland\",\"description\":\"Best moments happen outdoors\",\"publisher\":{\"@id\":\"https:\\\/\\\/retki.fi\\\/#organization\"},\"potentialAction\":[{\"@type\":\"SearchAction\",\"target\":{\"@type\":\"EntryPoint\",\"urlTemplate\":\"https:\\\/\\\/retki.fi\\\/?s={search_term_string}\"},\"query-input\":{\"@type\":\"PropertyValueSpecification\",\"valueRequired\":true,\"valueName\":\"search_term_string\"}}],\"inLanguage\":\"sv-SE\"},{\"@type\":\"Organization\",\"@id\":\"https:\\\/\\\/retki.fi\\\/#organization\",\"name\":\"Retki Finland \\\/ Blue Import BIM Oy\",\"url\":\"https:\\\/\\\/retki.fi\\\/\",\"logo\":{\"@type\":\"ImageObject\",\"inLanguage\":\"sv-SE\",\"@id\":\"https:\\\/\\\/retki.fi\\\/#\\\/schema\\\/logo\\\/image\\\/\",\"url\":\"https:\\\/\\\/retki.fi\\\/wp-content\\\/uploads\\\/2018\\\/11\\\/Retki_logo_512X512px.jpg\",\"contentUrl\":\"https:\\\/\\\/retki.fi\\\/wp-content\\\/uploads\\\/2018\\\/11\\\/Retki_logo_512X512px.jpg\",\"width\":512,\"height\":512,\"caption\":\"Retki Finland \\\/ Blue Import BIM Oy\"},\"image\":{\"@id\":\"https:\\\/\\\/retki.fi\\\/#\\\/schema\\\/logo\\\/image\\\/\"},\"sameAs\":[\"https:\\\/\\\/www.facebook.com\\\/retkifinland\\\/\",\"https:\\\/\\\/www.instagram.com\\\/retkifinland\\\/\"]}]}<\/script>\n<!-- \/ Yoast SEO plugin. -->","yoast_head_json":{"title":"Glidande Sn\u00f6skor 130cm med st\u00e5lf\u00e4lg - Retki Finland","robots":{"index":"index","follow":"follow","max-snippet":"max-snippet:-1","max-image-preview":"max-image-preview:large","max-video-preview":"max-video-preview:-1"},"canonical":"https:\/\/retki.fi\/sv\/produkt\/glidande-snoskor-130cm-stalram\/","og_locale":"sv_SE","og_type":"article","og_title":"Glidande Sn\u00f6skor 130cm med st\u00e5lf\u00e4lg - Retki Finland","og_description":"Den smidiga vandrarens glidande sn\u00f6sko!","og_url":"https:\/\/retki.fi\/sv\/produkt\/glidande-snoskor-130cm-stalram\/","og_site_name":"Retki Finland","article_publisher":"https:\/\/www.facebook.com\/retkifinland\/","article_modified_time":"2026-04-22T12:19:22+00:00","og_image":[{"width":251,"height":768,"url":"https:\/\/retki.fi\/wp-content\/uploads\/2022\/10\/R6973.jpg","type":"image\/jpeg"}],"twitter_card":"summary_large_image","twitter_misc":{"Ber\u00e4knad l\u00e4stid":"1 minut"},"schema":{"@context":"https:\/\/schema.org","@graph":[{"@type":"WebPage","@id":"https:\/\/retki.fi\/sv\/produkt\/glidande-snoskor-130cm-stalram\/","url":"https:\/\/retki.fi\/sv\/produkt\/glidande-snoskor-130cm-stalram\/","name":"Glidande Sn\u00f6skor 130cm med st\u00e5lf\u00e4lg - Retki Finland","isPartOf":{"@id":"https:\/\/retki.fi\/#website"},"primaryImageOfPage":{"@id":"https:\/\/retki.fi\/sv\/produkt\/glidande-snoskor-130cm-stalram\/#primaryimage"},"image":{"@id":"https:\/\/retki.fi\/sv\/produkt\/glidande-snoskor-130cm-stalram\/#primaryimage"},"thumbnailUrl":"https:\/\/retki.fi\/wp-content\/uploads\/2022\/10\/R6973.jpg","datePublished":"2022-10-31T14:07:20+00:00","dateModified":"2026-04-22T12:19:22+00:00","breadcrumb":{"@id":"https:\/\/retki.fi\/sv\/produkt\/glidande-snoskor-130cm-stalram\/#breadcrumb"},"inLanguage":"sv-SE","potentialAction":[{"@type":"ReadAction","target":["https:\/\/retki.fi\/sv\/produkt\/glidande-snoskor-130cm-stalram\/"]}]},{"@type":"ImageObject","inLanguage":"sv-SE","@id":"https:\/\/retki.fi\/sv\/produkt\/glidande-snoskor-130cm-stalram\/#primaryimage","url":"https:\/\/retki.fi\/wp-content\/uploads\/2022\/10\/R6973.jpg","contentUrl":"https:\/\/retki.fi\/wp-content\/uploads\/2022\/10\/R6973.jpg","width":251,"height":768},{"@type":"BreadcrumbList","@id":"https:\/\/retki.fi\/sv\/produkt\/glidande-snoskor-130cm-stalram\/#breadcrumb","itemListElement":[{"@type":"ListItem","position":1,"name":"Etusivu","item":"https:\/\/retki.fi\/"},{"@type":"ListItem","position":2,"name":"Produkter","item":"https:\/\/retki.fi\/sv\/produkter\/"},{"@type":"ListItem","position":3,"name":"Glidande Sn\u00f6skor 130cm med st\u00e5lf\u00e4lg"}]},{"@type":"WebSite","@id":"https:\/\/retki.fi\/#website","url":"https:\/\/retki.fi\/","name":"Retki Finland","description":"Best moments happen outdoors","publisher":{"@id":"https:\/\/retki.fi\/#organization"},"potentialAction":[{"@type":"SearchAction","target":{"@type":"EntryPoint","urlTemplate":"https:\/\/retki.fi\/?s={search_term_string}"},"query-input":{"@type":"PropertyValueSpecification","valueRequired":true,"valueName":"search_term_string"}}],"inLanguage":"sv-SE"},{"@type":"Organization","@id":"https:\/\/retki.fi\/#organization","name":"Retki Finland \/ Blue Import BIM Oy","url":"https:\/\/retki.fi\/","logo":{"@type":"ImageObject","inLanguage":"sv-SE","@id":"https:\/\/retki.fi\/#\/schema\/logo\/image\/","url":"https:\/\/retki.fi\/wp-content\/uploads\/2018\/11\/Retki_logo_512X512px.jpg","contentUrl":"https:\/\/retki.fi\/wp-content\/uploads\/2018\/11\/Retki_logo_512X512px.jpg","width":512,"height":512,"caption":"Retki Finland \/ Blue Import BIM Oy"},"image":{"@id":"https:\/\/retki.fi\/#\/schema\/logo\/image\/"},"sameAs":["https:\/\/www.facebook.com\/retkifinland\/","https:\/\/www.instagram.com\/retkifinland\/"]}]}},"_links":{"self":[{"href":"https:\/\/retki.fi\/sv\/wp-json\/wp\/v2\/product\/12815","targetHints":{"allow":["GET"]}}],"collection":[{"href":"https:\/\/retki.fi\/sv\/wp-json\/wp\/v2\/product"}],"about":[{"href":"https:\/\/retki.fi\/sv\/wp-json\/wp\/v2\/types\/product"}],"replies":[{"embeddable":true,"href":"https:\/\/retki.fi\/sv\/wp-json\/wp\/v2\/comments?post=12815"}],"wp:featuredmedia":[{"embeddable":true,"href":"https:\/\/retki.fi\/sv\/wp-json\/wp\/v2\/media\/5926"}],"wp:attachment":[{"href":"https:\/\/retki.fi\/sv\/wp-json\/wp\/v2\/media?parent=12815"}],"wp:term":[{"taxonomy":"product_brand","embeddable":true,"href":"https:\/\/retki.fi\/sv\/wp-json\/wp\/v2\/product_brand?post=12815"},{"taxonomy":"product_cat","embeddable":true,"href":"https:\/\/retki.fi\/sv\/wp-json\/wp\/v2\/product_cat?post=12815"},{"taxonomy":"product_tag","embeddable":true,"href":"https:\/\/retki.fi\/sv\/wp-json\/wp\/v2\/product_tag?post=12815"}],"curies":[{"name":"wp","href":"https:\/\/api.w.org\/{rel}","templated":true}]}}