{"id":12822,"date":"2022-12-07T11:02:23","date_gmt":"2022-12-07T09:02:23","guid":{"rendered":"https:\/\/retki.fi\/product\/dricksflaska-700-ml-glas-gra\/"},"modified":"2026-04-22T15:19:21","modified_gmt":"2026-04-22T12:19:21","slug":"dricksflaska-700-ml-glas-gra","status":"publish","type":"product","link":"https:\/\/retki.fi\/sv\/produkt\/dricksflaska-700-ml-glas-gra\/","title":{"rendered":"Dricksflaska 700 ml glasgr\u00e5"},"content":{"rendered":"<p>Silikonbelagd dryckesflaska i glas 700 ml f\u00f6r fritidsbruk. Den perfekta vattenflaskan f\u00f6r sport eller till exempel en smoothie som picknicklunch. Tack vare silikonet f\u00e5r du ett bra grepp om flaskan och det skyddar glaset fr\u00e5n att g\u00e5 s\u00f6nder. Du kan se hur mycket dryck som finns kvar i flaskan genom h\u00e5let i silikonbel\u00e4ggningen. Glasflaskan och det BPA-fria plastskruvlocket kan anv\u00e4ndas om och om igen. Glasflaskan kan reng\u00f6ras i diskmaskin.<\/p>\n<p>&nbsp;<\/p>\n<p>&nbsp;<\/p>\n","protected":false},"excerpt":{"rendered":"<p>Silikonbelagd dryckesflaska i glas 700 ml f\u00f6r fritidsbruk. Den perfekta vattenflaskan f\u00f6r sport eller till exempel en smoothie som picknicklunch. Tack vare silikonet f\u00e5r du ett bra grepp om flaskan och det skyddar glaset fr\u00e5n att g\u00e5 s\u00f6nder. Du kan se hur mycket dryck som finns kvar i flaskan genom h\u00e5let i silikonbel\u00e4ggningen. Glasflaskan och [&hellip;]<\/p>\n","protected":false},"featured_media":12534,"comment_status":"closed","ping_status":"closed","template":"","meta":{"_acf_changed":false},"product_brand":[],"product_cat":[3608,3610],"product_tag":[],"class_list":{"0":"post-12822","1":"product","2":"type-product","3":"status-publish","4":"has-post-thumbnail","6":"product_cat-termosar-flaskor-sv","7":"product_cat-vattenflaskor-termosar-flaskor-sv","9":"first","10":"instock","11":"shipping-taxable","12":"product-type-simple"},"acf":[],"yoast_head":"<!-- This site is optimized with the Yoast SEO plugin v27.4 - https:\/\/yoast.com\/product\/yoast-seo-wordpress\/ -->\n<title>Dricksflaska 700 ml glasgr\u00e5 - Retki Finland<\/title>\n<meta name=\"robots\" content=\"index, follow, max-snippet:-1, max-image-preview:large, max-video-preview:-1\" \/>\n<link rel=\"canonical\" href=\"https:\/\/retki.fi\/sv\/produkt\/dricksflaska-700-ml-glas-gra\/\" \/>\n<meta property=\"og:locale\" content=\"sv_SE\" \/>\n<meta property=\"og:type\" content=\"article\" \/>\n<meta property=\"og:title\" content=\"Dricksflaska 700 ml glasgr\u00e5 - Retki Finland\" \/>\n<meta property=\"og:description\" content=\"Silikonbelagd dryckesflaska i glas 700 ml f\u00f6r fritidsbruk. Den perfekta vattenflaskan f\u00f6r sport eller till exempel en smoothie som picknicklunch. Tack vare silikonet f\u00e5r du ett bra grepp om flaskan och det skyddar glaset fr\u00e5n att g\u00e5 s\u00f6nder. Du kan se hur mycket dryck som finns kvar i flaskan genom h\u00e5let i silikonbel\u00e4ggningen. Glasflaskan och [&hellip;]\" \/>\n<meta property=\"og:url\" content=\"https:\/\/retki.fi\/sv\/produkt\/dricksflaska-700-ml-glas-gra\/\" \/>\n<meta property=\"og:site_name\" content=\"Retki Finland\" \/>\n<meta property=\"article:publisher\" content=\"https:\/\/www.facebook.com\/retkifinland\/\" \/>\n<meta property=\"article:modified_time\" content=\"2026-04-22T12:19:21+00:00\" \/>\n<meta property=\"og:image\" content=\"https:\/\/retki.fi\/wp-content\/uploads\/2022\/12\/r6937-2.jpg\" \/>\n\t<meta property=\"og:image:width\" content=\"388\" \/>\n\t<meta property=\"og:image:height\" content=\"768\" \/>\n\t<meta property=\"og:image:type\" content=\"image\/jpeg\" \/>\n<meta name=\"twitter:card\" content=\"summary_large_image\" \/>\n<script type=\"application\/ld+json\" class=\"yoast-schema-graph\">{\"@context\":\"https:\\\/\\\/schema.org\",\"@graph\":[{\"@type\":\"WebPage\",\"@id\":\"https:\\\/\\\/retki.fi\\\/sv\\\/produkt\\\/dricksflaska-700-ml-glas-gra\\\/\",\"url\":\"https:\\\/\\\/retki.fi\\\/sv\\\/produkt\\\/dricksflaska-700-ml-glas-gra\\\/\",\"name\":\"Dricksflaska 700 ml glasgr\u00e5 - Retki Finland\",\"isPartOf\":{\"@id\":\"https:\\\/\\\/retki.fi\\\/#website\"},\"primaryImageOfPage\":{\"@id\":\"https:\\\/\\\/retki.fi\\\/sv\\\/produkt\\\/dricksflaska-700-ml-glas-gra\\\/#primaryimage\"},\"image\":{\"@id\":\"https:\\\/\\\/retki.fi\\\/sv\\\/produkt\\\/dricksflaska-700-ml-glas-gra\\\/#primaryimage\"},\"thumbnailUrl\":\"https:\\\/\\\/retki.fi\\\/wp-content\\\/uploads\\\/2022\\\/12\\\/r6937-2.jpg\",\"datePublished\":\"2022-12-07T09:02:23+00:00\",\"dateModified\":\"2026-04-22T12:19:21+00:00\",\"breadcrumb\":{\"@id\":\"https:\\\/\\\/retki.fi\\\/sv\\\/produkt\\\/dricksflaska-700-ml-glas-gra\\\/#breadcrumb\"},\"inLanguage\":\"sv-SE\",\"potentialAction\":[{\"@type\":\"ReadAction\",\"target\":[\"https:\\\/\\\/retki.fi\\\/sv\\\/produkt\\\/dricksflaska-700-ml-glas-gra\\\/\"]}]},{\"@type\":\"ImageObject\",\"inLanguage\":\"sv-SE\",\"@id\":\"https:\\\/\\\/retki.fi\\\/sv\\\/produkt\\\/dricksflaska-700-ml-glas-gra\\\/#primaryimage\",\"url\":\"https:\\\/\\\/retki.fi\\\/wp-content\\\/uploads\\\/2022\\\/12\\\/r6937-2.jpg\",\"contentUrl\":\"https:\\\/\\\/retki.fi\\\/wp-content\\\/uploads\\\/2022\\\/12\\\/r6937-2.jpg\",\"width\":388,\"height\":768},{\"@type\":\"BreadcrumbList\",\"@id\":\"https:\\\/\\\/retki.fi\\\/sv\\\/produkt\\\/dricksflaska-700-ml-glas-gra\\\/#breadcrumb\",\"itemListElement\":[{\"@type\":\"ListItem\",\"position\":1,\"name\":\"Etusivu\",\"item\":\"https:\\\/\\\/retki.fi\\\/\"},{\"@type\":\"ListItem\",\"position\":2,\"name\":\"Produkter\",\"item\":\"https:\\\/\\\/retki.fi\\\/sv\\\/produkter\\\/\"},{\"@type\":\"ListItem\",\"position\":3,\"name\":\"Dricksflaska 700 ml glasgr\u00e5\"}]},{\"@type\":\"WebSite\",\"@id\":\"https:\\\/\\\/retki.fi\\\/#website\",\"url\":\"https:\\\/\\\/retki.fi\\\/\",\"name\":\"Retki Finland\",\"description\":\"Best moments happen outdoors\",\"publisher\":{\"@id\":\"https:\\\/\\\/retki.fi\\\/#organization\"},\"potentialAction\":[{\"@type\":\"SearchAction\",\"target\":{\"@type\":\"EntryPoint\",\"urlTemplate\":\"https:\\\/\\\/retki.fi\\\/?s={search_term_string}\"},\"query-input\":{\"@type\":\"PropertyValueSpecification\",\"valueRequired\":true,\"valueName\":\"search_term_string\"}}],\"inLanguage\":\"sv-SE\"},{\"@type\":\"Organization\",\"@id\":\"https:\\\/\\\/retki.fi\\\/#organization\",\"name\":\"Retki Finland \\\/ Blue Import BIM Oy\",\"url\":\"https:\\\/\\\/retki.fi\\\/\",\"logo\":{\"@type\":\"ImageObject\",\"inLanguage\":\"sv-SE\",\"@id\":\"https:\\\/\\\/retki.fi\\\/#\\\/schema\\\/logo\\\/image\\\/\",\"url\":\"https:\\\/\\\/retki.fi\\\/wp-content\\\/uploads\\\/2018\\\/11\\\/Retki_logo_512X512px.jpg\",\"contentUrl\":\"https:\\\/\\\/retki.fi\\\/wp-content\\\/uploads\\\/2018\\\/11\\\/Retki_logo_512X512px.jpg\",\"width\":512,\"height\":512,\"caption\":\"Retki Finland \\\/ Blue Import BIM Oy\"},\"image\":{\"@id\":\"https:\\\/\\\/retki.fi\\\/#\\\/schema\\\/logo\\\/image\\\/\"},\"sameAs\":[\"https:\\\/\\\/www.facebook.com\\\/retkifinland\\\/\",\"https:\\\/\\\/www.instagram.com\\\/retkifinland\\\/\"]}]}<\/script>\n<!-- \/ Yoast SEO plugin. -->","yoast_head_json":{"title":"Dricksflaska 700 ml glasgr\u00e5 - Retki Finland","robots":{"index":"index","follow":"follow","max-snippet":"max-snippet:-1","max-image-preview":"max-image-preview:large","max-video-preview":"max-video-preview:-1"},"canonical":"https:\/\/retki.fi\/sv\/produkt\/dricksflaska-700-ml-glas-gra\/","og_locale":"sv_SE","og_type":"article","og_title":"Dricksflaska 700 ml glasgr\u00e5 - Retki Finland","og_description":"Silikonbelagd dryckesflaska i glas 700 ml f\u00f6r fritidsbruk. Den perfekta vattenflaskan f\u00f6r sport eller till exempel en smoothie som picknicklunch. Tack vare silikonet f\u00e5r du ett bra grepp om flaskan och det skyddar glaset fr\u00e5n att g\u00e5 s\u00f6nder. Du kan se hur mycket dryck som finns kvar i flaskan genom h\u00e5let i silikonbel\u00e4ggningen. Glasflaskan och [&hellip;]","og_url":"https:\/\/retki.fi\/sv\/produkt\/dricksflaska-700-ml-glas-gra\/","og_site_name":"Retki Finland","article_publisher":"https:\/\/www.facebook.com\/retkifinland\/","article_modified_time":"2026-04-22T12:19:21+00:00","og_image":[{"width":388,"height":768,"url":"https:\/\/retki.fi\/wp-content\/uploads\/2022\/12\/r6937-2.jpg","type":"image\/jpeg"}],"twitter_card":"summary_large_image","schema":{"@context":"https:\/\/schema.org","@graph":[{"@type":"WebPage","@id":"https:\/\/retki.fi\/sv\/produkt\/dricksflaska-700-ml-glas-gra\/","url":"https:\/\/retki.fi\/sv\/produkt\/dricksflaska-700-ml-glas-gra\/","name":"Dricksflaska 700 ml glasgr\u00e5 - Retki Finland","isPartOf":{"@id":"https:\/\/retki.fi\/#website"},"primaryImageOfPage":{"@id":"https:\/\/retki.fi\/sv\/produkt\/dricksflaska-700-ml-glas-gra\/#primaryimage"},"image":{"@id":"https:\/\/retki.fi\/sv\/produkt\/dricksflaska-700-ml-glas-gra\/#primaryimage"},"thumbnailUrl":"https:\/\/retki.fi\/wp-content\/uploads\/2022\/12\/r6937-2.jpg","datePublished":"2022-12-07T09:02:23+00:00","dateModified":"2026-04-22T12:19:21+00:00","breadcrumb":{"@id":"https:\/\/retki.fi\/sv\/produkt\/dricksflaska-700-ml-glas-gra\/#breadcrumb"},"inLanguage":"sv-SE","potentialAction":[{"@type":"ReadAction","target":["https:\/\/retki.fi\/sv\/produkt\/dricksflaska-700-ml-glas-gra\/"]}]},{"@type":"ImageObject","inLanguage":"sv-SE","@id":"https:\/\/retki.fi\/sv\/produkt\/dricksflaska-700-ml-glas-gra\/#primaryimage","url":"https:\/\/retki.fi\/wp-content\/uploads\/2022\/12\/r6937-2.jpg","contentUrl":"https:\/\/retki.fi\/wp-content\/uploads\/2022\/12\/r6937-2.jpg","width":388,"height":768},{"@type":"BreadcrumbList","@id":"https:\/\/retki.fi\/sv\/produkt\/dricksflaska-700-ml-glas-gra\/#breadcrumb","itemListElement":[{"@type":"ListItem","position":1,"name":"Etusivu","item":"https:\/\/retki.fi\/"},{"@type":"ListItem","position":2,"name":"Produkter","item":"https:\/\/retki.fi\/sv\/produkter\/"},{"@type":"ListItem","position":3,"name":"Dricksflaska 700 ml glasgr\u00e5"}]},{"@type":"WebSite","@id":"https:\/\/retki.fi\/#website","url":"https:\/\/retki.fi\/","name":"Retki Finland","description":"Best moments happen outdoors","publisher":{"@id":"https:\/\/retki.fi\/#organization"},"potentialAction":[{"@type":"SearchAction","target":{"@type":"EntryPoint","urlTemplate":"https:\/\/retki.fi\/?s={search_term_string}"},"query-input":{"@type":"PropertyValueSpecification","valueRequired":true,"valueName":"search_term_string"}}],"inLanguage":"sv-SE"},{"@type":"Organization","@id":"https:\/\/retki.fi\/#organization","name":"Retki Finland \/ Blue Import BIM Oy","url":"https:\/\/retki.fi\/","logo":{"@type":"ImageObject","inLanguage":"sv-SE","@id":"https:\/\/retki.fi\/#\/schema\/logo\/image\/","url":"https:\/\/retki.fi\/wp-content\/uploads\/2018\/11\/Retki_logo_512X512px.jpg","contentUrl":"https:\/\/retki.fi\/wp-content\/uploads\/2018\/11\/Retki_logo_512X512px.jpg","width":512,"height":512,"caption":"Retki Finland \/ Blue Import BIM Oy"},"image":{"@id":"https:\/\/retki.fi\/#\/schema\/logo\/image\/"},"sameAs":["https:\/\/www.facebook.com\/retkifinland\/","https:\/\/www.instagram.com\/retkifinland\/"]}]}},"_links":{"self":[{"href":"https:\/\/retki.fi\/sv\/wp-json\/wp\/v2\/product\/12822","targetHints":{"allow":["GET"]}}],"collection":[{"href":"https:\/\/retki.fi\/sv\/wp-json\/wp\/v2\/product"}],"about":[{"href":"https:\/\/retki.fi\/sv\/wp-json\/wp\/v2\/types\/product"}],"replies":[{"embeddable":true,"href":"https:\/\/retki.fi\/sv\/wp-json\/wp\/v2\/comments?post=12822"}],"wp:featuredmedia":[{"embeddable":true,"href":"https:\/\/retki.fi\/sv\/wp-json\/wp\/v2\/media\/12534"}],"wp:attachment":[{"href":"https:\/\/retki.fi\/sv\/wp-json\/wp\/v2\/media?parent=12822"}],"wp:term":[{"taxonomy":"product_brand","embeddable":true,"href":"https:\/\/retki.fi\/sv\/wp-json\/wp\/v2\/product_brand?post=12822"},{"taxonomy":"product_cat","embeddable":true,"href":"https:\/\/retki.fi\/sv\/wp-json\/wp\/v2\/product_cat?post=12822"},{"taxonomy":"product_tag","embeddable":true,"href":"https:\/\/retki.fi\/sv\/wp-json\/wp\/v2\/product_tag?post=12822"}],"curies":[{"name":"wp","href":"https:\/\/api.w.org\/{rel}","templated":true}]}}