{"id":12828,"date":"2023-02-22T10:09:12","date_gmt":"2025-01-01T20:37:12","guid":{"rendered":"https:\/\/retki.fi\/product\/evasrasia-stal-1200-ml\/"},"modified":"2025-01-29T06:18:10","modified_gmt":"2025-01-29T04:18:10","slug":"evasrasia-stal-1200-ml","status":"publish","type":"product","link":"https:\/\/retki.fi\/sv\/produkt\/evasrasia-stal-1200-ml\/","title":{"rendered":"Matl\u00e5da st\u00e5l 1200 ml"},"content":{"rendered":"<p>Den luftt\u00e4ta l\u00e5dan p\u00e5 1200 ml av rostfritt st\u00e5l \u00e4r l\u00e4mplig f\u00f6r transport av snacks eller sm\u00e5 tillbeh\u00f6r. Tack vare silikonf\u00f6rseglingen och den robusta st\u00e4ngningsmekanismen kan du ta med dig soppa till exempel i matl\u00e5dan. Boxen \u00e4r livsmedelsgodk\u00e4nd och kan tv\u00e4ttas i maskin. L\u00e4mnar inte matlukt eller smak. Matl\u00e5dan \u00e4r inte l\u00e4mplig f\u00f6r mikrov\u00e5gsugnen.<\/p>\n<p>&nbsp;<\/p>\n","protected":false},"excerpt":{"rendered":"<p><strong>NYHET!<\/strong> Kompakt matl\u00e5da i st\u00e5l p\u00e5 1200 ml.<\/p>\n","protected":false},"featured_media":11456,"comment_status":"closed","ping_status":"closed","template":"","meta":{"_acf_changed":false},"product_brand":[],"product_cat":[3607],"product_tag":[],"class_list":{"0":"post-12828","1":"product","2":"type-product","3":"status-publish","4":"has-post-thumbnail","6":"product_cat-utomhusmatlagning","8":"first","9":"instock","10":"shipping-taxable","11":"product-type-simple"},"acf":[],"yoast_head":"<!-- This site is optimized with the Yoast SEO plugin v26.8 - https:\/\/yoast.com\/product\/yoast-seo-wordpress\/ -->\n<title>Matl\u00e5da st\u00e5l 1200 ml - Retki Finland<\/title>\n<meta name=\"robots\" content=\"index, follow, max-snippet:-1, max-image-preview:large, max-video-preview:-1\" \/>\n<link rel=\"canonical\" href=\"https:\/\/retki.fi\/sv\/produkt\/evasrasia-stal-1200-ml\/\" \/>\n<meta property=\"og:locale\" content=\"sv_SE\" \/>\n<meta property=\"og:type\" content=\"article\" \/>\n<meta property=\"og:title\" content=\"Matl\u00e5da st\u00e5l 1200 ml - Retki Finland\" \/>\n<meta property=\"og:description\" content=\"NYHET! Kompakt matl\u00e5da i st\u00e5l p\u00e5 1200 ml.\" \/>\n<meta property=\"og:url\" content=\"https:\/\/retki.fi\/sv\/produkt\/evasrasia-stal-1200-ml\/\" \/>\n<meta property=\"og:site_name\" content=\"Retki Finland\" \/>\n<meta property=\"article:publisher\" content=\"https:\/\/www.facebook.com\/retkifinland\/\" \/>\n<meta property=\"article:modified_time\" content=\"2025-01-29T04:18:10+00:00\" \/>\n<meta property=\"og:image\" content=\"https:\/\/retki.fi\/wp-content\/uploads\/2023\/02\/R6998.jpg\" \/>\n\t<meta property=\"og:image:width\" content=\"1366\" \/>\n\t<meta property=\"og:image:height\" content=\"821\" \/>\n\t<meta property=\"og:image:type\" content=\"image\/jpeg\" \/>\n<meta name=\"twitter:card\" content=\"summary_large_image\" \/>\n<script type=\"application\/ld+json\" class=\"yoast-schema-graph\">{\"@context\":\"https:\/\/schema.org\",\"@graph\":[{\"@type\":\"WebPage\",\"@id\":\"https:\/\/retki.fi\/sv\/produkt\/evasrasia-stal-1200-ml\/\",\"url\":\"https:\/\/retki.fi\/sv\/produkt\/evasrasia-stal-1200-ml\/\",\"name\":\"Matl\u00e5da st\u00e5l 1200 ml - Retki Finland\",\"isPartOf\":{\"@id\":\"https:\/\/retki.fi\/#website\"},\"primaryImageOfPage\":{\"@id\":\"https:\/\/retki.fi\/sv\/produkt\/evasrasia-stal-1200-ml\/#primaryimage\"},\"image\":{\"@id\":\"https:\/\/retki.fi\/sv\/produkt\/evasrasia-stal-1200-ml\/#primaryimage\"},\"thumbnailUrl\":\"https:\/\/retki.fi\/wp-content\/uploads\/2023\/02\/R6998.jpg\",\"datePublished\":\"2025-01-01T20:37:12+00:00\",\"dateModified\":\"2025-01-29T04:18:10+00:00\",\"breadcrumb\":{\"@id\":\"https:\/\/retki.fi\/sv\/produkt\/evasrasia-stal-1200-ml\/#breadcrumb\"},\"inLanguage\":\"sv-SE\",\"potentialAction\":[{\"@type\":\"ReadAction\",\"target\":[\"https:\/\/retki.fi\/sv\/produkt\/evasrasia-stal-1200-ml\/\"]}]},{\"@type\":\"ImageObject\",\"inLanguage\":\"sv-SE\",\"@id\":\"https:\/\/retki.fi\/sv\/produkt\/evasrasia-stal-1200-ml\/#primaryimage\",\"url\":\"https:\/\/retki.fi\/wp-content\/uploads\/2023\/02\/R6998.jpg\",\"contentUrl\":\"https:\/\/retki.fi\/wp-content\/uploads\/2023\/02\/R6998.jpg\",\"width\":1366,\"height\":821},{\"@type\":\"BreadcrumbList\",\"@id\":\"https:\/\/retki.fi\/sv\/produkt\/evasrasia-stal-1200-ml\/#breadcrumb\",\"itemListElement\":[{\"@type\":\"ListItem\",\"position\":1,\"name\":\"Etusivu\",\"item\":\"https:\/\/retki.fi\/\"},{\"@type\":\"ListItem\",\"position\":2,\"name\":\"Produkter\",\"item\":\"https:\/\/retki.fi\/sv\/produkter\/\"},{\"@type\":\"ListItem\",\"position\":3,\"name\":\"Matl\u00e5da st\u00e5l 1200 ml\"}]},{\"@type\":\"WebSite\",\"@id\":\"https:\/\/retki.fi\/#website\",\"url\":\"https:\/\/retki.fi\/\",\"name\":\"Retki Finland\",\"description\":\"Best moments happen outdoors\",\"publisher\":{\"@id\":\"https:\/\/retki.fi\/#organization\"},\"potentialAction\":[{\"@type\":\"SearchAction\",\"target\":{\"@type\":\"EntryPoint\",\"urlTemplate\":\"https:\/\/retki.fi\/?s={search_term_string}\"},\"query-input\":{\"@type\":\"PropertyValueSpecification\",\"valueRequired\":true,\"valueName\":\"search_term_string\"}}],\"inLanguage\":\"sv-SE\"},{\"@type\":\"Organization\",\"@id\":\"https:\/\/retki.fi\/#organization\",\"name\":\"Retki Finland \/ Blue Import BIM Oy\",\"url\":\"https:\/\/retki.fi\/\",\"logo\":{\"@type\":\"ImageObject\",\"inLanguage\":\"sv-SE\",\"@id\":\"https:\/\/retki.fi\/#\/schema\/logo\/image\/\",\"url\":\"https:\/\/retki.fi\/wp-content\/uploads\/2018\/11\/Retki_logo_512X512px.jpg\",\"contentUrl\":\"https:\/\/retki.fi\/wp-content\/uploads\/2018\/11\/Retki_logo_512X512px.jpg\",\"width\":512,\"height\":512,\"caption\":\"Retki Finland \/ Blue Import BIM Oy\"},\"image\":{\"@id\":\"https:\/\/retki.fi\/#\/schema\/logo\/image\/\"},\"sameAs\":[\"https:\/\/www.facebook.com\/retkifinland\/\",\"https:\/\/www.instagram.com\/retkifinland\/\"]}]}<\/script>\n<!-- \/ Yoast SEO plugin. -->","yoast_head_json":{"title":"Matl\u00e5da st\u00e5l 1200 ml - Retki Finland","robots":{"index":"index","follow":"follow","max-snippet":"max-snippet:-1","max-image-preview":"max-image-preview:large","max-video-preview":"max-video-preview:-1"},"canonical":"https:\/\/retki.fi\/sv\/produkt\/evasrasia-stal-1200-ml\/","og_locale":"sv_SE","og_type":"article","og_title":"Matl\u00e5da st\u00e5l 1200 ml - Retki Finland","og_description":"NYHET! Kompakt matl\u00e5da i st\u00e5l p\u00e5 1200 ml.","og_url":"https:\/\/retki.fi\/sv\/produkt\/evasrasia-stal-1200-ml\/","og_site_name":"Retki Finland","article_publisher":"https:\/\/www.facebook.com\/retkifinland\/","article_modified_time":"2025-01-29T04:18:10+00:00","og_image":[{"width":1366,"height":821,"url":"https:\/\/retki.fi\/wp-content\/uploads\/2023\/02\/R6998.jpg","type":"image\/jpeg"}],"twitter_card":"summary_large_image","schema":{"@context":"https:\/\/schema.org","@graph":[{"@type":"WebPage","@id":"https:\/\/retki.fi\/sv\/produkt\/evasrasia-stal-1200-ml\/","url":"https:\/\/retki.fi\/sv\/produkt\/evasrasia-stal-1200-ml\/","name":"Matl\u00e5da st\u00e5l 1200 ml - Retki Finland","isPartOf":{"@id":"https:\/\/retki.fi\/#website"},"primaryImageOfPage":{"@id":"https:\/\/retki.fi\/sv\/produkt\/evasrasia-stal-1200-ml\/#primaryimage"},"image":{"@id":"https:\/\/retki.fi\/sv\/produkt\/evasrasia-stal-1200-ml\/#primaryimage"},"thumbnailUrl":"https:\/\/retki.fi\/wp-content\/uploads\/2023\/02\/R6998.jpg","datePublished":"2025-01-01T20:37:12+00:00","dateModified":"2025-01-29T04:18:10+00:00","breadcrumb":{"@id":"https:\/\/retki.fi\/sv\/produkt\/evasrasia-stal-1200-ml\/#breadcrumb"},"inLanguage":"sv-SE","potentialAction":[{"@type":"ReadAction","target":["https:\/\/retki.fi\/sv\/produkt\/evasrasia-stal-1200-ml\/"]}]},{"@type":"ImageObject","inLanguage":"sv-SE","@id":"https:\/\/retki.fi\/sv\/produkt\/evasrasia-stal-1200-ml\/#primaryimage","url":"https:\/\/retki.fi\/wp-content\/uploads\/2023\/02\/R6998.jpg","contentUrl":"https:\/\/retki.fi\/wp-content\/uploads\/2023\/02\/R6998.jpg","width":1366,"height":821},{"@type":"BreadcrumbList","@id":"https:\/\/retki.fi\/sv\/produkt\/evasrasia-stal-1200-ml\/#breadcrumb","itemListElement":[{"@type":"ListItem","position":1,"name":"Etusivu","item":"https:\/\/retki.fi\/"},{"@type":"ListItem","position":2,"name":"Produkter","item":"https:\/\/retki.fi\/sv\/produkter\/"},{"@type":"ListItem","position":3,"name":"Matl\u00e5da st\u00e5l 1200 ml"}]},{"@type":"WebSite","@id":"https:\/\/retki.fi\/#website","url":"https:\/\/retki.fi\/","name":"Retki Finland","description":"Best moments happen outdoors","publisher":{"@id":"https:\/\/retki.fi\/#organization"},"potentialAction":[{"@type":"SearchAction","target":{"@type":"EntryPoint","urlTemplate":"https:\/\/retki.fi\/?s={search_term_string}"},"query-input":{"@type":"PropertyValueSpecification","valueRequired":true,"valueName":"search_term_string"}}],"inLanguage":"sv-SE"},{"@type":"Organization","@id":"https:\/\/retki.fi\/#organization","name":"Retki Finland \/ Blue Import BIM Oy","url":"https:\/\/retki.fi\/","logo":{"@type":"ImageObject","inLanguage":"sv-SE","@id":"https:\/\/retki.fi\/#\/schema\/logo\/image\/","url":"https:\/\/retki.fi\/wp-content\/uploads\/2018\/11\/Retki_logo_512X512px.jpg","contentUrl":"https:\/\/retki.fi\/wp-content\/uploads\/2018\/11\/Retki_logo_512X512px.jpg","width":512,"height":512,"caption":"Retki Finland \/ Blue Import BIM Oy"},"image":{"@id":"https:\/\/retki.fi\/#\/schema\/logo\/image\/"},"sameAs":["https:\/\/www.facebook.com\/retkifinland\/","https:\/\/www.instagram.com\/retkifinland\/"]}]}},"_links":{"self":[{"href":"https:\/\/retki.fi\/sv\/wp-json\/wp\/v2\/product\/12828","targetHints":{"allow":["GET"]}}],"collection":[{"href":"https:\/\/retki.fi\/sv\/wp-json\/wp\/v2\/product"}],"about":[{"href":"https:\/\/retki.fi\/sv\/wp-json\/wp\/v2\/types\/product"}],"replies":[{"embeddable":true,"href":"https:\/\/retki.fi\/sv\/wp-json\/wp\/v2\/comments?post=12828"}],"wp:featuredmedia":[{"embeddable":true,"href":"https:\/\/retki.fi\/sv\/wp-json\/wp\/v2\/media\/11456"}],"wp:attachment":[{"href":"https:\/\/retki.fi\/sv\/wp-json\/wp\/v2\/media?parent=12828"}],"wp:term":[{"taxonomy":"product_brand","embeddable":true,"href":"https:\/\/retki.fi\/sv\/wp-json\/wp\/v2\/product_brand?post=12828"},{"taxonomy":"product_cat","embeddable":true,"href":"https:\/\/retki.fi\/sv\/wp-json\/wp\/v2\/product_cat?post=12828"},{"taxonomy":"product_tag","embeddable":true,"href":"https:\/\/retki.fi\/sv\/wp-json\/wp\/v2\/product_tag?post=12828"}],"curies":[{"name":"wp","href":"https:\/\/api.w.org\/{rel}","templated":true}]}}