{"id":12831,"date":"2023-05-04T12:40:59","date_gmt":"2023-05-04T09:40:59","guid":{"rendered":"https:\/\/retki.fi\/product\/reflekterande-taltsnore-4st-3mm-x-4m\/"},"modified":"2026-04-22T15:19:20","modified_gmt":"2026-04-22T12:19:20","slug":"reflekterande-taltsnore-4st-3mm-x-4m","status":"publish","type":"product","link":"https:\/\/retki.fi\/sv\/produkt\/reflekterande-taltsnore-4st-3mm-x-4m\/","title":{"rendered":"Reflekterande t\u00e4ltsn\u00f6re 4 st 3mm x 4m"},"content":{"rendered":"<p><strong>Inga mer att snubbla \u00f6ver t\u00e4ltsn\u00f6ren i m\u00f6rkret!<\/strong><\/p>\n<p>F\u00f6rpackning med 4 str\u00e4ngar, \u00e1 4 meter. Reflekterande sladdar \u00e4r synliga i m\u00f6rkret n\u00e4r ljuset tr\u00e4ffar dem. H\u00f6gkvalitativt 8-tr\u00e5digt material t\u00e5l slitage.\u00a0 Reflexsn\u00f6ren \u00e4r l\u00e4mplig f\u00f6r t\u00e4lt, behov och kapell. Sn\u00f6rena har en grov yta som h\u00e5ller knutarna p\u00e5 plats. Materialet \u00e4r polyesterfl\u00e4ta och reflekterande tr\u00e5dar.<\/p>\n<p><strong>Anv\u00e4nd<\/strong>; F\u00e4st sn\u00f6ret i t\u00e4ltet s\u00e5 att plastl\u00e5set sitter kvar i andra \u00e4nden. Dra \u00f6glan n\u00e4rmast knuten i slutet av sn\u00f6ret l\u00e4ngre och l\u00e4gg t\u00e4ltst\u00e5ngen genom den i marken. Nu kan du justera sp\u00e4nningen p\u00e5 t\u00e4ltlinan genom att flytta l\u00e5set (\u00f6glan blir l\u00e4ngre eller kortare).<\/p>\n<p>&nbsp;<\/p>\n","protected":false},"excerpt":{"rendered":"<p><strong>NYHET! <\/strong>Reflekterande t\u00e4ltsn\u00f6ren.<\/p>\n","protected":false},"featured_media":11477,"comment_status":"closed","ping_status":"closed","template":"","meta":{"_acf_changed":false},"product_brand":[],"product_cat":[3575],"product_tag":[],"class_list":{"0":"post-12831","1":"product","2":"type-product","3":"status-publish","4":"has-post-thumbnail","6":"product_cat-vandringsutrustning","8":"first","9":"instock","10":"shipping-taxable","11":"product-type-simple"},"acf":[],"yoast_head":"<!-- This site is optimized with the Yoast SEO plugin v27.4 - https:\/\/yoast.com\/product\/yoast-seo-wordpress\/ -->\n<title>Reflekterande t\u00e4ltsn\u00f6re 4 st 3mm x 4m - Retki Finland<\/title>\n<meta name=\"robots\" content=\"index, follow, max-snippet:-1, max-image-preview:large, max-video-preview:-1\" \/>\n<link rel=\"canonical\" href=\"https:\/\/retki.fi\/sv\/produkt\/reflekterande-taltsnore-4st-3mm-x-4m\/\" \/>\n<meta property=\"og:locale\" content=\"sv_SE\" \/>\n<meta property=\"og:type\" content=\"article\" \/>\n<meta property=\"og:title\" content=\"Reflekterande t\u00e4ltsn\u00f6re 4 st 3mm x 4m - Retki Finland\" \/>\n<meta property=\"og:description\" content=\"NYHET! Reflekterande t\u00e4ltsn\u00f6ren.\" \/>\n<meta property=\"og:url\" content=\"https:\/\/retki.fi\/sv\/produkt\/reflekterande-taltsnore-4st-3mm-x-4m\/\" \/>\n<meta property=\"og:site_name\" content=\"Retki Finland\" \/>\n<meta property=\"article:publisher\" content=\"https:\/\/www.facebook.com\/retkifinland\/\" \/>\n<meta property=\"article:modified_time\" content=\"2026-04-22T12:19:20+00:00\" \/>\n<meta property=\"og:image\" content=\"https:\/\/retki.fi\/wp-content\/uploads\/2023\/05\/R7011-scaled.jpg\" \/>\n\t<meta property=\"og:image:width\" content=\"2357\" \/>\n\t<meta property=\"og:image:height\" content=\"2560\" \/>\n\t<meta property=\"og:image:type\" content=\"image\/jpeg\" \/>\n<meta name=\"twitter:card\" content=\"summary_large_image\" \/>\n<meta name=\"twitter:label1\" content=\"Ber\u00e4knad l\u00e4stid\" \/>\n\t<meta name=\"twitter:data1\" content=\"1 minut\" \/>\n<script type=\"application\/ld+json\" class=\"yoast-schema-graph\">{\"@context\":\"https:\\\/\\\/schema.org\",\"@graph\":[{\"@type\":\"WebPage\",\"@id\":\"https:\\\/\\\/retki.fi\\\/sv\\\/produkt\\\/reflekterande-taltsnore-4st-3mm-x-4m\\\/\",\"url\":\"https:\\\/\\\/retki.fi\\\/sv\\\/produkt\\\/reflekterande-taltsnore-4st-3mm-x-4m\\\/\",\"name\":\"Reflekterande t\u00e4ltsn\u00f6re 4 st 3mm x 4m - Retki Finland\",\"isPartOf\":{\"@id\":\"https:\\\/\\\/retki.fi\\\/#website\"},\"primaryImageOfPage\":{\"@id\":\"https:\\\/\\\/retki.fi\\\/sv\\\/produkt\\\/reflekterande-taltsnore-4st-3mm-x-4m\\\/#primaryimage\"},\"image\":{\"@id\":\"https:\\\/\\\/retki.fi\\\/sv\\\/produkt\\\/reflekterande-taltsnore-4st-3mm-x-4m\\\/#primaryimage\"},\"thumbnailUrl\":\"https:\\\/\\\/retki.fi\\\/wp-content\\\/uploads\\\/2023\\\/05\\\/R7011-scaled.jpg\",\"datePublished\":\"2023-05-04T09:40:59+00:00\",\"dateModified\":\"2026-04-22T12:19:20+00:00\",\"breadcrumb\":{\"@id\":\"https:\\\/\\\/retki.fi\\\/sv\\\/produkt\\\/reflekterande-taltsnore-4st-3mm-x-4m\\\/#breadcrumb\"},\"inLanguage\":\"sv-SE\",\"potentialAction\":[{\"@type\":\"ReadAction\",\"target\":[\"https:\\\/\\\/retki.fi\\\/sv\\\/produkt\\\/reflekterande-taltsnore-4st-3mm-x-4m\\\/\"]}]},{\"@type\":\"ImageObject\",\"inLanguage\":\"sv-SE\",\"@id\":\"https:\\\/\\\/retki.fi\\\/sv\\\/produkt\\\/reflekterande-taltsnore-4st-3mm-x-4m\\\/#primaryimage\",\"url\":\"https:\\\/\\\/retki.fi\\\/wp-content\\\/uploads\\\/2023\\\/05\\\/R7011-scaled.jpg\",\"contentUrl\":\"https:\\\/\\\/retki.fi\\\/wp-content\\\/uploads\\\/2023\\\/05\\\/R7011-scaled.jpg\",\"width\":2357,\"height\":2560},{\"@type\":\"BreadcrumbList\",\"@id\":\"https:\\\/\\\/retki.fi\\\/sv\\\/produkt\\\/reflekterande-taltsnore-4st-3mm-x-4m\\\/#breadcrumb\",\"itemListElement\":[{\"@type\":\"ListItem\",\"position\":1,\"name\":\"Etusivu\",\"item\":\"https:\\\/\\\/retki.fi\\\/\"},{\"@type\":\"ListItem\",\"position\":2,\"name\":\"Produkter\",\"item\":\"https:\\\/\\\/retki.fi\\\/sv\\\/produkter\\\/\"},{\"@type\":\"ListItem\",\"position\":3,\"name\":\"Reflekterande t\u00e4ltsn\u00f6re 4 st 3mm x 4m\"}]},{\"@type\":\"WebSite\",\"@id\":\"https:\\\/\\\/retki.fi\\\/#website\",\"url\":\"https:\\\/\\\/retki.fi\\\/\",\"name\":\"Retki Finland\",\"description\":\"Best moments happen outdoors\",\"publisher\":{\"@id\":\"https:\\\/\\\/retki.fi\\\/#organization\"},\"potentialAction\":[{\"@type\":\"SearchAction\",\"target\":{\"@type\":\"EntryPoint\",\"urlTemplate\":\"https:\\\/\\\/retki.fi\\\/?s={search_term_string}\"},\"query-input\":{\"@type\":\"PropertyValueSpecification\",\"valueRequired\":true,\"valueName\":\"search_term_string\"}}],\"inLanguage\":\"sv-SE\"},{\"@type\":\"Organization\",\"@id\":\"https:\\\/\\\/retki.fi\\\/#organization\",\"name\":\"Retki Finland \\\/ Blue Import BIM Oy\",\"url\":\"https:\\\/\\\/retki.fi\\\/\",\"logo\":{\"@type\":\"ImageObject\",\"inLanguage\":\"sv-SE\",\"@id\":\"https:\\\/\\\/retki.fi\\\/#\\\/schema\\\/logo\\\/image\\\/\",\"url\":\"https:\\\/\\\/retki.fi\\\/wp-content\\\/uploads\\\/2018\\\/11\\\/Retki_logo_512X512px.jpg\",\"contentUrl\":\"https:\\\/\\\/retki.fi\\\/wp-content\\\/uploads\\\/2018\\\/11\\\/Retki_logo_512X512px.jpg\",\"width\":512,\"height\":512,\"caption\":\"Retki Finland \\\/ Blue Import BIM Oy\"},\"image\":{\"@id\":\"https:\\\/\\\/retki.fi\\\/#\\\/schema\\\/logo\\\/image\\\/\"},\"sameAs\":[\"https:\\\/\\\/www.facebook.com\\\/retkifinland\\\/\",\"https:\\\/\\\/www.instagram.com\\\/retkifinland\\\/\"]}]}<\/script>\n<!-- \/ Yoast SEO plugin. -->","yoast_head_json":{"title":"Reflekterande t\u00e4ltsn\u00f6re 4 st 3mm x 4m - Retki Finland","robots":{"index":"index","follow":"follow","max-snippet":"max-snippet:-1","max-image-preview":"max-image-preview:large","max-video-preview":"max-video-preview:-1"},"canonical":"https:\/\/retki.fi\/sv\/produkt\/reflekterande-taltsnore-4st-3mm-x-4m\/","og_locale":"sv_SE","og_type":"article","og_title":"Reflekterande t\u00e4ltsn\u00f6re 4 st 3mm x 4m - Retki Finland","og_description":"NYHET! Reflekterande t\u00e4ltsn\u00f6ren.","og_url":"https:\/\/retki.fi\/sv\/produkt\/reflekterande-taltsnore-4st-3mm-x-4m\/","og_site_name":"Retki Finland","article_publisher":"https:\/\/www.facebook.com\/retkifinland\/","article_modified_time":"2026-04-22T12:19:20+00:00","og_image":[{"width":2357,"height":2560,"url":"https:\/\/retki.fi\/wp-content\/uploads\/2023\/05\/R7011-scaled.jpg","type":"image\/jpeg"}],"twitter_card":"summary_large_image","twitter_misc":{"Ber\u00e4knad l\u00e4stid":"1 minut"},"schema":{"@context":"https:\/\/schema.org","@graph":[{"@type":"WebPage","@id":"https:\/\/retki.fi\/sv\/produkt\/reflekterande-taltsnore-4st-3mm-x-4m\/","url":"https:\/\/retki.fi\/sv\/produkt\/reflekterande-taltsnore-4st-3mm-x-4m\/","name":"Reflekterande t\u00e4ltsn\u00f6re 4 st 3mm x 4m - Retki Finland","isPartOf":{"@id":"https:\/\/retki.fi\/#website"},"primaryImageOfPage":{"@id":"https:\/\/retki.fi\/sv\/produkt\/reflekterande-taltsnore-4st-3mm-x-4m\/#primaryimage"},"image":{"@id":"https:\/\/retki.fi\/sv\/produkt\/reflekterande-taltsnore-4st-3mm-x-4m\/#primaryimage"},"thumbnailUrl":"https:\/\/retki.fi\/wp-content\/uploads\/2023\/05\/R7011-scaled.jpg","datePublished":"2023-05-04T09:40:59+00:00","dateModified":"2026-04-22T12:19:20+00:00","breadcrumb":{"@id":"https:\/\/retki.fi\/sv\/produkt\/reflekterande-taltsnore-4st-3mm-x-4m\/#breadcrumb"},"inLanguage":"sv-SE","potentialAction":[{"@type":"ReadAction","target":["https:\/\/retki.fi\/sv\/produkt\/reflekterande-taltsnore-4st-3mm-x-4m\/"]}]},{"@type":"ImageObject","inLanguage":"sv-SE","@id":"https:\/\/retki.fi\/sv\/produkt\/reflekterande-taltsnore-4st-3mm-x-4m\/#primaryimage","url":"https:\/\/retki.fi\/wp-content\/uploads\/2023\/05\/R7011-scaled.jpg","contentUrl":"https:\/\/retki.fi\/wp-content\/uploads\/2023\/05\/R7011-scaled.jpg","width":2357,"height":2560},{"@type":"BreadcrumbList","@id":"https:\/\/retki.fi\/sv\/produkt\/reflekterande-taltsnore-4st-3mm-x-4m\/#breadcrumb","itemListElement":[{"@type":"ListItem","position":1,"name":"Etusivu","item":"https:\/\/retki.fi\/"},{"@type":"ListItem","position":2,"name":"Produkter","item":"https:\/\/retki.fi\/sv\/produkter\/"},{"@type":"ListItem","position":3,"name":"Reflekterande t\u00e4ltsn\u00f6re 4 st 3mm x 4m"}]},{"@type":"WebSite","@id":"https:\/\/retki.fi\/#website","url":"https:\/\/retki.fi\/","name":"Retki Finland","description":"Best moments happen outdoors","publisher":{"@id":"https:\/\/retki.fi\/#organization"},"potentialAction":[{"@type":"SearchAction","target":{"@type":"EntryPoint","urlTemplate":"https:\/\/retki.fi\/?s={search_term_string}"},"query-input":{"@type":"PropertyValueSpecification","valueRequired":true,"valueName":"search_term_string"}}],"inLanguage":"sv-SE"},{"@type":"Organization","@id":"https:\/\/retki.fi\/#organization","name":"Retki Finland \/ Blue Import BIM Oy","url":"https:\/\/retki.fi\/","logo":{"@type":"ImageObject","inLanguage":"sv-SE","@id":"https:\/\/retki.fi\/#\/schema\/logo\/image\/","url":"https:\/\/retki.fi\/wp-content\/uploads\/2018\/11\/Retki_logo_512X512px.jpg","contentUrl":"https:\/\/retki.fi\/wp-content\/uploads\/2018\/11\/Retki_logo_512X512px.jpg","width":512,"height":512,"caption":"Retki Finland \/ Blue Import BIM Oy"},"image":{"@id":"https:\/\/retki.fi\/#\/schema\/logo\/image\/"},"sameAs":["https:\/\/www.facebook.com\/retkifinland\/","https:\/\/www.instagram.com\/retkifinland\/"]}]}},"_links":{"self":[{"href":"https:\/\/retki.fi\/sv\/wp-json\/wp\/v2\/product\/12831","targetHints":{"allow":["GET"]}}],"collection":[{"href":"https:\/\/retki.fi\/sv\/wp-json\/wp\/v2\/product"}],"about":[{"href":"https:\/\/retki.fi\/sv\/wp-json\/wp\/v2\/types\/product"}],"replies":[{"embeddable":true,"href":"https:\/\/retki.fi\/sv\/wp-json\/wp\/v2\/comments?post=12831"}],"wp:featuredmedia":[{"embeddable":true,"href":"https:\/\/retki.fi\/sv\/wp-json\/wp\/v2\/media\/11477"}],"wp:attachment":[{"href":"https:\/\/retki.fi\/sv\/wp-json\/wp\/v2\/media?parent=12831"}],"wp:term":[{"taxonomy":"product_brand","embeddable":true,"href":"https:\/\/retki.fi\/sv\/wp-json\/wp\/v2\/product_brand?post=12831"},{"taxonomy":"product_cat","embeddable":true,"href":"https:\/\/retki.fi\/sv\/wp-json\/wp\/v2\/product_cat?post=12831"},{"taxonomy":"product_tag","embeddable":true,"href":"https:\/\/retki.fi\/sv\/wp-json\/wp\/v2\/product_tag?post=12831"}],"curies":[{"name":"wp","href":"https:\/\/api.w.org\/{rel}","templated":true}]}}