{"id":12833,"date":"2023-05-04T13:02:16","date_gmt":"2025-01-01T20:37:14","guid":{"rendered":"https:\/\/retki.fi\/product\/bollhallare-blank-4st-gron\/"},"modified":"2025-01-28T11:58:32","modified_gmt":"2025-01-28T09:58:32","slug":"bollhallare-blank-4st-gron","status":"publish","type":"product","link":"https:\/\/retki.fi\/sv\/produkt\/bollhallare-blank-4st-gron\/","title":{"rendered":"Kulh\u00e5llare blank 4 st gr\u00f6n"},"content":{"rendered":"<p>Dessa flexibla kulf\u00e4sten \u00e4r designade f\u00f6r anv\u00e4ndning med presenningar, \u00f6verdrag och presenningar utrustade med segelringar. Med hj\u00e4lp av det elastiska kulsn\u00f6ret kan du installera repen utan att skada dem eller strukturen p\u00e5 skyddsk\u00e5pan. Med hj\u00e4lp av kulsn\u00f6ren kan presenningen eller t\u00e4lt\u00f6verdraget f\u00e4stas och tas ner snabbt och enkelt. Kulf\u00e4stenas flexibla \u00f6gla \u00e4r ocks\u00e5 l\u00e4mplig f\u00f6r att bunta och f\u00e4sta olika utrustningar. F\u00e4st tv\u00e5 slingor till varandra f\u00f6r att skapa en l\u00e4ngre, dubbel\u00e4ndad slinga. Tr\u00e4 \u00f6glan genom presenningens segelring, kulan h\u00e5ller den p\u00e5 plats. F\u00e4st repet i den elastiska \u00f6glan. Kulorna, som lyser gr\u00f6nt i m\u00f6rkret, \u00e4r l\u00e4tta att hitta efter skymningen. L\u00e4mplig f\u00f6r camping, b\u00e5tliv och fritidsbruk.<\/p>\n<p>&nbsp;<\/p>\n","protected":false},"excerpt":{"rendered":"<p>NYHET! Glow-in-the-dark kulf\u00e4sten f\u00f6r att f\u00e4sta ett t\u00e4lt eller campingutrustning.<\/p>\n","protected":false},"featured_media":11484,"comment_status":"closed","ping_status":"closed","template":"","meta":{"_acf_changed":false},"product_brand":[],"product_cat":[3575],"product_tag":[],"class_list":{"0":"post-12833","1":"product","2":"type-product","3":"status-publish","4":"has-post-thumbnail","6":"product_cat-vandringsutrustning","8":"first","9":"instock","10":"shipping-taxable","11":"product-type-simple"},"acf":[],"yoast_head":"<!-- This site is optimized with the Yoast SEO plugin v27.4 - https:\/\/yoast.com\/product\/yoast-seo-wordpress\/ -->\n<title>Kulh\u00e5llare blank 4 st gr\u00f6n - Retki Finland<\/title>\n<meta name=\"robots\" content=\"index, follow, max-snippet:-1, max-image-preview:large, max-video-preview:-1\" \/>\n<link rel=\"canonical\" href=\"https:\/\/retki.fi\/sv\/produkt\/bollhallare-blank-4st-gron\/\" \/>\n<meta property=\"og:locale\" content=\"sv_SE\" \/>\n<meta property=\"og:type\" content=\"article\" \/>\n<meta property=\"og:title\" content=\"Kulh\u00e5llare blank 4 st gr\u00f6n - Retki Finland\" \/>\n<meta property=\"og:description\" content=\"NYHET! Glow-in-the-dark kulf\u00e4sten f\u00f6r att f\u00e4sta ett t\u00e4lt eller campingutrustning.\" \/>\n<meta property=\"og:url\" content=\"https:\/\/retki.fi\/sv\/produkt\/bollhallare-blank-4st-gron\/\" \/>\n<meta property=\"og:site_name\" content=\"Retki Finland\" \/>\n<meta property=\"article:publisher\" content=\"https:\/\/www.facebook.com\/retkifinland\/\" \/>\n<meta property=\"article:modified_time\" content=\"2025-01-28T09:58:32+00:00\" \/>\n<meta property=\"og:image\" content=\"https:\/\/retki.fi\/wp-content\/uploads\/2023\/05\/R7013-scaled.jpg\" \/>\n\t<meta property=\"og:image:width\" content=\"2003\" \/>\n\t<meta property=\"og:image:height\" content=\"2560\" \/>\n\t<meta property=\"og:image:type\" content=\"image\/jpeg\" \/>\n<meta name=\"twitter:card\" content=\"summary_large_image\" \/>\n<meta name=\"twitter:label1\" content=\"Ber\u00e4knad l\u00e4stid\" \/>\n\t<meta name=\"twitter:data1\" content=\"1 minut\" \/>\n<script type=\"application\/ld+json\" class=\"yoast-schema-graph\">{\"@context\":\"https:\\\/\\\/schema.org\",\"@graph\":[{\"@type\":\"WebPage\",\"@id\":\"https:\\\/\\\/retki.fi\\\/sv\\\/produkt\\\/bollhallare-blank-4st-gron\\\/\",\"url\":\"https:\\\/\\\/retki.fi\\\/sv\\\/produkt\\\/bollhallare-blank-4st-gron\\\/\",\"name\":\"Kulh\u00e5llare blank 4 st gr\u00f6n - Retki Finland\",\"isPartOf\":{\"@id\":\"https:\\\/\\\/retki.fi\\\/#website\"},\"primaryImageOfPage\":{\"@id\":\"https:\\\/\\\/retki.fi\\\/sv\\\/produkt\\\/bollhallare-blank-4st-gron\\\/#primaryimage\"},\"image\":{\"@id\":\"https:\\\/\\\/retki.fi\\\/sv\\\/produkt\\\/bollhallare-blank-4st-gron\\\/#primaryimage\"},\"thumbnailUrl\":\"https:\\\/\\\/retki.fi\\\/wp-content\\\/uploads\\\/2023\\\/05\\\/R7013-scaled.jpg\",\"datePublished\":\"2025-01-01T20:37:14+00:00\",\"dateModified\":\"2025-01-28T09:58:32+00:00\",\"breadcrumb\":{\"@id\":\"https:\\\/\\\/retki.fi\\\/sv\\\/produkt\\\/bollhallare-blank-4st-gron\\\/#breadcrumb\"},\"inLanguage\":\"sv-SE\",\"potentialAction\":[{\"@type\":\"ReadAction\",\"target\":[\"https:\\\/\\\/retki.fi\\\/sv\\\/produkt\\\/bollhallare-blank-4st-gron\\\/\"]}]},{\"@type\":\"ImageObject\",\"inLanguage\":\"sv-SE\",\"@id\":\"https:\\\/\\\/retki.fi\\\/sv\\\/produkt\\\/bollhallare-blank-4st-gron\\\/#primaryimage\",\"url\":\"https:\\\/\\\/retki.fi\\\/wp-content\\\/uploads\\\/2023\\\/05\\\/R7013-scaled.jpg\",\"contentUrl\":\"https:\\\/\\\/retki.fi\\\/wp-content\\\/uploads\\\/2023\\\/05\\\/R7013-scaled.jpg\",\"width\":2003,\"height\":2560},{\"@type\":\"BreadcrumbList\",\"@id\":\"https:\\\/\\\/retki.fi\\\/sv\\\/produkt\\\/bollhallare-blank-4st-gron\\\/#breadcrumb\",\"itemListElement\":[{\"@type\":\"ListItem\",\"position\":1,\"name\":\"Etusivu\",\"item\":\"https:\\\/\\\/retki.fi\\\/\"},{\"@type\":\"ListItem\",\"position\":2,\"name\":\"Produkter\",\"item\":\"https:\\\/\\\/retki.fi\\\/sv\\\/produkter\\\/\"},{\"@type\":\"ListItem\",\"position\":3,\"name\":\"Kulh\u00e5llare blank 4 st gr\u00f6n\"}]},{\"@type\":\"WebSite\",\"@id\":\"https:\\\/\\\/retki.fi\\\/#website\",\"url\":\"https:\\\/\\\/retki.fi\\\/\",\"name\":\"Retki Finland\",\"description\":\"Best moments happen outdoors\",\"publisher\":{\"@id\":\"https:\\\/\\\/retki.fi\\\/#organization\"},\"potentialAction\":[{\"@type\":\"SearchAction\",\"target\":{\"@type\":\"EntryPoint\",\"urlTemplate\":\"https:\\\/\\\/retki.fi\\\/?s={search_term_string}\"},\"query-input\":{\"@type\":\"PropertyValueSpecification\",\"valueRequired\":true,\"valueName\":\"search_term_string\"}}],\"inLanguage\":\"sv-SE\"},{\"@type\":\"Organization\",\"@id\":\"https:\\\/\\\/retki.fi\\\/#organization\",\"name\":\"Retki Finland \\\/ Blue Import BIM Oy\",\"url\":\"https:\\\/\\\/retki.fi\\\/\",\"logo\":{\"@type\":\"ImageObject\",\"inLanguage\":\"sv-SE\",\"@id\":\"https:\\\/\\\/retki.fi\\\/#\\\/schema\\\/logo\\\/image\\\/\",\"url\":\"https:\\\/\\\/retki.fi\\\/wp-content\\\/uploads\\\/2018\\\/11\\\/Retki_logo_512X512px.jpg\",\"contentUrl\":\"https:\\\/\\\/retki.fi\\\/wp-content\\\/uploads\\\/2018\\\/11\\\/Retki_logo_512X512px.jpg\",\"width\":512,\"height\":512,\"caption\":\"Retki Finland \\\/ Blue Import BIM Oy\"},\"image\":{\"@id\":\"https:\\\/\\\/retki.fi\\\/#\\\/schema\\\/logo\\\/image\\\/\"},\"sameAs\":[\"https:\\\/\\\/www.facebook.com\\\/retkifinland\\\/\",\"https:\\\/\\\/www.instagram.com\\\/retkifinland\\\/\"]}]}<\/script>\n<!-- \/ Yoast SEO plugin. -->","yoast_head_json":{"title":"Kulh\u00e5llare blank 4 st gr\u00f6n - Retki Finland","robots":{"index":"index","follow":"follow","max-snippet":"max-snippet:-1","max-image-preview":"max-image-preview:large","max-video-preview":"max-video-preview:-1"},"canonical":"https:\/\/retki.fi\/sv\/produkt\/bollhallare-blank-4st-gron\/","og_locale":"sv_SE","og_type":"article","og_title":"Kulh\u00e5llare blank 4 st gr\u00f6n - Retki Finland","og_description":"NYHET! Glow-in-the-dark kulf\u00e4sten f\u00f6r att f\u00e4sta ett t\u00e4lt eller campingutrustning.","og_url":"https:\/\/retki.fi\/sv\/produkt\/bollhallare-blank-4st-gron\/","og_site_name":"Retki Finland","article_publisher":"https:\/\/www.facebook.com\/retkifinland\/","article_modified_time":"2025-01-28T09:58:32+00:00","og_image":[{"width":2003,"height":2560,"url":"https:\/\/retki.fi\/wp-content\/uploads\/2023\/05\/R7013-scaled.jpg","type":"image\/jpeg"}],"twitter_card":"summary_large_image","twitter_misc":{"Ber\u00e4knad l\u00e4stid":"1 minut"},"schema":{"@context":"https:\/\/schema.org","@graph":[{"@type":"WebPage","@id":"https:\/\/retki.fi\/sv\/produkt\/bollhallare-blank-4st-gron\/","url":"https:\/\/retki.fi\/sv\/produkt\/bollhallare-blank-4st-gron\/","name":"Kulh\u00e5llare blank 4 st gr\u00f6n - Retki Finland","isPartOf":{"@id":"https:\/\/retki.fi\/#website"},"primaryImageOfPage":{"@id":"https:\/\/retki.fi\/sv\/produkt\/bollhallare-blank-4st-gron\/#primaryimage"},"image":{"@id":"https:\/\/retki.fi\/sv\/produkt\/bollhallare-blank-4st-gron\/#primaryimage"},"thumbnailUrl":"https:\/\/retki.fi\/wp-content\/uploads\/2023\/05\/R7013-scaled.jpg","datePublished":"2025-01-01T20:37:14+00:00","dateModified":"2025-01-28T09:58:32+00:00","breadcrumb":{"@id":"https:\/\/retki.fi\/sv\/produkt\/bollhallare-blank-4st-gron\/#breadcrumb"},"inLanguage":"sv-SE","potentialAction":[{"@type":"ReadAction","target":["https:\/\/retki.fi\/sv\/produkt\/bollhallare-blank-4st-gron\/"]}]},{"@type":"ImageObject","inLanguage":"sv-SE","@id":"https:\/\/retki.fi\/sv\/produkt\/bollhallare-blank-4st-gron\/#primaryimage","url":"https:\/\/retki.fi\/wp-content\/uploads\/2023\/05\/R7013-scaled.jpg","contentUrl":"https:\/\/retki.fi\/wp-content\/uploads\/2023\/05\/R7013-scaled.jpg","width":2003,"height":2560},{"@type":"BreadcrumbList","@id":"https:\/\/retki.fi\/sv\/produkt\/bollhallare-blank-4st-gron\/#breadcrumb","itemListElement":[{"@type":"ListItem","position":1,"name":"Etusivu","item":"https:\/\/retki.fi\/"},{"@type":"ListItem","position":2,"name":"Produkter","item":"https:\/\/retki.fi\/sv\/produkter\/"},{"@type":"ListItem","position":3,"name":"Kulh\u00e5llare blank 4 st gr\u00f6n"}]},{"@type":"WebSite","@id":"https:\/\/retki.fi\/#website","url":"https:\/\/retki.fi\/","name":"Retki Finland","description":"Best moments happen outdoors","publisher":{"@id":"https:\/\/retki.fi\/#organization"},"potentialAction":[{"@type":"SearchAction","target":{"@type":"EntryPoint","urlTemplate":"https:\/\/retki.fi\/?s={search_term_string}"},"query-input":{"@type":"PropertyValueSpecification","valueRequired":true,"valueName":"search_term_string"}}],"inLanguage":"sv-SE"},{"@type":"Organization","@id":"https:\/\/retki.fi\/#organization","name":"Retki Finland \/ Blue Import BIM Oy","url":"https:\/\/retki.fi\/","logo":{"@type":"ImageObject","inLanguage":"sv-SE","@id":"https:\/\/retki.fi\/#\/schema\/logo\/image\/","url":"https:\/\/retki.fi\/wp-content\/uploads\/2018\/11\/Retki_logo_512X512px.jpg","contentUrl":"https:\/\/retki.fi\/wp-content\/uploads\/2018\/11\/Retki_logo_512X512px.jpg","width":512,"height":512,"caption":"Retki Finland \/ Blue Import BIM Oy"},"image":{"@id":"https:\/\/retki.fi\/#\/schema\/logo\/image\/"},"sameAs":["https:\/\/www.facebook.com\/retkifinland\/","https:\/\/www.instagram.com\/retkifinland\/"]}]}},"_links":{"self":[{"href":"https:\/\/retki.fi\/sv\/wp-json\/wp\/v2\/product\/12833","targetHints":{"allow":["GET"]}}],"collection":[{"href":"https:\/\/retki.fi\/sv\/wp-json\/wp\/v2\/product"}],"about":[{"href":"https:\/\/retki.fi\/sv\/wp-json\/wp\/v2\/types\/product"}],"replies":[{"embeddable":true,"href":"https:\/\/retki.fi\/sv\/wp-json\/wp\/v2\/comments?post=12833"}],"wp:featuredmedia":[{"embeddable":true,"href":"https:\/\/retki.fi\/sv\/wp-json\/wp\/v2\/media\/11484"}],"wp:attachment":[{"href":"https:\/\/retki.fi\/sv\/wp-json\/wp\/v2\/media?parent=12833"}],"wp:term":[{"taxonomy":"product_brand","embeddable":true,"href":"https:\/\/retki.fi\/sv\/wp-json\/wp\/v2\/product_brand?post=12833"},{"taxonomy":"product_cat","embeddable":true,"href":"https:\/\/retki.fi\/sv\/wp-json\/wp\/v2\/product_cat?post=12833"},{"taxonomy":"product_tag","embeddable":true,"href":"https:\/\/retki.fi\/sv\/wp-json\/wp\/v2\/product_tag?post=12833"}],"curies":[{"name":"wp","href":"https:\/\/api.w.org\/{rel}","templated":true}]}}