{"id":12840,"date":"2023-07-25T15:54:14","date_gmt":"2023-07-25T12:54:14","guid":{"rendered":"https:\/\/retki.fi\/product\/ryggsack-ljus-10l-eko-svart\/"},"modified":"2026-04-22T15:19:18","modified_gmt":"2026-04-22T12:19:18","slug":"ryggsack-ljus-10l-eko-svart","status":"publish","type":"product","link":"https:\/\/retki.fi\/sv\/produkt\/ryggsack-ljus-10l-eko-svart\/","title":{"rendered":"Ryggs\u00e4ck Light 10L ECO Svart"},"content":{"rendered":"<p>En l\u00e4tt ryggs\u00e4ck f\u00f6r sm\u00e5 dagsturer och fritidsintressen. H\u00f6ftsele, br\u00f6stsele, v\u00e4tskesystemberedskap (exklusive bl\u00e5san). Tillverkad av \u00e5tervunnen polyester.<\/p>\n<p>&nbsp;<\/p>\n<p><img fetchpriority=\"high\" decoding=\"async\" class=\"alignnone size-medium wp-image-6888\" src=\"https:\/\/www.framocompany.fi\/Retkifinland\/wp-content\/uploads\/2023\/07\/R7006-fiiliskuva-2-300x300.jpg\" alt=\"\" width=\"300\" height=\"300\" srcset=\"https:\/\/retki.fi\/wp-content\/uploads\/2023\/07\/R7006-fiiliskuva-2-300x300.jpg 300w, https:\/\/retki.fi\/wp-content\/uploads\/2023\/07\/R7006-fiiliskuva-2-100x100.jpg 100w, https:\/\/retki.fi\/wp-content\/uploads\/2023\/07\/R7006-fiiliskuva-2-800x800.jpg 800w, https:\/\/retki.fi\/wp-content\/uploads\/2023\/07\/R7006-fiiliskuva-2-1024x1024.jpg 1024w, https:\/\/retki.fi\/wp-content\/uploads\/2023\/07\/R7006-fiiliskuva-2-150x150.jpg 150w, https:\/\/retki.fi\/wp-content\/uploads\/2023\/07\/R7006-fiiliskuva-2-768x768.jpg 768w, https:\/\/retki.fi\/wp-content\/uploads\/2023\/07\/R7006-fiiliskuva-2-1536x1536.jpg 1536w, https:\/\/retki.fi\/wp-content\/uploads\/2023\/07\/R7006-fiiliskuva-2-2048x2048.jpg 2048w, https:\/\/retki.fi\/wp-content\/uploads\/2023\/07\/R7006-fiiliskuva-2-2000x2000.jpg 2000w, https:\/\/retki.fi\/wp-content\/uploads\/2023\/07\/R7006-fiiliskuva-2-1000x1000.jpg 1000w, https:\/\/retki.fi\/wp-content\/uploads\/2023\/07\/R7006-fiiliskuva-2-500x500.jpg 500w, https:\/\/retki.fi\/wp-content\/uploads\/2023\/07\/R7006-fiiliskuva-2-1200x1200.jpg 1200w\" sizes=\"(max-width: 300px) 100vw, 300px\" \/><\/p>\n","protected":false},"excerpt":{"rendered":"<p>NYHET! En l\u00e4tt 10 l ryggs\u00e4ck f\u00f6r sm\u00e5 dagsturer.<\/p>\n","protected":false},"featured_media":11530,"comment_status":"closed","ping_status":"closed","template":"","meta":{"_acf_changed":false},"product_brand":[],"product_cat":[3601,3574],"product_tag":[],"class_list":{"0":"post-12840","1":"product","2":"type-product","3":"status-publish","4":"has-post-thumbnail","6":"product_cat-turryggsackar","7":"product_cat-vaskor-och-dagryggsackar","9":"first","10":"instock","11":"shipping-taxable","12":"product-type-simple"},"acf":[],"yoast_head":"<!-- This site is optimized with the Yoast SEO plugin v27.4 - https:\/\/yoast.com\/product\/yoast-seo-wordpress\/ -->\n<title>Ryggs\u00e4ck Light 10L ECO Svart - Retki Finland<\/title>\n<meta name=\"robots\" content=\"index, follow, max-snippet:-1, max-image-preview:large, max-video-preview:-1\" \/>\n<link rel=\"canonical\" href=\"https:\/\/retki.fi\/sv\/produkt\/ryggsack-ljus-10l-eko-svart\/\" \/>\n<meta property=\"og:locale\" content=\"sv_SE\" \/>\n<meta property=\"og:type\" content=\"article\" \/>\n<meta property=\"og:title\" content=\"Ryggs\u00e4ck Light 10L ECO Svart - Retki Finland\" \/>\n<meta property=\"og:description\" content=\"NYHET! En l\u00e4tt 10 l ryggs\u00e4ck f\u00f6r sm\u00e5 dagsturer.\" \/>\n<meta property=\"og:url\" content=\"https:\/\/retki.fi\/sv\/produkt\/ryggsack-ljus-10l-eko-svart\/\" \/>\n<meta property=\"og:site_name\" content=\"Retki Finland\" \/>\n<meta property=\"article:publisher\" content=\"https:\/\/www.facebook.com\/retkifinland\/\" \/>\n<meta property=\"article:modified_time\" content=\"2026-04-22T12:19:18+00:00\" \/>\n<meta property=\"og:image\" content=\"https:\/\/retki.fi\/wp-content\/uploads\/2023\/07\/R7006-1.jpg\" \/>\n\t<meta property=\"og:image:width\" content=\"2480\" \/>\n\t<meta property=\"og:image:height\" content=\"2490\" \/>\n\t<meta property=\"og:image:type\" content=\"image\/jpeg\" \/>\n<meta name=\"twitter:card\" content=\"summary_large_image\" \/>\n<script type=\"application\/ld+json\" class=\"yoast-schema-graph\">{\"@context\":\"https:\\\/\\\/schema.org\",\"@graph\":[{\"@type\":\"WebPage\",\"@id\":\"https:\\\/\\\/retki.fi\\\/sv\\\/produkt\\\/ryggsack-ljus-10l-eko-svart\\\/\",\"url\":\"https:\\\/\\\/retki.fi\\\/sv\\\/produkt\\\/ryggsack-ljus-10l-eko-svart\\\/\",\"name\":\"Ryggs\u00e4ck Light 10L ECO Svart - Retki Finland\",\"isPartOf\":{\"@id\":\"https:\\\/\\\/retki.fi\\\/#website\"},\"primaryImageOfPage\":{\"@id\":\"https:\\\/\\\/retki.fi\\\/sv\\\/produkt\\\/ryggsack-ljus-10l-eko-svart\\\/#primaryimage\"},\"image\":{\"@id\":\"https:\\\/\\\/retki.fi\\\/sv\\\/produkt\\\/ryggsack-ljus-10l-eko-svart\\\/#primaryimage\"},\"thumbnailUrl\":\"https:\\\/\\\/retki.fi\\\/wp-content\\\/uploads\\\/2023\\\/07\\\/R7006-1.jpg\",\"datePublished\":\"2023-07-25T12:54:14+00:00\",\"dateModified\":\"2026-04-22T12:19:18+00:00\",\"breadcrumb\":{\"@id\":\"https:\\\/\\\/retki.fi\\\/sv\\\/produkt\\\/ryggsack-ljus-10l-eko-svart\\\/#breadcrumb\"},\"inLanguage\":\"sv-SE\",\"potentialAction\":[{\"@type\":\"ReadAction\",\"target\":[\"https:\\\/\\\/retki.fi\\\/sv\\\/produkt\\\/ryggsack-ljus-10l-eko-svart\\\/\"]}]},{\"@type\":\"ImageObject\",\"inLanguage\":\"sv-SE\",\"@id\":\"https:\\\/\\\/retki.fi\\\/sv\\\/produkt\\\/ryggsack-ljus-10l-eko-svart\\\/#primaryimage\",\"url\":\"https:\\\/\\\/retki.fi\\\/wp-content\\\/uploads\\\/2023\\\/07\\\/R7006-1.jpg\",\"contentUrl\":\"https:\\\/\\\/retki.fi\\\/wp-content\\\/uploads\\\/2023\\\/07\\\/R7006-1.jpg\",\"width\":2480,\"height\":2490},{\"@type\":\"BreadcrumbList\",\"@id\":\"https:\\\/\\\/retki.fi\\\/sv\\\/produkt\\\/ryggsack-ljus-10l-eko-svart\\\/#breadcrumb\",\"itemListElement\":[{\"@type\":\"ListItem\",\"position\":1,\"name\":\"Etusivu\",\"item\":\"https:\\\/\\\/retki.fi\\\/\"},{\"@type\":\"ListItem\",\"position\":2,\"name\":\"Produkter\",\"item\":\"https:\\\/\\\/retki.fi\\\/sv\\\/produkter\\\/\"},{\"@type\":\"ListItem\",\"position\":3,\"name\":\"Ryggs\u00e4ck Light 10L ECO Svart\"}]},{\"@type\":\"WebSite\",\"@id\":\"https:\\\/\\\/retki.fi\\\/#website\",\"url\":\"https:\\\/\\\/retki.fi\\\/\",\"name\":\"Retki Finland\",\"description\":\"Best moments happen outdoors\",\"publisher\":{\"@id\":\"https:\\\/\\\/retki.fi\\\/#organization\"},\"potentialAction\":[{\"@type\":\"SearchAction\",\"target\":{\"@type\":\"EntryPoint\",\"urlTemplate\":\"https:\\\/\\\/retki.fi\\\/?s={search_term_string}\"},\"query-input\":{\"@type\":\"PropertyValueSpecification\",\"valueRequired\":true,\"valueName\":\"search_term_string\"}}],\"inLanguage\":\"sv-SE\"},{\"@type\":\"Organization\",\"@id\":\"https:\\\/\\\/retki.fi\\\/#organization\",\"name\":\"Retki Finland \\\/ Blue Import BIM Oy\",\"url\":\"https:\\\/\\\/retki.fi\\\/\",\"logo\":{\"@type\":\"ImageObject\",\"inLanguage\":\"sv-SE\",\"@id\":\"https:\\\/\\\/retki.fi\\\/#\\\/schema\\\/logo\\\/image\\\/\",\"url\":\"https:\\\/\\\/retki.fi\\\/wp-content\\\/uploads\\\/2018\\\/11\\\/Retki_logo_512X512px.jpg\",\"contentUrl\":\"https:\\\/\\\/retki.fi\\\/wp-content\\\/uploads\\\/2018\\\/11\\\/Retki_logo_512X512px.jpg\",\"width\":512,\"height\":512,\"caption\":\"Retki Finland \\\/ Blue Import BIM Oy\"},\"image\":{\"@id\":\"https:\\\/\\\/retki.fi\\\/#\\\/schema\\\/logo\\\/image\\\/\"},\"sameAs\":[\"https:\\\/\\\/www.facebook.com\\\/retkifinland\\\/\",\"https:\\\/\\\/www.instagram.com\\\/retkifinland\\\/\"]}]}<\/script>\n<!-- \/ Yoast SEO plugin. -->","yoast_head_json":{"title":"Ryggs\u00e4ck Light 10L ECO Svart - Retki Finland","robots":{"index":"index","follow":"follow","max-snippet":"max-snippet:-1","max-image-preview":"max-image-preview:large","max-video-preview":"max-video-preview:-1"},"canonical":"https:\/\/retki.fi\/sv\/produkt\/ryggsack-ljus-10l-eko-svart\/","og_locale":"sv_SE","og_type":"article","og_title":"Ryggs\u00e4ck Light 10L ECO Svart - Retki Finland","og_description":"NYHET! En l\u00e4tt 10 l ryggs\u00e4ck f\u00f6r sm\u00e5 dagsturer.","og_url":"https:\/\/retki.fi\/sv\/produkt\/ryggsack-ljus-10l-eko-svart\/","og_site_name":"Retki Finland","article_publisher":"https:\/\/www.facebook.com\/retkifinland\/","article_modified_time":"2026-04-22T12:19:18+00:00","og_image":[{"width":2480,"height":2490,"url":"https:\/\/retki.fi\/wp-content\/uploads\/2023\/07\/R7006-1.jpg","type":"image\/jpeg"}],"twitter_card":"summary_large_image","schema":{"@context":"https:\/\/schema.org","@graph":[{"@type":"WebPage","@id":"https:\/\/retki.fi\/sv\/produkt\/ryggsack-ljus-10l-eko-svart\/","url":"https:\/\/retki.fi\/sv\/produkt\/ryggsack-ljus-10l-eko-svart\/","name":"Ryggs\u00e4ck Light 10L ECO Svart - Retki Finland","isPartOf":{"@id":"https:\/\/retki.fi\/#website"},"primaryImageOfPage":{"@id":"https:\/\/retki.fi\/sv\/produkt\/ryggsack-ljus-10l-eko-svart\/#primaryimage"},"image":{"@id":"https:\/\/retki.fi\/sv\/produkt\/ryggsack-ljus-10l-eko-svart\/#primaryimage"},"thumbnailUrl":"https:\/\/retki.fi\/wp-content\/uploads\/2023\/07\/R7006-1.jpg","datePublished":"2023-07-25T12:54:14+00:00","dateModified":"2026-04-22T12:19:18+00:00","breadcrumb":{"@id":"https:\/\/retki.fi\/sv\/produkt\/ryggsack-ljus-10l-eko-svart\/#breadcrumb"},"inLanguage":"sv-SE","potentialAction":[{"@type":"ReadAction","target":["https:\/\/retki.fi\/sv\/produkt\/ryggsack-ljus-10l-eko-svart\/"]}]},{"@type":"ImageObject","inLanguage":"sv-SE","@id":"https:\/\/retki.fi\/sv\/produkt\/ryggsack-ljus-10l-eko-svart\/#primaryimage","url":"https:\/\/retki.fi\/wp-content\/uploads\/2023\/07\/R7006-1.jpg","contentUrl":"https:\/\/retki.fi\/wp-content\/uploads\/2023\/07\/R7006-1.jpg","width":2480,"height":2490},{"@type":"BreadcrumbList","@id":"https:\/\/retki.fi\/sv\/produkt\/ryggsack-ljus-10l-eko-svart\/#breadcrumb","itemListElement":[{"@type":"ListItem","position":1,"name":"Etusivu","item":"https:\/\/retki.fi\/"},{"@type":"ListItem","position":2,"name":"Produkter","item":"https:\/\/retki.fi\/sv\/produkter\/"},{"@type":"ListItem","position":3,"name":"Ryggs\u00e4ck Light 10L ECO Svart"}]},{"@type":"WebSite","@id":"https:\/\/retki.fi\/#website","url":"https:\/\/retki.fi\/","name":"Retki Finland","description":"Best moments happen outdoors","publisher":{"@id":"https:\/\/retki.fi\/#organization"},"potentialAction":[{"@type":"SearchAction","target":{"@type":"EntryPoint","urlTemplate":"https:\/\/retki.fi\/?s={search_term_string}"},"query-input":{"@type":"PropertyValueSpecification","valueRequired":true,"valueName":"search_term_string"}}],"inLanguage":"sv-SE"},{"@type":"Organization","@id":"https:\/\/retki.fi\/#organization","name":"Retki Finland \/ Blue Import BIM Oy","url":"https:\/\/retki.fi\/","logo":{"@type":"ImageObject","inLanguage":"sv-SE","@id":"https:\/\/retki.fi\/#\/schema\/logo\/image\/","url":"https:\/\/retki.fi\/wp-content\/uploads\/2018\/11\/Retki_logo_512X512px.jpg","contentUrl":"https:\/\/retki.fi\/wp-content\/uploads\/2018\/11\/Retki_logo_512X512px.jpg","width":512,"height":512,"caption":"Retki Finland \/ Blue Import BIM Oy"},"image":{"@id":"https:\/\/retki.fi\/#\/schema\/logo\/image\/"},"sameAs":["https:\/\/www.facebook.com\/retkifinland\/","https:\/\/www.instagram.com\/retkifinland\/"]}]}},"_links":{"self":[{"href":"https:\/\/retki.fi\/sv\/wp-json\/wp\/v2\/product\/12840","targetHints":{"allow":["GET"]}}],"collection":[{"href":"https:\/\/retki.fi\/sv\/wp-json\/wp\/v2\/product"}],"about":[{"href":"https:\/\/retki.fi\/sv\/wp-json\/wp\/v2\/types\/product"}],"replies":[{"embeddable":true,"href":"https:\/\/retki.fi\/sv\/wp-json\/wp\/v2\/comments?post=12840"}],"wp:featuredmedia":[{"embeddable":true,"href":"https:\/\/retki.fi\/sv\/wp-json\/wp\/v2\/media\/11530"}],"wp:attachment":[{"href":"https:\/\/retki.fi\/sv\/wp-json\/wp\/v2\/media?parent=12840"}],"wp:term":[{"taxonomy":"product_brand","embeddable":true,"href":"https:\/\/retki.fi\/sv\/wp-json\/wp\/v2\/product_brand?post=12840"},{"taxonomy":"product_cat","embeddable":true,"href":"https:\/\/retki.fi\/sv\/wp-json\/wp\/v2\/product_cat?post=12840"},{"taxonomy":"product_tag","embeddable":true,"href":"https:\/\/retki.fi\/sv\/wp-json\/wp\/v2\/product_tag?post=12840"}],"curies":[{"name":"wp","href":"https:\/\/api.w.org\/{rel}","templated":true}]}}