{"id":12861,"date":"2023-10-30T14:11:00","date_gmt":"2023-10-30T12:11:00","guid":{"rendered":"https:\/\/retki.fi\/product\/tadyna-engangs-2-st\/"},"modified":"2026-04-22T15:19:14","modified_gmt":"2026-04-22T12:19:14","slug":"tadyna-engangs-2-st","status":"publish","type":"product","link":"https:\/\/retki.fi\/sv\/produkt\/tadyna-engangs-2-st\/","title":{"rendered":"Eng\u00e5ngst\u00e5v\u00e4rmare 2 st"},"content":{"rendered":"<p>Eng\u00e5ngst\u00e5v\u00e4rmarna som kan f\u00e4stas inuti skorna h\u00e5ller t\u00e5rna p\u00e5 friluftsmannen varma i vinterns iskalla kyla.<\/p>\n<p>Paketet inneh\u00e5ller tv\u00e5 t\u00e5v\u00e4rmare som kan f\u00e4stas med klisterm\u00e4rken. Den termiska reaktionen aktiveras n\u00e4r plastf\u00f6rpackningen \u00f6ppnas.<\/p>\n<p>\u2013 Aktiveras av luftkontakt n\u00e4r f\u00f6rpackningen \u00f6ppnas<br \/>\n\u2013 V\u00e4rmer upp snabbt p\u00e5 n\u00e5gra minuter<br \/>\n&#8211; V\u00e4rmer upp till max 45 grader<br \/>\n\u2013 Uppv\u00e4rmningstid upp till 8 timmar<br \/>\n\u2013 Passar i ett litet utrymme<br \/>\n\u2013 Sj\u00e4lvh\u00e4ftande f\u00e4ste som h\u00e5ller v\u00e4rmaren stadigt p\u00e5 plats i skon<br \/>\n\u2013 Eng\u00e5ngsbruk<br \/>\n\u2013 Tv\u00e5 v\u00e4rmare i paketet<br \/>\n\u2013 M\u00e5tt 95 x 70 mm<br \/>\n\u2013 Vikt 19 g<\/p>\n<p>&nbsp;<\/p>\n<p>Bruksanvisning: Ta ut v\u00e4rmekudden ur plastf\u00f6rpackningen och ta bort skyddspapperet fr\u00e5n klisterm\u00e4rket. F\u00e4st v\u00e4rmaren inuti skon. Uppv\u00e4rmningen aktiveras n\u00e4r produkten kommer i kontakt med luft. V\u00e4rmeproduktionen kan stoppas genom att flytta kudden till en syrefri plats.<\/p>\n<p>\u00c5tervinning: Efter anv\u00e4ndning, efter att v\u00e4rmep\u00e5sen har svalnat, sl\u00e4ngs t\u00e5v\u00e4rmaren i blandat avfall. Plastf\u00f6rpackningarna sl\u00e4ngs i plastsamlingen.<\/p>\n","protected":false},"excerpt":{"rendered":"<p>Eng\u00e5ngst\u00e5v\u00e4rmarna som kan f\u00e4stas inuti skorna h\u00e5ller t\u00e5rna p\u00e5 friluftsmannen varma i vinterns iskalla kyla. Paketet inneh\u00e5ller tv\u00e5 t\u00e5v\u00e4rmare som kan f\u00e4stas med klisterm\u00e4rken. Den termiska reaktionen aktiveras n\u00e4r plastf\u00f6rpackningen \u00f6ppnas. \u2013 Aktiveras av luftkontakt n\u00e4r f\u00f6rpackningen \u00f6ppnas \u2013 V\u00e4rmer upp snabbt p\u00e5 n\u00e5gra minuter &#8211; V\u00e4rmer upp till max 45 grader \u2013 Uppv\u00e4rmningstid upp [&hellip;]<\/p>\n","protected":false},"featured_media":11672,"comment_status":"closed","ping_status":"closed","template":"","meta":{"_acf_changed":false},"product_brand":[],"product_cat":[3575,3568],"product_tag":[],"class_list":{"0":"post-12861","1":"product","2":"type-product","3":"status-publish","4":"has-post-thumbnail","6":"product_cat-vandringsutrustning","7":"product_cat-vinteraventyr","9":"first","10":"instock","11":"shipping-taxable","12":"product-type-simple"},"acf":[],"yoast_head":"<!-- This site is optimized with the Yoast SEO plugin v27.4 - https:\/\/yoast.com\/product\/yoast-seo-wordpress\/ -->\n<title>Eng\u00e5ngst\u00e5v\u00e4rmare 2 st - Retki Finland<\/title>\n<meta name=\"robots\" content=\"index, follow, max-snippet:-1, max-image-preview:large, max-video-preview:-1\" \/>\n<link rel=\"canonical\" href=\"https:\/\/retki.fi\/sv\/produkt\/tadyna-engangs-2-st\/\" \/>\n<meta property=\"og:locale\" content=\"sv_SE\" \/>\n<meta property=\"og:type\" content=\"article\" \/>\n<meta property=\"og:title\" content=\"Eng\u00e5ngst\u00e5v\u00e4rmare 2 st - Retki Finland\" \/>\n<meta property=\"og:description\" content=\"Eng\u00e5ngst\u00e5v\u00e4rmarna som kan f\u00e4stas inuti skorna h\u00e5ller t\u00e5rna p\u00e5 friluftsmannen varma i vinterns iskalla kyla. Paketet inneh\u00e5ller tv\u00e5 t\u00e5v\u00e4rmare som kan f\u00e4stas med klisterm\u00e4rken. Den termiska reaktionen aktiveras n\u00e4r plastf\u00f6rpackningen \u00f6ppnas. \u2013 Aktiveras av luftkontakt n\u00e4r f\u00f6rpackningen \u00f6ppnas \u2013 V\u00e4rmer upp snabbt p\u00e5 n\u00e5gra minuter &#8211; V\u00e4rmer upp till max 45 grader \u2013 Uppv\u00e4rmningstid upp [&hellip;]\" \/>\n<meta property=\"og:url\" content=\"https:\/\/retki.fi\/sv\/produkt\/tadyna-engangs-2-st\/\" \/>\n<meta property=\"og:site_name\" content=\"Retki Finland\" \/>\n<meta property=\"article:publisher\" content=\"https:\/\/www.facebook.com\/retkifinland\/\" \/>\n<meta property=\"article:modified_time\" content=\"2026-04-22T12:19:14+00:00\" \/>\n<meta property=\"og:image\" content=\"https:\/\/retki.fi\/wp-content\/uploads\/2023\/10\/Varpaanlammitin.jpg\" \/>\n\t<meta property=\"og:image:width\" content=\"2116\" \/>\n\t<meta property=\"og:image:height\" content=\"2394\" \/>\n\t<meta property=\"og:image:type\" content=\"image\/jpeg\" \/>\n<meta name=\"twitter:card\" content=\"summary_large_image\" \/>\n<meta name=\"twitter:label1\" content=\"Ber\u00e4knad l\u00e4stid\" \/>\n\t<meta name=\"twitter:data1\" content=\"1 minut\" \/>\n<script type=\"application\/ld+json\" class=\"yoast-schema-graph\">{\"@context\":\"https:\\\/\\\/schema.org\",\"@graph\":[{\"@type\":\"WebPage\",\"@id\":\"https:\\\/\\\/retki.fi\\\/sv\\\/produkt\\\/tadyna-engangs-2-st\\\/\",\"url\":\"https:\\\/\\\/retki.fi\\\/sv\\\/produkt\\\/tadyna-engangs-2-st\\\/\",\"name\":\"Eng\u00e5ngst\u00e5v\u00e4rmare 2 st - Retki Finland\",\"isPartOf\":{\"@id\":\"https:\\\/\\\/retki.fi\\\/#website\"},\"primaryImageOfPage\":{\"@id\":\"https:\\\/\\\/retki.fi\\\/sv\\\/produkt\\\/tadyna-engangs-2-st\\\/#primaryimage\"},\"image\":{\"@id\":\"https:\\\/\\\/retki.fi\\\/sv\\\/produkt\\\/tadyna-engangs-2-st\\\/#primaryimage\"},\"thumbnailUrl\":\"https:\\\/\\\/retki.fi\\\/wp-content\\\/uploads\\\/2023\\\/10\\\/Varpaanlammitin.jpg\",\"datePublished\":\"2023-10-30T12:11:00+00:00\",\"dateModified\":\"2026-04-22T12:19:14+00:00\",\"breadcrumb\":{\"@id\":\"https:\\\/\\\/retki.fi\\\/sv\\\/produkt\\\/tadyna-engangs-2-st\\\/#breadcrumb\"},\"inLanguage\":\"sv-SE\",\"potentialAction\":[{\"@type\":\"ReadAction\",\"target\":[\"https:\\\/\\\/retki.fi\\\/sv\\\/produkt\\\/tadyna-engangs-2-st\\\/\"]}]},{\"@type\":\"ImageObject\",\"inLanguage\":\"sv-SE\",\"@id\":\"https:\\\/\\\/retki.fi\\\/sv\\\/produkt\\\/tadyna-engangs-2-st\\\/#primaryimage\",\"url\":\"https:\\\/\\\/retki.fi\\\/wp-content\\\/uploads\\\/2023\\\/10\\\/Varpaanlammitin.jpg\",\"contentUrl\":\"https:\\\/\\\/retki.fi\\\/wp-content\\\/uploads\\\/2023\\\/10\\\/Varpaanlammitin.jpg\",\"width\":2116,\"height\":2394},{\"@type\":\"BreadcrumbList\",\"@id\":\"https:\\\/\\\/retki.fi\\\/sv\\\/produkt\\\/tadyna-engangs-2-st\\\/#breadcrumb\",\"itemListElement\":[{\"@type\":\"ListItem\",\"position\":1,\"name\":\"Etusivu\",\"item\":\"https:\\\/\\\/retki.fi\\\/\"},{\"@type\":\"ListItem\",\"position\":2,\"name\":\"Produkter\",\"item\":\"https:\\\/\\\/retki.fi\\\/sv\\\/produkter\\\/\"},{\"@type\":\"ListItem\",\"position\":3,\"name\":\"Eng\u00e5ngst\u00e5v\u00e4rmare 2 st\"}]},{\"@type\":\"WebSite\",\"@id\":\"https:\\\/\\\/retki.fi\\\/#website\",\"url\":\"https:\\\/\\\/retki.fi\\\/\",\"name\":\"Retki Finland\",\"description\":\"Best moments happen outdoors\",\"publisher\":{\"@id\":\"https:\\\/\\\/retki.fi\\\/#organization\"},\"potentialAction\":[{\"@type\":\"SearchAction\",\"target\":{\"@type\":\"EntryPoint\",\"urlTemplate\":\"https:\\\/\\\/retki.fi\\\/?s={search_term_string}\"},\"query-input\":{\"@type\":\"PropertyValueSpecification\",\"valueRequired\":true,\"valueName\":\"search_term_string\"}}],\"inLanguage\":\"sv-SE\"},{\"@type\":\"Organization\",\"@id\":\"https:\\\/\\\/retki.fi\\\/#organization\",\"name\":\"Retki Finland \\\/ Blue Import BIM Oy\",\"url\":\"https:\\\/\\\/retki.fi\\\/\",\"logo\":{\"@type\":\"ImageObject\",\"inLanguage\":\"sv-SE\",\"@id\":\"https:\\\/\\\/retki.fi\\\/#\\\/schema\\\/logo\\\/image\\\/\",\"url\":\"https:\\\/\\\/retki.fi\\\/wp-content\\\/uploads\\\/2018\\\/11\\\/Retki_logo_512X512px.jpg\",\"contentUrl\":\"https:\\\/\\\/retki.fi\\\/wp-content\\\/uploads\\\/2018\\\/11\\\/Retki_logo_512X512px.jpg\",\"width\":512,\"height\":512,\"caption\":\"Retki Finland \\\/ Blue Import BIM Oy\"},\"image\":{\"@id\":\"https:\\\/\\\/retki.fi\\\/#\\\/schema\\\/logo\\\/image\\\/\"},\"sameAs\":[\"https:\\\/\\\/www.facebook.com\\\/retkifinland\\\/\",\"https:\\\/\\\/www.instagram.com\\\/retkifinland\\\/\"]}]}<\/script>\n<!-- \/ Yoast SEO plugin. -->","yoast_head_json":{"title":"Eng\u00e5ngst\u00e5v\u00e4rmare 2 st - Retki Finland","robots":{"index":"index","follow":"follow","max-snippet":"max-snippet:-1","max-image-preview":"max-image-preview:large","max-video-preview":"max-video-preview:-1"},"canonical":"https:\/\/retki.fi\/sv\/produkt\/tadyna-engangs-2-st\/","og_locale":"sv_SE","og_type":"article","og_title":"Eng\u00e5ngst\u00e5v\u00e4rmare 2 st - Retki Finland","og_description":"Eng\u00e5ngst\u00e5v\u00e4rmarna som kan f\u00e4stas inuti skorna h\u00e5ller t\u00e5rna p\u00e5 friluftsmannen varma i vinterns iskalla kyla. Paketet inneh\u00e5ller tv\u00e5 t\u00e5v\u00e4rmare som kan f\u00e4stas med klisterm\u00e4rken. Den termiska reaktionen aktiveras n\u00e4r plastf\u00f6rpackningen \u00f6ppnas. \u2013 Aktiveras av luftkontakt n\u00e4r f\u00f6rpackningen \u00f6ppnas \u2013 V\u00e4rmer upp snabbt p\u00e5 n\u00e5gra minuter &#8211; V\u00e4rmer upp till max 45 grader \u2013 Uppv\u00e4rmningstid upp [&hellip;]","og_url":"https:\/\/retki.fi\/sv\/produkt\/tadyna-engangs-2-st\/","og_site_name":"Retki Finland","article_publisher":"https:\/\/www.facebook.com\/retkifinland\/","article_modified_time":"2026-04-22T12:19:14+00:00","og_image":[{"width":2116,"height":2394,"url":"https:\/\/retki.fi\/wp-content\/uploads\/2023\/10\/Varpaanlammitin.jpg","type":"image\/jpeg"}],"twitter_card":"summary_large_image","twitter_misc":{"Ber\u00e4knad l\u00e4stid":"1 minut"},"schema":{"@context":"https:\/\/schema.org","@graph":[{"@type":"WebPage","@id":"https:\/\/retki.fi\/sv\/produkt\/tadyna-engangs-2-st\/","url":"https:\/\/retki.fi\/sv\/produkt\/tadyna-engangs-2-st\/","name":"Eng\u00e5ngst\u00e5v\u00e4rmare 2 st - Retki Finland","isPartOf":{"@id":"https:\/\/retki.fi\/#website"},"primaryImageOfPage":{"@id":"https:\/\/retki.fi\/sv\/produkt\/tadyna-engangs-2-st\/#primaryimage"},"image":{"@id":"https:\/\/retki.fi\/sv\/produkt\/tadyna-engangs-2-st\/#primaryimage"},"thumbnailUrl":"https:\/\/retki.fi\/wp-content\/uploads\/2023\/10\/Varpaanlammitin.jpg","datePublished":"2023-10-30T12:11:00+00:00","dateModified":"2026-04-22T12:19:14+00:00","breadcrumb":{"@id":"https:\/\/retki.fi\/sv\/produkt\/tadyna-engangs-2-st\/#breadcrumb"},"inLanguage":"sv-SE","potentialAction":[{"@type":"ReadAction","target":["https:\/\/retki.fi\/sv\/produkt\/tadyna-engangs-2-st\/"]}]},{"@type":"ImageObject","inLanguage":"sv-SE","@id":"https:\/\/retki.fi\/sv\/produkt\/tadyna-engangs-2-st\/#primaryimage","url":"https:\/\/retki.fi\/wp-content\/uploads\/2023\/10\/Varpaanlammitin.jpg","contentUrl":"https:\/\/retki.fi\/wp-content\/uploads\/2023\/10\/Varpaanlammitin.jpg","width":2116,"height":2394},{"@type":"BreadcrumbList","@id":"https:\/\/retki.fi\/sv\/produkt\/tadyna-engangs-2-st\/#breadcrumb","itemListElement":[{"@type":"ListItem","position":1,"name":"Etusivu","item":"https:\/\/retki.fi\/"},{"@type":"ListItem","position":2,"name":"Produkter","item":"https:\/\/retki.fi\/sv\/produkter\/"},{"@type":"ListItem","position":3,"name":"Eng\u00e5ngst\u00e5v\u00e4rmare 2 st"}]},{"@type":"WebSite","@id":"https:\/\/retki.fi\/#website","url":"https:\/\/retki.fi\/","name":"Retki Finland","description":"Best moments happen outdoors","publisher":{"@id":"https:\/\/retki.fi\/#organization"},"potentialAction":[{"@type":"SearchAction","target":{"@type":"EntryPoint","urlTemplate":"https:\/\/retki.fi\/?s={search_term_string}"},"query-input":{"@type":"PropertyValueSpecification","valueRequired":true,"valueName":"search_term_string"}}],"inLanguage":"sv-SE"},{"@type":"Organization","@id":"https:\/\/retki.fi\/#organization","name":"Retki Finland \/ Blue Import BIM Oy","url":"https:\/\/retki.fi\/","logo":{"@type":"ImageObject","inLanguage":"sv-SE","@id":"https:\/\/retki.fi\/#\/schema\/logo\/image\/","url":"https:\/\/retki.fi\/wp-content\/uploads\/2018\/11\/Retki_logo_512X512px.jpg","contentUrl":"https:\/\/retki.fi\/wp-content\/uploads\/2018\/11\/Retki_logo_512X512px.jpg","width":512,"height":512,"caption":"Retki Finland \/ Blue Import BIM Oy"},"image":{"@id":"https:\/\/retki.fi\/#\/schema\/logo\/image\/"},"sameAs":["https:\/\/www.facebook.com\/retkifinland\/","https:\/\/www.instagram.com\/retkifinland\/"]}]}},"_links":{"self":[{"href":"https:\/\/retki.fi\/sv\/wp-json\/wp\/v2\/product\/12861","targetHints":{"allow":["GET"]}}],"collection":[{"href":"https:\/\/retki.fi\/sv\/wp-json\/wp\/v2\/product"}],"about":[{"href":"https:\/\/retki.fi\/sv\/wp-json\/wp\/v2\/types\/product"}],"replies":[{"embeddable":true,"href":"https:\/\/retki.fi\/sv\/wp-json\/wp\/v2\/comments?post=12861"}],"wp:featuredmedia":[{"embeddable":true,"href":"https:\/\/retki.fi\/sv\/wp-json\/wp\/v2\/media\/11672"}],"wp:attachment":[{"href":"https:\/\/retki.fi\/sv\/wp-json\/wp\/v2\/media?parent=12861"}],"wp:term":[{"taxonomy":"product_brand","embeddable":true,"href":"https:\/\/retki.fi\/sv\/wp-json\/wp\/v2\/product_brand?post=12861"},{"taxonomy":"product_cat","embeddable":true,"href":"https:\/\/retki.fi\/sv\/wp-json\/wp\/v2\/product_cat?post=12861"},{"taxonomy":"product_tag","embeddable":true,"href":"https:\/\/retki.fi\/sv\/wp-json\/wp\/v2\/product_tag?post=12861"}],"curies":[{"name":"wp","href":"https:\/\/api.w.org\/{rel}","templated":true}]}}