{"id":12863,"date":"2023-10-31T10:40:00","date_gmt":"2023-10-31T08:40:00","guid":{"rendered":"https:\/\/retki.fi\/product\/presentask-2-kooksa-2-korvpinnar\/"},"modified":"2026-04-22T15:19:14","modified_gmt":"2026-04-22T12:19:14","slug":"presentask-2-kooksa-2-korvpinnar","status":"publish","type":"product","link":"https:\/\/retki.fi\/sv\/produkt\/presentask-2-kooksa-2-korvpinnar\/","title":{"rendered":"Presentf\u00f6rpackning med 2 bullar + 2 korvpinnar"},"content":{"rendered":"<p>En lugn mellanm\u00e5lspaus \u00e4r kronan p\u00e5 varje utflykt! Den snygga Retki\u00ae presentf\u00f6rpackningen \u00e4r perfekt f\u00f6r alla som gillar naturen. Paketet inneh\u00e5ller tv\u00e5 h\u00f6gkvalitativa ekpinnar och tv\u00e5 teleskopiska korvpinnar, som \u00e4r l\u00e4tta att ha med sig p\u00e5 s\u00e5v\u00e4l korta resor som p\u00e5 l\u00e4ngre vandringar.<\/p>\n<p>Den traditionella och h\u00f6gkvalitativa ekkuksan \u00e4r en praktisk utrustning f\u00f6r camping och vandring. Kuksan kan f\u00e4stas i en b\u00e4ltes\u00f6gla eller ryggs\u00e4ck med den medf\u00f6ljande brandmanskragen. Efter anv\u00e4ndning \u00e4r det l\u00e4tt att reng\u00f6ra huven med varmt vatten. Diameter 8 cm, h\u00f6jd 6,5 cm. Vikt 170 g utan karbinhake\/krok. Volym 170 ml.<\/p>\n<p>Den teleskopiska korvpinnen packas ner till en liten storlek och \u00e4r l\u00e4tt att transportera. Den teleskopiska korvpinnen \u00e4r gjord av ek och kommer med en flask\u00f6ppnare och en slitstark h\u00e4ng\u00f6gla i l\u00e4der. L\u00e4ngd vid \u00f6ppning 75,5 cm och hopf\u00e4lld 19 cm. Vikt 110 g.<\/p>\n<p>Detta presentset kommer s\u00e4kerligen att gl\u00e4dja mottagaren. Eftersom setet inneh\u00e5ller 2 stycken av b\u00e5da fungerar presentsetet bra f\u00f6r par.<\/p>\n<p>&nbsp;<\/p>\n","protected":false},"excerpt":{"rendered":"<p>Presentf\u00f6rpackning f\u00f6r ett par eller v\u00e4nner!<\/p>\n","protected":false},"featured_media":11683,"comment_status":"closed","ping_status":"closed","template":"","meta":{"_acf_changed":false},"product_brand":[],"product_cat":[3598],"product_tag":[],"class_list":{"0":"post-12863","1":"product","2":"type-product","3":"status-publish","4":"has-post-thumbnail","6":"product_cat-presentforpackningar-sv","8":"first","9":"instock","10":"shipping-taxable","11":"product-type-simple"},"acf":[],"yoast_head":"<!-- This site is optimized with the Yoast SEO plugin v27.4 - https:\/\/yoast.com\/product\/yoast-seo-wordpress\/ -->\n<title>Presentf\u00f6rpackning med 2 bullar + 2 korvpinnar - Retki Finland<\/title>\n<meta name=\"robots\" content=\"index, follow, max-snippet:-1, max-image-preview:large, max-video-preview:-1\" \/>\n<link rel=\"canonical\" href=\"https:\/\/retki.fi\/sv\/produkt\/presentask-2-kooksa-2-korvpinnar\/\" \/>\n<meta property=\"og:locale\" content=\"sv_SE\" \/>\n<meta property=\"og:type\" content=\"article\" \/>\n<meta property=\"og:title\" content=\"Presentf\u00f6rpackning med 2 bullar + 2 korvpinnar - Retki Finland\" \/>\n<meta property=\"og:description\" content=\"Presentf\u00f6rpackning f\u00f6r ett par eller v\u00e4nner!\" \/>\n<meta property=\"og:url\" content=\"https:\/\/retki.fi\/sv\/produkt\/presentask-2-kooksa-2-korvpinnar\/\" \/>\n<meta property=\"og:site_name\" content=\"Retki Finland\" \/>\n<meta property=\"article:publisher\" content=\"https:\/\/www.facebook.com\/retkifinland\/\" \/>\n<meta property=\"article:modified_time\" content=\"2026-04-22T12:19:14+00:00\" \/>\n<meta property=\"og:image\" content=\"https:\/\/retki.fi\/wp-content\/uploads\/2023\/10\/R5658_6418536012178_005-scaled.jpeg\" \/>\n\t<meta property=\"og:image:width\" content=\"1920\" \/>\n\t<meta property=\"og:image:height\" content=\"2560\" \/>\n\t<meta property=\"og:image:type\" content=\"image\/jpeg\" \/>\n<meta name=\"twitter:card\" content=\"summary_large_image\" \/>\n<meta name=\"twitter:label1\" content=\"Ber\u00e4knad l\u00e4stid\" \/>\n\t<meta name=\"twitter:data1\" content=\"1 minut\" \/>\n<script type=\"application\/ld+json\" class=\"yoast-schema-graph\">{\"@context\":\"https:\\\/\\\/schema.org\",\"@graph\":[{\"@type\":\"WebPage\",\"@id\":\"https:\\\/\\\/retki.fi\\\/sv\\\/produkt\\\/presentask-2-kooksa-2-korvpinnar\\\/\",\"url\":\"https:\\\/\\\/retki.fi\\\/sv\\\/produkt\\\/presentask-2-kooksa-2-korvpinnar\\\/\",\"name\":\"Presentf\u00f6rpackning med 2 bullar + 2 korvpinnar - Retki Finland\",\"isPartOf\":{\"@id\":\"https:\\\/\\\/retki.fi\\\/#website\"},\"primaryImageOfPage\":{\"@id\":\"https:\\\/\\\/retki.fi\\\/sv\\\/produkt\\\/presentask-2-kooksa-2-korvpinnar\\\/#primaryimage\"},\"image\":{\"@id\":\"https:\\\/\\\/retki.fi\\\/sv\\\/produkt\\\/presentask-2-kooksa-2-korvpinnar\\\/#primaryimage\"},\"thumbnailUrl\":\"https:\\\/\\\/retki.fi\\\/wp-content\\\/uploads\\\/2023\\\/10\\\/R5658_6418536012178_005-scaled.jpeg\",\"datePublished\":\"2023-10-31T08:40:00+00:00\",\"dateModified\":\"2026-04-22T12:19:14+00:00\",\"breadcrumb\":{\"@id\":\"https:\\\/\\\/retki.fi\\\/sv\\\/produkt\\\/presentask-2-kooksa-2-korvpinnar\\\/#breadcrumb\"},\"inLanguage\":\"sv-SE\",\"potentialAction\":[{\"@type\":\"ReadAction\",\"target\":[\"https:\\\/\\\/retki.fi\\\/sv\\\/produkt\\\/presentask-2-kooksa-2-korvpinnar\\\/\"]}]},{\"@type\":\"ImageObject\",\"inLanguage\":\"sv-SE\",\"@id\":\"https:\\\/\\\/retki.fi\\\/sv\\\/produkt\\\/presentask-2-kooksa-2-korvpinnar\\\/#primaryimage\",\"url\":\"https:\\\/\\\/retki.fi\\\/wp-content\\\/uploads\\\/2023\\\/10\\\/R5658_6418536012178_005-scaled.jpeg\",\"contentUrl\":\"https:\\\/\\\/retki.fi\\\/wp-content\\\/uploads\\\/2023\\\/10\\\/R5658_6418536012178_005-scaled.jpeg\",\"width\":1920,\"height\":2560,\"caption\":\"OLYMPUS DIGITAL CAMERA\"},{\"@type\":\"BreadcrumbList\",\"@id\":\"https:\\\/\\\/retki.fi\\\/sv\\\/produkt\\\/presentask-2-kooksa-2-korvpinnar\\\/#breadcrumb\",\"itemListElement\":[{\"@type\":\"ListItem\",\"position\":1,\"name\":\"Etusivu\",\"item\":\"https:\\\/\\\/retki.fi\\\/\"},{\"@type\":\"ListItem\",\"position\":2,\"name\":\"Produkter\",\"item\":\"https:\\\/\\\/retki.fi\\\/sv\\\/produkter\\\/\"},{\"@type\":\"ListItem\",\"position\":3,\"name\":\"Presentf\u00f6rpackning med 2 bullar + 2 korvpinnar\"}]},{\"@type\":\"WebSite\",\"@id\":\"https:\\\/\\\/retki.fi\\\/#website\",\"url\":\"https:\\\/\\\/retki.fi\\\/\",\"name\":\"Retki Finland\",\"description\":\"Best moments happen outdoors\",\"publisher\":{\"@id\":\"https:\\\/\\\/retki.fi\\\/#organization\"},\"potentialAction\":[{\"@type\":\"SearchAction\",\"target\":{\"@type\":\"EntryPoint\",\"urlTemplate\":\"https:\\\/\\\/retki.fi\\\/?s={search_term_string}\"},\"query-input\":{\"@type\":\"PropertyValueSpecification\",\"valueRequired\":true,\"valueName\":\"search_term_string\"}}],\"inLanguage\":\"sv-SE\"},{\"@type\":\"Organization\",\"@id\":\"https:\\\/\\\/retki.fi\\\/#organization\",\"name\":\"Retki Finland \\\/ Blue Import BIM Oy\",\"url\":\"https:\\\/\\\/retki.fi\\\/\",\"logo\":{\"@type\":\"ImageObject\",\"inLanguage\":\"sv-SE\",\"@id\":\"https:\\\/\\\/retki.fi\\\/#\\\/schema\\\/logo\\\/image\\\/\",\"url\":\"https:\\\/\\\/retki.fi\\\/wp-content\\\/uploads\\\/2018\\\/11\\\/Retki_logo_512X512px.jpg\",\"contentUrl\":\"https:\\\/\\\/retki.fi\\\/wp-content\\\/uploads\\\/2018\\\/11\\\/Retki_logo_512X512px.jpg\",\"width\":512,\"height\":512,\"caption\":\"Retki Finland \\\/ Blue Import BIM Oy\"},\"image\":{\"@id\":\"https:\\\/\\\/retki.fi\\\/#\\\/schema\\\/logo\\\/image\\\/\"},\"sameAs\":[\"https:\\\/\\\/www.facebook.com\\\/retkifinland\\\/\",\"https:\\\/\\\/www.instagram.com\\\/retkifinland\\\/\"]}]}<\/script>\n<!-- \/ Yoast SEO plugin. -->","yoast_head_json":{"title":"Presentf\u00f6rpackning med 2 bullar + 2 korvpinnar - Retki Finland","robots":{"index":"index","follow":"follow","max-snippet":"max-snippet:-1","max-image-preview":"max-image-preview:large","max-video-preview":"max-video-preview:-1"},"canonical":"https:\/\/retki.fi\/sv\/produkt\/presentask-2-kooksa-2-korvpinnar\/","og_locale":"sv_SE","og_type":"article","og_title":"Presentf\u00f6rpackning med 2 bullar + 2 korvpinnar - Retki Finland","og_description":"Presentf\u00f6rpackning f\u00f6r ett par eller v\u00e4nner!","og_url":"https:\/\/retki.fi\/sv\/produkt\/presentask-2-kooksa-2-korvpinnar\/","og_site_name":"Retki Finland","article_publisher":"https:\/\/www.facebook.com\/retkifinland\/","article_modified_time":"2026-04-22T12:19:14+00:00","og_image":[{"width":1920,"height":2560,"url":"https:\/\/retki.fi\/wp-content\/uploads\/2023\/10\/R5658_6418536012178_005-scaled.jpeg","type":"image\/jpeg"}],"twitter_card":"summary_large_image","twitter_misc":{"Ber\u00e4knad l\u00e4stid":"1 minut"},"schema":{"@context":"https:\/\/schema.org","@graph":[{"@type":"WebPage","@id":"https:\/\/retki.fi\/sv\/produkt\/presentask-2-kooksa-2-korvpinnar\/","url":"https:\/\/retki.fi\/sv\/produkt\/presentask-2-kooksa-2-korvpinnar\/","name":"Presentf\u00f6rpackning med 2 bullar + 2 korvpinnar - Retki Finland","isPartOf":{"@id":"https:\/\/retki.fi\/#website"},"primaryImageOfPage":{"@id":"https:\/\/retki.fi\/sv\/produkt\/presentask-2-kooksa-2-korvpinnar\/#primaryimage"},"image":{"@id":"https:\/\/retki.fi\/sv\/produkt\/presentask-2-kooksa-2-korvpinnar\/#primaryimage"},"thumbnailUrl":"https:\/\/retki.fi\/wp-content\/uploads\/2023\/10\/R5658_6418536012178_005-scaled.jpeg","datePublished":"2023-10-31T08:40:00+00:00","dateModified":"2026-04-22T12:19:14+00:00","breadcrumb":{"@id":"https:\/\/retki.fi\/sv\/produkt\/presentask-2-kooksa-2-korvpinnar\/#breadcrumb"},"inLanguage":"sv-SE","potentialAction":[{"@type":"ReadAction","target":["https:\/\/retki.fi\/sv\/produkt\/presentask-2-kooksa-2-korvpinnar\/"]}]},{"@type":"ImageObject","inLanguage":"sv-SE","@id":"https:\/\/retki.fi\/sv\/produkt\/presentask-2-kooksa-2-korvpinnar\/#primaryimage","url":"https:\/\/retki.fi\/wp-content\/uploads\/2023\/10\/R5658_6418536012178_005-scaled.jpeg","contentUrl":"https:\/\/retki.fi\/wp-content\/uploads\/2023\/10\/R5658_6418536012178_005-scaled.jpeg","width":1920,"height":2560,"caption":"OLYMPUS DIGITAL CAMERA"},{"@type":"BreadcrumbList","@id":"https:\/\/retki.fi\/sv\/produkt\/presentask-2-kooksa-2-korvpinnar\/#breadcrumb","itemListElement":[{"@type":"ListItem","position":1,"name":"Etusivu","item":"https:\/\/retki.fi\/"},{"@type":"ListItem","position":2,"name":"Produkter","item":"https:\/\/retki.fi\/sv\/produkter\/"},{"@type":"ListItem","position":3,"name":"Presentf\u00f6rpackning med 2 bullar + 2 korvpinnar"}]},{"@type":"WebSite","@id":"https:\/\/retki.fi\/#website","url":"https:\/\/retki.fi\/","name":"Retki Finland","description":"Best moments happen outdoors","publisher":{"@id":"https:\/\/retki.fi\/#organization"},"potentialAction":[{"@type":"SearchAction","target":{"@type":"EntryPoint","urlTemplate":"https:\/\/retki.fi\/?s={search_term_string}"},"query-input":{"@type":"PropertyValueSpecification","valueRequired":true,"valueName":"search_term_string"}}],"inLanguage":"sv-SE"},{"@type":"Organization","@id":"https:\/\/retki.fi\/#organization","name":"Retki Finland \/ Blue Import BIM Oy","url":"https:\/\/retki.fi\/","logo":{"@type":"ImageObject","inLanguage":"sv-SE","@id":"https:\/\/retki.fi\/#\/schema\/logo\/image\/","url":"https:\/\/retki.fi\/wp-content\/uploads\/2018\/11\/Retki_logo_512X512px.jpg","contentUrl":"https:\/\/retki.fi\/wp-content\/uploads\/2018\/11\/Retki_logo_512X512px.jpg","width":512,"height":512,"caption":"Retki Finland \/ Blue Import BIM Oy"},"image":{"@id":"https:\/\/retki.fi\/#\/schema\/logo\/image\/"},"sameAs":["https:\/\/www.facebook.com\/retkifinland\/","https:\/\/www.instagram.com\/retkifinland\/"]}]}},"_links":{"self":[{"href":"https:\/\/retki.fi\/sv\/wp-json\/wp\/v2\/product\/12863","targetHints":{"allow":["GET"]}}],"collection":[{"href":"https:\/\/retki.fi\/sv\/wp-json\/wp\/v2\/product"}],"about":[{"href":"https:\/\/retki.fi\/sv\/wp-json\/wp\/v2\/types\/product"}],"replies":[{"embeddable":true,"href":"https:\/\/retki.fi\/sv\/wp-json\/wp\/v2\/comments?post=12863"}],"wp:featuredmedia":[{"embeddable":true,"href":"https:\/\/retki.fi\/sv\/wp-json\/wp\/v2\/media\/11683"}],"wp:attachment":[{"href":"https:\/\/retki.fi\/sv\/wp-json\/wp\/v2\/media?parent=12863"}],"wp:term":[{"taxonomy":"product_brand","embeddable":true,"href":"https:\/\/retki.fi\/sv\/wp-json\/wp\/v2\/product_brand?post=12863"},{"taxonomy":"product_cat","embeddable":true,"href":"https:\/\/retki.fi\/sv\/wp-json\/wp\/v2\/product_cat?post=12863"},{"taxonomy":"product_tag","embeddable":true,"href":"https:\/\/retki.fi\/sv\/wp-json\/wp\/v2\/product_tag?post=12863"}],"curies":[{"name":"wp","href":"https:\/\/api.w.org\/{rel}","templated":true}]}}