{"id":12876,"date":"2024-04-17T10:25:52","date_gmt":"2024-04-17T07:25:52","guid":{"rendered":"https:\/\/retki.fi\/product\/spelkamera-4g-pro\/"},"modified":"2025-01-29T06:32:14","modified_gmt":"2025-01-29T04:32:14","slug":"spelkamera-4g-pro","status":"publish","type":"product","link":"https:\/\/retki.fi\/sv\/produkt\/spelkamera-4g-pro\/","title":{"rendered":"Spelkamera 4G PRO"},"content":{"rendered":"<p>Uppt\u00e4ck skogs\u00f6vervakning med v\u00e5r nya viltkamera, som har en h\u00f6gpresterande ISP och en 1\/2,7&#8243; progressiv sensor som tar tydliga bilder \u00e4ven i svagt ljus. Kameran kan v\u00e4xla mellan ljus- och videoinspelningsl\u00e4gen, och dess ultra- l\u00e5g str\u00f6mf\u00f6rbrukning i standbyl\u00e4ge m\u00f6jligg\u00f6r blixtsnabb v\u00e4ckning p\u00e5 0,2 sekunder Utrustad med PIR- med r\u00f6relsedetektering och artificiell intelligensbaserat r\u00f6relsedetekteringslarm, f\u00e5ngar kameran naturens r\u00f6relser exakt. ljuduppspelning, moln och lokal lagring samt st\u00f6d f\u00f6r Android och iOS appar g\u00f6r kameran l\u00e4tt att hantera IP66 vattent\u00e4t klassificering garanterar h\u00e5llbarhet i alla v\u00e4derf\u00f6rh\u00e5llanden, och st\u00f6d f\u00f6r integrerad eller separat installation och ett snabbt l\u00f6stagbart 18650 batterifack g\u00f6r denna spelkamera. ett m\u00e5ngsidigt verktyg f\u00f6r j\u00e4gare och natursk\u00e5dare som \u00f6vervakningskamera f\u00f6r b\u00e5de hem och f\u00f6retag.<\/p>\n<p><strong>Inkluderar n\u00e4tverks-SIM-kort f\u00f6r ELISA 4G-enhet.<\/strong><\/p>\n<div style=\"width: 800px;\" class=\"wp-video\"><video class=\"wp-video-shortcode\" id=\"video-12876-1\" width=\"800\" height=\"450\" preload=\"metadata\" controls=\"controls\"><source type=\"video\/mp4\" src=\"https:\/\/www.framocompany.fi\/Retkifinland\/wp-content\/uploads\/2024\/04\/Riistakamer_4G_video2.mp4?_=1\" \/><a href=\"https:\/\/www.framocompany.fi\/Retkifinland\/wp-content\/uploads\/2024\/04\/Riistakamer_4G_video2.mp4\">https:\/\/www.framocompany.fi\/Retkifinland\/wp-content\/uploads\/2024\/04\/Riistakamer_4G_video2.mp4<\/a><\/video><\/div>\n","protected":false},"excerpt":{"rendered":"<p>NYHET! 4G spelkamera med solpanelsladdning.<\/p>\n","protected":false},"featured_media":11757,"comment_status":"closed","ping_status":"closed","template":"","meta":{"_acf_changed":false},"product_brand":[],"product_cat":[3590],"product_tag":[],"class_list":{"0":"post-12876","1":"product","2":"type-product","3":"status-publish","4":"has-post-thumbnail","6":"product_cat-viltkameror","8":"first","9":"instock","10":"shipping-taxable","11":"product-type-simple"},"acf":[],"yoast_head":"<!-- This site is optimized with the Yoast SEO plugin v27.4 - https:\/\/yoast.com\/product\/yoast-seo-wordpress\/ -->\n<title>Spelkamera 4G PRO - Retki Finland<\/title>\n<meta name=\"robots\" content=\"index, follow, max-snippet:-1, max-image-preview:large, max-video-preview:-1\" \/>\n<link rel=\"canonical\" href=\"https:\/\/retki.fi\/sv\/produkt\/spelkamera-4g-pro\/\" \/>\n<meta property=\"og:locale\" content=\"sv_SE\" \/>\n<meta property=\"og:type\" content=\"article\" \/>\n<meta property=\"og:title\" content=\"Spelkamera 4G PRO - Retki Finland\" \/>\n<meta property=\"og:description\" content=\"NYHET! 4G spelkamera med solpanelsladdning.\" \/>\n<meta property=\"og:url\" content=\"https:\/\/retki.fi\/sv\/produkt\/spelkamera-4g-pro\/\" \/>\n<meta property=\"og:site_name\" content=\"Retki Finland\" \/>\n<meta property=\"article:publisher\" content=\"https:\/\/www.facebook.com\/retkifinland\/\" \/>\n<meta property=\"article:modified_time\" content=\"2025-01-29T04:32:14+00:00\" \/>\n<meta property=\"og:image\" content=\"https:\/\/retki.fi\/wp-content\/uploads\/2024\/04\/R7068-tuote-1-2.jpg\" \/>\n\t<meta property=\"og:image:width\" content=\"2480\" \/>\n\t<meta property=\"og:image:height\" content=\"2189\" \/>\n\t<meta property=\"og:image:type\" content=\"image\/jpeg\" \/>\n<meta name=\"twitter:card\" content=\"summary_large_image\" \/>\n<meta name=\"twitter:label1\" content=\"Ber\u00e4knad l\u00e4stid\" \/>\n\t<meta name=\"twitter:data1\" content=\"1 minut\" \/>\n<script type=\"application\/ld+json\" class=\"yoast-schema-graph\">{\"@context\":\"https:\\\/\\\/schema.org\",\"@graph\":[{\"@type\":\"WebPage\",\"@id\":\"https:\\\/\\\/retki.fi\\\/sv\\\/produkt\\\/spelkamera-4g-pro\\\/\",\"url\":\"https:\\\/\\\/retki.fi\\\/sv\\\/produkt\\\/spelkamera-4g-pro\\\/\",\"name\":\"Spelkamera 4G PRO - Retki Finland\",\"isPartOf\":{\"@id\":\"https:\\\/\\\/retki.fi\\\/#website\"},\"primaryImageOfPage\":{\"@id\":\"https:\\\/\\\/retki.fi\\\/sv\\\/produkt\\\/spelkamera-4g-pro\\\/#primaryimage\"},\"image\":{\"@id\":\"https:\\\/\\\/retki.fi\\\/sv\\\/produkt\\\/spelkamera-4g-pro\\\/#primaryimage\"},\"thumbnailUrl\":\"https:\\\/\\\/retki.fi\\\/wp-content\\\/uploads\\\/2024\\\/04\\\/R7068-tuote-1-1.jpg\",\"datePublished\":\"2024-04-17T07:25:52+00:00\",\"dateModified\":\"2025-01-29T04:32:14+00:00\",\"breadcrumb\":{\"@id\":\"https:\\\/\\\/retki.fi\\\/sv\\\/produkt\\\/spelkamera-4g-pro\\\/#breadcrumb\"},\"inLanguage\":\"sv-SE\",\"potentialAction\":[{\"@type\":\"ReadAction\",\"target\":[\"https:\\\/\\\/retki.fi\\\/sv\\\/produkt\\\/spelkamera-4g-pro\\\/\"]}]},{\"@type\":\"ImageObject\",\"inLanguage\":\"sv-SE\",\"@id\":\"https:\\\/\\\/retki.fi\\\/sv\\\/produkt\\\/spelkamera-4g-pro\\\/#primaryimage\",\"url\":\"https:\\\/\\\/retki.fi\\\/wp-content\\\/uploads\\\/2024\\\/04\\\/R7068-tuote-1-1.jpg\",\"contentUrl\":\"https:\\\/\\\/retki.fi\\\/wp-content\\\/uploads\\\/2024\\\/04\\\/R7068-tuote-1-1.jpg\",\"width\":2480,\"height\":2480,\"caption\":\"Retki 4G riistakamera\"},{\"@type\":\"BreadcrumbList\",\"@id\":\"https:\\\/\\\/retki.fi\\\/sv\\\/produkt\\\/spelkamera-4g-pro\\\/#breadcrumb\",\"itemListElement\":[{\"@type\":\"ListItem\",\"position\":1,\"name\":\"Etusivu\",\"item\":\"https:\\\/\\\/retki.fi\\\/\"},{\"@type\":\"ListItem\",\"position\":2,\"name\":\"Produkter\",\"item\":\"https:\\\/\\\/retki.fi\\\/sv\\\/produkter\\\/\"},{\"@type\":\"ListItem\",\"position\":3,\"name\":\"Spelkamera 4G PRO\"}]},{\"@type\":\"WebSite\",\"@id\":\"https:\\\/\\\/retki.fi\\\/#website\",\"url\":\"https:\\\/\\\/retki.fi\\\/\",\"name\":\"Retki Finland\",\"description\":\"Best moments happen outdoors\",\"publisher\":{\"@id\":\"https:\\\/\\\/retki.fi\\\/#organization\"},\"potentialAction\":[{\"@type\":\"SearchAction\",\"target\":{\"@type\":\"EntryPoint\",\"urlTemplate\":\"https:\\\/\\\/retki.fi\\\/?s={search_term_string}\"},\"query-input\":{\"@type\":\"PropertyValueSpecification\",\"valueRequired\":true,\"valueName\":\"search_term_string\"}}],\"inLanguage\":\"sv-SE\"},{\"@type\":\"Organization\",\"@id\":\"https:\\\/\\\/retki.fi\\\/#organization\",\"name\":\"Retki Finland \\\/ Blue Import BIM Oy\",\"url\":\"https:\\\/\\\/retki.fi\\\/\",\"logo\":{\"@type\":\"ImageObject\",\"inLanguage\":\"sv-SE\",\"@id\":\"https:\\\/\\\/retki.fi\\\/#\\\/schema\\\/logo\\\/image\\\/\",\"url\":\"https:\\\/\\\/retki.fi\\\/wp-content\\\/uploads\\\/2018\\\/11\\\/Retki_logo_512X512px.jpg\",\"contentUrl\":\"https:\\\/\\\/retki.fi\\\/wp-content\\\/uploads\\\/2018\\\/11\\\/Retki_logo_512X512px.jpg\",\"width\":512,\"height\":512,\"caption\":\"Retki Finland \\\/ Blue Import BIM Oy\"},\"image\":{\"@id\":\"https:\\\/\\\/retki.fi\\\/#\\\/schema\\\/logo\\\/image\\\/\"},\"sameAs\":[\"https:\\\/\\\/www.facebook.com\\\/retkifinland\\\/\",\"https:\\\/\\\/www.instagram.com\\\/retkifinland\\\/\"]}]}<\/script>\n<!-- \/ Yoast SEO plugin. -->","yoast_head_json":{"title":"Spelkamera 4G PRO - Retki Finland","robots":{"index":"index","follow":"follow","max-snippet":"max-snippet:-1","max-image-preview":"max-image-preview:large","max-video-preview":"max-video-preview:-1"},"canonical":"https:\/\/retki.fi\/sv\/produkt\/spelkamera-4g-pro\/","og_locale":"sv_SE","og_type":"article","og_title":"Spelkamera 4G PRO - Retki Finland","og_description":"NYHET! 4G spelkamera med solpanelsladdning.","og_url":"https:\/\/retki.fi\/sv\/produkt\/spelkamera-4g-pro\/","og_site_name":"Retki Finland","article_publisher":"https:\/\/www.facebook.com\/retkifinland\/","article_modified_time":"2025-01-29T04:32:14+00:00","og_image":[{"width":2480,"height":2189,"url":"https:\/\/retki.fi\/wp-content\/uploads\/2024\/04\/R7068-tuote-1-2.jpg","type":"image\/jpeg"}],"twitter_card":"summary_large_image","twitter_misc":{"Ber\u00e4knad l\u00e4stid":"1 minut"},"schema":{"@context":"https:\/\/schema.org","@graph":[{"@type":"WebPage","@id":"https:\/\/retki.fi\/sv\/produkt\/spelkamera-4g-pro\/","url":"https:\/\/retki.fi\/sv\/produkt\/spelkamera-4g-pro\/","name":"Spelkamera 4G PRO - Retki Finland","isPartOf":{"@id":"https:\/\/retki.fi\/#website"},"primaryImageOfPage":{"@id":"https:\/\/retki.fi\/sv\/produkt\/spelkamera-4g-pro\/#primaryimage"},"image":{"@id":"https:\/\/retki.fi\/sv\/produkt\/spelkamera-4g-pro\/#primaryimage"},"thumbnailUrl":"https:\/\/retki.fi\/wp-content\/uploads\/2024\/04\/R7068-tuote-1-1.jpg","datePublished":"2024-04-17T07:25:52+00:00","dateModified":"2025-01-29T04:32:14+00:00","breadcrumb":{"@id":"https:\/\/retki.fi\/sv\/produkt\/spelkamera-4g-pro\/#breadcrumb"},"inLanguage":"sv-SE","potentialAction":[{"@type":"ReadAction","target":["https:\/\/retki.fi\/sv\/produkt\/spelkamera-4g-pro\/"]}]},{"@type":"ImageObject","inLanguage":"sv-SE","@id":"https:\/\/retki.fi\/sv\/produkt\/spelkamera-4g-pro\/#primaryimage","url":"https:\/\/retki.fi\/wp-content\/uploads\/2024\/04\/R7068-tuote-1-1.jpg","contentUrl":"https:\/\/retki.fi\/wp-content\/uploads\/2024\/04\/R7068-tuote-1-1.jpg","width":2480,"height":2480,"caption":"Retki 4G riistakamera"},{"@type":"BreadcrumbList","@id":"https:\/\/retki.fi\/sv\/produkt\/spelkamera-4g-pro\/#breadcrumb","itemListElement":[{"@type":"ListItem","position":1,"name":"Etusivu","item":"https:\/\/retki.fi\/"},{"@type":"ListItem","position":2,"name":"Produkter","item":"https:\/\/retki.fi\/sv\/produkter\/"},{"@type":"ListItem","position":3,"name":"Spelkamera 4G PRO"}]},{"@type":"WebSite","@id":"https:\/\/retki.fi\/#website","url":"https:\/\/retki.fi\/","name":"Retki Finland","description":"Best moments happen outdoors","publisher":{"@id":"https:\/\/retki.fi\/#organization"},"potentialAction":[{"@type":"SearchAction","target":{"@type":"EntryPoint","urlTemplate":"https:\/\/retki.fi\/?s={search_term_string}"},"query-input":{"@type":"PropertyValueSpecification","valueRequired":true,"valueName":"search_term_string"}}],"inLanguage":"sv-SE"},{"@type":"Organization","@id":"https:\/\/retki.fi\/#organization","name":"Retki Finland \/ Blue Import BIM Oy","url":"https:\/\/retki.fi\/","logo":{"@type":"ImageObject","inLanguage":"sv-SE","@id":"https:\/\/retki.fi\/#\/schema\/logo\/image\/","url":"https:\/\/retki.fi\/wp-content\/uploads\/2018\/11\/Retki_logo_512X512px.jpg","contentUrl":"https:\/\/retki.fi\/wp-content\/uploads\/2018\/11\/Retki_logo_512X512px.jpg","width":512,"height":512,"caption":"Retki Finland \/ Blue Import BIM Oy"},"image":{"@id":"https:\/\/retki.fi\/#\/schema\/logo\/image\/"},"sameAs":["https:\/\/www.facebook.com\/retkifinland\/","https:\/\/www.instagram.com\/retkifinland\/"]}]}},"_links":{"self":[{"href":"https:\/\/retki.fi\/sv\/wp-json\/wp\/v2\/product\/12876","targetHints":{"allow":["GET"]}}],"collection":[{"href":"https:\/\/retki.fi\/sv\/wp-json\/wp\/v2\/product"}],"about":[{"href":"https:\/\/retki.fi\/sv\/wp-json\/wp\/v2\/types\/product"}],"replies":[{"embeddable":true,"href":"https:\/\/retki.fi\/sv\/wp-json\/wp\/v2\/comments?post=12876"}],"wp:featuredmedia":[{"embeddable":true,"href":"https:\/\/retki.fi\/sv\/wp-json\/wp\/v2\/media\/11757"}],"wp:attachment":[{"href":"https:\/\/retki.fi\/sv\/wp-json\/wp\/v2\/media?parent=12876"}],"wp:term":[{"taxonomy":"product_brand","embeddable":true,"href":"https:\/\/retki.fi\/sv\/wp-json\/wp\/v2\/product_brand?post=12876"},{"taxonomy":"product_cat","embeddable":true,"href":"https:\/\/retki.fi\/sv\/wp-json\/wp\/v2\/product_cat?post=12876"},{"taxonomy":"product_tag","embeddable":true,"href":"https:\/\/retki.fi\/sv\/wp-json\/wp\/v2\/product_tag?post=12876"}],"curies":[{"name":"wp","href":"https:\/\/api.w.org\/{rel}","templated":true}]}}