{"id":12891,"date":"2024-09-24T15:22:50","date_gmt":"2024-09-24T12:22:50","guid":{"rendered":"https:\/\/retki.fi\/product\/lammstrumpor-med-3000mah-batteri-l-xl\/"},"modified":"2025-01-28T11:28:36","modified_gmt":"2025-01-28T09:28:36","slug":"lammstrumpor-med-3000mah-batteri-l-xl","status":"publish","type":"product","link":"https:\/\/retki.fi\/sv\/produkt\/lammstrumpor-med-3000mah-batteri-l-xl\/","title":{"rendered":"Termostrumpor med 3000mAh batteri L\/XL"},"content":{"rendered":"<p>L\u00e5ng\u00e4rmade strumpor med avtagbara 3,7V 3000mAh-batterier h\u00e5ller dina f\u00f6tter varma \u00e4ven under kalla f\u00f6rh\u00e5llanden. Strumpor gjorda av en ullblandning med 35 % merinoull ger utm\u00e4rkt v\u00e4rme och andningsf\u00f6rm\u00e5ga. Det finns en ficka p\u00e5 utsidan av sockskaftet med en USB-A-kontakt f\u00f6r str\u00f6mk\u00e4llan och en str\u00f6mknapp f\u00f6r att sl\u00e5 p\u00e5\/st\u00e4nga av v\u00e4rmen.<br \/>\nStorleken L\/XL passar 40-44 fot, och det mjuka materialet sitter bekv\u00e4mt. De innovativa l\u00f6stagbara batterierna fungerar ocks\u00e5 som reservkraftk\u00e4lla f\u00f6r andra uppladdningsbara enheter, s\u00e5 att du kan anv\u00e4nda flera produkter med en produkt. Det perfekta valet f\u00f6r aktivt friluftsliv eller camping i kallt v\u00e4der!<\/p>\n<p>&nbsp;<\/p>\n","protected":false},"excerpt":{"rendered":"<p>NYTT f\u00f6r vintern! Uppv\u00e4rmda strumpor med l\u00f6stagbara batterier 3,7V 3000mAh.<\/p>\n","protected":false},"featured_media":11840,"comment_status":"closed","ping_status":"closed","template":"","meta":{"_acf_changed":false},"product_brand":[],"product_cat":[3604,3562],"product_tag":[],"class_list":{"0":"post-12891","1":"product","2":"type-product","3":"status-publish","4":"has-post-thumbnail","6":"product_cat-barbar-elektronik-sv","7":"product_cat-klader-sv","9":"first","10":"instock","11":"shipping-taxable","12":"product-type-simple"},"acf":[],"yoast_head":"<!-- This site is optimized with the Yoast SEO plugin v26.8 - https:\/\/yoast.com\/product\/yoast-seo-wordpress\/ -->\n<title>Termostrumpor med 3000mAh batteri L\/XL - Retki Finland<\/title>\n<meta name=\"robots\" content=\"index, follow, max-snippet:-1, max-image-preview:large, max-video-preview:-1\" \/>\n<link rel=\"canonical\" href=\"https:\/\/retki.fi\/sv\/produkt\/lammstrumpor-med-3000mah-batteri-l-xl\/\" \/>\n<meta property=\"og:locale\" content=\"sv_SE\" \/>\n<meta property=\"og:type\" content=\"article\" \/>\n<meta property=\"og:title\" content=\"Termostrumpor med 3000mAh batteri L\/XL - Retki Finland\" \/>\n<meta property=\"og:description\" content=\"NYTT f\u00f6r vintern! Uppv\u00e4rmda strumpor med l\u00f6stagbara batterier 3,7V 3000mAh.\" \/>\n<meta property=\"og:url\" content=\"https:\/\/retki.fi\/sv\/produkt\/lammstrumpor-med-3000mah-batteri-l-xl\/\" \/>\n<meta property=\"og:site_name\" content=\"Retki Finland\" \/>\n<meta property=\"article:publisher\" content=\"https:\/\/www.facebook.com\/retkifinland\/\" \/>\n<meta property=\"article:modified_time\" content=\"2025-01-28T09:28:36+00:00\" \/>\n<meta property=\"og:image\" content=\"https:\/\/retki.fi\/wp-content\/uploads\/2024\/09\/R7083_R7084_tuote.jpg\" \/>\n\t<meta property=\"og:image:width\" content=\"2480\" \/>\n\t<meta property=\"og:image:height\" content=\"2480\" \/>\n\t<meta property=\"og:image:type\" content=\"image\/jpeg\" \/>\n<meta name=\"twitter:card\" content=\"summary_large_image\" \/>\n<meta name=\"twitter:label1\" content=\"Ber\u00e4knad l\u00e4stid\" \/>\n\t<meta name=\"twitter:data1\" content=\"1 minut\" \/>\n<script type=\"application\/ld+json\" class=\"yoast-schema-graph\">{\"@context\":\"https:\/\/schema.org\",\"@graph\":[{\"@type\":\"WebPage\",\"@id\":\"https:\/\/retki.fi\/sv\/produkt\/lammstrumpor-med-3000mah-batteri-l-xl\/\",\"url\":\"https:\/\/retki.fi\/sv\/produkt\/lammstrumpor-med-3000mah-batteri-l-xl\/\",\"name\":\"Termostrumpor med 3000mAh batteri L\/XL - Retki Finland\",\"isPartOf\":{\"@id\":\"https:\/\/retki.fi\/#website\"},\"primaryImageOfPage\":{\"@id\":\"https:\/\/retki.fi\/sv\/produkt\/lammstrumpor-med-3000mah-batteri-l-xl\/#primaryimage\"},\"image\":{\"@id\":\"https:\/\/retki.fi\/sv\/produkt\/lammstrumpor-med-3000mah-batteri-l-xl\/#primaryimage\"},\"thumbnailUrl\":\"https:\/\/retki.fi\/wp-content\/uploads\/2024\/09\/R7083_R7084_tuote.jpg\",\"datePublished\":\"2024-09-24T12:22:50+00:00\",\"dateModified\":\"2025-01-28T09:28:36+00:00\",\"breadcrumb\":{\"@id\":\"https:\/\/retki.fi\/sv\/produkt\/lammstrumpor-med-3000mah-batteri-l-xl\/#breadcrumb\"},\"inLanguage\":\"sv-SE\",\"potentialAction\":[{\"@type\":\"ReadAction\",\"target\":[\"https:\/\/retki.fi\/sv\/produkt\/lammstrumpor-med-3000mah-batteri-l-xl\/\"]}]},{\"@type\":\"ImageObject\",\"inLanguage\":\"sv-SE\",\"@id\":\"https:\/\/retki.fi\/sv\/produkt\/lammstrumpor-med-3000mah-batteri-l-xl\/#primaryimage\",\"url\":\"https:\/\/retki.fi\/wp-content\/uploads\/2024\/09\/R7083_R7084_tuote.jpg\",\"contentUrl\":\"https:\/\/retki.fi\/wp-content\/uploads\/2024\/09\/R7083_R7084_tuote.jpg\",\"width\":2480,\"height\":2480},{\"@type\":\"BreadcrumbList\",\"@id\":\"https:\/\/retki.fi\/sv\/produkt\/lammstrumpor-med-3000mah-batteri-l-xl\/#breadcrumb\",\"itemListElement\":[{\"@type\":\"ListItem\",\"position\":1,\"name\":\"Etusivu\",\"item\":\"https:\/\/retki.fi\/\"},{\"@type\":\"ListItem\",\"position\":2,\"name\":\"Produkter\",\"item\":\"https:\/\/retki.fi\/sv\/produkter\/\"},{\"@type\":\"ListItem\",\"position\":3,\"name\":\"Termostrumpor med 3000mAh batteri L\/XL\"}]},{\"@type\":\"WebSite\",\"@id\":\"https:\/\/retki.fi\/#website\",\"url\":\"https:\/\/retki.fi\/\",\"name\":\"Retki Finland\",\"description\":\"Best moments happen outdoors\",\"publisher\":{\"@id\":\"https:\/\/retki.fi\/#organization\"},\"potentialAction\":[{\"@type\":\"SearchAction\",\"target\":{\"@type\":\"EntryPoint\",\"urlTemplate\":\"https:\/\/retki.fi\/?s={search_term_string}\"},\"query-input\":{\"@type\":\"PropertyValueSpecification\",\"valueRequired\":true,\"valueName\":\"search_term_string\"}}],\"inLanguage\":\"sv-SE\"},{\"@type\":\"Organization\",\"@id\":\"https:\/\/retki.fi\/#organization\",\"name\":\"Retki Finland \/ Blue Import BIM Oy\",\"url\":\"https:\/\/retki.fi\/\",\"logo\":{\"@type\":\"ImageObject\",\"inLanguage\":\"sv-SE\",\"@id\":\"https:\/\/retki.fi\/#\/schema\/logo\/image\/\",\"url\":\"https:\/\/retki.fi\/wp-content\/uploads\/2018\/11\/Retki_logo_512X512px.jpg\",\"contentUrl\":\"https:\/\/retki.fi\/wp-content\/uploads\/2018\/11\/Retki_logo_512X512px.jpg\",\"width\":512,\"height\":512,\"caption\":\"Retki Finland \/ Blue Import BIM Oy\"},\"image\":{\"@id\":\"https:\/\/retki.fi\/#\/schema\/logo\/image\/\"},\"sameAs\":[\"https:\/\/www.facebook.com\/retkifinland\/\",\"https:\/\/www.instagram.com\/retkifinland\/\"]}]}<\/script>\n<!-- \/ Yoast SEO plugin. -->","yoast_head_json":{"title":"Termostrumpor med 3000mAh batteri L\/XL - Retki Finland","robots":{"index":"index","follow":"follow","max-snippet":"max-snippet:-1","max-image-preview":"max-image-preview:large","max-video-preview":"max-video-preview:-1"},"canonical":"https:\/\/retki.fi\/sv\/produkt\/lammstrumpor-med-3000mah-batteri-l-xl\/","og_locale":"sv_SE","og_type":"article","og_title":"Termostrumpor med 3000mAh batteri L\/XL - Retki Finland","og_description":"NYTT f\u00f6r vintern! Uppv\u00e4rmda strumpor med l\u00f6stagbara batterier 3,7V 3000mAh.","og_url":"https:\/\/retki.fi\/sv\/produkt\/lammstrumpor-med-3000mah-batteri-l-xl\/","og_site_name":"Retki Finland","article_publisher":"https:\/\/www.facebook.com\/retkifinland\/","article_modified_time":"2025-01-28T09:28:36+00:00","og_image":[{"width":2480,"height":2480,"url":"https:\/\/retki.fi\/wp-content\/uploads\/2024\/09\/R7083_R7084_tuote.jpg","type":"image\/jpeg"}],"twitter_card":"summary_large_image","twitter_misc":{"Ber\u00e4knad l\u00e4stid":"1 minut"},"schema":{"@context":"https:\/\/schema.org","@graph":[{"@type":"WebPage","@id":"https:\/\/retki.fi\/sv\/produkt\/lammstrumpor-med-3000mah-batteri-l-xl\/","url":"https:\/\/retki.fi\/sv\/produkt\/lammstrumpor-med-3000mah-batteri-l-xl\/","name":"Termostrumpor med 3000mAh batteri L\/XL - Retki Finland","isPartOf":{"@id":"https:\/\/retki.fi\/#website"},"primaryImageOfPage":{"@id":"https:\/\/retki.fi\/sv\/produkt\/lammstrumpor-med-3000mah-batteri-l-xl\/#primaryimage"},"image":{"@id":"https:\/\/retki.fi\/sv\/produkt\/lammstrumpor-med-3000mah-batteri-l-xl\/#primaryimage"},"thumbnailUrl":"https:\/\/retki.fi\/wp-content\/uploads\/2024\/09\/R7083_R7084_tuote.jpg","datePublished":"2024-09-24T12:22:50+00:00","dateModified":"2025-01-28T09:28:36+00:00","breadcrumb":{"@id":"https:\/\/retki.fi\/sv\/produkt\/lammstrumpor-med-3000mah-batteri-l-xl\/#breadcrumb"},"inLanguage":"sv-SE","potentialAction":[{"@type":"ReadAction","target":["https:\/\/retki.fi\/sv\/produkt\/lammstrumpor-med-3000mah-batteri-l-xl\/"]}]},{"@type":"ImageObject","inLanguage":"sv-SE","@id":"https:\/\/retki.fi\/sv\/produkt\/lammstrumpor-med-3000mah-batteri-l-xl\/#primaryimage","url":"https:\/\/retki.fi\/wp-content\/uploads\/2024\/09\/R7083_R7084_tuote.jpg","contentUrl":"https:\/\/retki.fi\/wp-content\/uploads\/2024\/09\/R7083_R7084_tuote.jpg","width":2480,"height":2480},{"@type":"BreadcrumbList","@id":"https:\/\/retki.fi\/sv\/produkt\/lammstrumpor-med-3000mah-batteri-l-xl\/#breadcrumb","itemListElement":[{"@type":"ListItem","position":1,"name":"Etusivu","item":"https:\/\/retki.fi\/"},{"@type":"ListItem","position":2,"name":"Produkter","item":"https:\/\/retki.fi\/sv\/produkter\/"},{"@type":"ListItem","position":3,"name":"Termostrumpor med 3000mAh batteri L\/XL"}]},{"@type":"WebSite","@id":"https:\/\/retki.fi\/#website","url":"https:\/\/retki.fi\/","name":"Retki Finland","description":"Best moments happen outdoors","publisher":{"@id":"https:\/\/retki.fi\/#organization"},"potentialAction":[{"@type":"SearchAction","target":{"@type":"EntryPoint","urlTemplate":"https:\/\/retki.fi\/?s={search_term_string}"},"query-input":{"@type":"PropertyValueSpecification","valueRequired":true,"valueName":"search_term_string"}}],"inLanguage":"sv-SE"},{"@type":"Organization","@id":"https:\/\/retki.fi\/#organization","name":"Retki Finland \/ Blue Import BIM Oy","url":"https:\/\/retki.fi\/","logo":{"@type":"ImageObject","inLanguage":"sv-SE","@id":"https:\/\/retki.fi\/#\/schema\/logo\/image\/","url":"https:\/\/retki.fi\/wp-content\/uploads\/2018\/11\/Retki_logo_512X512px.jpg","contentUrl":"https:\/\/retki.fi\/wp-content\/uploads\/2018\/11\/Retki_logo_512X512px.jpg","width":512,"height":512,"caption":"Retki Finland \/ Blue Import BIM Oy"},"image":{"@id":"https:\/\/retki.fi\/#\/schema\/logo\/image\/"},"sameAs":["https:\/\/www.facebook.com\/retkifinland\/","https:\/\/www.instagram.com\/retkifinland\/"]}]}},"_links":{"self":[{"href":"https:\/\/retki.fi\/sv\/wp-json\/wp\/v2\/product\/12891","targetHints":{"allow":["GET"]}}],"collection":[{"href":"https:\/\/retki.fi\/sv\/wp-json\/wp\/v2\/product"}],"about":[{"href":"https:\/\/retki.fi\/sv\/wp-json\/wp\/v2\/types\/product"}],"replies":[{"embeddable":true,"href":"https:\/\/retki.fi\/sv\/wp-json\/wp\/v2\/comments?post=12891"}],"wp:featuredmedia":[{"embeddable":true,"href":"https:\/\/retki.fi\/sv\/wp-json\/wp\/v2\/media\/11840"}],"wp:attachment":[{"href":"https:\/\/retki.fi\/sv\/wp-json\/wp\/v2\/media?parent=12891"}],"wp:term":[{"taxonomy":"product_brand","embeddable":true,"href":"https:\/\/retki.fi\/sv\/wp-json\/wp\/v2\/product_brand?post=12891"},{"taxonomy":"product_cat","embeddable":true,"href":"https:\/\/retki.fi\/sv\/wp-json\/wp\/v2\/product_cat?post=12891"},{"taxonomy":"product_tag","embeddable":true,"href":"https:\/\/retki.fi\/sv\/wp-json\/wp\/v2\/product_tag?post=12891"}],"curies":[{"name":"wp","href":"https:\/\/api.w.org\/{rel}","templated":true}]}}