{"id":12892,"date":"2024-09-24T15:36:37","date_gmt":"2024-09-24T12:36:37","guid":{"rendered":"https:\/\/retki.fi\/product\/latt-kedja-uppladdningsbar-8m-180lm-80xled-30xsmd\/"},"modified":"2026-04-22T15:19:09","modified_gmt":"2026-04-22T12:19:09","slug":"latt-kedja-uppladdningsbar-8m-180lm-80xled-30xsmd","status":"publish","type":"product","link":"https:\/\/retki.fi\/sv\/produkt\/latt-kedja-uppladdningsbar-8m-180lm-80xled-30xsmd\/","title":{"rendered":"L\u00e4ttkedja uppladdningsbar 8m 180lm 80xLED + 30xSMD"},"content":{"rendered":"<p>Inf\u00e4llbar, uppladdningsbar l\u00e4tt kedja f\u00f6r m\u00e5nga anv\u00e4ndningsomr\u00e5den. L\u00e4mplig att anv\u00e4nda som st\u00e4mningsbelysning d\u00e4r el inte finns, t.ex. till ett t\u00e4lt, ett eremitage eller ett skjul. Ljuskedjans l\u00e4ngd \u00e4r 785 cm, den rullas in i lampan efter anv\u00e4ndning. Lampan har \u00e4ven 30 SMD lysdioder. USB-C laddning.<\/p>\n<p>NOTERA! Lampan \u00e4r inte vattent\u00e4t, anv\u00e4ndning och f\u00f6rvaring skyddad fr\u00e5n fukt.<\/p>\n<p>&nbsp;<\/p>\n<p>&nbsp;<\/p>\n","protected":false},"excerpt":{"rendered":"<p>NYHET! En lindbar och uppladdningsbar ljuskedja f\u00f6r att skapa atmosf\u00e4r eller som t\u00e4ltlampa.<\/p>\n","protected":false},"featured_media":11850,"comment_status":"closed","ping_status":"closed","template":"","meta":{"_acf_changed":false},"product_brand":[],"product_cat":[3616],"product_tag":[],"class_list":{"0":"post-12892","1":"product","2":"type-product","3":"status-publish","4":"has-post-thumbnail","6":"product_cat-belysning","8":"first","9":"instock","10":"shipping-taxable","11":"product-type-simple"},"acf":[],"yoast_head":"<!-- This site is optimized with the Yoast SEO plugin v27.4 - https:\/\/yoast.com\/product\/yoast-seo-wordpress\/ -->\n<title>L\u00e4ttkedja uppladdningsbar 8m 180lm 80xLED + 30xSMD - Retki Finland<\/title>\n<meta name=\"robots\" content=\"index, follow, max-snippet:-1, max-image-preview:large, max-video-preview:-1\" \/>\n<link rel=\"canonical\" href=\"https:\/\/retki.fi\/sv\/produkt\/latt-kedja-uppladdningsbar-8m-180lm-80xled-30xsmd\/\" \/>\n<meta property=\"og:locale\" content=\"sv_SE\" \/>\n<meta property=\"og:type\" content=\"article\" \/>\n<meta property=\"og:title\" content=\"L\u00e4ttkedja uppladdningsbar 8m 180lm 80xLED + 30xSMD - Retki Finland\" \/>\n<meta property=\"og:description\" content=\"NYHET! En lindbar och uppladdningsbar ljuskedja f\u00f6r att skapa atmosf\u00e4r eller som t\u00e4ltlampa.\" \/>\n<meta property=\"og:url\" content=\"https:\/\/retki.fi\/sv\/produkt\/latt-kedja-uppladdningsbar-8m-180lm-80xled-30xsmd\/\" \/>\n<meta property=\"og:site_name\" content=\"Retki Finland\" \/>\n<meta property=\"article:publisher\" content=\"https:\/\/www.facebook.com\/retkifinland\/\" \/>\n<meta property=\"article:modified_time\" content=\"2026-04-22T12:19:09+00:00\" \/>\n<meta property=\"og:image\" content=\"https:\/\/retki.fi\/wp-content\/uploads\/2024\/09\/R7071-tuote-3.jpg\" \/>\n\t<meta property=\"og:image:width\" content=\"2480\" \/>\n\t<meta property=\"og:image:height\" content=\"2480\" \/>\n\t<meta property=\"og:image:type\" content=\"image\/jpeg\" \/>\n<meta name=\"twitter:card\" content=\"summary_large_image\" \/>\n<script type=\"application\/ld+json\" class=\"yoast-schema-graph\">{\"@context\":\"https:\\\/\\\/schema.org\",\"@graph\":[{\"@type\":\"WebPage\",\"@id\":\"https:\\\/\\\/retki.fi\\\/sv\\\/produkt\\\/latt-kedja-uppladdningsbar-8m-180lm-80xled-30xsmd\\\/\",\"url\":\"https:\\\/\\\/retki.fi\\\/sv\\\/produkt\\\/latt-kedja-uppladdningsbar-8m-180lm-80xled-30xsmd\\\/\",\"name\":\"L\u00e4ttkedja uppladdningsbar 8m 180lm 80xLED + 30xSMD - Retki Finland\",\"isPartOf\":{\"@id\":\"https:\\\/\\\/retki.fi\\\/#website\"},\"primaryImageOfPage\":{\"@id\":\"https:\\\/\\\/retki.fi\\\/sv\\\/produkt\\\/latt-kedja-uppladdningsbar-8m-180lm-80xled-30xsmd\\\/#primaryimage\"},\"image\":{\"@id\":\"https:\\\/\\\/retki.fi\\\/sv\\\/produkt\\\/latt-kedja-uppladdningsbar-8m-180lm-80xled-30xsmd\\\/#primaryimage\"},\"thumbnailUrl\":\"https:\\\/\\\/retki.fi\\\/wp-content\\\/uploads\\\/2024\\\/09\\\/R7071-tuote-3.jpg\",\"datePublished\":\"2024-09-24T12:36:37+00:00\",\"dateModified\":\"2026-04-22T12:19:09+00:00\",\"breadcrumb\":{\"@id\":\"https:\\\/\\\/retki.fi\\\/sv\\\/produkt\\\/latt-kedja-uppladdningsbar-8m-180lm-80xled-30xsmd\\\/#breadcrumb\"},\"inLanguage\":\"sv-SE\",\"potentialAction\":[{\"@type\":\"ReadAction\",\"target\":[\"https:\\\/\\\/retki.fi\\\/sv\\\/produkt\\\/latt-kedja-uppladdningsbar-8m-180lm-80xled-30xsmd\\\/\"]}]},{\"@type\":\"ImageObject\",\"inLanguage\":\"sv-SE\",\"@id\":\"https:\\\/\\\/retki.fi\\\/sv\\\/produkt\\\/latt-kedja-uppladdningsbar-8m-180lm-80xled-30xsmd\\\/#primaryimage\",\"url\":\"https:\\\/\\\/retki.fi\\\/wp-content\\\/uploads\\\/2024\\\/09\\\/R7071-tuote-3.jpg\",\"contentUrl\":\"https:\\\/\\\/retki.fi\\\/wp-content\\\/uploads\\\/2024\\\/09\\\/R7071-tuote-3.jpg\",\"width\":2480,\"height\":2480},{\"@type\":\"BreadcrumbList\",\"@id\":\"https:\\\/\\\/retki.fi\\\/sv\\\/produkt\\\/latt-kedja-uppladdningsbar-8m-180lm-80xled-30xsmd\\\/#breadcrumb\",\"itemListElement\":[{\"@type\":\"ListItem\",\"position\":1,\"name\":\"Etusivu\",\"item\":\"https:\\\/\\\/retki.fi\\\/\"},{\"@type\":\"ListItem\",\"position\":2,\"name\":\"Produkter\",\"item\":\"https:\\\/\\\/retki.fi\\\/sv\\\/produkter\\\/\"},{\"@type\":\"ListItem\",\"position\":3,\"name\":\"L\u00e4ttkedja uppladdningsbar 8m 180lm 80xLED + 30xSMD\"}]},{\"@type\":\"WebSite\",\"@id\":\"https:\\\/\\\/retki.fi\\\/#website\",\"url\":\"https:\\\/\\\/retki.fi\\\/\",\"name\":\"Retki Finland\",\"description\":\"Best moments happen outdoors\",\"publisher\":{\"@id\":\"https:\\\/\\\/retki.fi\\\/#organization\"},\"potentialAction\":[{\"@type\":\"SearchAction\",\"target\":{\"@type\":\"EntryPoint\",\"urlTemplate\":\"https:\\\/\\\/retki.fi\\\/?s={search_term_string}\"},\"query-input\":{\"@type\":\"PropertyValueSpecification\",\"valueRequired\":true,\"valueName\":\"search_term_string\"}}],\"inLanguage\":\"sv-SE\"},{\"@type\":\"Organization\",\"@id\":\"https:\\\/\\\/retki.fi\\\/#organization\",\"name\":\"Retki Finland \\\/ Blue Import BIM Oy\",\"url\":\"https:\\\/\\\/retki.fi\\\/\",\"logo\":{\"@type\":\"ImageObject\",\"inLanguage\":\"sv-SE\",\"@id\":\"https:\\\/\\\/retki.fi\\\/#\\\/schema\\\/logo\\\/image\\\/\",\"url\":\"https:\\\/\\\/retki.fi\\\/wp-content\\\/uploads\\\/2018\\\/11\\\/Retki_logo_512X512px.jpg\",\"contentUrl\":\"https:\\\/\\\/retki.fi\\\/wp-content\\\/uploads\\\/2018\\\/11\\\/Retki_logo_512X512px.jpg\",\"width\":512,\"height\":512,\"caption\":\"Retki Finland \\\/ Blue Import BIM Oy\"},\"image\":{\"@id\":\"https:\\\/\\\/retki.fi\\\/#\\\/schema\\\/logo\\\/image\\\/\"},\"sameAs\":[\"https:\\\/\\\/www.facebook.com\\\/retkifinland\\\/\",\"https:\\\/\\\/www.instagram.com\\\/retkifinland\\\/\"]}]}<\/script>\n<!-- \/ Yoast SEO plugin. -->","yoast_head_json":{"title":"L\u00e4ttkedja uppladdningsbar 8m 180lm 80xLED + 30xSMD - Retki Finland","robots":{"index":"index","follow":"follow","max-snippet":"max-snippet:-1","max-image-preview":"max-image-preview:large","max-video-preview":"max-video-preview:-1"},"canonical":"https:\/\/retki.fi\/sv\/produkt\/latt-kedja-uppladdningsbar-8m-180lm-80xled-30xsmd\/","og_locale":"sv_SE","og_type":"article","og_title":"L\u00e4ttkedja uppladdningsbar 8m 180lm 80xLED + 30xSMD - Retki Finland","og_description":"NYHET! En lindbar och uppladdningsbar ljuskedja f\u00f6r att skapa atmosf\u00e4r eller som t\u00e4ltlampa.","og_url":"https:\/\/retki.fi\/sv\/produkt\/latt-kedja-uppladdningsbar-8m-180lm-80xled-30xsmd\/","og_site_name":"Retki Finland","article_publisher":"https:\/\/www.facebook.com\/retkifinland\/","article_modified_time":"2026-04-22T12:19:09+00:00","og_image":[{"width":2480,"height":2480,"url":"https:\/\/retki.fi\/wp-content\/uploads\/2024\/09\/R7071-tuote-3.jpg","type":"image\/jpeg"}],"twitter_card":"summary_large_image","schema":{"@context":"https:\/\/schema.org","@graph":[{"@type":"WebPage","@id":"https:\/\/retki.fi\/sv\/produkt\/latt-kedja-uppladdningsbar-8m-180lm-80xled-30xsmd\/","url":"https:\/\/retki.fi\/sv\/produkt\/latt-kedja-uppladdningsbar-8m-180lm-80xled-30xsmd\/","name":"L\u00e4ttkedja uppladdningsbar 8m 180lm 80xLED + 30xSMD - Retki Finland","isPartOf":{"@id":"https:\/\/retki.fi\/#website"},"primaryImageOfPage":{"@id":"https:\/\/retki.fi\/sv\/produkt\/latt-kedja-uppladdningsbar-8m-180lm-80xled-30xsmd\/#primaryimage"},"image":{"@id":"https:\/\/retki.fi\/sv\/produkt\/latt-kedja-uppladdningsbar-8m-180lm-80xled-30xsmd\/#primaryimage"},"thumbnailUrl":"https:\/\/retki.fi\/wp-content\/uploads\/2024\/09\/R7071-tuote-3.jpg","datePublished":"2024-09-24T12:36:37+00:00","dateModified":"2026-04-22T12:19:09+00:00","breadcrumb":{"@id":"https:\/\/retki.fi\/sv\/produkt\/latt-kedja-uppladdningsbar-8m-180lm-80xled-30xsmd\/#breadcrumb"},"inLanguage":"sv-SE","potentialAction":[{"@type":"ReadAction","target":["https:\/\/retki.fi\/sv\/produkt\/latt-kedja-uppladdningsbar-8m-180lm-80xled-30xsmd\/"]}]},{"@type":"ImageObject","inLanguage":"sv-SE","@id":"https:\/\/retki.fi\/sv\/produkt\/latt-kedja-uppladdningsbar-8m-180lm-80xled-30xsmd\/#primaryimage","url":"https:\/\/retki.fi\/wp-content\/uploads\/2024\/09\/R7071-tuote-3.jpg","contentUrl":"https:\/\/retki.fi\/wp-content\/uploads\/2024\/09\/R7071-tuote-3.jpg","width":2480,"height":2480},{"@type":"BreadcrumbList","@id":"https:\/\/retki.fi\/sv\/produkt\/latt-kedja-uppladdningsbar-8m-180lm-80xled-30xsmd\/#breadcrumb","itemListElement":[{"@type":"ListItem","position":1,"name":"Etusivu","item":"https:\/\/retki.fi\/"},{"@type":"ListItem","position":2,"name":"Produkter","item":"https:\/\/retki.fi\/sv\/produkter\/"},{"@type":"ListItem","position":3,"name":"L\u00e4ttkedja uppladdningsbar 8m 180lm 80xLED + 30xSMD"}]},{"@type":"WebSite","@id":"https:\/\/retki.fi\/#website","url":"https:\/\/retki.fi\/","name":"Retki Finland","description":"Best moments happen outdoors","publisher":{"@id":"https:\/\/retki.fi\/#organization"},"potentialAction":[{"@type":"SearchAction","target":{"@type":"EntryPoint","urlTemplate":"https:\/\/retki.fi\/?s={search_term_string}"},"query-input":{"@type":"PropertyValueSpecification","valueRequired":true,"valueName":"search_term_string"}}],"inLanguage":"sv-SE"},{"@type":"Organization","@id":"https:\/\/retki.fi\/#organization","name":"Retki Finland \/ Blue Import BIM Oy","url":"https:\/\/retki.fi\/","logo":{"@type":"ImageObject","inLanguage":"sv-SE","@id":"https:\/\/retki.fi\/#\/schema\/logo\/image\/","url":"https:\/\/retki.fi\/wp-content\/uploads\/2018\/11\/Retki_logo_512X512px.jpg","contentUrl":"https:\/\/retki.fi\/wp-content\/uploads\/2018\/11\/Retki_logo_512X512px.jpg","width":512,"height":512,"caption":"Retki Finland \/ Blue Import BIM Oy"},"image":{"@id":"https:\/\/retki.fi\/#\/schema\/logo\/image\/"},"sameAs":["https:\/\/www.facebook.com\/retkifinland\/","https:\/\/www.instagram.com\/retkifinland\/"]}]}},"_links":{"self":[{"href":"https:\/\/retki.fi\/sv\/wp-json\/wp\/v2\/product\/12892","targetHints":{"allow":["GET"]}}],"collection":[{"href":"https:\/\/retki.fi\/sv\/wp-json\/wp\/v2\/product"}],"about":[{"href":"https:\/\/retki.fi\/sv\/wp-json\/wp\/v2\/types\/product"}],"replies":[{"embeddable":true,"href":"https:\/\/retki.fi\/sv\/wp-json\/wp\/v2\/comments?post=12892"}],"wp:featuredmedia":[{"embeddable":true,"href":"https:\/\/retki.fi\/sv\/wp-json\/wp\/v2\/media\/11850"}],"wp:attachment":[{"href":"https:\/\/retki.fi\/sv\/wp-json\/wp\/v2\/media?parent=12892"}],"wp:term":[{"taxonomy":"product_brand","embeddable":true,"href":"https:\/\/retki.fi\/sv\/wp-json\/wp\/v2\/product_brand?post=12892"},{"taxonomy":"product_cat","embeddable":true,"href":"https:\/\/retki.fi\/sv\/wp-json\/wp\/v2\/product_cat?post=12892"},{"taxonomy":"product_tag","embeddable":true,"href":"https:\/\/retki.fi\/sv\/wp-json\/wp\/v2\/product_tag?post=12892"}],"curies":[{"name":"wp","href":"https:\/\/api.w.org\/{rel}","templated":true}]}}