{"id":13413,"date":"2024-10-15T15:16:51","date_gmt":"2024-10-15T12:16:51","guid":{"rendered":"https:\/\/retki.fi\/product\/termisk-innersula-engangssula-2st-s-23cm-36-38\/"},"modified":"2026-04-22T15:19:08","modified_gmt":"2026-04-22T12:19:08","slug":"termisk-innersula-engangssula-2st-s-23cm-36-38","status":"publish","type":"product","link":"https:\/\/retki.fi\/sv\/produkt\/termisk-innersula-engangssula-2st-s-23cm-36-38\/","title":{"rendered":"Termisk innersula eng\u00e5ngssula 2st S, 23cm \/ 36-38"},"content":{"rendered":"<p>Den v\u00e4rmande eng\u00e5ngssulan som kan placeras inuti skon \u00e4r den perfekta l\u00f6sningen f\u00f6r kalla dagar. Innersulan ger en behaglig och j\u00e4mn v\u00e4rme i upp till 9 timmar och h\u00e5ller dina f\u00f6tter varma och bekv\u00e4ma hela dagen. Den v\u00e4rmeaktiverade reaktionen av sulan b\u00f6rjar helt enkelt genom att \u00f6ppna f\u00f6rpackningen, s\u00e5 inf\u00f6randet g\u00e5r snabbt och enkelt.<\/p>\n<p>V\u00e4rmen i innersulan kommer fr\u00e5n naturliga ingredienser som reagerar med luft. Ingredienslistan inkluderar j\u00e4rnpulver, vatten, aktivt kol, vermikulit och natriumklorid. Kombinationen av dessa ingredienser skapar en termisk reaktion som bibeh\u00e5ller behaglig v\u00e4rme under l\u00e5ng tid. Aktivt kol och vermikulit hj\u00e4lper till att reglera och h\u00e5lla v\u00e4rmen konsekvent, medan j\u00e4rnpulver och vatten initierar en kemisk reaktion f\u00f6r att producera v\u00e4rme.<\/p>\n<p>Denna v\u00e4rmande innersula \u00e4r ett utm\u00e4rkt val f\u00f6r att g\u00e5 ut p\u00e5 vintern, och den ger ocks\u00e5 komfort till situationer d\u00e4r du r\u00f6r dig under svalare f\u00f6rh\u00e5llanden under l\u00e4ngre perioder.<\/p>\n<p>&nbsp;<\/p>\n","protected":false},"excerpt":{"rendered":"<p>Den v\u00e4rmande eng\u00e5ngssulan som kan placeras inuti skon \u00e4r den perfekta l\u00f6sningen f\u00f6r kalla dagar. Innersulan ger en behaglig och j\u00e4mn v\u00e4rme i upp till 9 timmar och h\u00e5ller dina f\u00f6tter varma och bekv\u00e4ma hela dagen. Den v\u00e4rmeaktiverade reaktionen av sulan b\u00f6rjar helt enkelt genom att \u00f6ppna f\u00f6rpackningen, s\u00e5 inf\u00f6randet g\u00e5r snabbt och enkelt. V\u00e4rmen [&hellip;]<\/p>\n","protected":false},"featured_media":11866,"comment_status":"closed","ping_status":"closed","template":"","meta":{"_acf_changed":false},"product_brand":[],"product_cat":[3562,3606,3575,3568],"product_tag":[],"class_list":{"0":"post-13413","1":"product","2":"type-product","3":"status-publish","4":"has-post-thumbnail","6":"product_cat-klader-sv","7":"product_cat-textilier","8":"product_cat-vandringsutrustning","9":"product_cat-vinteraventyr","11":"first","12":"instock","13":"shipping-taxable","14":"product-type-simple"},"acf":[],"yoast_head":"<!-- This site is optimized with the Yoast SEO plugin v27.4 - https:\/\/yoast.com\/product\/yoast-seo-wordpress\/ -->\n<title>Termisk innersula eng\u00e5ngssula 2st S, 23cm \/ 36-38 - Retki Finland<\/title>\n<meta name=\"robots\" content=\"index, follow, max-snippet:-1, max-image-preview:large, max-video-preview:-1\" \/>\n<link rel=\"canonical\" href=\"https:\/\/retki.fi\/sv\/produkt\/termisk-innersula-engangssula-2st-s-23cm-36-38\/\" \/>\n<meta property=\"og:locale\" content=\"sv_SE\" \/>\n<meta property=\"og:type\" content=\"article\" \/>\n<meta property=\"og:title\" content=\"Termisk innersula eng\u00e5ngssula 2st S, 23cm \/ 36-38 - Retki Finland\" \/>\n<meta property=\"og:description\" content=\"Den v\u00e4rmande eng\u00e5ngssulan som kan placeras inuti skon \u00e4r den perfekta l\u00f6sningen f\u00f6r kalla dagar. Innersulan ger en behaglig och j\u00e4mn v\u00e4rme i upp till 9 timmar och h\u00e5ller dina f\u00f6tter varma och bekv\u00e4ma hela dagen. Den v\u00e4rmeaktiverade reaktionen av sulan b\u00f6rjar helt enkelt genom att \u00f6ppna f\u00f6rpackningen, s\u00e5 inf\u00f6randet g\u00e5r snabbt och enkelt. V\u00e4rmen [&hellip;]\" \/>\n<meta property=\"og:url\" content=\"https:\/\/retki.fi\/sv\/produkt\/termisk-innersula-engangssula-2st-s-23cm-36-38\/\" \/>\n<meta property=\"og:site_name\" content=\"Retki Finland\" \/>\n<meta property=\"article:publisher\" content=\"https:\/\/www.facebook.com\/retkifinland\/\" \/>\n<meta property=\"article:modified_time\" content=\"2026-04-22T12:19:08+00:00\" \/>\n<meta property=\"og:image\" content=\"https:\/\/retki.fi\/wp-content\/uploads\/2024\/10\/R7073-box-1024x1024.jpg\" \/>\n\t<meta property=\"og:image:width\" content=\"1024\" \/>\n\t<meta property=\"og:image:height\" content=\"1024\" \/>\n\t<meta property=\"og:image:type\" content=\"image\/jpeg\" \/>\n<meta name=\"twitter:card\" content=\"summary_large_image\" \/>\n<meta name=\"twitter:label1\" content=\"Ber\u00e4knad l\u00e4stid\" \/>\n\t<meta name=\"twitter:data1\" content=\"1 minut\" \/>\n<script type=\"application\/ld+json\" class=\"yoast-schema-graph\">{\"@context\":\"https:\\\/\\\/schema.org\",\"@graph\":[{\"@type\":\"WebPage\",\"@id\":\"https:\\\/\\\/retki.fi\\\/sv\\\/produkt\\\/termisk-innersula-engangssula-2st-s-23cm-36-38\\\/\",\"url\":\"https:\\\/\\\/retki.fi\\\/sv\\\/produkt\\\/termisk-innersula-engangssula-2st-s-23cm-36-38\\\/\",\"name\":\"Termisk innersula eng\u00e5ngssula 2st S, 23cm \\\/ 36-38 - Retki Finland\",\"isPartOf\":{\"@id\":\"https:\\\/\\\/retki.fi\\\/#website\"},\"primaryImageOfPage\":{\"@id\":\"https:\\\/\\\/retki.fi\\\/sv\\\/produkt\\\/termisk-innersula-engangssula-2st-s-23cm-36-38\\\/#primaryimage\"},\"image\":{\"@id\":\"https:\\\/\\\/retki.fi\\\/sv\\\/produkt\\\/termisk-innersula-engangssula-2st-s-23cm-36-38\\\/#primaryimage\"},\"thumbnailUrl\":\"https:\\\/\\\/retki.fi\\\/wp-content\\\/uploads\\\/2024\\\/10\\\/R7073-box.jpg\",\"datePublished\":\"2024-10-15T12:16:51+00:00\",\"dateModified\":\"2026-04-22T12:19:08+00:00\",\"breadcrumb\":{\"@id\":\"https:\\\/\\\/retki.fi\\\/sv\\\/produkt\\\/termisk-innersula-engangssula-2st-s-23cm-36-38\\\/#breadcrumb\"},\"inLanguage\":\"sv-SE\",\"potentialAction\":[{\"@type\":\"ReadAction\",\"target\":[\"https:\\\/\\\/retki.fi\\\/sv\\\/produkt\\\/termisk-innersula-engangssula-2st-s-23cm-36-38\\\/\"]}]},{\"@type\":\"ImageObject\",\"inLanguage\":\"sv-SE\",\"@id\":\"https:\\\/\\\/retki.fi\\\/sv\\\/produkt\\\/termisk-innersula-engangssula-2st-s-23cm-36-38\\\/#primaryimage\",\"url\":\"https:\\\/\\\/retki.fi\\\/wp-content\\\/uploads\\\/2024\\\/10\\\/R7073-box.jpg\",\"contentUrl\":\"https:\\\/\\\/retki.fi\\\/wp-content\\\/uploads\\\/2024\\\/10\\\/R7073-box.jpg\",\"width\":2480,\"height\":2480},{\"@type\":\"BreadcrumbList\",\"@id\":\"https:\\\/\\\/retki.fi\\\/sv\\\/produkt\\\/termisk-innersula-engangssula-2st-s-23cm-36-38\\\/#breadcrumb\",\"itemListElement\":[{\"@type\":\"ListItem\",\"position\":1,\"name\":\"Etusivu\",\"item\":\"https:\\\/\\\/retki.fi\\\/\"},{\"@type\":\"ListItem\",\"position\":2,\"name\":\"Produkter\",\"item\":\"https:\\\/\\\/retki.fi\\\/sv\\\/produkter\\\/\"},{\"@type\":\"ListItem\",\"position\":3,\"name\":\"Termisk innersula eng\u00e5ngssula 2st S, 23cm \\\/ 36-38\"}]},{\"@type\":\"WebSite\",\"@id\":\"https:\\\/\\\/retki.fi\\\/#website\",\"url\":\"https:\\\/\\\/retki.fi\\\/\",\"name\":\"Retki Finland\",\"description\":\"Best moments happen outdoors\",\"publisher\":{\"@id\":\"https:\\\/\\\/retki.fi\\\/#organization\"},\"potentialAction\":[{\"@type\":\"SearchAction\",\"target\":{\"@type\":\"EntryPoint\",\"urlTemplate\":\"https:\\\/\\\/retki.fi\\\/?s={search_term_string}\"},\"query-input\":{\"@type\":\"PropertyValueSpecification\",\"valueRequired\":true,\"valueName\":\"search_term_string\"}}],\"inLanguage\":\"sv-SE\"},{\"@type\":\"Organization\",\"@id\":\"https:\\\/\\\/retki.fi\\\/#organization\",\"name\":\"Retki Finland \\\/ Blue Import BIM Oy\",\"url\":\"https:\\\/\\\/retki.fi\\\/\",\"logo\":{\"@type\":\"ImageObject\",\"inLanguage\":\"sv-SE\",\"@id\":\"https:\\\/\\\/retki.fi\\\/#\\\/schema\\\/logo\\\/image\\\/\",\"url\":\"https:\\\/\\\/retki.fi\\\/wp-content\\\/uploads\\\/2018\\\/11\\\/Retki_logo_512X512px.jpg\",\"contentUrl\":\"https:\\\/\\\/retki.fi\\\/wp-content\\\/uploads\\\/2018\\\/11\\\/Retki_logo_512X512px.jpg\",\"width\":512,\"height\":512,\"caption\":\"Retki Finland \\\/ Blue Import BIM Oy\"},\"image\":{\"@id\":\"https:\\\/\\\/retki.fi\\\/#\\\/schema\\\/logo\\\/image\\\/\"},\"sameAs\":[\"https:\\\/\\\/www.facebook.com\\\/retkifinland\\\/\",\"https:\\\/\\\/www.instagram.com\\\/retkifinland\\\/\"]}]}<\/script>\n<!-- \/ Yoast SEO plugin. -->","yoast_head_json":{"title":"Termisk innersula eng\u00e5ngssula 2st S, 23cm \/ 36-38 - Retki Finland","robots":{"index":"index","follow":"follow","max-snippet":"max-snippet:-1","max-image-preview":"max-image-preview:large","max-video-preview":"max-video-preview:-1"},"canonical":"https:\/\/retki.fi\/sv\/produkt\/termisk-innersula-engangssula-2st-s-23cm-36-38\/","og_locale":"sv_SE","og_type":"article","og_title":"Termisk innersula eng\u00e5ngssula 2st S, 23cm \/ 36-38 - Retki Finland","og_description":"Den v\u00e4rmande eng\u00e5ngssulan som kan placeras inuti skon \u00e4r den perfekta l\u00f6sningen f\u00f6r kalla dagar. Innersulan ger en behaglig och j\u00e4mn v\u00e4rme i upp till 9 timmar och h\u00e5ller dina f\u00f6tter varma och bekv\u00e4ma hela dagen. Den v\u00e4rmeaktiverade reaktionen av sulan b\u00f6rjar helt enkelt genom att \u00f6ppna f\u00f6rpackningen, s\u00e5 inf\u00f6randet g\u00e5r snabbt och enkelt. V\u00e4rmen [&hellip;]","og_url":"https:\/\/retki.fi\/sv\/produkt\/termisk-innersula-engangssula-2st-s-23cm-36-38\/","og_site_name":"Retki Finland","article_publisher":"https:\/\/www.facebook.com\/retkifinland\/","article_modified_time":"2026-04-22T12:19:08+00:00","og_image":[{"width":1024,"height":1024,"url":"https:\/\/retki.fi\/wp-content\/uploads\/2024\/10\/R7073-box-1024x1024.jpg","type":"image\/jpeg"}],"twitter_card":"summary_large_image","twitter_misc":{"Ber\u00e4knad l\u00e4stid":"1 minut"},"schema":{"@context":"https:\/\/schema.org","@graph":[{"@type":"WebPage","@id":"https:\/\/retki.fi\/sv\/produkt\/termisk-innersula-engangssula-2st-s-23cm-36-38\/","url":"https:\/\/retki.fi\/sv\/produkt\/termisk-innersula-engangssula-2st-s-23cm-36-38\/","name":"Termisk innersula eng\u00e5ngssula 2st S, 23cm \/ 36-38 - Retki Finland","isPartOf":{"@id":"https:\/\/retki.fi\/#website"},"primaryImageOfPage":{"@id":"https:\/\/retki.fi\/sv\/produkt\/termisk-innersula-engangssula-2st-s-23cm-36-38\/#primaryimage"},"image":{"@id":"https:\/\/retki.fi\/sv\/produkt\/termisk-innersula-engangssula-2st-s-23cm-36-38\/#primaryimage"},"thumbnailUrl":"https:\/\/retki.fi\/wp-content\/uploads\/2024\/10\/R7073-box.jpg","datePublished":"2024-10-15T12:16:51+00:00","dateModified":"2026-04-22T12:19:08+00:00","breadcrumb":{"@id":"https:\/\/retki.fi\/sv\/produkt\/termisk-innersula-engangssula-2st-s-23cm-36-38\/#breadcrumb"},"inLanguage":"sv-SE","potentialAction":[{"@type":"ReadAction","target":["https:\/\/retki.fi\/sv\/produkt\/termisk-innersula-engangssula-2st-s-23cm-36-38\/"]}]},{"@type":"ImageObject","inLanguage":"sv-SE","@id":"https:\/\/retki.fi\/sv\/produkt\/termisk-innersula-engangssula-2st-s-23cm-36-38\/#primaryimage","url":"https:\/\/retki.fi\/wp-content\/uploads\/2024\/10\/R7073-box.jpg","contentUrl":"https:\/\/retki.fi\/wp-content\/uploads\/2024\/10\/R7073-box.jpg","width":2480,"height":2480},{"@type":"BreadcrumbList","@id":"https:\/\/retki.fi\/sv\/produkt\/termisk-innersula-engangssula-2st-s-23cm-36-38\/#breadcrumb","itemListElement":[{"@type":"ListItem","position":1,"name":"Etusivu","item":"https:\/\/retki.fi\/"},{"@type":"ListItem","position":2,"name":"Produkter","item":"https:\/\/retki.fi\/sv\/produkter\/"},{"@type":"ListItem","position":3,"name":"Termisk innersula eng\u00e5ngssula 2st S, 23cm \/ 36-38"}]},{"@type":"WebSite","@id":"https:\/\/retki.fi\/#website","url":"https:\/\/retki.fi\/","name":"Retki Finland","description":"Best moments happen outdoors","publisher":{"@id":"https:\/\/retki.fi\/#organization"},"potentialAction":[{"@type":"SearchAction","target":{"@type":"EntryPoint","urlTemplate":"https:\/\/retki.fi\/?s={search_term_string}"},"query-input":{"@type":"PropertyValueSpecification","valueRequired":true,"valueName":"search_term_string"}}],"inLanguage":"sv-SE"},{"@type":"Organization","@id":"https:\/\/retki.fi\/#organization","name":"Retki Finland \/ Blue Import BIM Oy","url":"https:\/\/retki.fi\/","logo":{"@type":"ImageObject","inLanguage":"sv-SE","@id":"https:\/\/retki.fi\/#\/schema\/logo\/image\/","url":"https:\/\/retki.fi\/wp-content\/uploads\/2018\/11\/Retki_logo_512X512px.jpg","contentUrl":"https:\/\/retki.fi\/wp-content\/uploads\/2018\/11\/Retki_logo_512X512px.jpg","width":512,"height":512,"caption":"Retki Finland \/ Blue Import BIM Oy"},"image":{"@id":"https:\/\/retki.fi\/#\/schema\/logo\/image\/"},"sameAs":["https:\/\/www.facebook.com\/retkifinland\/","https:\/\/www.instagram.com\/retkifinland\/"]}]}},"_links":{"self":[{"href":"https:\/\/retki.fi\/sv\/wp-json\/wp\/v2\/product\/13413","targetHints":{"allow":["GET"]}}],"collection":[{"href":"https:\/\/retki.fi\/sv\/wp-json\/wp\/v2\/product"}],"about":[{"href":"https:\/\/retki.fi\/sv\/wp-json\/wp\/v2\/types\/product"}],"replies":[{"embeddable":true,"href":"https:\/\/retki.fi\/sv\/wp-json\/wp\/v2\/comments?post=13413"}],"wp:featuredmedia":[{"embeddable":true,"href":"https:\/\/retki.fi\/sv\/wp-json\/wp\/v2\/media\/11866"}],"wp:attachment":[{"href":"https:\/\/retki.fi\/sv\/wp-json\/wp\/v2\/media?parent=13413"}],"wp:term":[{"taxonomy":"product_brand","embeddable":true,"href":"https:\/\/retki.fi\/sv\/wp-json\/wp\/v2\/product_brand?post=13413"},{"taxonomy":"product_cat","embeddable":true,"href":"https:\/\/retki.fi\/sv\/wp-json\/wp\/v2\/product_cat?post=13413"},{"taxonomy":"product_tag","embeddable":true,"href":"https:\/\/retki.fi\/sv\/wp-json\/wp\/v2\/product_tag?post=13413"}],"curies":[{"name":"wp","href":"https:\/\/api.w.org\/{rel}","templated":true}]}}