{"id":15360,"date":"2026-04-03T08:00:50","date_gmt":"2026-04-03T05:00:50","guid":{"rendered":"https:\/\/retki.fi\/product\/uppblasbar-liggunderlag-185-x-70-comfort-orange\/"},"modified":"2026-04-03T08:00:50","modified_gmt":"2026-04-03T05:00:50","slug":"uppblasbar-liggunderlag-185-x-70-comfort-orange","status":"publish","type":"product","link":"https:\/\/retki.fi\/sv\/produkt\/uppblasbar-liggunderlag-185-x-70-comfort-orange\/","title":{"rendered":"Uppbl\u00e5sbar liggunderlag 185 \u00d7 70 Comfort, orange"},"content":{"rendered":"<p data-start=\"741\" data-end=\"964\">Ett uppbl\u00e5sbart liggunderlag med inbyggd pump \u00e4r ett utm\u00e4rkt val f\u00f6r friluftsentusiaster som v\u00e4rdes\u00e4tter komfort. Underlaget fylls enkelt utan separata pumpar och erbjuder en mjuk och j\u00e4mn sovyta f\u00f6r vandring och camping.<\/p>\n<p data-start=\"966\" data-end=\"1232\">Liggunderlaget l\u00e4mpar sig f\u00f6r anv\u00e4ndning under sen v\u00e5r, sommar och tidig h\u00f6st, men \u00e4r inte avsett f\u00f6r anv\u00e4ndning i minusgrader. Tack vare sin l\u00e4tta konstruktion v\u00e4ger det endast 990 gram, vilket g\u00f6r det enkelt att ta med p\u00e5 vandringar, cykelturer och campingresor.<\/p>\n<p data-start=\"1234\" data-end=\"1379\">Praktiska tryckknappar g\u00f6r det m\u00f6jligt att koppla ihop tv\u00e5 liggunderlag, vilket g\u00f6r det till ett utm\u00e4rkt alternativ f\u00f6r par eller familjecamping.<\/p>\n","protected":false},"excerpt":{"rendered":"<p>Uppbl\u00e5sbart liggunderlag med inbyggd pump<\/p>\n","protected":false},"featured_media":15103,"comment_status":"open","ping_status":"closed","template":"","meta":{"_acf_changed":false},"product_brand":[],"product_cat":[3572,3591],"product_tag":[3723,3563,3722,3724,3726,3725],"class_list":{"0":"post-15360","1":"product","2":"type-product","3":"status-publish","4":"has-post-thumbnail","6":"product_cat-camping","7":"product_cat-liggunderlag-och-resekuddar","8":"product_tag-campingmatta","9":"product_tag-etusivu-sv","10":"product_tag-liggunderlag-2","11":"product_tag-liggunderlag-for-camping","12":"product_tag-liggunderlag-for-talt","13":"product_tag-uppblasbart-liggunderlag-2","15":"first","16":"instock","17":"shipping-taxable","18":"product-type-simple"},"acf":[],"yoast_head":"<!-- This site is optimized with the Yoast SEO plugin v26.8 - https:\/\/yoast.com\/product\/yoast-seo-wordpress\/ -->\n<title>Uppbl\u00e5sbar liggunderlag 185 \u00d7 70 Comfort, orange - Retki Finland<\/title>\n<meta name=\"description\" content=\"Uppbl\u00e5sbart liggunderlag med inbyggd pump. V\u00e4ger endast 990 g. Tv\u00e5 liggunderlag kan kopplas ihop med tryckknappar.\" \/>\n<meta name=\"robots\" content=\"index, follow, max-snippet:-1, max-image-preview:large, max-video-preview:-1\" \/>\n<link rel=\"canonical\" href=\"https:\/\/retki.fi\/tuote\/makuualusta-ilmataytteinen-185x70-comfort-oranssi\/\" \/>\n<meta property=\"og:locale\" content=\"sv_SE\" \/>\n<meta property=\"og:type\" content=\"article\" \/>\n<meta property=\"og:title\" content=\"Uppbl\u00e5sbar liggunderlag 185 \u00d7 70 Comfort, orange - Retki Finland\" \/>\n<meta property=\"og:description\" content=\"Uppbl\u00e5sbart liggunderlag med inbyggd pump. V\u00e4ger endast 990 g. Tv\u00e5 liggunderlag kan kopplas ihop med tryckknappar.\" \/>\n<meta property=\"og:url\" content=\"https:\/\/retki.fi\/tuote\/makuualusta-ilmataytteinen-185x70-comfort-oranssi\/\" \/>\n<meta property=\"og:site_name\" content=\"Retki Finland\" \/>\n<meta property=\"article:publisher\" content=\"https:\/\/www.facebook.com\/retkifinland\/\" \/>\n<meta property=\"og:image\" content=\"https:\/\/retki.fi\/wp-content\/uploads\/2026\/01\/Gemini_Generated_Image_lbpyzclbpyzclbpy-1024x1024.png\" \/>\n\t<meta property=\"og:image:width\" content=\"1024\" \/>\n\t<meta property=\"og:image:height\" content=\"1024\" \/>\n\t<meta property=\"og:image:type\" content=\"image\/png\" \/>\n<meta name=\"twitter:card\" content=\"summary_large_image\" \/>\n<meta name=\"twitter:label1\" content=\"Ber\u00e4knad l\u00e4stid\" \/>\n\t<meta name=\"twitter:data1\" content=\"1 minut\" \/>\n<script type=\"application\/ld+json\" class=\"yoast-schema-graph\">{\"@context\":\"https:\/\/schema.org\",\"@graph\":[{\"@type\":\"WebPage\",\"@id\":\"https:\/\/retki.fi\/tuote\/makuualusta-ilmataytteinen-185x70-comfort-oranssi\/\",\"url\":\"https:\/\/retki.fi\/tuote\/makuualusta-ilmataytteinen-185x70-comfort-oranssi\/\",\"name\":\"Uppbl\u00e5sbar liggunderlag 185 \u00d7 70 Comfort, orange - Retki Finland\",\"isPartOf\":{\"@id\":\"https:\/\/retki.fi\/#website\"},\"primaryImageOfPage\":{\"@id\":\"https:\/\/retki.fi\/tuote\/makuualusta-ilmataytteinen-185x70-comfort-oranssi\/#primaryimage\"},\"image\":{\"@id\":\"https:\/\/retki.fi\/tuote\/makuualusta-ilmataytteinen-185x70-comfort-oranssi\/#primaryimage\"},\"thumbnailUrl\":\"https:\/\/retki.fi\/wp-content\/uploads\/2026\/01\/Gemini_Generated_Image_lbpyzclbpyzclbpy.png\",\"datePublished\":\"2026-04-03T05:00:50+00:00\",\"description\":\"Uppbl\u00e5sbart liggunderlag med inbyggd pump. V\u00e4ger endast 990 g. Tv\u00e5 liggunderlag kan kopplas ihop med tryckknappar.\",\"breadcrumb\":{\"@id\":\"https:\/\/retki.fi\/tuote\/makuualusta-ilmataytteinen-185x70-comfort-oranssi\/#breadcrumb\"},\"inLanguage\":\"sv-SE\",\"potentialAction\":[{\"@type\":\"ReadAction\",\"target\":[\"https:\/\/retki.fi\/tuote\/makuualusta-ilmataytteinen-185x70-comfort-oranssi\/\"]}]},{\"@type\":\"ImageObject\",\"inLanguage\":\"sv-SE\",\"@id\":\"https:\/\/retki.fi\/tuote\/makuualusta-ilmataytteinen-185x70-comfort-oranssi\/#primaryimage\",\"url\":\"https:\/\/retki.fi\/wp-content\/uploads\/2026\/01\/Gemini_Generated_Image_lbpyzclbpyzclbpy.png\",\"contentUrl\":\"https:\/\/retki.fi\/wp-content\/uploads\/2026\/01\/Gemini_Generated_Image_lbpyzclbpyzclbpy.png\",\"width\":2048,\"height\":2048},{\"@type\":\"BreadcrumbList\",\"@id\":\"https:\/\/retki.fi\/tuote\/makuualusta-ilmataytteinen-185x70-comfort-oranssi\/#breadcrumb\",\"itemListElement\":[{\"@type\":\"ListItem\",\"position\":1,\"name\":\"Etusivu\",\"item\":\"https:\/\/retki.fi\/\"},{\"@type\":\"ListItem\",\"position\":2,\"name\":\"Produkter\",\"item\":\"https:\/\/retki.fi\/sv\/produkter\/\"},{\"@type\":\"ListItem\",\"position\":3,\"name\":\"Uppbl\u00e5sbar liggunderlag 185 \u00d7 70 Comfort, orange\"}]},{\"@type\":\"WebSite\",\"@id\":\"https:\/\/retki.fi\/#website\",\"url\":\"https:\/\/retki.fi\/\",\"name\":\"Retki Finland\",\"description\":\"Best moments happen outdoors\",\"publisher\":{\"@id\":\"https:\/\/retki.fi\/#organization\"},\"potentialAction\":[{\"@type\":\"SearchAction\",\"target\":{\"@type\":\"EntryPoint\",\"urlTemplate\":\"https:\/\/retki.fi\/?s={search_term_string}\"},\"query-input\":{\"@type\":\"PropertyValueSpecification\",\"valueRequired\":true,\"valueName\":\"search_term_string\"}}],\"inLanguage\":\"sv-SE\"},{\"@type\":\"Organization\",\"@id\":\"https:\/\/retki.fi\/#organization\",\"name\":\"Retki Finland \/ Blue Import BIM Oy\",\"url\":\"https:\/\/retki.fi\/\",\"logo\":{\"@type\":\"ImageObject\",\"inLanguage\":\"sv-SE\",\"@id\":\"https:\/\/retki.fi\/#\/schema\/logo\/image\/\",\"url\":\"https:\/\/retki.fi\/wp-content\/uploads\/2018\/11\/Retki_logo_512X512px.jpg\",\"contentUrl\":\"https:\/\/retki.fi\/wp-content\/uploads\/2018\/11\/Retki_logo_512X512px.jpg\",\"width\":512,\"height\":512,\"caption\":\"Retki Finland \/ Blue Import BIM Oy\"},\"image\":{\"@id\":\"https:\/\/retki.fi\/#\/schema\/logo\/image\/\"},\"sameAs\":[\"https:\/\/www.facebook.com\/retkifinland\/\",\"https:\/\/www.instagram.com\/retkifinland\/\"]}]}<\/script>\n<!-- \/ Yoast SEO plugin. -->","yoast_head_json":{"title":"Uppbl\u00e5sbar liggunderlag 185 \u00d7 70 Comfort, orange - Retki Finland","description":"Uppbl\u00e5sbart liggunderlag med inbyggd pump. V\u00e4ger endast 990 g. Tv\u00e5 liggunderlag kan kopplas ihop med tryckknappar.","robots":{"index":"index","follow":"follow","max-snippet":"max-snippet:-1","max-image-preview":"max-image-preview:large","max-video-preview":"max-video-preview:-1"},"canonical":"https:\/\/retki.fi\/tuote\/makuualusta-ilmataytteinen-185x70-comfort-oranssi\/","og_locale":"sv_SE","og_type":"article","og_title":"Uppbl\u00e5sbar liggunderlag 185 \u00d7 70 Comfort, orange - Retki Finland","og_description":"Uppbl\u00e5sbart liggunderlag med inbyggd pump. V\u00e4ger endast 990 g. Tv\u00e5 liggunderlag kan kopplas ihop med tryckknappar.","og_url":"https:\/\/retki.fi\/tuote\/makuualusta-ilmataytteinen-185x70-comfort-oranssi\/","og_site_name":"Retki Finland","article_publisher":"https:\/\/www.facebook.com\/retkifinland\/","og_image":[{"width":1024,"height":1024,"url":"https:\/\/retki.fi\/wp-content\/uploads\/2026\/01\/Gemini_Generated_Image_lbpyzclbpyzclbpy-1024x1024.png","type":"image\/png"}],"twitter_card":"summary_large_image","twitter_misc":{"Ber\u00e4knad l\u00e4stid":"1 minut"},"schema":{"@context":"https:\/\/schema.org","@graph":[{"@type":"WebPage","@id":"https:\/\/retki.fi\/tuote\/makuualusta-ilmataytteinen-185x70-comfort-oranssi\/","url":"https:\/\/retki.fi\/tuote\/makuualusta-ilmataytteinen-185x70-comfort-oranssi\/","name":"Uppbl\u00e5sbar liggunderlag 185 \u00d7 70 Comfort, orange - Retki Finland","isPartOf":{"@id":"https:\/\/retki.fi\/#website"},"primaryImageOfPage":{"@id":"https:\/\/retki.fi\/tuote\/makuualusta-ilmataytteinen-185x70-comfort-oranssi\/#primaryimage"},"image":{"@id":"https:\/\/retki.fi\/tuote\/makuualusta-ilmataytteinen-185x70-comfort-oranssi\/#primaryimage"},"thumbnailUrl":"https:\/\/retki.fi\/wp-content\/uploads\/2026\/01\/Gemini_Generated_Image_lbpyzclbpyzclbpy.png","datePublished":"2026-04-03T05:00:50+00:00","description":"Uppbl\u00e5sbart liggunderlag med inbyggd pump. V\u00e4ger endast 990 g. Tv\u00e5 liggunderlag kan kopplas ihop med tryckknappar.","breadcrumb":{"@id":"https:\/\/retki.fi\/tuote\/makuualusta-ilmataytteinen-185x70-comfort-oranssi\/#breadcrumb"},"inLanguage":"sv-SE","potentialAction":[{"@type":"ReadAction","target":["https:\/\/retki.fi\/tuote\/makuualusta-ilmataytteinen-185x70-comfort-oranssi\/"]}]},{"@type":"ImageObject","inLanguage":"sv-SE","@id":"https:\/\/retki.fi\/tuote\/makuualusta-ilmataytteinen-185x70-comfort-oranssi\/#primaryimage","url":"https:\/\/retki.fi\/wp-content\/uploads\/2026\/01\/Gemini_Generated_Image_lbpyzclbpyzclbpy.png","contentUrl":"https:\/\/retki.fi\/wp-content\/uploads\/2026\/01\/Gemini_Generated_Image_lbpyzclbpyzclbpy.png","width":2048,"height":2048},{"@type":"BreadcrumbList","@id":"https:\/\/retki.fi\/tuote\/makuualusta-ilmataytteinen-185x70-comfort-oranssi\/#breadcrumb","itemListElement":[{"@type":"ListItem","position":1,"name":"Etusivu","item":"https:\/\/retki.fi\/"},{"@type":"ListItem","position":2,"name":"Produkter","item":"https:\/\/retki.fi\/sv\/produkter\/"},{"@type":"ListItem","position":3,"name":"Uppbl\u00e5sbar liggunderlag 185 \u00d7 70 Comfort, orange"}]},{"@type":"WebSite","@id":"https:\/\/retki.fi\/#website","url":"https:\/\/retki.fi\/","name":"Retki Finland","description":"Best moments happen outdoors","publisher":{"@id":"https:\/\/retki.fi\/#organization"},"potentialAction":[{"@type":"SearchAction","target":{"@type":"EntryPoint","urlTemplate":"https:\/\/retki.fi\/?s={search_term_string}"},"query-input":{"@type":"PropertyValueSpecification","valueRequired":true,"valueName":"search_term_string"}}],"inLanguage":"sv-SE"},{"@type":"Organization","@id":"https:\/\/retki.fi\/#organization","name":"Retki Finland \/ Blue Import BIM Oy","url":"https:\/\/retki.fi\/","logo":{"@type":"ImageObject","inLanguage":"sv-SE","@id":"https:\/\/retki.fi\/#\/schema\/logo\/image\/","url":"https:\/\/retki.fi\/wp-content\/uploads\/2018\/11\/Retki_logo_512X512px.jpg","contentUrl":"https:\/\/retki.fi\/wp-content\/uploads\/2018\/11\/Retki_logo_512X512px.jpg","width":512,"height":512,"caption":"Retki Finland \/ Blue Import BIM Oy"},"image":{"@id":"https:\/\/retki.fi\/#\/schema\/logo\/image\/"},"sameAs":["https:\/\/www.facebook.com\/retkifinland\/","https:\/\/www.instagram.com\/retkifinland\/"]}]}},"_links":{"self":[{"href":"https:\/\/retki.fi\/sv\/wp-json\/wp\/v2\/product\/15360","targetHints":{"allow":["GET"]}}],"collection":[{"href":"https:\/\/retki.fi\/sv\/wp-json\/wp\/v2\/product"}],"about":[{"href":"https:\/\/retki.fi\/sv\/wp-json\/wp\/v2\/types\/product"}],"replies":[{"embeddable":true,"href":"https:\/\/retki.fi\/sv\/wp-json\/wp\/v2\/comments?post=15360"}],"wp:featuredmedia":[{"embeddable":true,"href":"https:\/\/retki.fi\/sv\/wp-json\/wp\/v2\/media\/15103"}],"wp:attachment":[{"href":"https:\/\/retki.fi\/sv\/wp-json\/wp\/v2\/media?parent=15360"}],"wp:term":[{"taxonomy":"product_brand","embeddable":true,"href":"https:\/\/retki.fi\/sv\/wp-json\/wp\/v2\/product_brand?post=15360"},{"taxonomy":"product_cat","embeddable":true,"href":"https:\/\/retki.fi\/sv\/wp-json\/wp\/v2\/product_cat?post=15360"},{"taxonomy":"product_tag","embeddable":true,"href":"https:\/\/retki.fi\/sv\/wp-json\/wp\/v2\/product_tag?post=15360"}],"curies":[{"name":"wp","href":"https:\/\/api.w.org\/{rel}","templated":true}]}}