{"id":15362,"date":"2026-03-30T08:00:21","date_gmt":"2026-03-30T05:00:21","guid":{"rendered":"https:\/\/retki.fi\/product\/nodtalt-150-x-200-cm-orange\/"},"modified":"2026-03-30T08:00:21","modified_gmt":"2026-03-30T05:00:21","slug":"nodtalt-150-x-200-cm-orange","status":"publish","type":"product","link":"https:\/\/retki.fi\/sv\/produkt\/nodtalt-150-x-200-cm-orange\/","title":{"rendered":"N\u00f6dt\u00e4lt 150 \u00d7 200 cm, orange"},"content":{"rendered":"<p data-start=\"753\" data-end=\"966\">Ett n\u00f6dt\u00e4lt \u00e4r en viktig del av en vandrares och friluftsentusiasts beredskaps- och \u00f6verlevnadsutrustning. Detta l\u00e4tta och kompakta n\u00f6dt\u00e4lt ger p\u00e5litligt skydd mot vind och regn i ov\u00e4ntade situationer i naturen.<\/p>\n<p data-start=\"968\" data-end=\"1225\">Med en vikt p\u00e5 endast 220 gram \u00e4r n\u00f6dt\u00e4ltet enkelt att b\u00e4ra med sig i ryggs\u00e4cken, f\u00f6rsta hj\u00e4lpen-kit eller som extra utrustning p\u00e5 vandringar. Setet inneh\u00e5ller n\u00f6dt\u00e4ltet samt en 5 meter l\u00e5ng f\u00e4stlina, vilket g\u00f6r det snabbt och enkelt att s\u00e4tta upp i f\u00e4lt.<\/p>\n<p data-start=\"1227\" data-end=\"1359\">N\u00f6dt\u00e4ltets reflekterande insida \u00e5terkastar kroppsv\u00e4rmen, vilket hj\u00e4lper till att beh\u00e5lla v\u00e4rmen i kalla och kr\u00e4vande f\u00f6rh\u00e5llanden.<\/p>\n","protected":false},"excerpt":{"rendered":"<p>L\u00e4tt n\u00f6dt\u00e4lt f\u00f6r vandring och beredskap. Den reflekterande insidan hj\u00e4lper till att beh\u00e5lla v\u00e4rmen.<\/p>\n","protected":false},"featured_media":15132,"comment_status":"open","ping_status":"closed","template":"","meta":{"_acf_changed":false},"product_brand":[],"product_cat":[3572,3595,3575],"product_tag":[3563,3731,3729,3730],"class_list":{"0":"post-15362","1":"product","2":"type-product","3":"status-publish","4":"has-post-thumbnail","6":"product_cat-camping","7":"product_cat-talt-camping","8":"product_cat-vandringsutrustning","9":"product_tag-etusivu-sv","10":"product_tag-nodskydd","11":"product_tag-nodtalt","12":"product_tag-overlevnadstalt","14":"first","15":"instock","16":"shipping-taxable","17":"product-type-simple"},"acf":[],"yoast_head":"<!-- This site is optimized with the Yoast SEO plugin v26.8 - https:\/\/yoast.com\/product\/yoast-seo-wordpress\/ -->\n<title>N\u00f6dt\u00e4lt 150 \u00d7 200 cm, orange - Retki Finland<\/title>\n<meta name=\"description\" content=\"L\u00e4tt n\u00f6dt\u00e4lt f\u00f6r vandring och beredskap. Skyddar mot vind och regn, v\u00e4ger endast 220 g. Den reflekterande insidan hj\u00e4lper till att beh\u00e5lla v\u00e4rmen.\" \/>\n<meta name=\"robots\" content=\"index, follow, max-snippet:-1, max-image-preview:large, max-video-preview:-1\" \/>\n<link rel=\"canonical\" href=\"https:\/\/retki.fi\/tuote\/hatateltta-150x200cm-oranssi\/\" \/>\n<meta property=\"og:locale\" content=\"sv_SE\" \/>\n<meta property=\"og:type\" content=\"article\" \/>\n<meta property=\"og:title\" content=\"N\u00f6dt\u00e4lt 150 \u00d7 200 cm, orange - Retki Finland\" \/>\n<meta property=\"og:description\" content=\"L\u00e4tt n\u00f6dt\u00e4lt f\u00f6r vandring och beredskap. Skyddar mot vind och regn, v\u00e4ger endast 220 g. Den reflekterande insidan hj\u00e4lper till att beh\u00e5lla v\u00e4rmen.\" \/>\n<meta property=\"og:url\" content=\"https:\/\/retki.fi\/tuote\/hatateltta-150x200cm-oranssi\/\" \/>\n<meta property=\"og:site_name\" content=\"Retki Finland\" \/>\n<meta property=\"article:publisher\" content=\"https:\/\/www.facebook.com\/retkifinland\/\" \/>\n<meta property=\"og:image\" content=\"https:\/\/retki.fi\/wp-content\/uploads\/2026\/01\/R7154-tuote-1.jpg\" \/>\n\t<meta property=\"og:image:width\" content=\"2480\" \/>\n\t<meta property=\"og:image:height\" content=\"2092\" \/>\n\t<meta property=\"og:image:type\" content=\"image\/jpeg\" \/>\n<meta name=\"twitter:card\" content=\"summary_large_image\" \/>\n<meta name=\"twitter:label1\" content=\"Ber\u00e4knad l\u00e4stid\" \/>\n\t<meta name=\"twitter:data1\" content=\"1 minut\" \/>\n<script type=\"application\/ld+json\" class=\"yoast-schema-graph\">{\"@context\":\"https:\/\/schema.org\",\"@graph\":[{\"@type\":\"WebPage\",\"@id\":\"https:\/\/retki.fi\/tuote\/hatateltta-150x200cm-oranssi\/\",\"url\":\"https:\/\/retki.fi\/tuote\/hatateltta-150x200cm-oranssi\/\",\"name\":\"N\u00f6dt\u00e4lt 150 \u00d7 200 cm, orange - Retki Finland\",\"isPartOf\":{\"@id\":\"https:\/\/retki.fi\/#website\"},\"primaryImageOfPage\":{\"@id\":\"https:\/\/retki.fi\/tuote\/hatateltta-150x200cm-oranssi\/#primaryimage\"},\"image\":{\"@id\":\"https:\/\/retki.fi\/tuote\/hatateltta-150x200cm-oranssi\/#primaryimage\"},\"thumbnailUrl\":\"https:\/\/retki.fi\/wp-content\/uploads\/2026\/01\/R7154-tuote-1.jpg\",\"datePublished\":\"2026-03-30T05:00:21+00:00\",\"description\":\"L\u00e4tt n\u00f6dt\u00e4lt f\u00f6r vandring och beredskap. Skyddar mot vind och regn, v\u00e4ger endast 220 g. Den reflekterande insidan hj\u00e4lper till att beh\u00e5lla v\u00e4rmen.\",\"breadcrumb\":{\"@id\":\"https:\/\/retki.fi\/tuote\/hatateltta-150x200cm-oranssi\/#breadcrumb\"},\"inLanguage\":\"sv-SE\",\"potentialAction\":[{\"@type\":\"ReadAction\",\"target\":[\"https:\/\/retki.fi\/tuote\/hatateltta-150x200cm-oranssi\/\"]}]},{\"@type\":\"ImageObject\",\"inLanguage\":\"sv-SE\",\"@id\":\"https:\/\/retki.fi\/tuote\/hatateltta-150x200cm-oranssi\/#primaryimage\",\"url\":\"https:\/\/retki.fi\/wp-content\/uploads\/2026\/01\/R7154-tuote-1.jpg\",\"contentUrl\":\"https:\/\/retki.fi\/wp-content\/uploads\/2026\/01\/R7154-tuote-1.jpg\",\"width\":2480,\"height\":2092},{\"@type\":\"BreadcrumbList\",\"@id\":\"https:\/\/retki.fi\/tuote\/hatateltta-150x200cm-oranssi\/#breadcrumb\",\"itemListElement\":[{\"@type\":\"ListItem\",\"position\":1,\"name\":\"Etusivu\",\"item\":\"https:\/\/retki.fi\/\"},{\"@type\":\"ListItem\",\"position\":2,\"name\":\"Produkter\",\"item\":\"https:\/\/retki.fi\/sv\/produkter\/\"},{\"@type\":\"ListItem\",\"position\":3,\"name\":\"N\u00f6dt\u00e4lt 150 \u00d7 200 cm, orange\"}]},{\"@type\":\"WebSite\",\"@id\":\"https:\/\/retki.fi\/#website\",\"url\":\"https:\/\/retki.fi\/\",\"name\":\"Retki Finland\",\"description\":\"Best moments happen outdoors\",\"publisher\":{\"@id\":\"https:\/\/retki.fi\/#organization\"},\"potentialAction\":[{\"@type\":\"SearchAction\",\"target\":{\"@type\":\"EntryPoint\",\"urlTemplate\":\"https:\/\/retki.fi\/?s={search_term_string}\"},\"query-input\":{\"@type\":\"PropertyValueSpecification\",\"valueRequired\":true,\"valueName\":\"search_term_string\"}}],\"inLanguage\":\"sv-SE\"},{\"@type\":\"Organization\",\"@id\":\"https:\/\/retki.fi\/#organization\",\"name\":\"Retki Finland \/ Blue Import BIM Oy\",\"url\":\"https:\/\/retki.fi\/\",\"logo\":{\"@type\":\"ImageObject\",\"inLanguage\":\"sv-SE\",\"@id\":\"https:\/\/retki.fi\/#\/schema\/logo\/image\/\",\"url\":\"https:\/\/retki.fi\/wp-content\/uploads\/2018\/11\/Retki_logo_512X512px.jpg\",\"contentUrl\":\"https:\/\/retki.fi\/wp-content\/uploads\/2018\/11\/Retki_logo_512X512px.jpg\",\"width\":512,\"height\":512,\"caption\":\"Retki Finland \/ Blue Import BIM Oy\"},\"image\":{\"@id\":\"https:\/\/retki.fi\/#\/schema\/logo\/image\/\"},\"sameAs\":[\"https:\/\/www.facebook.com\/retkifinland\/\",\"https:\/\/www.instagram.com\/retkifinland\/\"]}]}<\/script>\n<!-- \/ Yoast SEO plugin. -->","yoast_head_json":{"title":"N\u00f6dt\u00e4lt 150 \u00d7 200 cm, orange - Retki Finland","description":"L\u00e4tt n\u00f6dt\u00e4lt f\u00f6r vandring och beredskap. Skyddar mot vind och regn, v\u00e4ger endast 220 g. Den reflekterande insidan hj\u00e4lper till att beh\u00e5lla v\u00e4rmen.","robots":{"index":"index","follow":"follow","max-snippet":"max-snippet:-1","max-image-preview":"max-image-preview:large","max-video-preview":"max-video-preview:-1"},"canonical":"https:\/\/retki.fi\/tuote\/hatateltta-150x200cm-oranssi\/","og_locale":"sv_SE","og_type":"article","og_title":"N\u00f6dt\u00e4lt 150 \u00d7 200 cm, orange - Retki Finland","og_description":"L\u00e4tt n\u00f6dt\u00e4lt f\u00f6r vandring och beredskap. Skyddar mot vind och regn, v\u00e4ger endast 220 g. Den reflekterande insidan hj\u00e4lper till att beh\u00e5lla v\u00e4rmen.","og_url":"https:\/\/retki.fi\/tuote\/hatateltta-150x200cm-oranssi\/","og_site_name":"Retki Finland","article_publisher":"https:\/\/www.facebook.com\/retkifinland\/","og_image":[{"width":2480,"height":2092,"url":"https:\/\/retki.fi\/wp-content\/uploads\/2026\/01\/R7154-tuote-1.jpg","type":"image\/jpeg"}],"twitter_card":"summary_large_image","twitter_misc":{"Ber\u00e4knad l\u00e4stid":"1 minut"},"schema":{"@context":"https:\/\/schema.org","@graph":[{"@type":"WebPage","@id":"https:\/\/retki.fi\/tuote\/hatateltta-150x200cm-oranssi\/","url":"https:\/\/retki.fi\/tuote\/hatateltta-150x200cm-oranssi\/","name":"N\u00f6dt\u00e4lt 150 \u00d7 200 cm, orange - Retki Finland","isPartOf":{"@id":"https:\/\/retki.fi\/#website"},"primaryImageOfPage":{"@id":"https:\/\/retki.fi\/tuote\/hatateltta-150x200cm-oranssi\/#primaryimage"},"image":{"@id":"https:\/\/retki.fi\/tuote\/hatateltta-150x200cm-oranssi\/#primaryimage"},"thumbnailUrl":"https:\/\/retki.fi\/wp-content\/uploads\/2026\/01\/R7154-tuote-1.jpg","datePublished":"2026-03-30T05:00:21+00:00","description":"L\u00e4tt n\u00f6dt\u00e4lt f\u00f6r vandring och beredskap. Skyddar mot vind och regn, v\u00e4ger endast 220 g. Den reflekterande insidan hj\u00e4lper till att beh\u00e5lla v\u00e4rmen.","breadcrumb":{"@id":"https:\/\/retki.fi\/tuote\/hatateltta-150x200cm-oranssi\/#breadcrumb"},"inLanguage":"sv-SE","potentialAction":[{"@type":"ReadAction","target":["https:\/\/retki.fi\/tuote\/hatateltta-150x200cm-oranssi\/"]}]},{"@type":"ImageObject","inLanguage":"sv-SE","@id":"https:\/\/retki.fi\/tuote\/hatateltta-150x200cm-oranssi\/#primaryimage","url":"https:\/\/retki.fi\/wp-content\/uploads\/2026\/01\/R7154-tuote-1.jpg","contentUrl":"https:\/\/retki.fi\/wp-content\/uploads\/2026\/01\/R7154-tuote-1.jpg","width":2480,"height":2092},{"@type":"BreadcrumbList","@id":"https:\/\/retki.fi\/tuote\/hatateltta-150x200cm-oranssi\/#breadcrumb","itemListElement":[{"@type":"ListItem","position":1,"name":"Etusivu","item":"https:\/\/retki.fi\/"},{"@type":"ListItem","position":2,"name":"Produkter","item":"https:\/\/retki.fi\/sv\/produkter\/"},{"@type":"ListItem","position":3,"name":"N\u00f6dt\u00e4lt 150 \u00d7 200 cm, orange"}]},{"@type":"WebSite","@id":"https:\/\/retki.fi\/#website","url":"https:\/\/retki.fi\/","name":"Retki Finland","description":"Best moments happen outdoors","publisher":{"@id":"https:\/\/retki.fi\/#organization"},"potentialAction":[{"@type":"SearchAction","target":{"@type":"EntryPoint","urlTemplate":"https:\/\/retki.fi\/?s={search_term_string}"},"query-input":{"@type":"PropertyValueSpecification","valueRequired":true,"valueName":"search_term_string"}}],"inLanguage":"sv-SE"},{"@type":"Organization","@id":"https:\/\/retki.fi\/#organization","name":"Retki Finland \/ Blue Import BIM Oy","url":"https:\/\/retki.fi\/","logo":{"@type":"ImageObject","inLanguage":"sv-SE","@id":"https:\/\/retki.fi\/#\/schema\/logo\/image\/","url":"https:\/\/retki.fi\/wp-content\/uploads\/2018\/11\/Retki_logo_512X512px.jpg","contentUrl":"https:\/\/retki.fi\/wp-content\/uploads\/2018\/11\/Retki_logo_512X512px.jpg","width":512,"height":512,"caption":"Retki Finland \/ Blue Import BIM Oy"},"image":{"@id":"https:\/\/retki.fi\/#\/schema\/logo\/image\/"},"sameAs":["https:\/\/www.facebook.com\/retkifinland\/","https:\/\/www.instagram.com\/retkifinland\/"]}]}},"_links":{"self":[{"href":"https:\/\/retki.fi\/sv\/wp-json\/wp\/v2\/product\/15362","targetHints":{"allow":["GET"]}}],"collection":[{"href":"https:\/\/retki.fi\/sv\/wp-json\/wp\/v2\/product"}],"about":[{"href":"https:\/\/retki.fi\/sv\/wp-json\/wp\/v2\/types\/product"}],"replies":[{"embeddable":true,"href":"https:\/\/retki.fi\/sv\/wp-json\/wp\/v2\/comments?post=15362"}],"wp:featuredmedia":[{"embeddable":true,"href":"https:\/\/retki.fi\/sv\/wp-json\/wp\/v2\/media\/15132"}],"wp:attachment":[{"href":"https:\/\/retki.fi\/sv\/wp-json\/wp\/v2\/media?parent=15362"}],"wp:term":[{"taxonomy":"product_brand","embeddable":true,"href":"https:\/\/retki.fi\/sv\/wp-json\/wp\/v2\/product_brand?post=15362"},{"taxonomy":"product_cat","embeddable":true,"href":"https:\/\/retki.fi\/sv\/wp-json\/wp\/v2\/product_cat?post=15362"},{"taxonomy":"product_tag","embeddable":true,"href":"https:\/\/retki.fi\/sv\/wp-json\/wp\/v2\/product_tag?post=15362"}],"curies":[{"name":"wp","href":"https:\/\/api.w.org\/{rel}","templated":true}]}}