{"id":15364,"date":"2026-03-06T08:00:03","date_gmt":"2026-03-06T06:00:03","guid":{"rendered":"https:\/\/retki.fi\/product\/tundra-5000-2p-talt-orange\/"},"modified":"2026-04-18T12:24:59","modified_gmt":"2026-04-18T09:24:59","slug":"tundra-5000-2p-talt-orange","status":"publish","type":"product","link":"https:\/\/retki.fi\/sv\/produkt\/tundra-5000-2p-talt-orange\/","title":{"rendered":"Tundra 5000 2P t\u00e4lt, orange"},"content":{"rendered":"<p data-start=\"862\" data-end=\"1084\">Detta h\u00f6gkvalitativa tv\u00e5mannat\u00e4lt \u00e4r ett utm\u00e4rkt val f\u00f6r vandring, friluftsliv och camping. T\u00e4ltet \u00e4r snabbt och enkelt att s\u00e4tta upp, vilket g\u00f6r det till ett praktiskt alternativ f\u00f6r b\u00e5de nyb\u00f6rjare och erfarna vandrare.<\/p>\n<p data-start=\"1086\" data-end=\"1344\">Inuti t\u00e4ltet finns flera praktiska f\u00f6rvaringsfickor som hj\u00e4lper till att h\u00e5lla utrustningen organiserad. Komforten f\u00f6rb\u00e4ttras av en genomt\u00e4nkt konstruktion: sovriktningen \u00e4r placerad tv\u00e4rs mot d\u00f6rrarna, vilket g\u00f6r det enkelt att ta sig in och ut ur t\u00e4ltet.<\/p>\n<p data-start=\"1346\" data-end=\"1585\">B\u00e5da sovplatserna har egna ing\u00e5ngar med myggn\u00e4t, vilket g\u00f6r det l\u00e4tt att g\u00e5 in och ut utan att st\u00f6ra varandra. En vattenpelare p\u00e5 5000 mm ger ett p\u00e5litligt skydd mot regn och g\u00f6r t\u00e4ltet till ett tryggt val i varierande v\u00e4derf\u00f6rh\u00e5llanden.<\/p>\n","protected":false},"excerpt":{"rendered":"<p>H\u00f6gkvalitativt tv\u00e5mannat\u00e4lt. 5000 mm vattenpelare.<\/p>\n","protected":false},"featured_media":15113,"comment_status":"open","ping_status":"closed","template":"","meta":{"_acf_changed":false},"product_brand":[],"product_cat":[3572,3595],"product_tag":[3741,3563,3740,3737,3738,3739],"class_list":{"0":"post-15364","1":"product","2":"type-product","3":"status-publish","4":"has-post-thumbnail","6":"product_cat-camping","7":"product_cat-talt-camping","8":"product_tag-2-personers-talt","9":"product_tag-etusivu-sv","10":"product_tag-latt-talt","11":"product_tag-talt-2","12":"product_tag-tvamannatalt","13":"product_tag-vandringstalt","15":"first","16":"instock","17":"shipping-taxable","18":"product-type-simple"},"acf":[],"yoast_head":"<!-- This site is optimized with the Yoast SEO plugin v26.8 - https:\/\/yoast.com\/product\/yoast-seo-wordpress\/ -->\n<title>Tundra 5000 2P t\u00e4lt, orange - Retki Finland<\/title>\n<meta name=\"description\" content=\"H\u00f6gkvalitativt tv\u00e5mannat\u00e4lt. Mycket snabbt och enkelt att s\u00e4tta upp. Flera f\u00f6rvaringsfickor inv\u00e4ndigt. 5000 mm vattenpelare.\" \/>\n<meta name=\"robots\" content=\"index, follow, max-snippet:-1, max-image-preview:large, max-video-preview:-1\" \/>\n<link rel=\"canonical\" href=\"https:\/\/retki.fi\/sv\/produkt\/tundra-5000-2p-talt-orange\/\" \/>\n<meta property=\"og:locale\" content=\"sv_SE\" \/>\n<meta property=\"og:type\" content=\"article\" \/>\n<meta property=\"og:title\" content=\"Tundra 5000 2P t\u00e4lt, orange - Retki Finland\" \/>\n<meta property=\"og:description\" content=\"H\u00f6gkvalitativt tv\u00e5mannat\u00e4lt. Mycket snabbt och enkelt att s\u00e4tta upp. Flera f\u00f6rvaringsfickor inv\u00e4ndigt. 5000 mm vattenpelare.\" \/>\n<meta property=\"og:url\" content=\"https:\/\/retki.fi\/sv\/produkt\/tundra-5000-2p-talt-orange\/\" \/>\n<meta property=\"og:site_name\" content=\"Retki Finland\" \/>\n<meta property=\"article:publisher\" content=\"https:\/\/www.facebook.com\/retkifinland\/\" \/>\n<meta property=\"article:modified_time\" content=\"2026-04-18T09:24:59+00:00\" \/>\n<meta property=\"og:image\" content=\"https:\/\/retki.fi\/wp-content\/uploads\/2026\/01\/R7152-tuote-2.jpg\" \/>\n\t<meta property=\"og:image:width\" content=\"2480\" \/>\n\t<meta property=\"og:image:height\" content=\"2479\" \/>\n\t<meta property=\"og:image:type\" content=\"image\/jpeg\" \/>\n<meta name=\"twitter:card\" content=\"summary_large_image\" \/>\n<meta name=\"twitter:label1\" content=\"Ber\u00e4knad l\u00e4stid\" \/>\n\t<meta name=\"twitter:data1\" content=\"1 minut\" \/>\n<script type=\"application\/ld+json\" class=\"yoast-schema-graph\">{\"@context\":\"https:\/\/schema.org\",\"@graph\":[{\"@type\":\"WebPage\",\"@id\":\"https:\/\/retki.fi\/sv\/produkt\/tundra-5000-2p-talt-orange\/\",\"url\":\"https:\/\/retki.fi\/sv\/produkt\/tundra-5000-2p-talt-orange\/\",\"name\":\"Tundra 5000 2P t\u00e4lt, orange - Retki Finland\",\"isPartOf\":{\"@id\":\"https:\/\/retki.fi\/#website\"},\"primaryImageOfPage\":{\"@id\":\"https:\/\/retki.fi\/sv\/produkt\/tundra-5000-2p-talt-orange\/#primaryimage\"},\"image\":{\"@id\":\"https:\/\/retki.fi\/sv\/produkt\/tundra-5000-2p-talt-orange\/#primaryimage\"},\"thumbnailUrl\":\"https:\/\/retki.fi\/wp-content\/uploads\/2026\/01\/R7152-tuote-2.jpg\",\"datePublished\":\"2026-03-06T06:00:03+00:00\",\"dateModified\":\"2026-04-18T09:24:59+00:00\",\"description\":\"H\u00f6gkvalitativt tv\u00e5mannat\u00e4lt. Mycket snabbt och enkelt att s\u00e4tta upp. Flera f\u00f6rvaringsfickor inv\u00e4ndigt. 5000 mm vattenpelare.\",\"breadcrumb\":{\"@id\":\"https:\/\/retki.fi\/sv\/produkt\/tundra-5000-2p-talt-orange\/#breadcrumb\"},\"inLanguage\":\"sv-SE\",\"potentialAction\":[{\"@type\":\"ReadAction\",\"target\":[\"https:\/\/retki.fi\/sv\/produkt\/tundra-5000-2p-talt-orange\/\"]}]},{\"@type\":\"ImageObject\",\"inLanguage\":\"sv-SE\",\"@id\":\"https:\/\/retki.fi\/sv\/produkt\/tundra-5000-2p-talt-orange\/#primaryimage\",\"url\":\"https:\/\/retki.fi\/wp-content\/uploads\/2026\/01\/R7152-tuote-2.jpg\",\"contentUrl\":\"https:\/\/retki.fi\/wp-content\/uploads\/2026\/01\/R7152-tuote-2.jpg\",\"width\":2480,\"height\":2479},{\"@type\":\"BreadcrumbList\",\"@id\":\"https:\/\/retki.fi\/sv\/produkt\/tundra-5000-2p-talt-orange\/#breadcrumb\",\"itemListElement\":[{\"@type\":\"ListItem\",\"position\":1,\"name\":\"Etusivu\",\"item\":\"https:\/\/retki.fi\/\"},{\"@type\":\"ListItem\",\"position\":2,\"name\":\"Produkter\",\"item\":\"https:\/\/retki.fi\/sv\/produkter\/\"},{\"@type\":\"ListItem\",\"position\":3,\"name\":\"Tundra 5000 2P t\u00e4lt, orange\"}]},{\"@type\":\"WebSite\",\"@id\":\"https:\/\/retki.fi\/#website\",\"url\":\"https:\/\/retki.fi\/\",\"name\":\"Retki Finland\",\"description\":\"Best moments happen outdoors\",\"publisher\":{\"@id\":\"https:\/\/retki.fi\/#organization\"},\"potentialAction\":[{\"@type\":\"SearchAction\",\"target\":{\"@type\":\"EntryPoint\",\"urlTemplate\":\"https:\/\/retki.fi\/?s={search_term_string}\"},\"query-input\":{\"@type\":\"PropertyValueSpecification\",\"valueRequired\":true,\"valueName\":\"search_term_string\"}}],\"inLanguage\":\"sv-SE\"},{\"@type\":\"Organization\",\"@id\":\"https:\/\/retki.fi\/#organization\",\"name\":\"Retki Finland \/ Blue Import BIM Oy\",\"url\":\"https:\/\/retki.fi\/\",\"logo\":{\"@type\":\"ImageObject\",\"inLanguage\":\"sv-SE\",\"@id\":\"https:\/\/retki.fi\/#\/schema\/logo\/image\/\",\"url\":\"https:\/\/retki.fi\/wp-content\/uploads\/2018\/11\/Retki_logo_512X512px.jpg\",\"contentUrl\":\"https:\/\/retki.fi\/wp-content\/uploads\/2018\/11\/Retki_logo_512X512px.jpg\",\"width\":512,\"height\":512,\"caption\":\"Retki Finland \/ Blue Import BIM Oy\"},\"image\":{\"@id\":\"https:\/\/retki.fi\/#\/schema\/logo\/image\/\"},\"sameAs\":[\"https:\/\/www.facebook.com\/retkifinland\/\",\"https:\/\/www.instagram.com\/retkifinland\/\"]}]}<\/script>\n<!-- \/ Yoast SEO plugin. -->","yoast_head_json":{"title":"Tundra 5000 2P t\u00e4lt, orange - Retki Finland","description":"H\u00f6gkvalitativt tv\u00e5mannat\u00e4lt. Mycket snabbt och enkelt att s\u00e4tta upp. Flera f\u00f6rvaringsfickor inv\u00e4ndigt. 5000 mm vattenpelare.","robots":{"index":"index","follow":"follow","max-snippet":"max-snippet:-1","max-image-preview":"max-image-preview:large","max-video-preview":"max-video-preview:-1"},"canonical":"https:\/\/retki.fi\/sv\/produkt\/tundra-5000-2p-talt-orange\/","og_locale":"sv_SE","og_type":"article","og_title":"Tundra 5000 2P t\u00e4lt, orange - Retki Finland","og_description":"H\u00f6gkvalitativt tv\u00e5mannat\u00e4lt. Mycket snabbt och enkelt att s\u00e4tta upp. Flera f\u00f6rvaringsfickor inv\u00e4ndigt. 5000 mm vattenpelare.","og_url":"https:\/\/retki.fi\/sv\/produkt\/tundra-5000-2p-talt-orange\/","og_site_name":"Retki Finland","article_publisher":"https:\/\/www.facebook.com\/retkifinland\/","article_modified_time":"2026-04-18T09:24:59+00:00","og_image":[{"width":2480,"height":2479,"url":"https:\/\/retki.fi\/wp-content\/uploads\/2026\/01\/R7152-tuote-2.jpg","type":"image\/jpeg"}],"twitter_card":"summary_large_image","twitter_misc":{"Ber\u00e4knad l\u00e4stid":"1 minut"},"schema":{"@context":"https:\/\/schema.org","@graph":[{"@type":"WebPage","@id":"https:\/\/retki.fi\/sv\/produkt\/tundra-5000-2p-talt-orange\/","url":"https:\/\/retki.fi\/sv\/produkt\/tundra-5000-2p-talt-orange\/","name":"Tundra 5000 2P t\u00e4lt, orange - Retki Finland","isPartOf":{"@id":"https:\/\/retki.fi\/#website"},"primaryImageOfPage":{"@id":"https:\/\/retki.fi\/sv\/produkt\/tundra-5000-2p-talt-orange\/#primaryimage"},"image":{"@id":"https:\/\/retki.fi\/sv\/produkt\/tundra-5000-2p-talt-orange\/#primaryimage"},"thumbnailUrl":"https:\/\/retki.fi\/wp-content\/uploads\/2026\/01\/R7152-tuote-2.jpg","datePublished":"2026-03-06T06:00:03+00:00","dateModified":"2026-04-18T09:24:59+00:00","description":"H\u00f6gkvalitativt tv\u00e5mannat\u00e4lt. Mycket snabbt och enkelt att s\u00e4tta upp. Flera f\u00f6rvaringsfickor inv\u00e4ndigt. 5000 mm vattenpelare.","breadcrumb":{"@id":"https:\/\/retki.fi\/sv\/produkt\/tundra-5000-2p-talt-orange\/#breadcrumb"},"inLanguage":"sv-SE","potentialAction":[{"@type":"ReadAction","target":["https:\/\/retki.fi\/sv\/produkt\/tundra-5000-2p-talt-orange\/"]}]},{"@type":"ImageObject","inLanguage":"sv-SE","@id":"https:\/\/retki.fi\/sv\/produkt\/tundra-5000-2p-talt-orange\/#primaryimage","url":"https:\/\/retki.fi\/wp-content\/uploads\/2026\/01\/R7152-tuote-2.jpg","contentUrl":"https:\/\/retki.fi\/wp-content\/uploads\/2026\/01\/R7152-tuote-2.jpg","width":2480,"height":2479},{"@type":"BreadcrumbList","@id":"https:\/\/retki.fi\/sv\/produkt\/tundra-5000-2p-talt-orange\/#breadcrumb","itemListElement":[{"@type":"ListItem","position":1,"name":"Etusivu","item":"https:\/\/retki.fi\/"},{"@type":"ListItem","position":2,"name":"Produkter","item":"https:\/\/retki.fi\/sv\/produkter\/"},{"@type":"ListItem","position":3,"name":"Tundra 5000 2P t\u00e4lt, orange"}]},{"@type":"WebSite","@id":"https:\/\/retki.fi\/#website","url":"https:\/\/retki.fi\/","name":"Retki Finland","description":"Best moments happen outdoors","publisher":{"@id":"https:\/\/retki.fi\/#organization"},"potentialAction":[{"@type":"SearchAction","target":{"@type":"EntryPoint","urlTemplate":"https:\/\/retki.fi\/?s={search_term_string}"},"query-input":{"@type":"PropertyValueSpecification","valueRequired":true,"valueName":"search_term_string"}}],"inLanguage":"sv-SE"},{"@type":"Organization","@id":"https:\/\/retki.fi\/#organization","name":"Retki Finland \/ Blue Import BIM Oy","url":"https:\/\/retki.fi\/","logo":{"@type":"ImageObject","inLanguage":"sv-SE","@id":"https:\/\/retki.fi\/#\/schema\/logo\/image\/","url":"https:\/\/retki.fi\/wp-content\/uploads\/2018\/11\/Retki_logo_512X512px.jpg","contentUrl":"https:\/\/retki.fi\/wp-content\/uploads\/2018\/11\/Retki_logo_512X512px.jpg","width":512,"height":512,"caption":"Retki Finland \/ Blue Import BIM Oy"},"image":{"@id":"https:\/\/retki.fi\/#\/schema\/logo\/image\/"},"sameAs":["https:\/\/www.facebook.com\/retkifinland\/","https:\/\/www.instagram.com\/retkifinland\/"]}]}},"_links":{"self":[{"href":"https:\/\/retki.fi\/sv\/wp-json\/wp\/v2\/product\/15364","targetHints":{"allow":["GET"]}}],"collection":[{"href":"https:\/\/retki.fi\/sv\/wp-json\/wp\/v2\/product"}],"about":[{"href":"https:\/\/retki.fi\/sv\/wp-json\/wp\/v2\/types\/product"}],"replies":[{"embeddable":true,"href":"https:\/\/retki.fi\/sv\/wp-json\/wp\/v2\/comments?post=15364"}],"wp:featuredmedia":[{"embeddable":true,"href":"https:\/\/retki.fi\/sv\/wp-json\/wp\/v2\/media\/15113"}],"wp:attachment":[{"href":"https:\/\/retki.fi\/sv\/wp-json\/wp\/v2\/media?parent=15364"}],"wp:term":[{"taxonomy":"product_brand","embeddable":true,"href":"https:\/\/retki.fi\/sv\/wp-json\/wp\/v2\/product_brand?post=15364"},{"taxonomy":"product_cat","embeddable":true,"href":"https:\/\/retki.fi\/sv\/wp-json\/wp\/v2\/product_cat?post=15364"},{"taxonomy":"product_tag","embeddable":true,"href":"https:\/\/retki.fi\/sv\/wp-json\/wp\/v2\/product_tag?post=15364"}],"curies":[{"name":"wp","href":"https:\/\/api.w.org\/{rel}","templated":true}]}}