{"id":15366,"date":"2025-12-29T15:54:06","date_gmt":"2025-12-29T13:54:06","guid":{"rendered":"https:\/\/retki.fi\/product\/strumpor-i-kaffefiber-3-pack-gra\/"},"modified":"2025-12-29T15:54:06","modified_gmt":"2025-12-29T13:54:06","slug":"strumpor-i-kaffefiber-3-pack-gra","status":"publish","type":"product","link":"https:\/\/retki.fi\/sv\/produkt\/strumpor-i-kaffefiber-3-pack-gra\/","title":{"rendered":"Strumpor i kaffefiber 3-pack, gr\u00e5"},"content":{"rendered":"<p data-start=\"560\" data-end=\"862\">L\u00e4tta och snabbtorkande l\u00e5ga strumpor f\u00f6r varma f\u00f6rh\u00e5llanden. Coffee yarn tillverkad av kaffesump f\u00f6rb\u00e4ttrar luktkontrollen och g\u00f6r materialet naturligt ventilerande. Polyester ger h\u00e5llbarhet och transporterar effektivt bort fukt fr\u00e5n huden, medan en liten m\u00e4ngd elastan s\u00e4kerst\u00e4ller en bra passform.<\/p>\n<p data-start=\"864\" data-end=\"1018\">Den l\u00e5ga modellen och den s\u00f6ml\u00f6sa t\u00e5n \u00f6kar komforten, s\u00e4rskilt under varma dagar eller vid l\u00e4ttare aktiviteter. Finns i storlekarna 37\u201340, 41\u201344, 45\u201348.<\/p>\n","protected":false},"excerpt":{"rendered":"<p>L\u00e4tta och snabbtorkande ankelh\u00f6ga strumpor f\u00f6r varma f\u00f6rh\u00e5llanden.<\/p>\n","protected":false},"featured_media":15028,"comment_status":"open","ping_status":"closed","template":"","meta":{"_acf_changed":false},"product_brand":[],"product_cat":[3562,3606],"product_tag":[3563,3745,3744],"class_list":{"0":"post-15366","1":"product","2":"type-product","3":"status-publish","4":"has-post-thumbnail","6":"product_cat-klader-sv","7":"product_cat-textilier","8":"product_tag-etusivu-sv","9":"product_tag-kaffefiber","10":"product_tag-strumpor-2","12":"first","13":"instock","14":"shipping-taxable","15":"product-type-simple"},"acf":[],"yoast_head":"<!-- This site is optimized with the Yoast SEO plugin v26.8 - https:\/\/yoast.com\/product\/yoast-seo-wordpress\/ -->\n<title>Strumpor i kaffefiber 3-pack, gr\u00e5 - Retki Finland<\/title>\n<meta name=\"description\" content=\"L\u00e4tta och snabbtorkande ankelh\u00f6ga strumpor f\u00f6r varma f\u00f6rh\u00e5llanden. Fiber av kaffesump f\u00f6rb\u00e4ttrar luktkontrollen och \u00e4r naturligt ventilerande.\" \/>\n<meta name=\"robots\" content=\"index, follow, max-snippet:-1, max-image-preview:large, max-video-preview:-1\" \/>\n<link rel=\"canonical\" href=\"https:\/\/retki.fi\/tuote\/sukat-kahvikuitu-3-pack\/\" \/>\n<meta property=\"og:locale\" content=\"sv_SE\" \/>\n<meta property=\"og:type\" content=\"article\" \/>\n<meta property=\"og:title\" content=\"Strumpor i kaffefiber 3-pack, gr\u00e5 - Retki Finland\" \/>\n<meta property=\"og:description\" content=\"L\u00e4tta och snabbtorkande ankelh\u00f6ga strumpor f\u00f6r varma f\u00f6rh\u00e5llanden. Fiber av kaffesump f\u00f6rb\u00e4ttrar luktkontrollen och \u00e4r naturligt ventilerande.\" \/>\n<meta property=\"og:url\" content=\"https:\/\/retki.fi\/tuote\/sukat-kahvikuitu-3-pack\/\" \/>\n<meta property=\"og:site_name\" content=\"Retki Finland\" \/>\n<meta property=\"article:publisher\" content=\"https:\/\/www.facebook.com\/retkifinland\/\" \/>\n<meta property=\"og:image\" content=\"https:\/\/retki.fi\/wp-content\/uploads\/2025\/12\/R7163-verkkokauppakuva.jpg\" \/>\n\t<meta property=\"og:image:width\" content=\"2480\" \/>\n\t<meta property=\"og:image:height\" content=\"2278\" \/>\n\t<meta property=\"og:image:type\" content=\"image\/jpeg\" \/>\n<meta name=\"twitter:card\" content=\"summary_large_image\" \/>\n<script type=\"application\/ld+json\" class=\"yoast-schema-graph\">{\"@context\":\"https:\/\/schema.org\",\"@graph\":[{\"@type\":\"WebPage\",\"@id\":\"https:\/\/retki.fi\/tuote\/sukat-kahvikuitu-3-pack\/\",\"url\":\"https:\/\/retki.fi\/tuote\/sukat-kahvikuitu-3-pack\/\",\"name\":\"Strumpor i kaffefiber 3-pack, gr\u00e5 - Retki Finland\",\"isPartOf\":{\"@id\":\"https:\/\/retki.fi\/#website\"},\"primaryImageOfPage\":{\"@id\":\"https:\/\/retki.fi\/tuote\/sukat-kahvikuitu-3-pack\/#primaryimage\"},\"image\":{\"@id\":\"https:\/\/retki.fi\/tuote\/sukat-kahvikuitu-3-pack\/#primaryimage\"},\"thumbnailUrl\":\"https:\/\/retki.fi\/wp-content\/uploads\/2025\/12\/R7163-verkkokauppakuva.jpg\",\"datePublished\":\"2025-12-29T13:54:06+00:00\",\"description\":\"L\u00e4tta och snabbtorkande ankelh\u00f6ga strumpor f\u00f6r varma f\u00f6rh\u00e5llanden. Fiber av kaffesump f\u00f6rb\u00e4ttrar luktkontrollen och \u00e4r naturligt ventilerande.\",\"breadcrumb\":{\"@id\":\"https:\/\/retki.fi\/tuote\/sukat-kahvikuitu-3-pack\/#breadcrumb\"},\"inLanguage\":\"sv-SE\",\"potentialAction\":[{\"@type\":\"ReadAction\",\"target\":[\"https:\/\/retki.fi\/tuote\/sukat-kahvikuitu-3-pack\/\"]}]},{\"@type\":\"ImageObject\",\"inLanguage\":\"sv-SE\",\"@id\":\"https:\/\/retki.fi\/tuote\/sukat-kahvikuitu-3-pack\/#primaryimage\",\"url\":\"https:\/\/retki.fi\/wp-content\/uploads\/2025\/12\/R7163-verkkokauppakuva.jpg\",\"contentUrl\":\"https:\/\/retki.fi\/wp-content\/uploads\/2025\/12\/R7163-verkkokauppakuva.jpg\",\"width\":2480,\"height\":2278},{\"@type\":\"BreadcrumbList\",\"@id\":\"https:\/\/retki.fi\/tuote\/sukat-kahvikuitu-3-pack\/#breadcrumb\",\"itemListElement\":[{\"@type\":\"ListItem\",\"position\":1,\"name\":\"Etusivu\",\"item\":\"https:\/\/retki.fi\/\"},{\"@type\":\"ListItem\",\"position\":2,\"name\":\"Produkter\",\"item\":\"https:\/\/retki.fi\/sv\/produkter\/\"},{\"@type\":\"ListItem\",\"position\":3,\"name\":\"Strumpor i kaffefiber 3-pack, gr\u00e5\"}]},{\"@type\":\"WebSite\",\"@id\":\"https:\/\/retki.fi\/#website\",\"url\":\"https:\/\/retki.fi\/\",\"name\":\"Retki Finland\",\"description\":\"Best moments happen outdoors\",\"publisher\":{\"@id\":\"https:\/\/retki.fi\/#organization\"},\"potentialAction\":[{\"@type\":\"SearchAction\",\"target\":{\"@type\":\"EntryPoint\",\"urlTemplate\":\"https:\/\/retki.fi\/?s={search_term_string}\"},\"query-input\":{\"@type\":\"PropertyValueSpecification\",\"valueRequired\":true,\"valueName\":\"search_term_string\"}}],\"inLanguage\":\"sv-SE\"},{\"@type\":\"Organization\",\"@id\":\"https:\/\/retki.fi\/#organization\",\"name\":\"Retki Finland \/ Blue Import BIM Oy\",\"url\":\"https:\/\/retki.fi\/\",\"logo\":{\"@type\":\"ImageObject\",\"inLanguage\":\"sv-SE\",\"@id\":\"https:\/\/retki.fi\/#\/schema\/logo\/image\/\",\"url\":\"https:\/\/retki.fi\/wp-content\/uploads\/2018\/11\/Retki_logo_512X512px.jpg\",\"contentUrl\":\"https:\/\/retki.fi\/wp-content\/uploads\/2018\/11\/Retki_logo_512X512px.jpg\",\"width\":512,\"height\":512,\"caption\":\"Retki Finland \/ Blue Import BIM Oy\"},\"image\":{\"@id\":\"https:\/\/retki.fi\/#\/schema\/logo\/image\/\"},\"sameAs\":[\"https:\/\/www.facebook.com\/retkifinland\/\",\"https:\/\/www.instagram.com\/retkifinland\/\"]}]}<\/script>\n<!-- \/ Yoast SEO plugin. -->","yoast_head_json":{"title":"Strumpor i kaffefiber 3-pack, gr\u00e5 - Retki Finland","description":"L\u00e4tta och snabbtorkande ankelh\u00f6ga strumpor f\u00f6r varma f\u00f6rh\u00e5llanden. Fiber av kaffesump f\u00f6rb\u00e4ttrar luktkontrollen och \u00e4r naturligt ventilerande.","robots":{"index":"index","follow":"follow","max-snippet":"max-snippet:-1","max-image-preview":"max-image-preview:large","max-video-preview":"max-video-preview:-1"},"canonical":"https:\/\/retki.fi\/tuote\/sukat-kahvikuitu-3-pack\/","og_locale":"sv_SE","og_type":"article","og_title":"Strumpor i kaffefiber 3-pack, gr\u00e5 - Retki Finland","og_description":"L\u00e4tta och snabbtorkande ankelh\u00f6ga strumpor f\u00f6r varma f\u00f6rh\u00e5llanden. Fiber av kaffesump f\u00f6rb\u00e4ttrar luktkontrollen och \u00e4r naturligt ventilerande.","og_url":"https:\/\/retki.fi\/tuote\/sukat-kahvikuitu-3-pack\/","og_site_name":"Retki Finland","article_publisher":"https:\/\/www.facebook.com\/retkifinland\/","og_image":[{"width":2480,"height":2278,"url":"https:\/\/retki.fi\/wp-content\/uploads\/2025\/12\/R7163-verkkokauppakuva.jpg","type":"image\/jpeg"}],"twitter_card":"summary_large_image","schema":{"@context":"https:\/\/schema.org","@graph":[{"@type":"WebPage","@id":"https:\/\/retki.fi\/tuote\/sukat-kahvikuitu-3-pack\/","url":"https:\/\/retki.fi\/tuote\/sukat-kahvikuitu-3-pack\/","name":"Strumpor i kaffefiber 3-pack, gr\u00e5 - Retki Finland","isPartOf":{"@id":"https:\/\/retki.fi\/#website"},"primaryImageOfPage":{"@id":"https:\/\/retki.fi\/tuote\/sukat-kahvikuitu-3-pack\/#primaryimage"},"image":{"@id":"https:\/\/retki.fi\/tuote\/sukat-kahvikuitu-3-pack\/#primaryimage"},"thumbnailUrl":"https:\/\/retki.fi\/wp-content\/uploads\/2025\/12\/R7163-verkkokauppakuva.jpg","datePublished":"2025-12-29T13:54:06+00:00","description":"L\u00e4tta och snabbtorkande ankelh\u00f6ga strumpor f\u00f6r varma f\u00f6rh\u00e5llanden. Fiber av kaffesump f\u00f6rb\u00e4ttrar luktkontrollen och \u00e4r naturligt ventilerande.","breadcrumb":{"@id":"https:\/\/retki.fi\/tuote\/sukat-kahvikuitu-3-pack\/#breadcrumb"},"inLanguage":"sv-SE","potentialAction":[{"@type":"ReadAction","target":["https:\/\/retki.fi\/tuote\/sukat-kahvikuitu-3-pack\/"]}]},{"@type":"ImageObject","inLanguage":"sv-SE","@id":"https:\/\/retki.fi\/tuote\/sukat-kahvikuitu-3-pack\/#primaryimage","url":"https:\/\/retki.fi\/wp-content\/uploads\/2025\/12\/R7163-verkkokauppakuva.jpg","contentUrl":"https:\/\/retki.fi\/wp-content\/uploads\/2025\/12\/R7163-verkkokauppakuva.jpg","width":2480,"height":2278},{"@type":"BreadcrumbList","@id":"https:\/\/retki.fi\/tuote\/sukat-kahvikuitu-3-pack\/#breadcrumb","itemListElement":[{"@type":"ListItem","position":1,"name":"Etusivu","item":"https:\/\/retki.fi\/"},{"@type":"ListItem","position":2,"name":"Produkter","item":"https:\/\/retki.fi\/sv\/produkter\/"},{"@type":"ListItem","position":3,"name":"Strumpor i kaffefiber 3-pack, gr\u00e5"}]},{"@type":"WebSite","@id":"https:\/\/retki.fi\/#website","url":"https:\/\/retki.fi\/","name":"Retki Finland","description":"Best moments happen outdoors","publisher":{"@id":"https:\/\/retki.fi\/#organization"},"potentialAction":[{"@type":"SearchAction","target":{"@type":"EntryPoint","urlTemplate":"https:\/\/retki.fi\/?s={search_term_string}"},"query-input":{"@type":"PropertyValueSpecification","valueRequired":true,"valueName":"search_term_string"}}],"inLanguage":"sv-SE"},{"@type":"Organization","@id":"https:\/\/retki.fi\/#organization","name":"Retki Finland \/ Blue Import BIM Oy","url":"https:\/\/retki.fi\/","logo":{"@type":"ImageObject","inLanguage":"sv-SE","@id":"https:\/\/retki.fi\/#\/schema\/logo\/image\/","url":"https:\/\/retki.fi\/wp-content\/uploads\/2018\/11\/Retki_logo_512X512px.jpg","contentUrl":"https:\/\/retki.fi\/wp-content\/uploads\/2018\/11\/Retki_logo_512X512px.jpg","width":512,"height":512,"caption":"Retki Finland \/ Blue Import BIM Oy"},"image":{"@id":"https:\/\/retki.fi\/#\/schema\/logo\/image\/"},"sameAs":["https:\/\/www.facebook.com\/retkifinland\/","https:\/\/www.instagram.com\/retkifinland\/"]}]}},"_links":{"self":[{"href":"https:\/\/retki.fi\/sv\/wp-json\/wp\/v2\/product\/15366","targetHints":{"allow":["GET"]}}],"collection":[{"href":"https:\/\/retki.fi\/sv\/wp-json\/wp\/v2\/product"}],"about":[{"href":"https:\/\/retki.fi\/sv\/wp-json\/wp\/v2\/types\/product"}],"replies":[{"embeddable":true,"href":"https:\/\/retki.fi\/sv\/wp-json\/wp\/v2\/comments?post=15366"}],"wp:featuredmedia":[{"embeddable":true,"href":"https:\/\/retki.fi\/sv\/wp-json\/wp\/v2\/media\/15028"}],"wp:attachment":[{"href":"https:\/\/retki.fi\/sv\/wp-json\/wp\/v2\/media?parent=15366"}],"wp:term":[{"taxonomy":"product_brand","embeddable":true,"href":"https:\/\/retki.fi\/sv\/wp-json\/wp\/v2\/product_brand?post=15366"},{"taxonomy":"product_cat","embeddable":true,"href":"https:\/\/retki.fi\/sv\/wp-json\/wp\/v2\/product_cat?post=15366"},{"taxonomy":"product_tag","embeddable":true,"href":"https:\/\/retki.fi\/sv\/wp-json\/wp\/v2\/product_tag?post=15366"}],"curies":[{"name":"wp","href":"https:\/\/api.w.org\/{rel}","templated":true}]}}