{"id":15374,"date":"2026-04-01T08:00:19","date_gmt":"2026-04-01T05:00:19","guid":{"rendered":"https:\/\/retki.fi\/product\/trooper-utrustningsbalte-m-l-och-l-xl-oliv\/"},"modified":"2026-04-01T08:00:19","modified_gmt":"2026-04-01T05:00:19","slug":"trooper-utrustningsbalte-m-l-och-l-xl-oliv","status":"publish","type":"product","link":"https:\/\/retki.fi\/sv\/produkt\/trooper-utrustningsbalte-m-l-och-l-xl-oliv\/","title":{"rendered":"Trooper utrustningsb\u00e4lte M\/L och L\/XL, oliv"},"content":{"rendered":"<p data-start=\"758\" data-end=\"992\">Trooper utrustningsb\u00e4lte \u00e4r ett praktiskt och slitstarkt b\u00e4lte f\u00f6r friluftsliv, jakt och vardagsbruk. B\u00e4ltet \u00e4r utrustat med ett metallsp\u00e4nne med snabbf\u00e4ste som m\u00f6jligg\u00f6r snabb och enkel st\u00e4ngning samt ett s\u00e4kert grepp i anv\u00e4ndning.<\/p>\n<p data-start=\"994\" data-end=\"1203\">Den justerbara l\u00e4ngden ger en bra passform f\u00f6r olika anv\u00e4ndare. Finns i tv\u00e5 storlekar: M\/L och L\/XL. Detta g\u00f6r b\u00e4ltet till ett m\u00e5ngsidigt val f\u00f6r m\u00e5nga olika anv\u00e4ndningsomr\u00e5den, fr\u00e5n friluftsliv till vardag.<\/p>\n<p data-start=\"1205\" data-end=\"1357\">Det slitstarka materialet i 100 % polyester t\u00e5l slitage \u00e4ven i kr\u00e4vande f\u00f6rh\u00e5llanden. Den olivgr\u00f6na f\u00e4rgen passar bra f\u00f6r frilufts- och taktiskt bruk.<\/p>\n<p data-start=\"1359\" data-end=\"1415\">M\/L: R7169, 6418536037997<br data-start=\"1384\" data-end=\"1387\" \/>L\/XL: R7170, 6418536038000<\/p>\n","protected":false},"excerpt":{"rendered":"<p>Slitstarkt Trooper utrustningsb\u00e4lte f\u00f6r friluftsliv och fritid. Metallsp\u00e4nne med snabbf\u00e4ste, justerbar l\u00e4ngd och robust polyesterkonstruktion.<\/p>\n","protected":false},"featured_media":15260,"comment_status":"open","ping_status":"closed","template":"","meta":{"_acf_changed":false},"product_brand":[],"product_cat":[3562,3606,3601,3575,3574],"product_tag":[3757,3758,3756],"class_list":{"0":"post-15374","1":"product","2":"type-product","3":"status-publish","4":"has-post-thumbnail","6":"product_cat-klader-sv","7":"product_cat-textilier","8":"product_cat-turryggsackar","9":"product_cat-vandringsutrustning","10":"product_cat-vaskor-och-dagryggsackar","11":"product_tag-taktiskt-balte","12":"product_tag-trooper-utrustningsbalte","13":"product_tag-utrustningsbalte","15":"first","16":"instock","17":"shipping-taxable","18":"product-type-simple"},"acf":[],"yoast_head":"<!-- This site is optimized with the Yoast SEO plugin v26.8 - https:\/\/yoast.com\/product\/yoast-seo-wordpress\/ -->\n<title>Trooper utrustningsb\u00e4lte M\/L och L\/XL, oliv - Retki Finland<\/title>\n<meta name=\"description\" content=\"Slitstarkt Trooper utrustningsb\u00e4lte f\u00f6r friluftsliv och fritid. Metallsp\u00e4nne med snabbf\u00e4ste, justerbar l\u00e4ngd och robust polyesterkonstruktion.\" \/>\n<meta name=\"robots\" content=\"index, follow, max-snippet:-1, max-image-preview:large, max-video-preview:-1\" \/>\n<link rel=\"canonical\" href=\"https:\/\/retki.fi\/tuote\/trooper-varustevyo-m-l-ja-l-xl-oliivi\/\" \/>\n<meta property=\"og:locale\" content=\"sv_SE\" \/>\n<meta property=\"og:type\" content=\"article\" \/>\n<meta property=\"og:title\" content=\"Trooper utrustningsb\u00e4lte M\/L och L\/XL, oliv - Retki Finland\" \/>\n<meta property=\"og:description\" content=\"Slitstarkt Trooper utrustningsb\u00e4lte f\u00f6r friluftsliv och fritid. Metallsp\u00e4nne med snabbf\u00e4ste, justerbar l\u00e4ngd och robust polyesterkonstruktion.\" \/>\n<meta property=\"og:url\" content=\"https:\/\/retki.fi\/tuote\/trooper-varustevyo-m-l-ja-l-xl-oliivi\/\" \/>\n<meta property=\"og:site_name\" content=\"Retki Finland\" \/>\n<meta property=\"article:publisher\" content=\"https:\/\/www.facebook.com\/retkifinland\/\" \/>\n<meta property=\"og:image\" content=\"https:\/\/retki.fi\/wp-content\/uploads\/2026\/01\/Varustevyo-kuva-2-1024x775.png\" \/>\n\t<meta property=\"og:image:width\" content=\"1024\" \/>\n\t<meta property=\"og:image:height\" content=\"775\" \/>\n\t<meta property=\"og:image:type\" content=\"image\/png\" \/>\n<meta name=\"twitter:card\" content=\"summary_large_image\" \/>\n<meta name=\"twitter:label1\" content=\"Ber\u00e4knad l\u00e4stid\" \/>\n\t<meta name=\"twitter:data1\" content=\"1 minut\" \/>\n<script type=\"application\/ld+json\" class=\"yoast-schema-graph\">{\"@context\":\"https:\/\/schema.org\",\"@graph\":[{\"@type\":\"WebPage\",\"@id\":\"https:\/\/retki.fi\/tuote\/trooper-varustevyo-m-l-ja-l-xl-oliivi\/\",\"url\":\"https:\/\/retki.fi\/tuote\/trooper-varustevyo-m-l-ja-l-xl-oliivi\/\",\"name\":\"Trooper utrustningsb\u00e4lte M\/L och L\/XL, oliv - Retki Finland\",\"isPartOf\":{\"@id\":\"https:\/\/retki.fi\/#website\"},\"primaryImageOfPage\":{\"@id\":\"https:\/\/retki.fi\/tuote\/trooper-varustevyo-m-l-ja-l-xl-oliivi\/#primaryimage\"},\"image\":{\"@id\":\"https:\/\/retki.fi\/tuote\/trooper-varustevyo-m-l-ja-l-xl-oliivi\/#primaryimage\"},\"thumbnailUrl\":\"https:\/\/retki.fi\/wp-content\/uploads\/2026\/01\/Varustevyo-kuva-2.png\",\"datePublished\":\"2026-04-01T05:00:19+00:00\",\"description\":\"Slitstarkt Trooper utrustningsb\u00e4lte f\u00f6r friluftsliv och fritid. Metallsp\u00e4nne med snabbf\u00e4ste, justerbar l\u00e4ngd och robust polyesterkonstruktion.\",\"breadcrumb\":{\"@id\":\"https:\/\/retki.fi\/tuote\/trooper-varustevyo-m-l-ja-l-xl-oliivi\/#breadcrumb\"},\"inLanguage\":\"sv-SE\",\"potentialAction\":[{\"@type\":\"ReadAction\",\"target\":[\"https:\/\/retki.fi\/tuote\/trooper-varustevyo-m-l-ja-l-xl-oliivi\/\"]}]},{\"@type\":\"ImageObject\",\"inLanguage\":\"sv-SE\",\"@id\":\"https:\/\/retki.fi\/tuote\/trooper-varustevyo-m-l-ja-l-xl-oliivi\/#primaryimage\",\"url\":\"https:\/\/retki.fi\/wp-content\/uploads\/2026\/01\/Varustevyo-kuva-2.png\",\"contentUrl\":\"https:\/\/retki.fi\/wp-content\/uploads\/2026\/01\/Varustevyo-kuva-2.png\",\"width\":2368,\"height\":1792},{\"@type\":\"BreadcrumbList\",\"@id\":\"https:\/\/retki.fi\/tuote\/trooper-varustevyo-m-l-ja-l-xl-oliivi\/#breadcrumb\",\"itemListElement\":[{\"@type\":\"ListItem\",\"position\":1,\"name\":\"Etusivu\",\"item\":\"https:\/\/retki.fi\/\"},{\"@type\":\"ListItem\",\"position\":2,\"name\":\"Produkter\",\"item\":\"https:\/\/retki.fi\/sv\/produkter\/\"},{\"@type\":\"ListItem\",\"position\":3,\"name\":\"Trooper utrustningsb\u00e4lte M\/L och L\/XL, oliv\"}]},{\"@type\":\"WebSite\",\"@id\":\"https:\/\/retki.fi\/#website\",\"url\":\"https:\/\/retki.fi\/\",\"name\":\"Retki Finland\",\"description\":\"Best moments happen outdoors\",\"publisher\":{\"@id\":\"https:\/\/retki.fi\/#organization\"},\"potentialAction\":[{\"@type\":\"SearchAction\",\"target\":{\"@type\":\"EntryPoint\",\"urlTemplate\":\"https:\/\/retki.fi\/?s={search_term_string}\"},\"query-input\":{\"@type\":\"PropertyValueSpecification\",\"valueRequired\":true,\"valueName\":\"search_term_string\"}}],\"inLanguage\":\"sv-SE\"},{\"@type\":\"Organization\",\"@id\":\"https:\/\/retki.fi\/#organization\",\"name\":\"Retki Finland \/ Blue Import BIM Oy\",\"url\":\"https:\/\/retki.fi\/\",\"logo\":{\"@type\":\"ImageObject\",\"inLanguage\":\"sv-SE\",\"@id\":\"https:\/\/retki.fi\/#\/schema\/logo\/image\/\",\"url\":\"https:\/\/retki.fi\/wp-content\/uploads\/2018\/11\/Retki_logo_512X512px.jpg\",\"contentUrl\":\"https:\/\/retki.fi\/wp-content\/uploads\/2018\/11\/Retki_logo_512X512px.jpg\",\"width\":512,\"height\":512,\"caption\":\"Retki Finland \/ Blue Import BIM Oy\"},\"image\":{\"@id\":\"https:\/\/retki.fi\/#\/schema\/logo\/image\/\"},\"sameAs\":[\"https:\/\/www.facebook.com\/retkifinland\/\",\"https:\/\/www.instagram.com\/retkifinland\/\"]}]}<\/script>\n<!-- \/ Yoast SEO plugin. -->","yoast_head_json":{"title":"Trooper utrustningsb\u00e4lte M\/L och L\/XL, oliv - Retki Finland","description":"Slitstarkt Trooper utrustningsb\u00e4lte f\u00f6r friluftsliv och fritid. Metallsp\u00e4nne med snabbf\u00e4ste, justerbar l\u00e4ngd och robust polyesterkonstruktion.","robots":{"index":"index","follow":"follow","max-snippet":"max-snippet:-1","max-image-preview":"max-image-preview:large","max-video-preview":"max-video-preview:-1"},"canonical":"https:\/\/retki.fi\/tuote\/trooper-varustevyo-m-l-ja-l-xl-oliivi\/","og_locale":"sv_SE","og_type":"article","og_title":"Trooper utrustningsb\u00e4lte M\/L och L\/XL, oliv - Retki Finland","og_description":"Slitstarkt Trooper utrustningsb\u00e4lte f\u00f6r friluftsliv och fritid. Metallsp\u00e4nne med snabbf\u00e4ste, justerbar l\u00e4ngd och robust polyesterkonstruktion.","og_url":"https:\/\/retki.fi\/tuote\/trooper-varustevyo-m-l-ja-l-xl-oliivi\/","og_site_name":"Retki Finland","article_publisher":"https:\/\/www.facebook.com\/retkifinland\/","og_image":[{"width":1024,"height":775,"url":"https:\/\/retki.fi\/wp-content\/uploads\/2026\/01\/Varustevyo-kuva-2-1024x775.png","type":"image\/png"}],"twitter_card":"summary_large_image","twitter_misc":{"Ber\u00e4knad l\u00e4stid":"1 minut"},"schema":{"@context":"https:\/\/schema.org","@graph":[{"@type":"WebPage","@id":"https:\/\/retki.fi\/tuote\/trooper-varustevyo-m-l-ja-l-xl-oliivi\/","url":"https:\/\/retki.fi\/tuote\/trooper-varustevyo-m-l-ja-l-xl-oliivi\/","name":"Trooper utrustningsb\u00e4lte M\/L och L\/XL, oliv - Retki Finland","isPartOf":{"@id":"https:\/\/retki.fi\/#website"},"primaryImageOfPage":{"@id":"https:\/\/retki.fi\/tuote\/trooper-varustevyo-m-l-ja-l-xl-oliivi\/#primaryimage"},"image":{"@id":"https:\/\/retki.fi\/tuote\/trooper-varustevyo-m-l-ja-l-xl-oliivi\/#primaryimage"},"thumbnailUrl":"https:\/\/retki.fi\/wp-content\/uploads\/2026\/01\/Varustevyo-kuva-2.png","datePublished":"2026-04-01T05:00:19+00:00","description":"Slitstarkt Trooper utrustningsb\u00e4lte f\u00f6r friluftsliv och fritid. Metallsp\u00e4nne med snabbf\u00e4ste, justerbar l\u00e4ngd och robust polyesterkonstruktion.","breadcrumb":{"@id":"https:\/\/retki.fi\/tuote\/trooper-varustevyo-m-l-ja-l-xl-oliivi\/#breadcrumb"},"inLanguage":"sv-SE","potentialAction":[{"@type":"ReadAction","target":["https:\/\/retki.fi\/tuote\/trooper-varustevyo-m-l-ja-l-xl-oliivi\/"]}]},{"@type":"ImageObject","inLanguage":"sv-SE","@id":"https:\/\/retki.fi\/tuote\/trooper-varustevyo-m-l-ja-l-xl-oliivi\/#primaryimage","url":"https:\/\/retki.fi\/wp-content\/uploads\/2026\/01\/Varustevyo-kuva-2.png","contentUrl":"https:\/\/retki.fi\/wp-content\/uploads\/2026\/01\/Varustevyo-kuva-2.png","width":2368,"height":1792},{"@type":"BreadcrumbList","@id":"https:\/\/retki.fi\/tuote\/trooper-varustevyo-m-l-ja-l-xl-oliivi\/#breadcrumb","itemListElement":[{"@type":"ListItem","position":1,"name":"Etusivu","item":"https:\/\/retki.fi\/"},{"@type":"ListItem","position":2,"name":"Produkter","item":"https:\/\/retki.fi\/sv\/produkter\/"},{"@type":"ListItem","position":3,"name":"Trooper utrustningsb\u00e4lte M\/L och L\/XL, oliv"}]},{"@type":"WebSite","@id":"https:\/\/retki.fi\/#website","url":"https:\/\/retki.fi\/","name":"Retki Finland","description":"Best moments happen outdoors","publisher":{"@id":"https:\/\/retki.fi\/#organization"},"potentialAction":[{"@type":"SearchAction","target":{"@type":"EntryPoint","urlTemplate":"https:\/\/retki.fi\/?s={search_term_string}"},"query-input":{"@type":"PropertyValueSpecification","valueRequired":true,"valueName":"search_term_string"}}],"inLanguage":"sv-SE"},{"@type":"Organization","@id":"https:\/\/retki.fi\/#organization","name":"Retki Finland \/ Blue Import BIM Oy","url":"https:\/\/retki.fi\/","logo":{"@type":"ImageObject","inLanguage":"sv-SE","@id":"https:\/\/retki.fi\/#\/schema\/logo\/image\/","url":"https:\/\/retki.fi\/wp-content\/uploads\/2018\/11\/Retki_logo_512X512px.jpg","contentUrl":"https:\/\/retki.fi\/wp-content\/uploads\/2018\/11\/Retki_logo_512X512px.jpg","width":512,"height":512,"caption":"Retki Finland \/ Blue Import BIM Oy"},"image":{"@id":"https:\/\/retki.fi\/#\/schema\/logo\/image\/"},"sameAs":["https:\/\/www.facebook.com\/retkifinland\/","https:\/\/www.instagram.com\/retkifinland\/"]}]}},"_links":{"self":[{"href":"https:\/\/retki.fi\/sv\/wp-json\/wp\/v2\/product\/15374","targetHints":{"allow":["GET"]}}],"collection":[{"href":"https:\/\/retki.fi\/sv\/wp-json\/wp\/v2\/product"}],"about":[{"href":"https:\/\/retki.fi\/sv\/wp-json\/wp\/v2\/types\/product"}],"replies":[{"embeddable":true,"href":"https:\/\/retki.fi\/sv\/wp-json\/wp\/v2\/comments?post=15374"}],"wp:featuredmedia":[{"embeddable":true,"href":"https:\/\/retki.fi\/sv\/wp-json\/wp\/v2\/media\/15260"}],"wp:attachment":[{"href":"https:\/\/retki.fi\/sv\/wp-json\/wp\/v2\/media?parent=15374"}],"wp:term":[{"taxonomy":"product_brand","embeddable":true,"href":"https:\/\/retki.fi\/sv\/wp-json\/wp\/v2\/product_brand?post=15374"},{"taxonomy":"product_cat","embeddable":true,"href":"https:\/\/retki.fi\/sv\/wp-json\/wp\/v2\/product_cat?post=15374"},{"taxonomy":"product_tag","embeddable":true,"href":"https:\/\/retki.fi\/sv\/wp-json\/wp\/v2\/product_tag?post=15374"}],"curies":[{"name":"wp","href":"https:\/\/api.w.org\/{rel}","templated":true}]}}