{"id":15376,"date":"2026-03-30T08:00:40","date_gmt":"2026-03-30T05:00:40","guid":{"rendered":"https:\/\/retki.fi\/product\/friluftsvisselpipa-orange\/"},"modified":"2026-03-30T08:00:40","modified_gmt":"2026-03-30T05:00:40","slug":"friluftsvisselpipa-orange","status":"publish","type":"product","link":"https:\/\/retki.fi\/sv\/produkt\/friluftsvisselpipa-orange\/","title":{"rendered":"Friluftsvisselpipa, orange"},"content":{"rendered":"<p data-start=\"822\" data-end=\"1080\">En friluftsvisselpipa i aluminium \u00e4r en l\u00e4tt och p\u00e5litlig s\u00e4kerhetsutrustning f\u00f6r vandring och friluftsliv. Det klara och h\u00f6ga ljudet hj\u00e4lper till att h\u00e5lla djur, s\u00e5som bj\u00f6rnar, p\u00e5 avst\u00e5nd samt m\u00f6jligg\u00f6r enkel kommunikation med vandringskamrater i naturen.<\/p>\n<p data-start=\"1082\" data-end=\"1365\">Visselpipans skarpa och b\u00e4rande ljud h\u00f6rs l\u00e5ngt \u00e4ven i sv\u00e5r terr\u00e4ng. Tack vare att den kr\u00e4ver lite luft \u00e4r den enkel att anv\u00e4nda \u00e4ven i n\u00f6dsituationer n\u00e4r krafterna \u00e4r begr\u00e4nsade. Den orange signalf\u00e4rgen g\u00f6r den l\u00e4tt att hitta i naturen, i ryggs\u00e4cken eller om den tappas p\u00e5 marken.<\/p>\n<p data-start=\"1367\" data-end=\"1563\">Den h\u00e5llbara aluminiumlegeringen s\u00e4kerst\u00e4ller l\u00e5ng livsl\u00e4ngd och v\u00e4dert\u00e5lighet. Den kompakta storleken g\u00f6r visselpipan till en diskret men viktig del av friluftsentusiastens s\u00e4kerhetsutrustning.<\/p>\n","protected":false},"excerpt":{"rendered":"<p>H\u00f6gljudd friluftsvisselpipa i aluminium f\u00f6r vandring och friluftsliv. Den orange signalf\u00e4rgen f\u00f6rb\u00e4ttrar synligheten och ljudet h\u00f6rs l\u00e5ngt i terr\u00e4ngen.<\/p>\n","protected":false},"featured_media":15199,"comment_status":"open","ping_status":"closed","template":"","meta":{"_acf_changed":false},"product_brand":[],"product_cat":[3575],"product_tag":[3763,3764,3766,3765],"class_list":{"0":"post-15376","1":"product","2":"type-product","3":"status-publish","4":"has-post-thumbnail","6":"product_cat-vandringsutrustning","7":"product_tag-friluftsvisselpipa","8":"product_tag-nodpipa","9":"product_tag-overlevnadsvisselpipa","10":"product_tag-sakerhetsvisselpipa","12":"first","13":"instock","14":"shipping-taxable","15":"product-type-simple"},"acf":[],"yoast_head":"<!-- This site is optimized with the Yoast SEO plugin v26.8 - https:\/\/yoast.com\/product\/yoast-seo-wordpress\/ -->\n<title>Friluftsvisselpipa, orange - Retki Finland<\/title>\n<meta name=\"description\" content=\"H\u00f6gljudd friluftsvisselpipa i aluminium f\u00f6r vandring och friluftsliv. Den orange signalf\u00e4rgen f\u00f6rb\u00e4ttrar synligheten och ljudet h\u00f6rs l\u00e5ngt i terr\u00e4ngen.\" \/>\n<meta name=\"robots\" content=\"index, follow, max-snippet:-1, max-image-preview:large, max-video-preview:-1\" \/>\n<link rel=\"canonical\" href=\"https:\/\/retki.fi\/tuote\/erapilli-oranssi\/\" \/>\n<meta property=\"og:locale\" content=\"sv_SE\" \/>\n<meta property=\"og:type\" content=\"article\" \/>\n<meta property=\"og:title\" content=\"Friluftsvisselpipa, orange - Retki Finland\" \/>\n<meta property=\"og:description\" content=\"H\u00f6gljudd friluftsvisselpipa i aluminium f\u00f6r vandring och friluftsliv. Den orange signalf\u00e4rgen f\u00f6rb\u00e4ttrar synligheten och ljudet h\u00f6rs l\u00e5ngt i terr\u00e4ngen.\" \/>\n<meta property=\"og:url\" content=\"https:\/\/retki.fi\/tuote\/erapilli-oranssi\/\" \/>\n<meta property=\"og:site_name\" content=\"Retki Finland\" \/>\n<meta property=\"article:publisher\" content=\"https:\/\/www.facebook.com\/retkifinland\/\" \/>\n<meta property=\"og:image\" content=\"https:\/\/retki.fi\/wp-content\/uploads\/2026\/01\/R7164-kuva-1.jpg\" \/>\n\t<meta property=\"og:image:width\" content=\"2480\" \/>\n\t<meta property=\"og:image:height\" content=\"2442\" \/>\n\t<meta property=\"og:image:type\" content=\"image\/jpeg\" \/>\n<meta name=\"twitter:card\" content=\"summary_large_image\" \/>\n<meta name=\"twitter:label1\" content=\"Ber\u00e4knad l\u00e4stid\" \/>\n\t<meta name=\"twitter:data1\" content=\"1 minut\" \/>\n<script type=\"application\/ld+json\" class=\"yoast-schema-graph\">{\"@context\":\"https:\/\/schema.org\",\"@graph\":[{\"@type\":\"WebPage\",\"@id\":\"https:\/\/retki.fi\/tuote\/erapilli-oranssi\/\",\"url\":\"https:\/\/retki.fi\/tuote\/erapilli-oranssi\/\",\"name\":\"Friluftsvisselpipa, orange - Retki Finland\",\"isPartOf\":{\"@id\":\"https:\/\/retki.fi\/#website\"},\"primaryImageOfPage\":{\"@id\":\"https:\/\/retki.fi\/tuote\/erapilli-oranssi\/#primaryimage\"},\"image\":{\"@id\":\"https:\/\/retki.fi\/tuote\/erapilli-oranssi\/#primaryimage\"},\"thumbnailUrl\":\"https:\/\/retki.fi\/wp-content\/uploads\/2026\/01\/R7164-kuva-1.jpg\",\"datePublished\":\"2026-03-30T05:00:40+00:00\",\"description\":\"H\u00f6gljudd friluftsvisselpipa i aluminium f\u00f6r vandring och friluftsliv. Den orange signalf\u00e4rgen f\u00f6rb\u00e4ttrar synligheten och ljudet h\u00f6rs l\u00e5ngt i terr\u00e4ngen.\",\"breadcrumb\":{\"@id\":\"https:\/\/retki.fi\/tuote\/erapilli-oranssi\/#breadcrumb\"},\"inLanguage\":\"sv-SE\",\"potentialAction\":[{\"@type\":\"ReadAction\",\"target\":[\"https:\/\/retki.fi\/tuote\/erapilli-oranssi\/\"]}]},{\"@type\":\"ImageObject\",\"inLanguage\":\"sv-SE\",\"@id\":\"https:\/\/retki.fi\/tuote\/erapilli-oranssi\/#primaryimage\",\"url\":\"https:\/\/retki.fi\/wp-content\/uploads\/2026\/01\/R7164-kuva-1.jpg\",\"contentUrl\":\"https:\/\/retki.fi\/wp-content\/uploads\/2026\/01\/R7164-kuva-1.jpg\",\"width\":2480,\"height\":2442},{\"@type\":\"BreadcrumbList\",\"@id\":\"https:\/\/retki.fi\/tuote\/erapilli-oranssi\/#breadcrumb\",\"itemListElement\":[{\"@type\":\"ListItem\",\"position\":1,\"name\":\"Etusivu\",\"item\":\"https:\/\/retki.fi\/\"},{\"@type\":\"ListItem\",\"position\":2,\"name\":\"Produkter\",\"item\":\"https:\/\/retki.fi\/sv\/produkter\/\"},{\"@type\":\"ListItem\",\"position\":3,\"name\":\"Friluftsvisselpipa, orange\"}]},{\"@type\":\"WebSite\",\"@id\":\"https:\/\/retki.fi\/#website\",\"url\":\"https:\/\/retki.fi\/\",\"name\":\"Retki Finland\",\"description\":\"Best moments happen outdoors\",\"publisher\":{\"@id\":\"https:\/\/retki.fi\/#organization\"},\"potentialAction\":[{\"@type\":\"SearchAction\",\"target\":{\"@type\":\"EntryPoint\",\"urlTemplate\":\"https:\/\/retki.fi\/?s={search_term_string}\"},\"query-input\":{\"@type\":\"PropertyValueSpecification\",\"valueRequired\":true,\"valueName\":\"search_term_string\"}}],\"inLanguage\":\"sv-SE\"},{\"@type\":\"Organization\",\"@id\":\"https:\/\/retki.fi\/#organization\",\"name\":\"Retki Finland \/ Blue Import BIM Oy\",\"url\":\"https:\/\/retki.fi\/\",\"logo\":{\"@type\":\"ImageObject\",\"inLanguage\":\"sv-SE\",\"@id\":\"https:\/\/retki.fi\/#\/schema\/logo\/image\/\",\"url\":\"https:\/\/retki.fi\/wp-content\/uploads\/2018\/11\/Retki_logo_512X512px.jpg\",\"contentUrl\":\"https:\/\/retki.fi\/wp-content\/uploads\/2018\/11\/Retki_logo_512X512px.jpg\",\"width\":512,\"height\":512,\"caption\":\"Retki Finland \/ Blue Import BIM Oy\"},\"image\":{\"@id\":\"https:\/\/retki.fi\/#\/schema\/logo\/image\/\"},\"sameAs\":[\"https:\/\/www.facebook.com\/retkifinland\/\",\"https:\/\/www.instagram.com\/retkifinland\/\"]}]}<\/script>\n<!-- \/ Yoast SEO plugin. -->","yoast_head_json":{"title":"Friluftsvisselpipa, orange - Retki Finland","description":"H\u00f6gljudd friluftsvisselpipa i aluminium f\u00f6r vandring och friluftsliv. Den orange signalf\u00e4rgen f\u00f6rb\u00e4ttrar synligheten och ljudet h\u00f6rs l\u00e5ngt i terr\u00e4ngen.","robots":{"index":"index","follow":"follow","max-snippet":"max-snippet:-1","max-image-preview":"max-image-preview:large","max-video-preview":"max-video-preview:-1"},"canonical":"https:\/\/retki.fi\/tuote\/erapilli-oranssi\/","og_locale":"sv_SE","og_type":"article","og_title":"Friluftsvisselpipa, orange - Retki Finland","og_description":"H\u00f6gljudd friluftsvisselpipa i aluminium f\u00f6r vandring och friluftsliv. Den orange signalf\u00e4rgen f\u00f6rb\u00e4ttrar synligheten och ljudet h\u00f6rs l\u00e5ngt i terr\u00e4ngen.","og_url":"https:\/\/retki.fi\/tuote\/erapilli-oranssi\/","og_site_name":"Retki Finland","article_publisher":"https:\/\/www.facebook.com\/retkifinland\/","og_image":[{"width":2480,"height":2442,"url":"https:\/\/retki.fi\/wp-content\/uploads\/2026\/01\/R7164-kuva-1.jpg","type":"image\/jpeg"}],"twitter_card":"summary_large_image","twitter_misc":{"Ber\u00e4knad l\u00e4stid":"1 minut"},"schema":{"@context":"https:\/\/schema.org","@graph":[{"@type":"WebPage","@id":"https:\/\/retki.fi\/tuote\/erapilli-oranssi\/","url":"https:\/\/retki.fi\/tuote\/erapilli-oranssi\/","name":"Friluftsvisselpipa, orange - Retki Finland","isPartOf":{"@id":"https:\/\/retki.fi\/#website"},"primaryImageOfPage":{"@id":"https:\/\/retki.fi\/tuote\/erapilli-oranssi\/#primaryimage"},"image":{"@id":"https:\/\/retki.fi\/tuote\/erapilli-oranssi\/#primaryimage"},"thumbnailUrl":"https:\/\/retki.fi\/wp-content\/uploads\/2026\/01\/R7164-kuva-1.jpg","datePublished":"2026-03-30T05:00:40+00:00","description":"H\u00f6gljudd friluftsvisselpipa i aluminium f\u00f6r vandring och friluftsliv. Den orange signalf\u00e4rgen f\u00f6rb\u00e4ttrar synligheten och ljudet h\u00f6rs l\u00e5ngt i terr\u00e4ngen.","breadcrumb":{"@id":"https:\/\/retki.fi\/tuote\/erapilli-oranssi\/#breadcrumb"},"inLanguage":"sv-SE","potentialAction":[{"@type":"ReadAction","target":["https:\/\/retki.fi\/tuote\/erapilli-oranssi\/"]}]},{"@type":"ImageObject","inLanguage":"sv-SE","@id":"https:\/\/retki.fi\/tuote\/erapilli-oranssi\/#primaryimage","url":"https:\/\/retki.fi\/wp-content\/uploads\/2026\/01\/R7164-kuva-1.jpg","contentUrl":"https:\/\/retki.fi\/wp-content\/uploads\/2026\/01\/R7164-kuva-1.jpg","width":2480,"height":2442},{"@type":"BreadcrumbList","@id":"https:\/\/retki.fi\/tuote\/erapilli-oranssi\/#breadcrumb","itemListElement":[{"@type":"ListItem","position":1,"name":"Etusivu","item":"https:\/\/retki.fi\/"},{"@type":"ListItem","position":2,"name":"Produkter","item":"https:\/\/retki.fi\/sv\/produkter\/"},{"@type":"ListItem","position":3,"name":"Friluftsvisselpipa, orange"}]},{"@type":"WebSite","@id":"https:\/\/retki.fi\/#website","url":"https:\/\/retki.fi\/","name":"Retki Finland","description":"Best moments happen outdoors","publisher":{"@id":"https:\/\/retki.fi\/#organization"},"potentialAction":[{"@type":"SearchAction","target":{"@type":"EntryPoint","urlTemplate":"https:\/\/retki.fi\/?s={search_term_string}"},"query-input":{"@type":"PropertyValueSpecification","valueRequired":true,"valueName":"search_term_string"}}],"inLanguage":"sv-SE"},{"@type":"Organization","@id":"https:\/\/retki.fi\/#organization","name":"Retki Finland \/ Blue Import BIM Oy","url":"https:\/\/retki.fi\/","logo":{"@type":"ImageObject","inLanguage":"sv-SE","@id":"https:\/\/retki.fi\/#\/schema\/logo\/image\/","url":"https:\/\/retki.fi\/wp-content\/uploads\/2018\/11\/Retki_logo_512X512px.jpg","contentUrl":"https:\/\/retki.fi\/wp-content\/uploads\/2018\/11\/Retki_logo_512X512px.jpg","width":512,"height":512,"caption":"Retki Finland \/ Blue Import BIM Oy"},"image":{"@id":"https:\/\/retki.fi\/#\/schema\/logo\/image\/"},"sameAs":["https:\/\/www.facebook.com\/retkifinland\/","https:\/\/www.instagram.com\/retkifinland\/"]}]}},"_links":{"self":[{"href":"https:\/\/retki.fi\/sv\/wp-json\/wp\/v2\/product\/15376","targetHints":{"allow":["GET"]}}],"collection":[{"href":"https:\/\/retki.fi\/sv\/wp-json\/wp\/v2\/product"}],"about":[{"href":"https:\/\/retki.fi\/sv\/wp-json\/wp\/v2\/types\/product"}],"replies":[{"embeddable":true,"href":"https:\/\/retki.fi\/sv\/wp-json\/wp\/v2\/comments?post=15376"}],"wp:featuredmedia":[{"embeddable":true,"href":"https:\/\/retki.fi\/sv\/wp-json\/wp\/v2\/media\/15199"}],"wp:attachment":[{"href":"https:\/\/retki.fi\/sv\/wp-json\/wp\/v2\/media?parent=15376"}],"wp:term":[{"taxonomy":"product_brand","embeddable":true,"href":"https:\/\/retki.fi\/sv\/wp-json\/wp\/v2\/product_brand?post=15376"},{"taxonomy":"product_cat","embeddable":true,"href":"https:\/\/retki.fi\/sv\/wp-json\/wp\/v2\/product_cat?post=15376"},{"taxonomy":"product_tag","embeddable":true,"href":"https:\/\/retki.fi\/sv\/wp-json\/wp\/v2\/product_tag?post=15376"}],"curies":[{"name":"wp","href":"https:\/\/api.w.org\/{rel}","templated":true}]}}