{"id":15415,"date":"2025-03-26T12:58:35","date_gmt":"2025-03-26T10:58:35","guid":{"rendered":"https:\/\/retki.fi\/product\/ryggsacksstol-finland-classic-grafit\/"},"modified":"2025-03-26T12:58:35","modified_gmt":"2025-03-26T10:58:35","slug":"ryggsacksstol-finland-classic-grafit","status":"publish","type":"product","link":"https:\/\/retki.fi\/sv\/produkt\/ryggsacksstol-finland-classic-grafit\/","title":{"rendered":"Ryggs\u00e4cksstol Finland Classic, grafit"},"content":{"rendered":"<p data-start=\"705\" data-end=\"761\">Ryggs\u00e4cksstol tillverkad av 100 % \u00e5tervunnet material!<\/p>\n<p data-start=\"763\" data-end=\"1195\">Den m\u00e5ngsidiga Retki Finland Classic ryggs\u00e4cksstolen passar utm\u00e4rkt f\u00f6r friluftsliv samt fiske- och jaktutflykter. Ryggs\u00e4cken har flera rymliga fickor f\u00f6r bland annat pimpelsp\u00f6n, friluftsyxa och mats\u00e4ck. Frontfickan \u00e4r anpassad f\u00f6r ett Trangia-k\u00f6k. Den har \u00e4ven en Thermo System-isolerad flaskficka, en ventilerande och stabil ryggpanel, en vadderad och f\u00f6rst\u00e4rkt sits, en vattenavvisande botten samt dragkedjor med l\u00e4derdetaljer.<\/p>\n<p data-start=\"1197\" data-end=\"1261\">Kan detta vara marknadens b\u00e4sta jaktryggs\u00e4ck med inbyggd stol?<\/p>\n","protected":false},"excerpt":{"rendered":"<p>NYHET! Ryggs\u00e4cksstol tillverkad av 100 % \u00e5tervunnet material<\/p>\n","protected":false},"featured_media":14169,"comment_status":"open","ping_status":"closed","template":"","meta":{"_acf_changed":false},"product_brand":[],"product_cat":[3599,3574],"product_tag":[3860,3861,3859],"class_list":{"0":"post-15415","1":"product","2":"type-product","3":"status-publish","4":"has-post-thumbnail","6":"product_cat-ryggsacksstolar","7":"product_cat-vaskor-och-dagryggsackar","8":"product_tag-eko","9":"product_tag-grafit","10":"product_tag-ryggsacksstol","12":"first","13":"instock","14":"shipping-taxable","15":"product-type-simple"},"acf":[],"yoast_head":"<!-- This site is optimized with the Yoast SEO plugin v27.4 - https:\/\/yoast.com\/product\/yoast-seo-wordpress\/ -->\n<title>Ryggs\u00e4cksstol Finland Classic, grafit - Retki Finland<\/title>\n<meta name=\"description\" content=\"En ryggs\u00e4cksstol p\u00e5 40 liter tillverkad av 100 % \u00e5tervunnet material \u00e4r ett mer milj\u00f6v\u00e4nligt val f\u00f6r friluftsliv samt fiske- och jaktutflykter.\" \/>\n<meta name=\"robots\" content=\"index, follow, max-snippet:-1, max-image-preview:large, max-video-preview:-1\" \/>\n<link rel=\"canonical\" href=\"https:\/\/retki.fi\/tuote\/reppujakkara-finland-classic-grafiitti\/\" \/>\n<meta property=\"og:locale\" content=\"sv_SE\" \/>\n<meta property=\"og:type\" content=\"article\" \/>\n<meta property=\"og:title\" content=\"Ryggs\u00e4cksstol Finland Classic, grafit - Retki Finland\" \/>\n<meta property=\"og:description\" content=\"En ryggs\u00e4cksstol p\u00e5 40 liter tillverkad av 100 % \u00e5tervunnet material \u00e4r ett mer milj\u00f6v\u00e4nligt val f\u00f6r friluftsliv samt fiske- och jaktutflykter.\" \/>\n<meta property=\"og:url\" content=\"https:\/\/retki.fi\/tuote\/reppujakkara-finland-classic-grafiitti\/\" \/>\n<meta property=\"og:site_name\" content=\"Retki Finland\" \/>\n<meta property=\"article:publisher\" content=\"https:\/\/www.facebook.com\/retkifinland\/\" \/>\n<meta property=\"og:image\" content=\"https:\/\/retki.fi\/wp-content\/uploads\/2025\/03\/R7092-2.jpg\" \/>\n\t<meta property=\"og:image:width\" content=\"2000\" \/>\n\t<meta property=\"og:image:height\" content=\"2000\" \/>\n\t<meta property=\"og:image:type\" content=\"image\/jpeg\" \/>\n<meta name=\"twitter:card\" content=\"summary_large_image\" \/>\n<script type=\"application\/ld+json\" class=\"yoast-schema-graph\">{\"@context\":\"https:\\\/\\\/schema.org\",\"@graph\":[{\"@type\":\"WebPage\",\"@id\":\"https:\\\/\\\/retki.fi\\\/tuote\\\/reppujakkara-finland-classic-grafiitti\\\/\",\"url\":\"https:\\\/\\\/retki.fi\\\/tuote\\\/reppujakkara-finland-classic-grafiitti\\\/\",\"name\":\"Ryggs\u00e4cksstol Finland Classic, grafit - Retki Finland\",\"isPartOf\":{\"@id\":\"https:\\\/\\\/retki.fi\\\/#website\"},\"primaryImageOfPage\":{\"@id\":\"https:\\\/\\\/retki.fi\\\/tuote\\\/reppujakkara-finland-classic-grafiitti\\\/#primaryimage\"},\"image\":{\"@id\":\"https:\\\/\\\/retki.fi\\\/tuote\\\/reppujakkara-finland-classic-grafiitti\\\/#primaryimage\"},\"thumbnailUrl\":\"https:\\\/\\\/retki.fi\\\/wp-content\\\/uploads\\\/2025\\\/03\\\/R7092-2.jpg\",\"datePublished\":\"2025-03-26T10:58:35+00:00\",\"description\":\"En ryggs\u00e4cksstol p\u00e5 40 liter tillverkad av 100 % \u00e5tervunnet material \u00e4r ett mer milj\u00f6v\u00e4nligt val f\u00f6r friluftsliv samt fiske- och jaktutflykter.\",\"breadcrumb\":{\"@id\":\"https:\\\/\\\/retki.fi\\\/tuote\\\/reppujakkara-finland-classic-grafiitti\\\/#breadcrumb\"},\"inLanguage\":\"sv-SE\",\"potentialAction\":[{\"@type\":\"ReadAction\",\"target\":[\"https:\\\/\\\/retki.fi\\\/tuote\\\/reppujakkara-finland-classic-grafiitti\\\/\"]}]},{\"@type\":\"ImageObject\",\"inLanguage\":\"sv-SE\",\"@id\":\"https:\\\/\\\/retki.fi\\\/tuote\\\/reppujakkara-finland-classic-grafiitti\\\/#primaryimage\",\"url\":\"https:\\\/\\\/retki.fi\\\/wp-content\\\/uploads\\\/2025\\\/03\\\/R7092-2.jpg\",\"contentUrl\":\"https:\\\/\\\/retki.fi\\\/wp-content\\\/uploads\\\/2025\\\/03\\\/R7092-2.jpg\",\"width\":2000,\"height\":2000},{\"@type\":\"BreadcrumbList\",\"@id\":\"https:\\\/\\\/retki.fi\\\/tuote\\\/reppujakkara-finland-classic-grafiitti\\\/#breadcrumb\",\"itemListElement\":[{\"@type\":\"ListItem\",\"position\":1,\"name\":\"Etusivu\",\"item\":\"https:\\\/\\\/retki.fi\\\/\"},{\"@type\":\"ListItem\",\"position\":2,\"name\":\"Produkter\",\"item\":\"https:\\\/\\\/retki.fi\\\/sv\\\/produkter\\\/\"},{\"@type\":\"ListItem\",\"position\":3,\"name\":\"Ryggs\u00e4cksstol Finland Classic, grafit\"}]},{\"@type\":\"WebSite\",\"@id\":\"https:\\\/\\\/retki.fi\\\/#website\",\"url\":\"https:\\\/\\\/retki.fi\\\/\",\"name\":\"Retki Finland\",\"description\":\"Best moments happen outdoors\",\"publisher\":{\"@id\":\"https:\\\/\\\/retki.fi\\\/#organization\"},\"potentialAction\":[{\"@type\":\"SearchAction\",\"target\":{\"@type\":\"EntryPoint\",\"urlTemplate\":\"https:\\\/\\\/retki.fi\\\/?s={search_term_string}\"},\"query-input\":{\"@type\":\"PropertyValueSpecification\",\"valueRequired\":true,\"valueName\":\"search_term_string\"}}],\"inLanguage\":\"sv-SE\"},{\"@type\":\"Organization\",\"@id\":\"https:\\\/\\\/retki.fi\\\/#organization\",\"name\":\"Retki Finland \\\/ Blue Import BIM Oy\",\"url\":\"https:\\\/\\\/retki.fi\\\/\",\"logo\":{\"@type\":\"ImageObject\",\"inLanguage\":\"sv-SE\",\"@id\":\"https:\\\/\\\/retki.fi\\\/#\\\/schema\\\/logo\\\/image\\\/\",\"url\":\"https:\\\/\\\/retki.fi\\\/wp-content\\\/uploads\\\/2018\\\/11\\\/Retki_logo_512X512px.jpg\",\"contentUrl\":\"https:\\\/\\\/retki.fi\\\/wp-content\\\/uploads\\\/2018\\\/11\\\/Retki_logo_512X512px.jpg\",\"width\":512,\"height\":512,\"caption\":\"Retki Finland \\\/ Blue Import BIM Oy\"},\"image\":{\"@id\":\"https:\\\/\\\/retki.fi\\\/#\\\/schema\\\/logo\\\/image\\\/\"},\"sameAs\":[\"https:\\\/\\\/www.facebook.com\\\/retkifinland\\\/\",\"https:\\\/\\\/www.instagram.com\\\/retkifinland\\\/\"]}]}<\/script>\n<!-- \/ Yoast SEO plugin. -->","yoast_head_json":{"title":"Ryggs\u00e4cksstol Finland Classic, grafit - Retki Finland","description":"En ryggs\u00e4cksstol p\u00e5 40 liter tillverkad av 100 % \u00e5tervunnet material \u00e4r ett mer milj\u00f6v\u00e4nligt val f\u00f6r friluftsliv samt fiske- och jaktutflykter.","robots":{"index":"index","follow":"follow","max-snippet":"max-snippet:-1","max-image-preview":"max-image-preview:large","max-video-preview":"max-video-preview:-1"},"canonical":"https:\/\/retki.fi\/tuote\/reppujakkara-finland-classic-grafiitti\/","og_locale":"sv_SE","og_type":"article","og_title":"Ryggs\u00e4cksstol Finland Classic, grafit - Retki Finland","og_description":"En ryggs\u00e4cksstol p\u00e5 40 liter tillverkad av 100 % \u00e5tervunnet material \u00e4r ett mer milj\u00f6v\u00e4nligt val f\u00f6r friluftsliv samt fiske- och jaktutflykter.","og_url":"https:\/\/retki.fi\/tuote\/reppujakkara-finland-classic-grafiitti\/","og_site_name":"Retki Finland","article_publisher":"https:\/\/www.facebook.com\/retkifinland\/","og_image":[{"width":2000,"height":2000,"url":"https:\/\/retki.fi\/wp-content\/uploads\/2025\/03\/R7092-2.jpg","type":"image\/jpeg"}],"twitter_card":"summary_large_image","schema":{"@context":"https:\/\/schema.org","@graph":[{"@type":"WebPage","@id":"https:\/\/retki.fi\/tuote\/reppujakkara-finland-classic-grafiitti\/","url":"https:\/\/retki.fi\/tuote\/reppujakkara-finland-classic-grafiitti\/","name":"Ryggs\u00e4cksstol Finland Classic, grafit - Retki Finland","isPartOf":{"@id":"https:\/\/retki.fi\/#website"},"primaryImageOfPage":{"@id":"https:\/\/retki.fi\/tuote\/reppujakkara-finland-classic-grafiitti\/#primaryimage"},"image":{"@id":"https:\/\/retki.fi\/tuote\/reppujakkara-finland-classic-grafiitti\/#primaryimage"},"thumbnailUrl":"https:\/\/retki.fi\/wp-content\/uploads\/2025\/03\/R7092-2.jpg","datePublished":"2025-03-26T10:58:35+00:00","description":"En ryggs\u00e4cksstol p\u00e5 40 liter tillverkad av 100 % \u00e5tervunnet material \u00e4r ett mer milj\u00f6v\u00e4nligt val f\u00f6r friluftsliv samt fiske- och jaktutflykter.","breadcrumb":{"@id":"https:\/\/retki.fi\/tuote\/reppujakkara-finland-classic-grafiitti\/#breadcrumb"},"inLanguage":"sv-SE","potentialAction":[{"@type":"ReadAction","target":["https:\/\/retki.fi\/tuote\/reppujakkara-finland-classic-grafiitti\/"]}]},{"@type":"ImageObject","inLanguage":"sv-SE","@id":"https:\/\/retki.fi\/tuote\/reppujakkara-finland-classic-grafiitti\/#primaryimage","url":"https:\/\/retki.fi\/wp-content\/uploads\/2025\/03\/R7092-2.jpg","contentUrl":"https:\/\/retki.fi\/wp-content\/uploads\/2025\/03\/R7092-2.jpg","width":2000,"height":2000},{"@type":"BreadcrumbList","@id":"https:\/\/retki.fi\/tuote\/reppujakkara-finland-classic-grafiitti\/#breadcrumb","itemListElement":[{"@type":"ListItem","position":1,"name":"Etusivu","item":"https:\/\/retki.fi\/"},{"@type":"ListItem","position":2,"name":"Produkter","item":"https:\/\/retki.fi\/sv\/produkter\/"},{"@type":"ListItem","position":3,"name":"Ryggs\u00e4cksstol Finland Classic, grafit"}]},{"@type":"WebSite","@id":"https:\/\/retki.fi\/#website","url":"https:\/\/retki.fi\/","name":"Retki Finland","description":"Best moments happen outdoors","publisher":{"@id":"https:\/\/retki.fi\/#organization"},"potentialAction":[{"@type":"SearchAction","target":{"@type":"EntryPoint","urlTemplate":"https:\/\/retki.fi\/?s={search_term_string}"},"query-input":{"@type":"PropertyValueSpecification","valueRequired":true,"valueName":"search_term_string"}}],"inLanguage":"sv-SE"},{"@type":"Organization","@id":"https:\/\/retki.fi\/#organization","name":"Retki Finland \/ Blue Import BIM Oy","url":"https:\/\/retki.fi\/","logo":{"@type":"ImageObject","inLanguage":"sv-SE","@id":"https:\/\/retki.fi\/#\/schema\/logo\/image\/","url":"https:\/\/retki.fi\/wp-content\/uploads\/2018\/11\/Retki_logo_512X512px.jpg","contentUrl":"https:\/\/retki.fi\/wp-content\/uploads\/2018\/11\/Retki_logo_512X512px.jpg","width":512,"height":512,"caption":"Retki Finland \/ Blue Import BIM Oy"},"image":{"@id":"https:\/\/retki.fi\/#\/schema\/logo\/image\/"},"sameAs":["https:\/\/www.facebook.com\/retkifinland\/","https:\/\/www.instagram.com\/retkifinland\/"]}]}},"_links":{"self":[{"href":"https:\/\/retki.fi\/sv\/wp-json\/wp\/v2\/product\/15415","targetHints":{"allow":["GET"]}}],"collection":[{"href":"https:\/\/retki.fi\/sv\/wp-json\/wp\/v2\/product"}],"about":[{"href":"https:\/\/retki.fi\/sv\/wp-json\/wp\/v2\/types\/product"}],"replies":[{"embeddable":true,"href":"https:\/\/retki.fi\/sv\/wp-json\/wp\/v2\/comments?post=15415"}],"wp:featuredmedia":[{"embeddable":true,"href":"https:\/\/retki.fi\/sv\/wp-json\/wp\/v2\/media\/14169"}],"wp:attachment":[{"href":"https:\/\/retki.fi\/sv\/wp-json\/wp\/v2\/media?parent=15415"}],"wp:term":[{"taxonomy":"product_brand","embeddable":true,"href":"https:\/\/retki.fi\/sv\/wp-json\/wp\/v2\/product_brand?post=15415"},{"taxonomy":"product_cat","embeddable":true,"href":"https:\/\/retki.fi\/sv\/wp-json\/wp\/v2\/product_cat?post=15415"},{"taxonomy":"product_tag","embeddable":true,"href":"https:\/\/retki.fi\/sv\/wp-json\/wp\/v2\/product_tag?post=15415"}],"curies":[{"name":"wp","href":"https:\/\/api.w.org\/{rel}","templated":true}]}}