{"id":15417,"date":"2025-03-17T15:13:41","date_gmt":"2025-03-17T13:13:41","guid":{"rendered":"https:\/\/retki.fi\/product\/talt-for-camping-gron-orange\/"},"modified":"2025-03-17T15:13:41","modified_gmt":"2025-03-17T13:13:41","slug":"talt-for-camping-gron-orange","status":"publish","type":"product","link":"https:\/\/retki.fi\/sv\/produkt\/talt-for-camping-gron-orange\/","title":{"rendered":"T\u00e4lt f\u00f6r camping, gr\u00f6n\/orange"},"content":{"rendered":"<p>L\u00e4tt att s\u00e4tta upp tv\u00e5mannadomst\u00e4lt f\u00f6r sommarcamping och friluftsliv. Glasfiberst\u00e4nger, myggn\u00e4t och vattent\u00e4t botten. Inkluderar b\u00e4rv\u00e4ska, t\u00e4ltpinnar, stormlinor och bruksanvisning.<\/p>\n","protected":false},"excerpt":{"rendered":"<p data-start=\"151\" data-end=\"223\">L\u00e4tt att s\u00e4tta upp tv\u00e5mannadomst\u00e4lt f\u00f6r sommarcamping och friluftsliv.<\/p>\n","protected":false},"featured_media":14138,"comment_status":"open","ping_status":"closed","template":"","meta":{"_acf_changed":false},"product_brand":[],"product_cat":[3572,3595],"product_tag":[3737,3738],"class_list":{"0":"post-15417","1":"product","2":"type-product","3":"status-publish","4":"has-post-thumbnail","6":"product_cat-camping","7":"product_cat-talt-camping","8":"product_tag-talt-2","9":"product_tag-tvamannatalt","11":"first","12":"instock","13":"shipping-taxable","14":"product-type-simple"},"acf":[],"yoast_head":"<!-- This site is optimized with the Yoast SEO plugin v27.4 - https:\/\/yoast.com\/product\/yoast-seo-wordpress\/ -->\n<title>T\u00e4lt f\u00f6r camping, gr\u00f6n\/orange - Retki Finland<\/title>\n<meta name=\"description\" content=\"L\u00e4tt att s\u00e4tta upp tv\u00e5mannadomst\u00e4lt f\u00f6r sommarcamping och friluftsliv. Glasfiberst\u00e4nger, myggn\u00e4t och vattent\u00e4t botten.\" \/>\n<meta name=\"robots\" content=\"index, follow, max-snippet:-1, max-image-preview:large, max-video-preview:-1\" \/>\n<link rel=\"canonical\" href=\"https:\/\/retki.fi\/tuote\/teltta-leiri-vihrea-oranssi\/\" \/>\n<meta property=\"og:locale\" content=\"sv_SE\" \/>\n<meta property=\"og:type\" content=\"article\" \/>\n<meta property=\"og:title\" content=\"T\u00e4lt f\u00f6r camping, gr\u00f6n\/orange - Retki Finland\" \/>\n<meta property=\"og:description\" content=\"L\u00e4tt att s\u00e4tta upp tv\u00e5mannadomst\u00e4lt f\u00f6r sommarcamping och friluftsliv. Glasfiberst\u00e4nger, myggn\u00e4t och vattent\u00e4t botten.\" \/>\n<meta property=\"og:url\" content=\"https:\/\/retki.fi\/tuote\/teltta-leiri-vihrea-oranssi\/\" \/>\n<meta property=\"og:site_name\" content=\"Retki Finland\" \/>\n<meta property=\"article:publisher\" content=\"https:\/\/www.facebook.com\/retkifinland\/\" \/>\n<meta property=\"og:image\" content=\"https:\/\/retki.fi\/wp-content\/uploads\/2025\/03\/R6930_6418536013113_PO9006_005.jpeg\" \/>\n\t<meta property=\"og:image:width\" content=\"2480\" \/>\n\t<meta property=\"og:image:height\" content=\"1605\" \/>\n\t<meta property=\"og:image:type\" content=\"image\/jpeg\" \/>\n<meta name=\"twitter:card\" content=\"summary_large_image\" \/>\n<script type=\"application\/ld+json\" class=\"yoast-schema-graph\">{\"@context\":\"https:\\\/\\\/schema.org\",\"@graph\":[{\"@type\":\"WebPage\",\"@id\":\"https:\\\/\\\/retki.fi\\\/tuote\\\/teltta-leiri-vihrea-oranssi\\\/\",\"url\":\"https:\\\/\\\/retki.fi\\\/tuote\\\/teltta-leiri-vihrea-oranssi\\\/\",\"name\":\"T\u00e4lt f\u00f6r camping, gr\u00f6n\\\/orange - Retki Finland\",\"isPartOf\":{\"@id\":\"https:\\\/\\\/retki.fi\\\/#website\"},\"primaryImageOfPage\":{\"@id\":\"https:\\\/\\\/retki.fi\\\/tuote\\\/teltta-leiri-vihrea-oranssi\\\/#primaryimage\"},\"image\":{\"@id\":\"https:\\\/\\\/retki.fi\\\/tuote\\\/teltta-leiri-vihrea-oranssi\\\/#primaryimage\"},\"thumbnailUrl\":\"https:\\\/\\\/retki.fi\\\/wp-content\\\/uploads\\\/2025\\\/03\\\/R6930_6418536013113_PO9006_005.jpeg\",\"datePublished\":\"2025-03-17T13:13:41+00:00\",\"description\":\"L\u00e4tt att s\u00e4tta upp tv\u00e5mannadomst\u00e4lt f\u00f6r sommarcamping och friluftsliv. Glasfiberst\u00e4nger, myggn\u00e4t och vattent\u00e4t botten.\",\"breadcrumb\":{\"@id\":\"https:\\\/\\\/retki.fi\\\/tuote\\\/teltta-leiri-vihrea-oranssi\\\/#breadcrumb\"},\"inLanguage\":\"sv-SE\",\"potentialAction\":[{\"@type\":\"ReadAction\",\"target\":[\"https:\\\/\\\/retki.fi\\\/tuote\\\/teltta-leiri-vihrea-oranssi\\\/\"]}]},{\"@type\":\"ImageObject\",\"inLanguage\":\"sv-SE\",\"@id\":\"https:\\\/\\\/retki.fi\\\/tuote\\\/teltta-leiri-vihrea-oranssi\\\/#primaryimage\",\"url\":\"https:\\\/\\\/retki.fi\\\/wp-content\\\/uploads\\\/2025\\\/03\\\/R6930_6418536013113_PO9006_005.jpeg\",\"contentUrl\":\"https:\\\/\\\/retki.fi\\\/wp-content\\\/uploads\\\/2025\\\/03\\\/R6930_6418536013113_PO9006_005.jpeg\",\"width\":2480,\"height\":1605},{\"@type\":\"BreadcrumbList\",\"@id\":\"https:\\\/\\\/retki.fi\\\/tuote\\\/teltta-leiri-vihrea-oranssi\\\/#breadcrumb\",\"itemListElement\":[{\"@type\":\"ListItem\",\"position\":1,\"name\":\"Etusivu\",\"item\":\"https:\\\/\\\/retki.fi\\\/\"},{\"@type\":\"ListItem\",\"position\":2,\"name\":\"Produkter\",\"item\":\"https:\\\/\\\/retki.fi\\\/sv\\\/produkter\\\/\"},{\"@type\":\"ListItem\",\"position\":3,\"name\":\"T\u00e4lt f\u00f6r camping, gr\u00f6n\\\/orange\"}]},{\"@type\":\"WebSite\",\"@id\":\"https:\\\/\\\/retki.fi\\\/#website\",\"url\":\"https:\\\/\\\/retki.fi\\\/\",\"name\":\"Retki Finland\",\"description\":\"Best moments happen outdoors\",\"publisher\":{\"@id\":\"https:\\\/\\\/retki.fi\\\/#organization\"},\"potentialAction\":[{\"@type\":\"SearchAction\",\"target\":{\"@type\":\"EntryPoint\",\"urlTemplate\":\"https:\\\/\\\/retki.fi\\\/?s={search_term_string}\"},\"query-input\":{\"@type\":\"PropertyValueSpecification\",\"valueRequired\":true,\"valueName\":\"search_term_string\"}}],\"inLanguage\":\"sv-SE\"},{\"@type\":\"Organization\",\"@id\":\"https:\\\/\\\/retki.fi\\\/#organization\",\"name\":\"Retki Finland \\\/ Blue Import BIM Oy\",\"url\":\"https:\\\/\\\/retki.fi\\\/\",\"logo\":{\"@type\":\"ImageObject\",\"inLanguage\":\"sv-SE\",\"@id\":\"https:\\\/\\\/retki.fi\\\/#\\\/schema\\\/logo\\\/image\\\/\",\"url\":\"https:\\\/\\\/retki.fi\\\/wp-content\\\/uploads\\\/2018\\\/11\\\/Retki_logo_512X512px.jpg\",\"contentUrl\":\"https:\\\/\\\/retki.fi\\\/wp-content\\\/uploads\\\/2018\\\/11\\\/Retki_logo_512X512px.jpg\",\"width\":512,\"height\":512,\"caption\":\"Retki Finland \\\/ Blue Import BIM Oy\"},\"image\":{\"@id\":\"https:\\\/\\\/retki.fi\\\/#\\\/schema\\\/logo\\\/image\\\/\"},\"sameAs\":[\"https:\\\/\\\/www.facebook.com\\\/retkifinland\\\/\",\"https:\\\/\\\/www.instagram.com\\\/retkifinland\\\/\"]}]}<\/script>\n<!-- \/ Yoast SEO plugin. -->","yoast_head_json":{"title":"T\u00e4lt f\u00f6r camping, gr\u00f6n\/orange - Retki Finland","description":"L\u00e4tt att s\u00e4tta upp tv\u00e5mannadomst\u00e4lt f\u00f6r sommarcamping och friluftsliv. Glasfiberst\u00e4nger, myggn\u00e4t och vattent\u00e4t botten.","robots":{"index":"index","follow":"follow","max-snippet":"max-snippet:-1","max-image-preview":"max-image-preview:large","max-video-preview":"max-video-preview:-1"},"canonical":"https:\/\/retki.fi\/tuote\/teltta-leiri-vihrea-oranssi\/","og_locale":"sv_SE","og_type":"article","og_title":"T\u00e4lt f\u00f6r camping, gr\u00f6n\/orange - Retki Finland","og_description":"L\u00e4tt att s\u00e4tta upp tv\u00e5mannadomst\u00e4lt f\u00f6r sommarcamping och friluftsliv. Glasfiberst\u00e4nger, myggn\u00e4t och vattent\u00e4t botten.","og_url":"https:\/\/retki.fi\/tuote\/teltta-leiri-vihrea-oranssi\/","og_site_name":"Retki Finland","article_publisher":"https:\/\/www.facebook.com\/retkifinland\/","og_image":[{"width":2480,"height":1605,"url":"https:\/\/retki.fi\/wp-content\/uploads\/2025\/03\/R6930_6418536013113_PO9006_005.jpeg","type":"image\/jpeg"}],"twitter_card":"summary_large_image","schema":{"@context":"https:\/\/schema.org","@graph":[{"@type":"WebPage","@id":"https:\/\/retki.fi\/tuote\/teltta-leiri-vihrea-oranssi\/","url":"https:\/\/retki.fi\/tuote\/teltta-leiri-vihrea-oranssi\/","name":"T\u00e4lt f\u00f6r camping, gr\u00f6n\/orange - Retki Finland","isPartOf":{"@id":"https:\/\/retki.fi\/#website"},"primaryImageOfPage":{"@id":"https:\/\/retki.fi\/tuote\/teltta-leiri-vihrea-oranssi\/#primaryimage"},"image":{"@id":"https:\/\/retki.fi\/tuote\/teltta-leiri-vihrea-oranssi\/#primaryimage"},"thumbnailUrl":"https:\/\/retki.fi\/wp-content\/uploads\/2025\/03\/R6930_6418536013113_PO9006_005.jpeg","datePublished":"2025-03-17T13:13:41+00:00","description":"L\u00e4tt att s\u00e4tta upp tv\u00e5mannadomst\u00e4lt f\u00f6r sommarcamping och friluftsliv. Glasfiberst\u00e4nger, myggn\u00e4t och vattent\u00e4t botten.","breadcrumb":{"@id":"https:\/\/retki.fi\/tuote\/teltta-leiri-vihrea-oranssi\/#breadcrumb"},"inLanguage":"sv-SE","potentialAction":[{"@type":"ReadAction","target":["https:\/\/retki.fi\/tuote\/teltta-leiri-vihrea-oranssi\/"]}]},{"@type":"ImageObject","inLanguage":"sv-SE","@id":"https:\/\/retki.fi\/tuote\/teltta-leiri-vihrea-oranssi\/#primaryimage","url":"https:\/\/retki.fi\/wp-content\/uploads\/2025\/03\/R6930_6418536013113_PO9006_005.jpeg","contentUrl":"https:\/\/retki.fi\/wp-content\/uploads\/2025\/03\/R6930_6418536013113_PO9006_005.jpeg","width":2480,"height":1605},{"@type":"BreadcrumbList","@id":"https:\/\/retki.fi\/tuote\/teltta-leiri-vihrea-oranssi\/#breadcrumb","itemListElement":[{"@type":"ListItem","position":1,"name":"Etusivu","item":"https:\/\/retki.fi\/"},{"@type":"ListItem","position":2,"name":"Produkter","item":"https:\/\/retki.fi\/sv\/produkter\/"},{"@type":"ListItem","position":3,"name":"T\u00e4lt f\u00f6r camping, gr\u00f6n\/orange"}]},{"@type":"WebSite","@id":"https:\/\/retki.fi\/#website","url":"https:\/\/retki.fi\/","name":"Retki Finland","description":"Best moments happen outdoors","publisher":{"@id":"https:\/\/retki.fi\/#organization"},"potentialAction":[{"@type":"SearchAction","target":{"@type":"EntryPoint","urlTemplate":"https:\/\/retki.fi\/?s={search_term_string}"},"query-input":{"@type":"PropertyValueSpecification","valueRequired":true,"valueName":"search_term_string"}}],"inLanguage":"sv-SE"},{"@type":"Organization","@id":"https:\/\/retki.fi\/#organization","name":"Retki Finland \/ Blue Import BIM Oy","url":"https:\/\/retki.fi\/","logo":{"@type":"ImageObject","inLanguage":"sv-SE","@id":"https:\/\/retki.fi\/#\/schema\/logo\/image\/","url":"https:\/\/retki.fi\/wp-content\/uploads\/2018\/11\/Retki_logo_512X512px.jpg","contentUrl":"https:\/\/retki.fi\/wp-content\/uploads\/2018\/11\/Retki_logo_512X512px.jpg","width":512,"height":512,"caption":"Retki Finland \/ Blue Import BIM Oy"},"image":{"@id":"https:\/\/retki.fi\/#\/schema\/logo\/image\/"},"sameAs":["https:\/\/www.facebook.com\/retkifinland\/","https:\/\/www.instagram.com\/retkifinland\/"]}]}},"_links":{"self":[{"href":"https:\/\/retki.fi\/sv\/wp-json\/wp\/v2\/product\/15417","targetHints":{"allow":["GET"]}}],"collection":[{"href":"https:\/\/retki.fi\/sv\/wp-json\/wp\/v2\/product"}],"about":[{"href":"https:\/\/retki.fi\/sv\/wp-json\/wp\/v2\/types\/product"}],"replies":[{"embeddable":true,"href":"https:\/\/retki.fi\/sv\/wp-json\/wp\/v2\/comments?post=15417"}],"wp:featuredmedia":[{"embeddable":true,"href":"https:\/\/retki.fi\/sv\/wp-json\/wp\/v2\/media\/14138"}],"wp:attachment":[{"href":"https:\/\/retki.fi\/sv\/wp-json\/wp\/v2\/media?parent=15417"}],"wp:term":[{"taxonomy":"product_brand","embeddable":true,"href":"https:\/\/retki.fi\/sv\/wp-json\/wp\/v2\/product_brand?post=15417"},{"taxonomy":"product_cat","embeddable":true,"href":"https:\/\/retki.fi\/sv\/wp-json\/wp\/v2\/product_cat?post=15417"},{"taxonomy":"product_tag","embeddable":true,"href":"https:\/\/retki.fi\/sv\/wp-json\/wp\/v2\/product_tag?post=15417"}],"curies":[{"name":"wp","href":"https:\/\/api.w.org\/{rel}","templated":true}]}}